{"id":998,"date":"2016-09-26T18:33:01","date_gmt":"2016-09-26T18:33:01","guid":{"rendered":"https:\/\/bestdominicantoursandtransfers.com\/es\/?post_type=product&#038;p=998"},"modified":"2021-08-20T09:10:29","modified_gmt":"2021-08-20T09:10:29","slug":"saona-lanchas-catamaran","status":"publish","type":"product","link":"https:\/\/bestdominicantoursandtransfers.com\/es\/tours\/saona-lanchas-catamaran\/","title":{"rendered":"Saona (Lanchas + Catamaran)"},"content":{"rendered":"<h2>\u263c Saona Combinado con Lanchas + Catamaran<\/h2>\n<p>Esta isla la llaman Isla Para\u00edso, un entorno de pura naturaleza, impresionante. Cubierto de m\u00e1s de 20 millas de exuberantes palmeras y playas de arena blanca y turquesa.<\/p>\n<p>Desde Bayahibe las lanchas veloces le llevar\u00e1n \u00a0a lo largo de la hermosa l\u00ednea costera del Parque Nacional del Este,, y \u00a0durante una media hora, vamos a tener un tiempo muy relajante acompa\u00f1ada con vitamina R (nuestro Ron dominicano) en la piscina natural, un banco de arena de poca profundidad , cautivante !!\u00a0 en el medio del Mar , \u00a0h\u00e1bitat natural de cientos de estrellas de mar, y teniendo\u00a0 la oportunidad de hacer unas buenas fotos con esas criaturas amistosas de nuestro Mar Caribe,<\/p>\n<p>Continuaremos nuestro recorrido en las lanchas, ,y haremos una breve parada para hacer algunas fotos en los \u00a0bosque de manglares, donde las aves marinas anidan y cr\u00edan a sus polluelos\u2026<\/p>\n<p>Una vez llegado a la isla, nuestro amable y divertido staff de animaci\u00f3n , te espera con muchas actividades, como voleyball de playa, concursos de baile merengue, bar abierto, chairlonges y un delicioso almuerzo y eso no es todo \u2026!! , en el trayecto de vuelta hacia Bayahibe, nos espera un Party Boat inolvidable , a bordo de nuestro gigantesco Catamaran , y podr\u00e1n recostarse en nuestras mallas extensoras, \u00a0mientras las olas Caribe\u00f1as les salpican y nuestras c\u00e1lidas brisas le acarician su piel mientras navegamos , provey\u00e9ndoles el hermoso oscuro bronceado tan deseado durante sus vacaciones..!!<\/p>\n<p>PRECIO VENTA ADULTO <del>US$ 90<\/del>\u00a0OFERTA ONLINE <strong>US$ 79<\/strong> &#8212; NI\u00d1O <del>US$ 55<\/del>\u00a0OFERTA ONLINE <strong>US$ 45<\/strong>.<\/p>\n<table class=\"table table-bordered tours-tabs__table\" style=\"height: 233px;\" width=\"862\">\n<tbody>\n<tr>\n<td><strong>UBICACI\u00d3N<\/strong><\/td>\n<td>Bavaro<\/td>\n<\/tr>\n<tr>\n<td><strong>TRANSPORTE<\/strong><\/td>\n<td>En el lobby de su hotel o punto de reuni\u00f3n especificado. El horario de recogida puede variar seg\u00fan la ubicaci\u00f3n de su hotel. Nosotros le estaremos contactando para entregarle el ticket o cup\u00f3n de su excursi\u00f3n con la confirmaci\u00f3n de la reservaci\u00f3n y a la vez le confirmaremos la hora de recogida en el lobby de su hotel.<\/td>\n<\/tr>\n<tr>\n<td><strong>INCLUIDO<\/strong><\/td>\n<td>\n<table style=\"height: 62px; line-height: 31px;\" width=\"300\">\n<tbody>\n<tr>\n<td><i class=\"fa fa-check icon-tick icon-tick--on\"><\/i>Transportaci\u00f3n Ida y vuelta desde su hotel.<\/td>\n<\/tr>\n<tr>\n<td><i class=\"fa fa-check icon-tick icon-tick--on\"><\/i>Gu\u00eda oficial de tur\u00edstico en el idioma seleccionado.<\/td>\n<\/tr>\n<tr>\n<td><i class=\"fa fa-check icon-tick icon-tick--on\"><\/i>Bar abierto.<\/td>\n<\/tr>\n<tr>\n<td><i class=\"fa fa-check icon-tick icon-tick--on\"><\/i>Visita a la Piscina Natural.<\/td>\n<\/tr>\n<tr>\n<td><i class=\"fa fa-check icon-tick icon-tick--on\"><\/i>Visita a los manglares.<\/td>\n<\/tr>\n<tr>\n<td><i class=\"fa fa-check icon-tick icon-tick--on\"><\/i>Party Boat a bordo de nuestro maravilloso Catamaran.<\/td>\n<\/tr>\n<\/tbody>\n<\/table>\n<\/td>\n<\/tr>\n<tr>\n<td><strong>MEN\u00da<\/strong><\/td>\n<td>Almuerzo buffet de pescados , pollo BBQ , Chuletas de Cerdo , pastas , ensaladas , panecillos, arroz amarillo, frutas , caf\u00e9 , trago de mama juana.<\/td>\n<\/tr>\n<tr>\n<td><strong>RECOMENDACIONES<\/strong><\/td>\n<td>Favor traer Bloqueador Solar, Sombrero, Ropa de Playa, C\u00e1mara, Zapatos tipo Tenis o Sandalias.<\/td>\n<\/tr>\n<tr>\n<td><strong>NO OLVIDE LLEVAR<\/strong><\/td>\n<td>Ba\u00f1ador o bikini y toalla, protector solar, c\u00e1mara de fotos, dinero para comprar souvenirs.<\/td>\n<\/tr>\n<tr>\n<td><strong>OBSERVACIONES<\/strong><\/td>\n<td>Esta excursi\u00f3n sale todos los d\u00edas.<\/td>\n<\/tr>\n<tr>\n<td><strong>DURACI\u00d3N<\/strong><\/td>\n<td>D\u00eda completo.<\/td>\n<\/tr>\n<\/tbody>\n<\/table>\n<p>[xyz-ihs snippet=\u00bbNOTASIMPORTANTES\u00bb]<\/p>\n<p><a href=\"https:\/\/bestdominicantoursandtransfers.com\/es\/\">Best Dominican T&amp;T<\/a><\/p>\n","protected":false},"excerpt":{"rendered":"<p>\u263c Saona Combinado con Lanchas + Catamaran Esta isla la llaman Isla Para\u00edso, un entorno de pura naturaleza, impresionante. Cubierto de m\u00e1s de 20 millas de exuberantes palmeras y playas de arena blanca y turquesa. Desde Bayahibe las lanchas veloces le llevar\u00e1n \u00a0a lo largo de la hermosa l\u00ednea costera del Parque Nacional del Este,,<\/p>\n<div class=\"padding-top text-center\"><a href=\"https:\/\/bestdominicantoursandtransfers.com\/es\/tours\/saona-lanchas-catamaran\/\" class=\"atbtn atbtn--medium atbtn--rounded atbtn--transparent\">Leer m\u00e1s<i class=\"atbtn__icon atbtn__icon--right fa fa-long-arrow-right\"><\/i><\/a><\/div>\n","protected":false},"featured_media":976,"comment_status":"open","ping_status":"closed","template":"","meta":[],"_links":{"self":[{"href":"https:\/\/bestdominicantoursandtransfers.com\/es\/wp-json\/wp\/v2\/product\/998"}],"collection":[{"href":"https:\/\/bestdominicantoursandtransfers.com\/es\/wp-json\/wp\/v2\/product"}],"about":[{"href":"https:\/\/bestdominicantoursandtransfers.com\/es\/wp-json\/wp\/v2\/types\/product"}],"replies":[{"embeddable":true,"href":"https:\/\/bestdominicantoursandtransfers.com\/es\/wp-json\/wp\/v2\/comments?post=998"}],"wp:featuredmedia":[{"embeddable":true,"href":"https:\/\/bestdominicantoursandtransfers.com\/es\/wp-json\/wp\/v2\/media\/976"}],"wp:attachment":[{"href":"https:\/\/bestdominicantoursandtransfers.com\/es\/wp-json\/wp\/v2\/media?parent=998"}],"curies":[{"name":"wp","href":"https:\/\/api.w.org\/{rel}","templated":true}]}}