{"id":997,"date":"2016-09-26T14:37:43","date_gmt":"2016-09-26T14:37:43","guid":{"rendered":"https:\/\/bestdominicantoursandtransfers.com\/es\/?post_type=product&#038;p=997"},"modified":"2021-07-11T14:05:12","modified_gmt":"2021-07-11T14:05:12","slug":"salto-limon-cayo-levantado-bh","status":"publish","type":"product","link":"https:\/\/bestdominicantoursandtransfers.com\/es\/tours\/salto-limon-cayo-levantado-bh\/","title":{"rendered":"Salto Limon + Cayo Levantado"},"content":{"rendered":"<h2>\u263c Samana Aventura Terrestre Salto Lim\u00f3n + Cayo Levantado<\/h2>\n<p>Ven y disfruta de una verdadera aventura a trav\u00e9s de la llanura Costera del Este de la Rep\u00fablica Dominicana, en \u00a0modernos y confortables autobuses, cruzando los peque\u00f1os pueblos y grandes pastizales hasta la Colonia del Cedro, donde tomaremos el desayuno Restaurante t\u00edpico la Topar\u00e1.<\/p>\n<p>Una vez cruzamos Miches, continuamos por la carretera costera hasta llegar al Muelle de la Ca\u00f1ita para embarcar y cruzar la hermosa Bah\u00eda \u00a0hasta llegar a la provincia de Saman\u00e1.<\/p>\n<p>Donde nos espera el Cami\u00f3n tipo Safari para hacer el recorrido por el Pueblo, hasta llegar a la casa campesina, en donde vive una humilde familia de Saman\u00e9nses , para conocer la preparaci\u00f3n del Chocolate y Caf\u00e9 Criollo, \u00a0as\u00ed como degustarlo, tambi\u00e9n conocer sus frutos y plantas.<\/p>\n<p>Continuaremos \u00a0hacia la monta\u00f1a. Una vez en el Rancho nos esperan los Caballos para montarlos hacer un recorrido de unos 30 minutos para visitar La Cascada Lim\u00f3n. \u00a0Es uno de los Saltos m\u00e1s importantes de las Antillas y el Caribe, tanto por la cantidad de agua que posee, as\u00ed como por su abrupta ca\u00edda de 67 metros de alto.<\/p>\n<p>Esta gran Cascada es uno de los principales atractivos Tur\u00edsticos de Rep. Dominicana y el Caribe. La Cascada Lim\u00f3n est\u00e1 ubicada en medio de la Sierra de Saman\u00e1, \u00a0rodeada del Bosque H\u00famedo que caracteriza la zona. All\u00ed podr\u00e1s darte un refrescante chapuz\u00f3n, hacerte fotos para el recuerdo y disfrutar de su majestuosidad.<\/p>\n<p>Saliendo de la Cascada, tomamos los Caballos de regreso al Rancho y Restaurante para disfrutar de un delicioso Almuerzo T\u00edpico.<\/p>\n<p>Terminado el almuerzo, tomamos de nuevo el Safari que nos llevara de vuelta al \u00a0muelle, donde tomaremos la embarcaci\u00f3n para dirigirnos a la paradisiaca isla \u00a0Cayo Levantado o Isla Bacardi, disfrutaras de sus blancas arenas y cristalinas aguas o simplemente tomas el sol bajo sus cocoteros. All\u00ed tambi\u00e9n puedes llevarte un recuerdo de la artesan\u00eda t\u00edpica de la zona.<\/p>\n<p>Luego de tanta aventura y disfrute, \u00a0embarcamos nuevamente para el regreso a ca\u00f1ita y regresar a sus hoteles.<\/p>\n<p>PRECIO VENTA ADULTO <del>US$ 170<\/del> OFERTA ONLINE <strong>US$ 155<\/strong> &#8212; NI\u00d1O <del>US$ 85<\/del> OFERTA ONLINE <strong>US$ 75<\/strong>.<\/p>\n<table class=\"table table-bordered tours-tabs__table\" style=\"height: 233px;\" width=\"862\">\n<tbody>\n<tr>\n<td><strong>UBICACI\u00d3N<\/strong><\/td>\n<td>Bavaro<\/td>\n<\/tr>\n<tr>\n<td><strong>TRANSPORTE<\/strong><\/td>\n<td>En el lobby de su hotel o punto de reuni\u00f3n especificado. El horario de recogida puede variar seg\u00fan la ubicaci\u00f3n de su hotel. Nosotros le estaremos contactando para entregarle el ticket o cup\u00f3n de su excursi\u00f3n con la confirmaci\u00f3n de la reservaci\u00f3n y a la vez le confirmaremos la hora de recogida en el lobby de su hotel.<\/td>\n<\/tr>\n<tr>\n<td><strong>INCLUIDO<\/strong><\/td>\n<td>\n<table style=\"height: 62px; line-height: 31px;\" width=\"300\">\n<tbody>\n<tr>\n<td><i class=\"fa fa-check icon-tick icon-tick--on\"><\/i>Transporte Terrestre y Mar\u00edtimo.<\/td>\n<\/tr>\n<tr>\n<td><i class=\"fa fa-check icon-tick icon-tick--on\"><\/i>Safari en Cami\u00f3n.<\/td>\n<\/tr>\n<tr>\n<td><i class=\"fa fa-check icon-tick icon-tick--on\"><\/i>Paseo a Caballo.<\/td>\n<\/tr>\n<tr>\n<td><i class=\"fa fa-check icon-tick icon-tick--on\"><\/i>Almuerzo y Bebidas Nacionales.<\/td>\n<\/tr>\n<tr>\n<td><i class=\"fa fa-check icon-tick icon-tick--on\"><\/i>Visita Cayo Levantado.<\/td>\n<\/tr>\n<tr>\n<td><i class=\"fa fa-check icon-tick icon-tick--on\"><\/i>Tour por la ciudad de Saman\u00e1.<\/td>\n<\/tr>\n<tr>\n<td><i class=\"fa fa-check icon-tick icon-tick--on\"><\/i>Visita y disfrute de ba\u00f1o en Cascada Lim\u00f3n.<\/td>\n<\/tr>\n<tr>\n<td><i class=\"fa fa-check icon-tick icon-tick--on\"><\/i>Ba\u00f1o en la piscina natural.<\/td>\n<\/tr>\n<tr>\n<td><i class=\"fa fa-check icon-tick icon-tick--on\"><\/i>Visita Casa Campesina.<\/td>\n<\/tr>\n<tr>\n<td><i class=\"fa fa-check icon-tick icon-tick--on\"><\/i>Gu\u00eda Oficial de Turismo.<\/td>\n<\/tr>\n<\/tbody>\n<\/table>\n<\/td>\n<\/tr>\n<tr>\n<td><strong>MEN\u00da<\/strong><\/td>\n<td>Arroz, Habichuela, Carne de Res o Pollo, Pescado, Pasta , Vegetales, Pan, Ensaladas, Caf\u00e9, Frutas, Ron, Agua y Cola.<\/td>\n<\/tr>\n<tr>\n<td><strong>RECOMENDACIONES<\/strong><\/td>\n<td>Favor traer Bloqueador Solar, Sombrero, Ropa de Playa, C\u00e1mara, Zapatos tipo Tenis o Sandalias.<\/td>\n<\/tr>\n<tr>\n<td><strong>RESTRICCIONES<\/strong><\/td>\n<td>No Mujeres Embarazadas, independientemente el tiempo de gestaci\u00f3n.<\/td>\n<\/tr>\n<tr>\n<td><strong>OBSERVACIONES<\/strong><\/td>\n<td>Esta excursi\u00f3n sale todos los Martes , Jueves y S\u00e1bado.<\/td>\n<\/tr>\n<tr>\n<td><strong>DURACI\u00d3N<\/strong><\/td>\n<td>D\u00eda completo.<\/td>\n<\/tr>\n<\/tbody>\n<\/table>\n<p>&nbsp;<\/p>\n<h2>\u263c Notas Importantes:<\/h2>\n<p><strong>1 &#8211;<\/strong> LAS EXCURSIONES CON OFERTAS SOLO SON VALIDAS HASTA EL D\u00cdA 19 DE DICIEMBRE DEL 2016.<br \/>\n<strong>2 &#8211;<\/strong> LOS PAGOS PUEDEN REALIZARSE V\u00cdA PAYPAL UNA VEZ USTED HAYA SOLICITADO Y RECIBIDO LA CONFIRMACI\u00d3N DE SU RESERVACI\u00d3N V\u00cdA ONLINE O A SU LLEGADA AL HOTEL A NUESTRO REPRESENTANTE EL D\u00cdA DE SALIDA DE LA EXCURSI\u00d3N EN EFECTIVO O TARJETA DE CR\u00c9DITO.<\/p>\n<p><a href=\"https:\/\/bestdominicantoursandtransfers.com\/es\/\">Best Dominican T&amp;T<\/a><\/p>\n","protected":false},"excerpt":{"rendered":"<p>\u263c Samana Aventura Terrestre Salto Lim\u00f3n + Cayo Levantado Ven y disfruta de una verdadera aventura a trav\u00e9s de la llanura Costera del Este de la Rep\u00fablica Dominicana, en \u00a0modernos y confortables autobuses, cruzando los peque\u00f1os pueblos y grandes pastizales hasta la Colonia del Cedro, donde tomaremos el desayuno Restaurante t\u00edpico la Topar\u00e1. Una vez<\/p>\n<div class=\"padding-top text-center\"><a href=\"https:\/\/bestdominicantoursandtransfers.com\/es\/tours\/salto-limon-cayo-levantado-bh\/\" class=\"atbtn atbtn--medium atbtn--rounded atbtn--transparent\">Leer m\u00e1s<i class=\"atbtn__icon atbtn__icon--right fa fa-long-arrow-right\"><\/i><\/a><\/div>\n","protected":false},"featured_media":968,"comment_status":"open","ping_status":"closed","template":"","meta":[],"_links":{"self":[{"href":"https:\/\/bestdominicantoursandtransfers.com\/es\/wp-json\/wp\/v2\/product\/997"}],"collection":[{"href":"https:\/\/bestdominicantoursandtransfers.com\/es\/wp-json\/wp\/v2\/product"}],"about":[{"href":"https:\/\/bestdominicantoursandtransfers.com\/es\/wp-json\/wp\/v2\/types\/product"}],"replies":[{"embeddable":true,"href":"https:\/\/bestdominicantoursandtransfers.com\/es\/wp-json\/wp\/v2\/comments?post=997"}],"wp:featuredmedia":[{"embeddable":true,"href":"https:\/\/bestdominicantoursandtransfers.com\/es\/wp-json\/wp\/v2\/media\/968"}],"wp:attachment":[{"href":"https:\/\/bestdominicantoursandtransfers.com\/es\/wp-json\/wp\/v2\/media?parent=997"}],"curies":[{"name":"wp","href":"https:\/\/api.w.org\/{rel}","templated":true}]}}