{"id":956,"date":"2016-05-19T18:29:23","date_gmt":"2016-05-19T18:29:23","guid":{"rendered":"https:\/\/bestdominicantoursandtransfers.com\/es\/\/tours\/rio-soco-bh\/"},"modified":"2021-07-14T05:35:43","modified_gmt":"2021-07-14T05:35:43","slug":"rio-soco-bh","status":"publish","type":"product","link":"https:\/\/bestdominicantoursandtransfers.com\/es\/tours\/rio-soco-bh\/","title":{"rendered":"R\u00edo Soco"},"content":{"rendered":"<h2>\u263c R\u00edo Soco<\/h2>\n<p>Visitamos a San Pedro de Macor\u00eds, donde se realizara un recorrido de la vieja ciudad con sus construcciones coloniales, como la catedral, los bomberos y una f\u00e1brica de tabaco, donde, adem\u00e1s de poder realizar compras, podr\u00e1n presenciar todo el proceso de manufacturaci\u00f3n de los cigarros. La visita del mercado nos da una impresi\u00f3n de colores y olores del lugar.<\/p>\n<p>Salimos en direcci\u00f3n Ram\u00f3n Santana, un peque\u00f1o pueblo de ganaderos y agricultores aqu\u00ed abordamos en la orilla del R\u00edo Soco, Un barco tipo Mississippi llamado Reina del Soco, con una disponibilidad para 60 personas. Disfrutamos de la virginidad de este r\u00edo hasta llegar a Rancho Magarin.<\/p>\n<p>Donde nos espera un delicioso almuerzo que consiste en ensalada verde, macarrones a la bolo\u00f1esa, moro de gandules, pollo al carbon, cerdo o res a la criolla, papas fritas, pan, frutas y caf\u00e9.<\/p>\n<p>Aqu\u00ed podemos realizar algunas actividades, como un paseo ecol\u00f3gico alrededor de una laguna natural con manantial propio para ba\u00f1arse, remar en el r\u00edo con canoa o dar un paseo a caballos.<\/p>\n<p>Despu\u00e9s del descanso seguimos con la Reina del Soco bajando este r\u00edo tropical, apreciando esta belleza natural. Haremos nuestra \u00faltima en una casa t\u00edpica dominicana para tomar caf\u00e9 en un entorno t\u00edpico y familiar, luego llegamos a un pueblecito de pescadores \u201cBoca del Soco\u201d donde finalizara el recorrido fluvial.<\/p>\n<table class=\"table table-bordered tours-tabs__table\" style=\"height: 233px;\" width=\"862\">\n<tbody>\n<tr>\n<td><strong>UBICACI\u00d3N<\/strong><\/td>\n<td>San Pedro de Macor\u00eds<\/td>\n<\/tr>\n<tr>\n<td><strong>TRANSPORTE<\/strong><\/td>\n<td>La hora de recogida 7:30 A.M. desde Bayahibe.<\/td>\n<\/tr>\n<tr>\n<td><strong>INCLUIDO<\/strong><\/td>\n<td>\n<table style=\"height: 62px; line-height: 31px;\" width=\"300\">\n<tbody>\n<tr>\n<td><i class=\"fa fa-check icon-tick icon-tick--on\"><\/i>Gu\u00eda oficial de turismo.<\/td>\n<\/tr>\n<tr>\n<td><i class=\"fa fa-check icon-tick icon-tick--on\"><\/i>C\u00f3modo autob\u00fas con aire acondicionado.<\/td>\n<\/tr>\n<tr>\n<td><i class=\"fa fa-check icon-tick icon-tick--on\"><\/i>Almuerzo, bar de bebidas Nacionales.<\/td>\n<\/tr>\n<tr>\n<td><i class=\"fa fa-check icon-tick icon-tick--on\"><\/i>Paseo en el barco Mississippi.<\/td>\n<\/tr>\n<tr>\n<td><i class=\"fa fa-check icon-tick icon-tick--on\"><\/i>Ba\u00f1o en la piscina natural.<\/td>\n<\/tr>\n<\/tbody>\n<\/table>\n<\/td>\n<\/tr>\n<tr>\n<td><strong>RECOMENDACIONES<\/strong><\/td>\n<td>Favor traer ropa ligera, traje de ba\u00f1o, lente de sol y crema solar.<\/td>\n<\/tr>\n<tr>\n<td><strong>OBSERVACIONES<\/strong><\/td>\n<td>Esta excursi\u00f3n sale todos los Lunes.<\/td>\n<\/tr>\n<tr>\n<td><strong>DURACI\u00d3N<\/strong><\/td>\n<td>D\u00eda completo.<\/td>\n<\/tr>\n<\/tbody>\n<\/table>\n<p><a href=\"https:\/\/bestdominicantoursandtransfers.com\/es\/\">Best Dominican T&amp;T<\/a><\/p>\n","protected":false},"excerpt":{"rendered":"<p>\u263c R\u00edo Soco Visitamos a San Pedro de Macor\u00eds, donde se realizara un recorrido de la vieja ciudad con sus construcciones coloniales, como la catedral, los bomberos y una f\u00e1brica de tabaco, donde, adem\u00e1s de poder realizar compras, podr\u00e1n presenciar todo el proceso de manufacturaci\u00f3n de los cigarros. La visita del mercado nos da una<\/p>\n<div class=\"padding-top text-center\"><a href=\"https:\/\/bestdominicantoursandtransfers.com\/es\/tours\/rio-soco-bh\/\" class=\"atbtn atbtn--medium atbtn--rounded atbtn--transparent\">Leer m\u00e1s<i class=\"atbtn__icon atbtn__icon--right fa fa-long-arrow-right\"><\/i><\/a><\/div>\n","protected":false},"featured_media":889,"comment_status":"open","ping_status":"closed","template":"","meta":[],"_links":{"self":[{"href":"https:\/\/bestdominicantoursandtransfers.com\/es\/wp-json\/wp\/v2\/product\/956"}],"collection":[{"href":"https:\/\/bestdominicantoursandtransfers.com\/es\/wp-json\/wp\/v2\/product"}],"about":[{"href":"https:\/\/bestdominicantoursandtransfers.com\/es\/wp-json\/wp\/v2\/types\/product"}],"replies":[{"embeddable":true,"href":"https:\/\/bestdominicantoursandtransfers.com\/es\/wp-json\/wp\/v2\/comments?post=956"}],"wp:featuredmedia":[{"embeddable":true,"href":"https:\/\/bestdominicantoursandtransfers.com\/es\/wp-json\/wp\/v2\/media\/889"}],"wp:attachment":[{"href":"https:\/\/bestdominicantoursandtransfers.com\/es\/wp-json\/wp\/v2\/media?parent=956"}],"curies":[{"name":"wp","href":"https:\/\/api.w.org\/{rel}","templated":true}]}}