{"id":948,"date":"2016-04-25T15:28:10","date_gmt":"2016-04-25T15:28:10","guid":{"rendered":"https:\/\/bestdominicantoursandtransfers.com\/es\/\/tours\/punta-cana-copiar\/"},"modified":"2021-07-13T12:40:27","modified_gmt":"2021-07-13T12:40:27","slug":"punta-cana-pc","status":"publish","type":"product","link":"https:\/\/bestdominicantoursandtransfers.com\/es\/tours\/punta-cana-pc\/","title":{"rendered":"Punta Cana"},"content":{"rendered":"<h2>\u263c Punta Cana<\/h2>\n<p>Descubra la belleza del polo Tur\u00edstico m\u00e1s atractivo y m\u00e1s famoso del Caribe (Punta Cana) saliendo de su hotel en c\u00f3modos autobuses con aire acondicionado acompa\u00f1ado de un gu\u00eda tur\u00edstico certificado que le hablara en su propio idioma, quien le mostrara los lugares m\u00e1s interesante de este maravilloso lugar rodeado de las playas m\u00e1s hermosas y cocoteros mas impresi\u00f3nate de toda la isla y del Caribe, conduciremos en direcci\u00f3n este hasta llegar a nuestra primera parada en la ciudad de Higuey donde haremos un recorrido panor\u00e1mico por los principales lugares de inter\u00e9s incluyendo una visita a la Bas\u00edlica Nuestra se\u00f1ora de la Altagracia lugar donde se congregan personas de todas partes del mundo cada 21 de Enero para celebrar la fiesta religiosa mas grande de la Rep\u00fablica Dominicana, luego continuaremos hacia una f\u00e1brica de puros donde podr\u00e1n conocer el proceso de elaboraci\u00f3n y sus plantaciones, luego nos dirigiremos hacia Punta Cana donde podr\u00e1n conocer el aeropuerto con mas trafico de la isla aqu\u00ed podr\u00e1n visitar las playas y sus alrededores, plazas comerciales y disfrutar de un tiempo libre para tomar un caf\u00e9 si lo desean. Para continuar con nuestro recorrido visitaremos uno de los lugares m\u00e1s hermosos e impresionantes, la playa Macao, playa del Cortesito y playa los Corales aqu\u00ed en este lugar podr\u00e1s disfrutar de un ba\u00f1o de aguas color turquesa y sus arenas blancas. Para finalizar haremos un tours panor\u00e1mico por los hoteles m\u00e1s famosos de Punta Cana y de toda la isla.<\/p>\n<table class=\"table table-bordered tours-tabs__table\" style=\"height: 233px;\" width=\"862\">\n<tbody>\n<tr>\n<td><strong>UBICACI\u00d3N<\/strong><\/td>\n<td>Punta Cana<\/td>\n<\/tr>\n<tr>\n<td><strong>TRANSPORTE<\/strong><\/td>\n<td>Hora de recogida 8:00 A.M. desde Juan Dolio &#8211; Boca Chica.<\/td>\n<\/tr>\n<tr>\n<td><strong>INCLUIDO<\/strong><\/td>\n<td>\n<table style=\"height: 62px; line-height: 31px;\" width=\"300\">\n<tbody>\n<tr>\n<td><i class=\"fa fa-check icon-tick icon-tick--on\"><\/i>Gu\u00eda oficial de turismo.<\/td>\n<\/tr>\n<tr>\n<td><i class=\"fa fa-check icon-tick icon-tick--on\"><\/i>C\u00f3modo autob\u00fas con aire acondicionado.<\/td>\n<\/tr>\n<tr>\n<td><i class=\"fa fa-check icon-tick icon-tick--on\"><\/i>Bar de bebidas Nacionales y picaderas.<\/td>\n<\/tr>\n<\/tbody>\n<\/table>\n<\/td>\n<\/tr>\n<tr>\n<td><strong>RECOMENDACIONES<\/strong><\/td>\n<td>Traer ropa ligera, traje de ba\u00f1o, lente de sol, toalla y crema solar.<\/td>\n<\/tr>\n<tr>\n<td><strong>OBSERVACIONES<\/strong><\/td>\n<td>Esta excursi\u00f3n sale todos los d\u00edas a las 8:00 a.m., necesitamos un m\u00ednimo de 6 participantes, disponible en privado con un m\u00ednimo de dos personas<\/td>\n<\/tr>\n<tr>\n<td><strong>DURACI\u00d3N<\/strong><\/td>\n<td>D\u00eda completo.<\/td>\n<\/tr>\n<\/tbody>\n<\/table>\n<p><a href=\"https:\/\/bestdominicantoursandtransfers.com\/es\/\">Best Dominican T&amp;T<\/a><\/p>\n","protected":false},"excerpt":{"rendered":"<p>\u263c Punta Cana Descubra la belleza del polo Tur\u00edstico m\u00e1s atractivo y m\u00e1s famoso del Caribe (Punta Cana) saliendo de su hotel en c\u00f3modos autobuses con aire acondicionado acompa\u00f1ado de un gu\u00eda tur\u00edstico certificado que le hablara en su propio idioma, quien le mostrara los lugares m\u00e1s interesante de este maravilloso lugar rodeado de las<\/p>\n<div class=\"padding-top text-center\"><a href=\"https:\/\/bestdominicantoursandtransfers.com\/es\/tours\/punta-cana-pc\/\" class=\"atbtn atbtn--medium atbtn--rounded atbtn--transparent\">Leer m\u00e1s<i class=\"atbtn__icon atbtn__icon--right fa fa-long-arrow-right\"><\/i><\/a><\/div>\n","protected":false},"featured_media":895,"comment_status":"open","ping_status":"closed","template":"","meta":[],"_links":{"self":[{"href":"https:\/\/bestdominicantoursandtransfers.com\/es\/wp-json\/wp\/v2\/product\/948"}],"collection":[{"href":"https:\/\/bestdominicantoursandtransfers.com\/es\/wp-json\/wp\/v2\/product"}],"about":[{"href":"https:\/\/bestdominicantoursandtransfers.com\/es\/wp-json\/wp\/v2\/types\/product"}],"replies":[{"embeddable":true,"href":"https:\/\/bestdominicantoursandtransfers.com\/es\/wp-json\/wp\/v2\/comments?post=948"}],"wp:featuredmedia":[{"embeddable":true,"href":"https:\/\/bestdominicantoursandtransfers.com\/es\/wp-json\/wp\/v2\/media\/895"}],"wp:attachment":[{"href":"https:\/\/bestdominicantoursandtransfers.com\/es\/wp-json\/wp\/v2\/media?parent=948"}],"curies":[{"name":"wp","href":"https:\/\/api.w.org\/{rel}","templated":true}]}}