{"id":943,"date":"2016-04-12T18:18:17","date_gmt":"2016-04-12T18:18:17","guid":{"rendered":"https:\/\/bestdominicantoursandtransfers.com\/es\/\/tours\/san-pedro-medio-dia-2\/"},"modified":"2018-04-30T22:49:45","modified_gmt":"2018-04-30T22:49:45","slug":"san-pedro-medio-dia-bc","status":"publish","type":"product","link":"https:\/\/bestdominicantoursandtransfers.com\/es\/tours\/san-pedro-medio-dia-bc\/","title":{"rendered":"San Pedro Medio D\u00eda"},"content":{"rendered":"<h2>\u263c San Pedro Medio D\u00eda<\/h2>\n<p>Saliendo de sus Hoteles en c\u00f3modos autobuses con aire acondicionado y acompa\u00f1amiento de un gu\u00eda certificado conduciremos hacia el este de la isla visitando Boca Chica un pueblo muy hermoso por sus playas llamada tambi\u00e9n esta playa se le conoce como la piscina natural m\u00e1s grande del Caribe la cual se encuentra rodeada de arrecifes de corales, luego visitamos Guacanes y Juan Dolio dos pueblos de pescadores rodeados de hermosas playas, continuamos hacia villa del mar para hacer un recorrido por sus edificios, apartamentos y torres de lujos frente al mar, lugar exclusivo para personas que prefieren las playas de arenas blancas y los cocoteros, aqu\u00ed podr\u00e1n tomar un ba\u00f1o un refrescante ba\u00f1o en sus aguas cristalinas, luego continuaremos hacia San Pedro de Macor\u00eds para visitar la Catedral San Pedro Ap\u00f3stol, La f\u00e1brica de cigarro y el museo de la ciudad adem\u00e1s haremos un recorrido por la ciudad antigua y para finalizar haremos una visita a la cueva m\u00e1s hermosa y m\u00e1s impresionante del Caribe (la cueva de las Maravillas).<\/p>\n<table class=\"table table-bordered tours-tabs__table\" style=\"height: 233px;\" width=\"862\">\n<tbody>\n<tr>\n<td><strong>UBICACI\u00d3N<\/strong><\/td>\n<td>San Pedro De Macor\u00eds<\/td>\n<\/tr>\n<tr>\n<td><strong>TRANSPORTE<\/strong><\/td>\n<td>Punto de encuentro: vest\u00edbulo principal de su hotel. \u2013 Hora de salida: 01:00 PM.<\/td>\n<\/tr>\n<tr>\n<td><strong>INCLUIDO<\/strong><\/td>\n<td>\n<table style=\"height: 62px; line-height: 31px;\" width=\"300\">\n<tbody>\n<tr>\n<td><i class=\"fa fa-check icon-tick icon-tick--on\"><\/i>Gu\u00eda oficial de turismo.<\/td>\n<\/tr>\n<tr>\n<td><i class=\"fa fa-check icon-tick icon-tick--on\"><\/i>C\u00f3modo autob\u00fas con aire acondicionado.<\/td>\n<\/tr>\n<tr>\n<td><i class=\"fa fa-check icon-tick icon-tick--on\"><\/i>Bar de bebidas nacionales.<\/td>\n<\/tr>\n<tr>\n<td><i class=\"fa fa-check icon-tick icon-tick--on\"><\/i>Entrada a la cueva de Las Maravillas.<\/td>\n<\/tr>\n<\/tbody>\n<\/table>\n<\/td>\n<\/tr>\n<tr>\n<td><strong>RECOMENDACIONES<\/strong><\/td>\n<td>Traer ropa ligera, traje de ba\u00f1o, lentes de sol y protecci\u00f3n solar.<\/td>\n<\/tr>\n<tr>\n<td><strong>OBSERVACIONES<\/strong><\/td>\n<td>Esta excursi\u00f3n sale todos los Jueves a la 1:00 P.M. desde Santo Domingo.<\/td>\n<\/tr>\n<tr>\n<td><strong>DURACI\u00d3N<\/strong><\/td>\n<td>Medio d\u00eda.<\/td>\n<\/tr>\n<\/tbody>\n<\/table>\n<p><a href=\"https:\/\/bestdominicantoursandtransfers.com\/es\/\">Best Dominican T&amp;T<\/a><\/p>\n","protected":false},"excerpt":{"rendered":"<p>\u263c San Pedro Medio D\u00eda Saliendo de sus Hoteles en c\u00f3modos autobuses con aire acondicionado y acompa\u00f1amiento de un gu\u00eda certificado conduciremos hacia el este de la isla visitando Boca Chica un pueblo muy hermoso por sus playas llamada tambi\u00e9n esta playa se le conoce como la piscina natural m\u00e1s grande del Caribe la cual<\/p>\n<div class=\"padding-top text-center\"><a href=\"https:\/\/bestdominicantoursandtransfers.com\/es\/tours\/san-pedro-medio-dia-bc\/\" class=\"atbtn atbtn--medium atbtn--rounded atbtn--transparent\">Leer m\u00e1s<i class=\"atbtn__icon atbtn__icon--right fa fa-long-arrow-right\"><\/i><\/a><\/div>\n","protected":false},"featured_media":1133,"comment_status":"open","ping_status":"closed","template":"","meta":[],"_links":{"self":[{"href":"https:\/\/bestdominicantoursandtransfers.com\/es\/wp-json\/wp\/v2\/product\/943"}],"collection":[{"href":"https:\/\/bestdominicantoursandtransfers.com\/es\/wp-json\/wp\/v2\/product"}],"about":[{"href":"https:\/\/bestdominicantoursandtransfers.com\/es\/wp-json\/wp\/v2\/types\/product"}],"replies":[{"embeddable":true,"href":"https:\/\/bestdominicantoursandtransfers.com\/es\/wp-json\/wp\/v2\/comments?post=943"}],"wp:featuredmedia":[{"embeddable":true,"href":"https:\/\/bestdominicantoursandtransfers.com\/es\/wp-json\/wp\/v2\/media\/1133"}],"wp:attachment":[{"href":"https:\/\/bestdominicantoursandtransfers.com\/es\/wp-json\/wp\/v2\/media?parent=943"}],"curies":[{"name":"wp","href":"https:\/\/api.w.org\/{rel}","templated":true}]}}