{"id":940,"date":"2016-04-12T17:56:50","date_gmt":"2016-04-12T17:56:50","guid":{"rendered":"https:\/\/bestdominicantoursandtransfers.com\/es\/?post_type=product&#038;p=940"},"modified":"2021-08-08T03:43:03","modified_gmt":"2021-08-08T03:43:03","slug":"la-vega-real-sd","status":"publish","type":"product","link":"https:\/\/bestdominicantoursandtransfers.com\/es\/tours\/la-vega-real-sd\/","title":{"rendered":"La Vega Real"},"content":{"rendered":"<h2>\u263c La Vega Real<\/h2>\n<p>Esta Maravillosa excursi\u00f3n esta especialmente dise\u00f1ada para las personas amantes de la Naturaleza y lugares con pa\u00edses impresionantes rodeados de monta\u00f1as y r\u00edos, Crist\u00f3bal Colon estuvo en estos lugares, especialmente en la Vega Real y el Santo Cerro, el Almirante descubridor expreso en uno de sus poemas que estas eran las tierras m\u00e1s bellas que ojos jam\u00e1s hab\u00edan visto por sus impresionantes paisajes de monta\u00f1as y flores silvestres, en este lugar se construyo la primera ciudad del nuevo mundo y la cual fue destruida por un poderoso terremoto en el a\u00f1o 1562, haremos un recorrido por sus ruinas y visitaremos un museo donde podr\u00e1n ver parte de sus costumbres y cultura , luego llegaremos al Santo Cerro un peque\u00f1o pueblo en una monta\u00f1a donde Crist\u00f3bal Colon instalo la primera Cruz y se escenifico la primera batalla entre ind\u00edgenas y Espa\u00f1oles dando origen a la aparici\u00f3n de la virgen de las Mercedes seg\u00fan cuenta la leyenda en el a\u00f1o 1494. En este pintoresco lugar visitamos la iglesia construida en honor a la virgen de Las Mercedes con los ladrillos de la Antigua Ciudad de La Vega Vieja en el a\u00f1o 1880. Continuamos nuestro recorrido por el valle del Cibao y la moderna ciudad de La Vega Real, visitaremos algunas casas coloniales y su catedral Concepci\u00f3n de La Vega.<\/p>\n<p>Para finalizar haremos un recorrido por la Ruta Artesanal, lugares con puestos peque\u00f1os de productores artesanales en barro y madera de la regi\u00f3n toda hecho a mano y ecol\u00f3gicamente elaborado, as\u00ed de esta manera finaliza nuestra aventura. Estaremos de regreso en sus hoteles a las 5:00 P.M.<\/p>\n<table class=\"table table-bordered tours-tabs__table\" style=\"height: 233px;\" width=\"862\">\n<tbody>\n<tr>\n<td><strong>UBICACI\u00d3N<\/strong><\/td>\n<td>La Vega<\/td>\n<\/tr>\n<tr>\n<td><strong>TRANSPORTE<\/strong><\/td>\n<td>Punto de encuentro: vest\u00edbulo principal de su hotel. \u2013 Hora de salida: 08:30 AM.<\/td>\n<\/tr>\n<tr>\n<td><strong>INCLUIDO<\/strong><\/td>\n<td>\n<table style=\"height: 62px; line-height: 31px;\" width=\"300\">\n<tbody>\n<tr>\n<td><i class=\"fa fa-check icon-tick icon-tick--on\"><\/i>Gu\u00eda oficial de turismo.<\/td>\n<\/tr>\n<tr>\n<td><i class=\"fa fa-check icon-tick icon-tick--on\"><\/i>C\u00f3modo autob\u00fas con aire acondicionado.<\/td>\n<\/tr>\n<tr>\n<td><i class=\"fa fa-check icon-tick icon-tick--on\"><\/i>Bar de bebidas nacionales y picaderas.<\/td>\n<\/tr>\n<\/tbody>\n<\/table>\n<\/td>\n<\/tr>\n<tr>\n<td><strong>RECOMENDACIONES<\/strong><\/td>\n<td>Favor traer ropa ligera, c\u00e1mara, sombrero y lente de sol.<\/td>\n<\/tr>\n<tr>\n<td><strong>OBSERVACIONES<\/strong><\/td>\n<td>Esta excursi\u00f3n sale todos los Mi\u00e9rcoles. M\u00ednimo de participantes de 6 personas, disponible en privado con un m\u00ednimo de 2 personas.<\/td>\n<\/tr>\n<tr>\n<td><strong>DURACI\u00d3N<\/strong><\/td>\n<td>D\u00eda Completo.<\/td>\n<\/tr>\n<\/tbody>\n<\/table>\n<p><a href=\"https:\/\/bestdominicantoursandtransfers.com\/es\/\">Best Dominican T&amp;T<\/a><\/p>\n","protected":false},"excerpt":{"rendered":"<p>\u263c La Vega Real Esta Maravillosa excursi\u00f3n esta especialmente dise\u00f1ada para las personas amantes de la Naturaleza y lugares con pa\u00edses impresionantes rodeados de monta\u00f1as y r\u00edos, Crist\u00f3bal Colon estuvo en estos lugares, especialmente en la Vega Real y el Santo Cerro, el Almirante descubridor expreso en uno de sus poemas que estas eran las<\/p>\n<div class=\"padding-top text-center\"><a href=\"https:\/\/bestdominicantoursandtransfers.com\/es\/tours\/la-vega-real-sd\/\" class=\"atbtn atbtn--medium atbtn--rounded atbtn--transparent\">Leer m\u00e1s<i class=\"atbtn__icon atbtn__icon--right fa fa-long-arrow-right\"><\/i><\/a><\/div>\n","protected":false},"featured_media":922,"comment_status":"open","ping_status":"closed","template":"","meta":[],"_links":{"self":[{"href":"https:\/\/bestdominicantoursandtransfers.com\/es\/wp-json\/wp\/v2\/product\/940"}],"collection":[{"href":"https:\/\/bestdominicantoursandtransfers.com\/es\/wp-json\/wp\/v2\/product"}],"about":[{"href":"https:\/\/bestdominicantoursandtransfers.com\/es\/wp-json\/wp\/v2\/types\/product"}],"replies":[{"embeddable":true,"href":"https:\/\/bestdominicantoursandtransfers.com\/es\/wp-json\/wp\/v2\/comments?post=940"}],"wp:featuredmedia":[{"embeddable":true,"href":"https:\/\/bestdominicantoursandtransfers.com\/es\/wp-json\/wp\/v2\/media\/922"}],"wp:attachment":[{"href":"https:\/\/bestdominicantoursandtransfers.com\/es\/wp-json\/wp\/v2\/media?parent=940"}],"curies":[{"name":"wp","href":"https:\/\/api.w.org\/{rel}","templated":true}]}}