{"id":76,"date":"2016-01-13T21:11:11","date_gmt":"2016-01-13T21:11:11","guid":{"rendered":"https:\/\/bestdominicantoursandtransfers.com\/es\/?post_type=product&#038;p=76"},"modified":"2021-05-10T18:33:28","modified_gmt":"2021-05-10T18:33:28","slug":"isla-saona","status":"publish","type":"product","link":"https:\/\/bestdominicantoursandtransfers.com\/es\/tours\/isla-saona\/","title":{"rendered":"Isla Saona (Lanchas + Catamaran)"},"content":{"rendered":"<h2>\u263c Isla Saona (Lanchas + Catamaran)<\/h2>\n<p>Esta isla se llama \u201cLa isla del amor\u201d, una isla impresionante, con playas de arena blanca.<\/p>\n<p>Desde Bayahibe las lanchas r\u00e1pidas te llevar\u00e1n a lo largo de la hermosa costa del Parque Nacional del Este. Al llegar a la piscina natural, una piscina de poca profundidad en el medio del mar, podr\u00e1 disfrutar de la belleza natural y sus aguas cristalinas luego a continuaci\u00f3n, podr\u00e1n disfrutar de la m\u00fasica, la comida, el sol y bar abierto de bebidas nacionales en la isla Saona Regreso en un catamar\u00e1n a Bayahibe.<\/p>\n<table class=\"table table-bordered tours-tabs__table\" style=\"height: 233px;\" width=\"862\">\n<tbody>\n<tr>\n<td><strong>UBICACI\u00d3N<\/strong><\/td>\n<td>Isla Saona<\/td>\n<\/tr>\n<tr>\n<td><strong>TRANSPORTE<\/strong><\/td>\n<td><strong>Punto de encuentro:<\/strong> vest\u00edbulo principal de su hotel. &#8211; <strong>Hora de salida:<\/strong> 06:30 AM.<\/td>\n<\/tr>\n<tr>\n<td><strong>INCLUIDO<\/strong><\/td>\n<td>\n<table style=\"height: 62px; line-height: 31px;\" width=\"300\">\n<tbody>\n<tr>\n<td><i class=\"fa fa-check icon-tick icon-tick--on\"><\/i>Almuerzo buffet.<\/td>\n<\/tr>\n<tr>\n<td><i class=\"fa fa-check icon-tick icon-tick--on\"><\/i>Bebidas nacionales.<\/td>\n<\/tr>\n<tr>\n<td><i class=\"fa fa-check icon-tick icon-tick--on\"><\/i>Gu\u00eda oficial de turismo.<\/td>\n<\/tr>\n<tr>\n<td><i class=\"fa fa-check icon-tick icon-tick--on\"><\/i>C\u00f3modo autob\u00fas con aire acondicionado.<\/td>\n<\/tr>\n<tr>\n<td><i class=\"fa fa-check icon-tick icon-tick--on\"><\/i>Actividades, lancha r\u00e1pida, navegaci\u00f3n en catamar\u00e1n.<\/td>\n<\/tr>\n<tr>\n<td><i class=\"fa fa-check icon-tick icon-tick--on\"><\/i>Bar abierto durante su viaje en los barcos de alta velocidad.<\/td>\n<\/tr>\n<tr>\n<td><i class=\"fa fa-check icon-tick icon-tick--on\"><\/i>Visita a la piscina natural de Las Palmillas.<\/td>\n<\/tr>\n<\/tbody>\n<\/table>\n<\/td>\n<\/tr>\n<tr>\n<td><strong>RECOMENDACIONES<\/strong><\/td>\n<td>Por favor traiga bloqueador solar, toalla de playa, c\u00e1mara y repelente de insectos.<\/td>\n<\/tr>\n<tr>\n<td><strong>OBSERVACIONES<\/strong><\/td>\n<td>Este tour opera martes, jueves y s\u00e1bado.\n<p>Hacemos precios especiales para grupos.<\/p><\/td>\n<\/tr>\n<tr>\n<td><strong>DURACI\u00d3N<\/strong><\/td>\n<td>D\u00eda completo.<\/td>\n<\/tr>\n<\/tbody>\n<\/table>\n<h2>Isla Saona<\/h2>\n<p>Los mares que rodean la isla son ricos en vida salvaje, con muchas especies de aves y peces marinos tropicales, y hay grandes \u00e1reas en las que los bancos de arena naturales en alta mar traen la profundidad a unos pocos pies. Estos son, una vez m\u00e1s popular entre la actividad del turismo, con peque\u00f1as embarcaciones parar cientos de metros de la playa y del deg\u00fcelle turistas en las aguas poco profundas hasta la cintura en el que el tubo respirador, bebida e inspeccionan los campos de estrellas de mar ind\u00edgenas de la regi\u00f3n.<\/p>\n<p><a href=\"https:\/\/bestdominicantoursandtransfers.com\/es\/\">Best Dominican T&amp;T<\/a><\/p>\n","protected":false},"excerpt":{"rendered":"<p>\u263c Isla Saona (Lanchas + Catamaran) Esta isla se llama \u201cLa isla del amor\u201d, una isla impresionante, con playas de arena blanca. Desde Bayahibe las lanchas r\u00e1pidas te llevar\u00e1n a lo largo de la hermosa costa del Parque Nacional del Este. Al llegar a la piscina natural, una piscina de poca profundidad en el medio<\/p>\n<div class=\"padding-top text-center\"><a href=\"https:\/\/bestdominicantoursandtransfers.com\/es\/tours\/isla-saona\/\" class=\"atbtn atbtn--medium atbtn--rounded atbtn--transparent\">Leer m\u00e1s<i class=\"atbtn__icon atbtn__icon--right fa fa-long-arrow-right\"><\/i><\/a><\/div>\n","protected":false},"featured_media":1121,"comment_status":"open","ping_status":"closed","template":"","meta":[],"_links":{"self":[{"href":"https:\/\/bestdominicantoursandtransfers.com\/es\/wp-json\/wp\/v2\/product\/76"}],"collection":[{"href":"https:\/\/bestdominicantoursandtransfers.com\/es\/wp-json\/wp\/v2\/product"}],"about":[{"href":"https:\/\/bestdominicantoursandtransfers.com\/es\/wp-json\/wp\/v2\/types\/product"}],"replies":[{"embeddable":true,"href":"https:\/\/bestdominicantoursandtransfers.com\/es\/wp-json\/wp\/v2\/comments?post=76"}],"wp:featuredmedia":[{"embeddable":true,"href":"https:\/\/bestdominicantoursandtransfers.com\/es\/wp-json\/wp\/v2\/media\/1121"}],"wp:attachment":[{"href":"https:\/\/bestdominicantoursandtransfers.com\/es\/wp-json\/wp\/v2\/media?parent=76"}],"curies":[{"name":"wp","href":"https:\/\/api.w.org\/{rel}","templated":true}]}}