{"id":75,"date":"2016-01-13T21:10:56","date_gmt":"2016-01-13T21:10:56","guid":{"rendered":"https:\/\/bestdominicantoursandtransfers.com\/es\/?post_type=product&#038;p=75"},"modified":"2021-08-25T05:12:48","modified_gmt":"2021-08-25T05:12:48","slug":"isla-catalina","status":"publish","type":"product","link":"https:\/\/bestdominicantoursandtransfers.com\/es\/tours\/isla-catalina\/","title":{"rendered":"Isla Catalina"},"content":{"rendered":"<h2>\u263c Tour de buceo en la isla de Catalina<\/h2>\n<p>Aventura de buceo! Saliendo de La Romana, en un c\u00f3modo catamar\u00e1n o barco con fondo de cristal que le llevar\u00e1 a la isla Catalina. Disfrute de los paisajes de colores y la belleza de la vida submarina de los arrecifes de coral, se incluye Equipo para bucear.<\/p>\n<table class=\"table table-bordered tours-tabs__table\" style=\"height: 233px;\" width=\"862\">\n<tbody>\n<tr>\n<td><strong>UBICACI\u00d3N<\/strong><\/td>\n<td>Isla Catalina.<\/td>\n<\/tr>\n<tr>\n<td><strong>TRANSPORTE<\/strong><\/td>\n<td>Punto de encuentro a las 6:30 a.m. desde el lobby de su hotel.<\/td>\n<\/tr>\n<tr>\n<td><strong>INCLUIDO<\/strong><\/td>\n<td>\n<table style=\"height: 62px; line-height: 31px;\" width=\"300\">\n<tbody>\n<tr>\n<td><i class=\"fa fa-check icon-tick icon-tick--on\"><\/i>Gu\u00eda oficial de turismo.<\/td>\n<\/tr>\n<tr>\n<td><i class=\"fa fa-check icon-tick icon-tick--on\"><\/i>C\u00f3modos autobuses con aire acondicionado.<\/td>\n<\/tr>\n<tr>\n<td><i class=\"fa fa-check icon-tick icon-tick--on\"><\/i>Paseo en barco con fondo de cristal o paseo en catamar\u00e1n.<\/td>\n<\/tr>\n<tr>\n<td><i class=\"fa fa-check icon-tick icon-tick--on\"><\/i>Equipos de buceo.<\/td>\n<\/tr>\n<tr>\n<td><i class=\"fa fa-check icon-tick icon-tick--on\"><\/i>Chairlong en la playa.<\/td>\n<\/tr>\n<tr>\n<td><i class=\"fa fa-check icon-tick icon-tick--on\"><\/i>Bebidas locales y almuerzo buffet.<\/td>\n<\/tr>\n<\/tbody>\n<\/table>\n<\/td>\n<\/tr>\n<tr>\n<td><strong>RECOMENDACIONES<\/strong><\/td>\n<td>Favor de traer su c\u00e1mara, bloqueador solar, toalla de playa y gafas de sol.<\/td>\n<\/tr>\n<tr>\n<td><strong>OBSERVACIONES<\/strong><\/td>\n<td>Esta excursi\u00f3n est\u00e1 operando los mi\u00e9rcoles. Est\u00e1 disponible en privado con un peque\u00f1o n\u00famero de participantes.<\/td>\n<\/tr>\n<tr>\n<td><strong>DURACI\u00d3N<\/strong><\/td>\n<td>D\u00eda completo.<\/td>\n<\/tr>\n<\/tbody>\n<\/table>\n<p><a href=\"https:\/\/bestdominicantoursandtransfers.com\/es\/\">Best Dominican T&amp;T<\/a><\/p>\n","protected":false},"excerpt":{"rendered":"<p>\u263c Tour de buceo en la isla de Catalina Aventura de buceo! Saliendo de La Romana, en un c\u00f3modo catamar\u00e1n o barco con fondo de cristal que le llevar\u00e1 a la isla Catalina. Disfrute de los paisajes de colores y la belleza de la vida submarina de los arrecifes de coral, se incluye Equipo para<\/p>\n<div class=\"padding-top text-center\"><a href=\"https:\/\/bestdominicantoursandtransfers.com\/es\/tours\/isla-catalina\/\" class=\"atbtn atbtn--medium atbtn--rounded atbtn--transparent\">Leer m\u00e1s<i class=\"atbtn__icon atbtn__icon--right fa fa-long-arrow-right\"><\/i><\/a><\/div>\n","protected":false},"featured_media":92,"comment_status":"open","ping_status":"closed","template":"","meta":[],"_links":{"self":[{"href":"https:\/\/bestdominicantoursandtransfers.com\/es\/wp-json\/wp\/v2\/product\/75"}],"collection":[{"href":"https:\/\/bestdominicantoursandtransfers.com\/es\/wp-json\/wp\/v2\/product"}],"about":[{"href":"https:\/\/bestdominicantoursandtransfers.com\/es\/wp-json\/wp\/v2\/types\/product"}],"replies":[{"embeddable":true,"href":"https:\/\/bestdominicantoursandtransfers.com\/es\/wp-json\/wp\/v2\/comments?post=75"}],"wp:featuredmedia":[{"embeddable":true,"href":"https:\/\/bestdominicantoursandtransfers.com\/es\/wp-json\/wp\/v2\/media\/92"}],"wp:attachment":[{"href":"https:\/\/bestdominicantoursandtransfers.com\/es\/wp-json\/wp\/v2\/media?parent=75"}],"curies":[{"name":"wp","href":"https:\/\/api.w.org\/{rel}","templated":true}]}}