{"id":74,"date":"2016-01-13T21:10:43","date_gmt":"2016-01-13T21:10:43","guid":{"rendered":"https:\/\/bestdominicantoursandtransfers.com\/es\/?post_type=product&#038;p=74"},"modified":"2018-04-30T18:48:29","modified_gmt":"2018-04-30T18:48:29","slug":"santo-domingo-dia-completo","status":"publish","type":"product","link":"https:\/\/bestdominicantoursandtransfers.com\/es\/tours\/santo-domingo-dia-completo\/","title":{"rendered":"Santo Domingo D\u00eda Completo"},"content":{"rendered":"<h2>\u263c Santo Domingo D\u00eda Completo<\/h2>\n<p>La ciudad m\u00e1s antigua de Am\u00e9rica!! Visita a Los Tres Ojos, el Acuario Nacional, el museo del \u00e1mbar, y la primera catedral del nuevo mundo. Tambi\u00e9n la primera calle, el alc\u00e1zar, el faro de Col\u00f3n, la plaza de la cultura, y el palacio presidencial. Tiempo para ir de compras en el Mercado modelo.<\/p>\n<table class=\"table table-bordered tours-tabs__table\" style=\"height: 233px;\" width=\"862\">\n<tbody>\n<tr>\n<td><strong>UBICACI\u00d3N<\/strong><\/td>\n<td>Santo Domingo<\/td>\n<\/tr>\n<tr>\n<td><strong>TRANSPORTE<\/strong><\/td>\n<td><strong>Punto de encuentro:<\/strong> vest\u00edbulo principal de su hotel. &#8211; <strong>Hora de salida:<\/strong> 08:00 AM.<\/td>\n<\/tr>\n<tr>\n<td><strong>INCLUIDO<\/strong><\/td>\n<td>\n<table style=\"height: 62px; line-height: 31px;\" width=\"300\">\n<tbody>\n<tr>\n<td><i class=\"fa fa-check icon-tick icon-tick--on\"><\/i>Gu\u00eda oficial de turismo.<\/td>\n<\/tr>\n<tr>\n<td><i class=\"fa fa-check icon-tick icon-tick--on\"><\/i>Tiempo para ir de compras.<\/td>\n<\/tr>\n<tr>\n<td><i class=\"fa fa-check icon-tick icon-tick--on\"><\/i>El almuerzo y refrescos.<\/td>\n<\/tr>\n<tr>\n<td><i class=\"fa fa-check icon-tick icon-tick--on\"><\/i>Admisi\u00f3n a la edificaci\u00f3n<br \/>\nm\u00e1s interesante y museos.<\/td>\n<\/tr>\n<\/tbody>\n<\/table>\n<\/td>\n<\/tr>\n<tr>\n<td><strong>RECOMENDACIONES<\/strong><\/td>\n<td>Favor de traer ropa c\u00f3moda, zapatos para caminar, dinero en efectivo y la c\u00e1mara.<\/td>\n<\/tr>\n<tr>\n<td><strong>OBSERVACIONES<\/strong><\/td>\n<td>Pantalones o vestimenta que cubran las rodillas son obligatoria para entrar en la catedral.\n<p>Este tour est\u00e1 funcionando de lunes a viernes y est\u00e1 disponible en privado con un m\u00ednimo de participantes.<\/p><\/td>\n<\/tr>\n<tr>\n<td><strong>DURACI\u00d3N<\/strong><\/td>\n<td>D\u00eda completo.<\/td>\n<\/tr>\n<\/tbody>\n<\/table>\n<p><a href=\"https:\/\/bestdominicantoursandtransfers.com\/es\/\">Best Dominican T&amp;T<\/a><\/p>\n","protected":false},"excerpt":{"rendered":"<p>\u263c Santo Domingo D\u00eda Completo La ciudad m\u00e1s antigua de Am\u00e9rica!! Visita a Los Tres Ojos, el Acuario Nacional, el museo del \u00e1mbar, y la primera catedral del nuevo mundo. Tambi\u00e9n la primera calle, el alc\u00e1zar, el faro de Col\u00f3n, la plaza de la cultura, y el palacio presidencial. Tiempo para ir de compras en<\/p>\n<div class=\"padding-top text-center\"><a href=\"https:\/\/bestdominicantoursandtransfers.com\/es\/tours\/santo-domingo-dia-completo\/\" class=\"atbtn atbtn--medium atbtn--rounded atbtn--transparent\">Leer m\u00e1s<i class=\"atbtn__icon atbtn__icon--right fa fa-long-arrow-right\"><\/i><\/a><\/div>\n","protected":false},"featured_media":101,"comment_status":"closed","ping_status":"closed","template":"","meta":[],"_links":{"self":[{"href":"https:\/\/bestdominicantoursandtransfers.com\/es\/wp-json\/wp\/v2\/product\/74"}],"collection":[{"href":"https:\/\/bestdominicantoursandtransfers.com\/es\/wp-json\/wp\/v2\/product"}],"about":[{"href":"https:\/\/bestdominicantoursandtransfers.com\/es\/wp-json\/wp\/v2\/types\/product"}],"replies":[{"embeddable":true,"href":"https:\/\/bestdominicantoursandtransfers.com\/es\/wp-json\/wp\/v2\/comments?post=74"}],"wp:featuredmedia":[{"embeddable":true,"href":"https:\/\/bestdominicantoursandtransfers.com\/es\/wp-json\/wp\/v2\/media\/101"}],"wp:attachment":[{"href":"https:\/\/bestdominicantoursandtransfers.com\/es\/wp-json\/wp\/v2\/media?parent=74"}],"curies":[{"name":"wp","href":"https:\/\/api.w.org\/{rel}","templated":true}]}}