{"id":739,"date":"2016-02-22T18:14:09","date_gmt":"2016-02-22T18:14:09","guid":{"rendered":"https:\/\/bestdominicantoursandtransfers.com\/es\/?post_type=product&#038;p=739"},"modified":"2022-07-14T07:22:23","modified_gmt":"2022-07-14T07:22:23","slug":"zip-line-monkey-land","status":"publish","type":"product","link":"https:\/\/bestdominicantoursandtransfers.com\/es\/tours\/zip-line-monkey-land\/","title":{"rendered":"Zip Line + Monkey Land"},"content":{"rendered":"<h2>\u263c Zip Line + Monkey Land<\/h2>\n<p>Enjoy much more, and spend less money you and your family!!!<\/p>\n<div class=\"title title--center title--underline title--decoration-bottom-center\">\n\t\t<h3 class=\"title__primary\">ZIP LINE JUNGLE ADVENTURE + MONKEY LAND<\/h3>\n<\/div>\n\n<div class=\"timeline\"><div class=\"timeline__item\">\n\t<div class=\"timeline__item__icon-wrap\">\n\t\t<div class=\"timeline__item__icon\">\n\t\t\t<div class=\"timeline__item__icon__text\">1<\/div>\n\t\t<\/div>\n\t<\/div>\n\t<div class=\"timeline__item__content padding-left\">\n\t\t<h3 class=\"timeline__item__title\">PRIMERA EXCURSI\u00d3N : ZIP LINE JUNGLE ADVENTURE<\/h3>\t\t<div class=\"timeline__item__description\">\n<p>Visita uno de los zip lines m\u00e1s grande del Caribe, y el m\u00e1s grande en Rep\u00fablica Dominicana. Recorriendo distancias de hasta 800 metros. Deslumbrantes paisajes se revelan en la b\u00fasqueda del tesoro reposando en la monta\u00f1a Anamuya.<\/p>\n<p>Experimenta un inigualable frenes\u00ed desliz\u00e1ndote sobre selv\u00e1tica vegetaci\u00f3n , 18 plataformas, 12 cables, extendi\u00e9ndose dos millas a lo largo de una frondosa cordillera. Visite uno de los m\u00e1s grandes circuitos Zip Line del caribe, montado por uno de los constructores m\u00e1s experimentados de Zip Lines de Costa Rica y certificado por la ACCT.<\/p>\n<p>Luego de solo 45 minutos de carretera en nuestros Safari Jeeps, usted estar\u00e1 entrando en una nueva dimensi\u00f3n de entretenimiento.<\/p>\n<p>Nuestros gu\u00edas expertos les ense\u00f1aran todo lo relacionado al equipo y a la excursi\u00f3n. Ser\u00e1n transportados al Centro de Bienvenida, donde tendremos una reuni\u00f3n informativa acerca de la seguridad hasta llegar a la primera plataforma y estar listos para el desaf\u00edo de volar de una plataforma a otra.<\/p>\n<p>Estar\u00e1 fijado con un equipo de alpinismo a los cable de doble l\u00ednea, siendo el m\u00e1s largo de 800 metros! El tour consiste en 16 plataformas y 12 cables de doble l\u00ednea, incluyendo las 2 l\u00edneas m\u00e1s largas de Rep\u00fablica Dominicana, extendido entre las monta\u00f1as con una distancia de 2 millas.<\/p>\n<p>\u00a1Disfruta del vuelo junto a tu compa\u00f1ero en nuestros cables paralelos!<\/p>\n<p>&nbsp;<\/p>\n<table class=\"table table-bordered tours-tabs__table\" style=\"height: 233px;\" width=\"862\">\n<tbody>\n<tr>\n<td><strong>EXIT POINT<\/strong><\/td>\n<td>Most hotels in Punta Cana Bavaro &amp; Uvero Alto.<\/td>\n<\/tr>\n<tr>\n<td><strong>INCLUDED<\/strong><\/td>\n<td>\n<table style=\"height: 62px; line-height: 31px;\" width=\"300\">\n<tbody>\n<tr>\n<td><i class=\"fa fa-check icon-tick icon-tick--on\"><\/i>Equipment and instructor.<\/td>\n<\/tr>\n<tr>\n<td><i class=\"fa fa-check icon-tick icon-tick--on\"><\/i>Participation to the whole 12 cables circuit.<\/td>\n<\/tr>\n<tr>\n<td><i class=\"fa fa-check icon-tick icon-tick--on\"><\/i>Water, soft drinks.<\/td>\n<\/tr>\n<tr>\n<td><i class=\"fa fa-check icon-tick icon-tick--on\"><\/i>Fresh fruits and transportation.<\/td>\n<\/tr>\n<\/tbody>\n<\/table>\n<\/td>\n<\/tr>\n<tr>\n<td><strong>RECOMMENDATIONS<\/strong><\/td>\n<td>Wear comfortable clothes, bring a camera, sunblock, insect repellent, shoes or sneakers and enough money to purchase souveneirs.<\/td>\n<\/tr>\n<tr>\n<td><strong>DURATION<\/strong><\/td>\n<td>4 hours and half. Approx.<\/td>\n<\/tr>\n<tr>\n<td><strong>DEPARTURE TIME<\/strong><\/td>\n<td>07:00 am \u2013 08:00 am\/ 01:00 pm \u2013 02:00 pm. Hotel Lobby or specified meeting point . Pick up time vary by hotel location. Well contact you in order to give your reservation confirmations voucher and schedule pickup time at your hotel.<\/td>\n<\/tr>\n<tr>\n<td><strong>RESTRICTIONS<\/strong><\/td>\n<\/tr>\n<\/tbody>\n<\/table>\n<table style=\"border: 0px;\" border=\"0\" width=\"100%\">\n<tbody>\n<tr>\n<td style=\"border: 0px;\"><\/td>\n<td style=\"border: 0px;\">Pregnant women, people with heart conditions, disability and\/or mobility problems, cannot take part in this tour.<\/td>\n<\/tr>\n<tr>\n<td style=\"border: 0px;\"><\/td>\n<td style=\"border: 0px;\">Maximum waist line: 44. Maximum weight: 250 lbs.<\/td>\n<\/tr>\n<tr>\n<td style=\"border: 0px;\"><\/td>\n<td style=\"border: 0px;\">Kids between 8 and 12 years old might be accompanied by our guides on the longest cables.<\/td>\n<\/tr>\n<tr>\n<td style=\"border: 0px;\"><\/td>\n<td style=\"border: 0px;\">Kids between 6 and 8 years old will participate to the 8 first cables only.<\/td>\n<\/tr>\n<\/tbody>\n<\/table>\n<p>&nbsp;<\/p>\n<p>&nbsp;<\/p>\n<h3>Note:<\/h3>\n<p>You can book and do either a single excursion by separated paying regular price. For further Information , be in contact with us by CHAT ON LINE.<\/p>\n<p>&nbsp;<\/p>\n<\/div>\t<\/div>\n<\/div>\n<div class=\"timeline__item\">\n\t<div class=\"timeline__item__icon-wrap\">\n\t\t<div class=\"timeline__item__icon\">\n\t\t\t<div class=\"timeline__item__icon__text\">2<\/div>\n\t\t<\/div>\n\t<\/div>\n\t<div class=\"timeline__item__content padding-left\">\n\t\t<h3 class=\"timeline__item__title\">SECOND EXCURSION : MONKEY LAND<\/h3>\t\t<div class=\"timeline__item__description\">\n<p>Stroll through the colorful Botanical Garden and identifies medicinal plants, flowers and fruit trees native country. Interactoin close proximity to our beautiful squirrel monkeys at Monkeyland. Watch the monkeys in a natural environment which offers spectacular mountain views. At the end of this pleasant and surprising tour, passing through our gift shop Monkey Land. Visit a coffee plantation and cocoa, eat fresh tropical fruit picked from the trees. Visit a typical house and see how the locals live.<\/p>\n<p>We begin the tour with the visit of a typical country house to mingle with Dominicans and learn how to live off the land and their organic products. There, have the opportunity to try new exotic Caribbean fruits, roasted coffee and cocoa.<\/p>\n<p>Start the second part of the tour coming to our beautiful botanical garden, where you will learn about native plants and flowers of the island.<\/p>\n<p>The next 45 minutes were occupied for a guided tour that allows you to interact in close proximity to our beautiful and <strong>friendly<\/strong> squirrel monkeys at <strong>Monkeyland<\/strong>.<\/p>\n<p>These charming and intelligent monkeys have been formed by a Canadian couple with 35 years of experience working with animals, including 12 years at the Toronto Zoo to teaching monkeys to trust and enjoy the company of humans.<\/p>\n<p>This tour is based on 5 acres of a beautiful piece of land that monkeys have made their home. The <strong>monkeys<\/strong> are completely accustomed to human contact.<\/p>\n<p>They come down from the trees to sit on your shoulder and eat from your hands. Beware. love all things bright and interesting! <strong>Little monkeys<\/strong> loves to pose for the camera and probably will sit, and if allowed, see themselves in <strong>your camera<\/strong>. <strong>Adorable!<\/strong><\/p>\n<p>&nbsp;<\/p>\n<p><del>Adultos US $ 129 \/ Ni\u00f1os US $ 69<\/del><\/p>\n<p><strong>Adultos US $ 120 \/ Ni\u00f1os US $ 58<\/strong><\/p>\n<table class=\"table table-bordered tours-tabs__table\" style=\"height: 233px;\" width=\"862\">\n<tbody>\n<tr>\n<td><strong>EXIT POINT<\/strong><\/td>\n<td>Punta Cana \u2013 Bavaro &amp; Uvero Alto Hotels.<\/td>\n<\/tr>\n<tr>\n<td><strong>INCLUDED<\/strong><\/td>\n<td>\n<table style=\"height: 62px; line-height: 31px;\" width=\"300\">\n<tbody>\n<tr>\n<td><i class=\"fa fa-check icon-tick icon-tick--on\"><\/i>Entrance to Monkey Land.<\/td>\n<\/tr>\n<tr>\n<td><i class=\"fa fa-check icon-tick icon-tick--on\"><\/i>Water and soft drinks.<\/td>\n<\/tr>\n<tr>\n<td><i class=\"fa fa-check icon-tick icon-tick--on\"><\/i>Transportation.<\/td>\n<\/tr>\n<\/tbody>\n<\/table>\n<\/td>\n<\/tr>\n<tr>\n<td><strong>RECOMMENDATIONS<\/strong><\/td>\n<td>Comfortable clothes, photo camera and money for tips or purchasing souvenirs.<\/td>\n<\/tr>\n<tr>\n<td><strong>DURATION<\/strong><\/td>\n<td>4 hours and half. Approx.<\/td>\n<\/tr>\n<tr>\n<td><strong>DEPARTURE TIME<\/strong><\/td>\n<td>07:00 am \u2013 08:00 am.<\/td>\n<\/tr>\n<tr>\n<td><strong>PICK UP TIME<\/strong><\/td>\n<td>Hotel Lobby or specified meeting point . Pick up time vary by hotel location. Well contact you in order to give your reservation confirmations voucher and schedule pickup time at your hotel.<\/td>\n<\/tr>\n<tr>\n<td><strong>RESTRICTIONS<\/strong><\/td>\n<\/tr>\n<\/tbody>\n<\/table>\n<table style=\"border: 0px;\" border=\"0\" width=\"100%\">\n<tbody>\n<tr>\n<td style=\"border: 0px;\"><\/td>\n<td style=\"border: 0px;\">Pregnant women, people with heart conditions, disability and\/or mobility problems, epilepsy, nfections of the upper airways can not participate in this tour.<\/td>\n<\/tr>\n<tr>\n<td style=\"border: 0px;\"><\/td>\n<td style=\"border: 0px;\">People with severe peanut allergies cannot participate in this tour. Do not use sunscreen or insect repellent.<\/td>\n<\/tr>\n<\/tbody>\n<\/table>\n<p>&nbsp;<\/p>\n<\/div>\t<\/div>\n<\/div>\n<div class=\"timeline__item\">\n\t<div class=\"timeline__item__icon-wrap\">\n\t\t<div class=\"timeline__item__icon\">\n\t\t\t<div class=\"timeline__item__icon__text\">F<\/div>\n\t\t<\/div>\n\t<\/div>\n\t<div class=\"timeline__item__content padding-left\">\n\t\t<h3 class=\"timeline__item__title\">END<\/h3>\t\t\t<\/div>\n<\/div>\n<\/div>\n<p>&nbsp;<\/p>\n<p>[xyz-ihs snippet=\u00bbNOTASIMPORTANTES\u00bb]<\/p>\n<p><a href=\"https:\/\/bestdominicantoursandtransfers.com\/es\/\">Best Dominican T&amp;T<\/a><\/p>\n","protected":false},"excerpt":{"rendered":"<p>\u263c Zip Line + Monkey Land Enjoy much more, and spend less money you and your family!!! &nbsp; [xyz-ihs snippet=\u00bbNOTASIMPORTANTES\u00bb] Best Dominican T&amp;T<\/p>\n","protected":false},"featured_media":729,"comment_status":"open","ping_status":"closed","template":"","meta":[],"_links":{"self":[{"href":"https:\/\/bestdominicantoursandtransfers.com\/es\/wp-json\/wp\/v2\/product\/739"}],"collection":[{"href":"https:\/\/bestdominicantoursandtransfers.com\/es\/wp-json\/wp\/v2\/product"}],"about":[{"href":"https:\/\/bestdominicantoursandtransfers.com\/es\/wp-json\/wp\/v2\/types\/product"}],"replies":[{"embeddable":true,"href":"https:\/\/bestdominicantoursandtransfers.com\/es\/wp-json\/wp\/v2\/comments?post=739"}],"wp:featuredmedia":[{"embeddable":true,"href":"https:\/\/bestdominicantoursandtransfers.com\/es\/wp-json\/wp\/v2\/media\/729"}],"wp:attachment":[{"href":"https:\/\/bestdominicantoursandtransfers.com\/es\/wp-json\/wp\/v2\/media?parent=739"}],"curies":[{"name":"wp","href":"https:\/\/api.w.org\/{rel}","templated":true}]}}