{"id":735,"date":"2016-02-22T05:02:29","date_gmt":"2016-02-22T05:02:29","guid":{"rendered":"https:\/\/bestdominicantoursandtransfers.com\/es\/?post_type=product&#038;p=735"},"modified":"2018-04-14T22:02:57","modified_gmt":"2018-04-14T22:02:57","slug":"cave-expedition-sunshine-c-cruise","status":"publish","type":"product","link":"https:\/\/bestdominicantoursandtransfers.com\/es\/tours\/cave-expedition-sunshine-c-cruise\/","title":{"rendered":"Cave Expedition + Sunshine C. C."},"content":{"rendered":"<h2>\u263c Cave Expedition + Sunshine C. C.<\/h2>\n<div class=\"title title--center title--underline title--decoration-bottom-center\">\n\t\t<h3 class=\"title__primary\">CAVE EXPEDITION + SUNSHINE CARIBBEAN CRUISE<\/h3>\n<\/div>\n\n<div class=\"timeline\"><div class=\"timeline__item\">\n\t<div class=\"timeline__item__icon-wrap\">\n\t\t<div class=\"timeline__item__icon\">\n\t\t\t<div class=\"timeline__item__icon__text\">1<\/div>\n\t\t<\/div>\n\t<\/div>\n\t<div class=\"timeline__item__content padding-left\">\n\t\t<h3 class=\"timeline__item__title\">PRIMERA EXCURSI\u00d3N : EXPEDICI\u00d3N A CUEVA IGUABONITA<\/h3>\t\t<div class=\"timeline__item__description\">\n<p>&nbsp;<\/p>\n<h3>Descripci\u00f3n:<\/h3>\n<p>Scape Park at Cap Cana esta orgulloso de ser el hogar de la mas fina y mejores organizadas expediciones de cavernas en la Rep\u00fablica Dominicana, la cual es considerada la mas emocionante y educativa Excursi\u00f3n peleologica en esta parte de la Isla.<\/p>\n<p>Uno de nuestros visitantes trepara la escalera que los conducir\u00e1 a los pasadizos que los guiara a la cima del Farall\u00f3n.<\/p>\n<p>Despu\u00e9s de 25 minutos de caminata por los senderos , alcanzaremos la boca de la Cueva, entraremos a la Cueva a trav\u00e9s de escalinatas amigables con la ecolog\u00eda.<\/p>\n<p>Caminando hacia dentro por los corredores de la Cueva, nuestro gu\u00eda explica a los presentes la historia natural de la cueva, y sus formaciones naturales. Los visitantes quedan at\u00f3nitos ante tantas maravillas naturales.!!<\/p>\n<p>Mas adelante nuestro entrenado gu\u00eda espeleologo nos guiara a trav\u00e9s de una vasta red de recamaras y t\u00faneles que yacen por debajo de la tierra, mientras nuestro gu\u00eda nos va explicando el origen y formaciones naturales de la Cueva.<\/p>\n<p>Despu\u00e9s de haber cruzados muchos pasadizos y t\u00faneles, no encontraremos con una majestuosa entrada natural ovalada que da acceso a la c\u00e1mara principal de la cueva , y que posee maravillas naturales sorprendentes!!<\/p>\n<p>Saldremos fuera de la Cueva , por una diferente boca , sin la necesidad de utilizar rapeles, ya que hemos construidos escaleras Eco Amigables para su mayor comfort.<\/p>\n<p>Vista espectacular de cientos de Stalagmitas y estalagtitas y algunos dogmus, para ser recordados por mucho tiempo , solo la naturaleza es capaz de crear tantas maravillas !!<\/p>\n<p>Los huecos en el techo de la Cueva de estas maravillosas formaciones naturales son de admirable comtemplacion !! Un maravilloso contraste se produce entre la claridad y la oscuridad cuando la luz solar traspasa por los huecos del techo de la cueva..!!<\/p>\n<p>La caminata de regreso se har\u00e1 por el mismo sendero del principios y durara aproximadamente 20 minutos. Una vez hayamos alcanzado la base de descenso, tomaremos una agua helada para refrescarnos. Esta parte de la Aventura no es recomendada solo para personas que est\u00e9n en buen estado f\u00edsico, ya que tendremos que caminar ascendiendo hasta el punto mas alto del farall\u00f3n a trav\u00e9s de la selva.<\/p>\n<p>&nbsp;<\/p>\n<h3>Notas Importantes:<\/h3>\n<p>El vestuario sugerido es vestir ropa ligera y confortable, preferiblemente pantalones cortos o largos y t-shirt para mas f\u00e1cil movilidad. El c\u00f3digo de vestimenta es sugerido confortables pantalones cortos o pantalones largos y camisa que permiten un f\u00e1cil movimiento. Tennis deportivos o botas de senderismo y repelente contra insectos.<\/p>\n<p>Algunas restricciones de salud aplican. Esta excursi\u00f3n dura aproximadamente 2 \u00bd horas. Pueden participar ni\u00f1os a partir de los 6 a\u00f1os.<\/p>\n<table class=\"table table-bordered tours-tabs__table\" style=\"height: 233px;\" width=\"862\">\n<tbody>\n<tr>\n<td><strong>Qu\u00e9 hay que llevar:<\/strong><\/td>\n<td>Ropa c\u00f3moda, zapatos cerrados, traje de ba\u00f1o, toalla, dinero en efectivo para los recuerdos.<\/td>\n<\/tr>\n<\/tbody>\n<\/table>\n<p>&nbsp;<\/p>\n<\/div>\t<\/div>\n<\/div>\n<div class=\"timeline__item\">\n\t<div class=\"timeline__item__icon-wrap\">\n\t\t<div class=\"timeline__item__icon\">\n\t\t\t<div class=\"timeline__item__icon__text\">2<\/div>\n\t\t<\/div>\n\t<\/div>\n\t<div class=\"timeline__item__content padding-left\">\n\t\t<h3 class=\"timeline__item__title\">SEGUNDA EXCURSI\u00d3N : SUNSHINE CARIBBEAN CRUISE<\/h3>\t\t<div class=\"timeline__item__description\">\n<p>Disfrute un d\u00eda soleado en la paradis\u00edaca Marina de Cap Cana! Visite la mas espectacular y exclusiva Marina de todo el \u00e1rea del Caribe y navegue junto a nosotros en nuestro espacioso y elegante doble piso catamar\u00e1n a lo largo de la impresionante bella costa de Cap Cana.<\/p>\n<p>Foto a\u00e9rea de Marina Cap Cana.<\/p>\n<p>Transfer desde el hotel hacia La Marina de Cap Cana. Nuestro grupo dando una caminata por los alrededores de la Marina antes de embarcar en el Catamaran. Catamaran listo para zarpar hacia la Hermosa Costa de Punta Cana, Cap Cana y Juanillo.<\/p>\n<p>Dando las instrucciones antes de iniciar el tour de snorkeling.<\/p>\n<p>Listo para comenzar una incre\u00edble colorido arrecifes de coral buceo, Snorkelers se aproximan a una Hermosa barrera coralina en esta encantadoras aguas cristalinas color turquesa.<\/p>\n<p>Una vez de vuelta en el barco, empieza la fiesta abordo con mucha m\u00fasica de merengue y bachata competencia de bailes, y las bebidas no paran de fluir.El barco mantiene el rumbo, cruzando toda la costa de Cap Cana, hasta que arribamos a la exclusiva playa de Juanillo, donde nos relajaremos y tomaremos una cerveza bien fr\u00eda en el exclusivo Cap Cana Sand Bar y podremos zambullirnos en las cristalinas aguas turquesas de Playa Juanillo, donde cientos de metro hacia adentro, el agua no pasa de tus cinturas..!!<\/p>\n<p>De vuelta al barco, nuestra tripulaci\u00f3n les aguarda con un shot de Mama Juana, para calentarnos un poco y continuar el partyboat. Esta traves\u00eda se desarrolla en un ambiente de total esparcimiento y tiempo Chillout.<\/p>\n<p><del>Adultos US $ 129 \/ Ni\u00f1os US $ 69<\/del><\/p>\n<p><strong>Adultos US $ 120 \/ Ni\u00f1os US $ 58<\/strong><\/p>\n<p>&nbsp;<\/p>\n<h3>Notas Importantes:<\/h3>\n<p>Ambas excursiones tienen que hacerse el mismo d\u00eda.<br \/>\n\u2022 Las atracciones complementarias tales como Tour Senderos Ecol\u00f3gicos en bicicleta.<br \/>\n\u2022 Encuentro con animales est\u00e1n incluidas en los combos pack..<\/p>\n<p>&nbsp;<\/p>\n<table class=\"table table-bordered tours-tabs__table\" style=\"height: 233px;\" width=\"862\">\n<tbody>\n<tr>\n<td><strong>UBICACI\u00d3N<\/strong><\/td>\n<td>Punta Cana<\/td>\n<\/tr>\n<tr>\n<td><strong>INCLUIDO<\/strong><\/td>\n<td>\n<table style=\"height: 62px; line-height: 31px;\" width=\"300\">\n<tbody>\n<tr>\n<td><i class=\"fa fa-check icon-tick icon-tick--on\"><\/i>Transporte desde \/ hacia su hotel en autob\u00fas con aire acondicionado.<\/td>\n<\/tr>\n<tr>\n<td><i class=\"fa fa-check icon-tick icon-tick--on\"><\/i>Frutas, almuerzo buffet y bar libre.<\/td>\n<\/tr>\n<tr>\n<td><i class=\"fa fa-check icon-tick icon-tick--on\"><\/i>Eco tour de bicicletas.<\/td>\n<\/tr>\n<tr>\n<td><i class=\"fa fa-check icon-tick icon-tick--on\"><\/i>Encuentro con los animales.<\/td>\n<\/tr>\n<\/tbody>\n<\/table>\n<\/td>\n<\/tr>\n<tr>\n<td><strong>RECOMENDACIONES<\/strong><\/td>\n<td>Zapatos cerrados preferible tennis, sandalias para el tour de catamaran, ropa c\u00f3moda, protector solar, y toallas.<\/td>\n<\/tr>\n<tr>\n<td><strong>DURACI\u00d3N<\/strong><\/td>\n<td>6 y media horas.<\/td>\n<\/tr>\n<tr>\n<td><strong>TRANSPORTACI\u00d3N<\/strong><\/td>\n<td>Lobby del Hotel o lugar especificado. La recojida varia seg\u00fan ubicaci\u00f3n del hotel. Le estaremos contactando para entregarles el voucher de confirmaci\u00f3n de su reserva con hora y lugar de recogida.<\/td>\n<\/tr>\n<\/tbody>\n<\/table>\n<\/div>\t<\/div>\n<\/div>\n<div class=\"timeline__item\">\n\t<div class=\"timeline__item__icon-wrap\">\n\t\t<div class=\"timeline__item__icon\">\n\t\t\t<div class=\"timeline__item__icon__text\">F<\/div>\n\t\t<\/div>\n\t<\/div>\n\t<div class=\"timeline__item__content padding-left\">\n\t\t<h3 class=\"timeline__item__title\">FIN<\/h3>\t\t\t<\/div>\n<\/div>\n<\/div>\n<p>&nbsp;<\/p>\n<p>[xyz-ihs snippet=\u00bbNOTASIMPORTANTES\u00bb]<\/p>\n<p><a href=\"https:\/\/bestdominicantoursandtransfers.com\/es\/\">Best Dominican T&amp;T<\/a><\/p>\n","protected":false},"excerpt":{"rendered":"<p>\u263c Cave Expedition + Sunshine C. C. &nbsp; [xyz-ihs snippet=\u00bbNOTASIMPORTANTES\u00bb] Best Dominican T&amp;T<\/p>\n","protected":false},"featured_media":719,"comment_status":"open","ping_status":"closed","template":"","meta":[],"_links":{"self":[{"href":"https:\/\/bestdominicantoursandtransfers.com\/es\/wp-json\/wp\/v2\/product\/735"}],"collection":[{"href":"https:\/\/bestdominicantoursandtransfers.com\/es\/wp-json\/wp\/v2\/product"}],"about":[{"href":"https:\/\/bestdominicantoursandtransfers.com\/es\/wp-json\/wp\/v2\/types\/product"}],"replies":[{"embeddable":true,"href":"https:\/\/bestdominicantoursandtransfers.com\/es\/wp-json\/wp\/v2\/comments?post=735"}],"wp:featuredmedia":[{"embeddable":true,"href":"https:\/\/bestdominicantoursandtransfers.com\/es\/wp-json\/wp\/v2\/media\/719"}],"wp:attachment":[{"href":"https:\/\/bestdominicantoursandtransfers.com\/es\/wp-json\/wp\/v2\/media?parent=735"}],"curies":[{"name":"wp","href":"https:\/\/api.w.org\/{rel}","templated":true}]}}