{"id":72,"date":"2016-01-13T18:05:49","date_gmt":"2016-01-13T18:05:49","guid":{"rendered":"https:\/\/bestdominicantoursandtransfers.com\/es\/?post_type=product&#038;p=72"},"modified":"2021-08-06T10:56:58","modified_gmt":"2021-08-06T10:56:58","slug":"santo-domingo-medio-dia","status":"publish","type":"product","link":"https:\/\/bestdominicantoursandtransfers.com\/es\/tours\/santo-domingo-medio-dia\/","title":{"rendered":"Santo Domingo Medio D\u00eda"},"content":{"rendered":"<h2>\u263c Santo Domingo Medio D\u00eda<\/h2>\n<p>Una excursi\u00f3n de medio d\u00eda a trav\u00e9s de nuestra capital, Santo Domingo, visitando Los tres Ojos, el Faro a Col\u00f3n, el Museo del \u00c1mbar, la primera catedral y el pante\u00f3n nacional (entrada incluida). Tambi\u00e9n una vista panor\u00e1mica del palacio presidencial, nuestra plaza de la cultura y el tiempo de las compras en el mercado de pulgas&#8230;<\/p>\n<table class=\"table table-bordered tours-tabs__table\" style=\"height: 233px;\" width=\"862\">\n<tbody>\n<tr>\n<td><strong>UBICACI\u00d3N<\/strong><\/td>\n<td>Santo Domingo<\/td>\n<\/tr>\n<tr>\n<td><strong>TRANSPORTE<\/strong><\/td>\n<td><strong>Punto de encuentro:<\/strong> vest\u00edbulo principal de su hotel. &#8211; <strong>Hora de salida:<\/strong> 13:30.<\/td>\n<\/tr>\n<tr>\n<td><strong>INCLUIDO<\/strong><\/td>\n<td>\n<table style=\"height: 62px; line-height: 31px;\" width=\"300\">\n<tbody>\n<tr>\n<td><i class=\"fa fa-check icon-tick icon-tick--on\"><\/i>Gu\u00eda oficial de turismo.<\/td>\n<\/tr>\n<tr>\n<td><i class=\"fa fa-check icon-tick icon-tick--on\"><\/i>El museo de los h\u00e9roes.<\/td>\n<\/tr>\n<tr>\n<td><i class=\"fa fa-check icon-tick icon-tick--on\"><\/i>Ingreso en la cueva tres ojos.<\/td>\n<\/tr>\n<tr>\n<td><i class=\"fa fa-check icon-tick icon-tick--on\"><\/i>La primera catedral del nuevo mundo.<\/td>\n<\/tr>\n<\/tbody>\n<\/table>\n<\/td>\n<\/tr>\n<tr>\n<td><strong>RECOMENDACIONES<\/strong><\/td>\n<td>Favor de traer su c\u00e1mara, zapatos c\u00f3modos para caminar, dinero en efectivo para las compras.<\/td>\n<\/tr>\n<tr>\n<td><strong>OBSERVACIONES<\/strong><\/td>\n<td>Pantalones o vestimenta que cubran las rodillas son obligatoria para entrar en la catedral.\n<p>Este tour est\u00e1 disponible en privado con un m\u00ednimo de participantes. Estamos operando este tour todos los d\u00edas.<\/p><\/td>\n<\/tr>\n<tr>\n<td><strong>DURACI\u00d3N<\/strong><\/td>\n<td>Medio d\u00eda.<\/td>\n<\/tr>\n<\/tbody>\n<\/table>\n<p><a href=\"https:\/\/bestdominicantoursandtransfers.com\/es\/\">Best Dominican T&amp;T<\/a><\/p>\n","protected":false},"excerpt":{"rendered":"<p>\u263c Santo Domingo Medio D\u00eda Una excursi\u00f3n de medio d\u00eda a trav\u00e9s de nuestra capital, Santo Domingo, visitando Los tres Ojos, el Faro a Col\u00f3n, el Museo del \u00c1mbar, la primera catedral y el pante\u00f3n nacional (entrada incluida). Tambi\u00e9n una vista panor\u00e1mica del palacio presidencial, nuestra plaza de la cultura y el tiempo de las<\/p>\n<div class=\"padding-top text-center\"><a href=\"https:\/\/bestdominicantoursandtransfers.com\/es\/tours\/santo-domingo-medio-dia\/\" class=\"atbtn atbtn--medium atbtn--rounded atbtn--transparent\">Leer m\u00e1s<i class=\"atbtn__icon atbtn__icon--right fa fa-long-arrow-right\"><\/i><\/a><\/div>\n","protected":false},"featured_media":130,"comment_status":"open","ping_status":"closed","template":"","meta":[],"_links":{"self":[{"href":"https:\/\/bestdominicantoursandtransfers.com\/es\/wp-json\/wp\/v2\/product\/72"}],"collection":[{"href":"https:\/\/bestdominicantoursandtransfers.com\/es\/wp-json\/wp\/v2\/product"}],"about":[{"href":"https:\/\/bestdominicantoursandtransfers.com\/es\/wp-json\/wp\/v2\/types\/product"}],"replies":[{"embeddable":true,"href":"https:\/\/bestdominicantoursandtransfers.com\/es\/wp-json\/wp\/v2\/comments?post=72"}],"wp:featuredmedia":[{"embeddable":true,"href":"https:\/\/bestdominicantoursandtransfers.com\/es\/wp-json\/wp\/v2\/media\/130"}],"wp:attachment":[{"href":"https:\/\/bestdominicantoursandtransfers.com\/es\/wp-json\/wp\/v2\/media?parent=72"}],"curies":[{"name":"wp","href":"https:\/\/api.w.org\/{rel}","templated":true}]}}