{"id":709,"date":"2016-02-21T22:46:19","date_gmt":"2016-02-21T22:46:19","guid":{"rendered":"https:\/\/bestdominicantoursandtransfers.com\/es\/?post_type=product&#038;p=709"},"modified":"2021-08-24T23:44:46","modified_gmt":"2021-08-24T23:44:46","slug":"zip-line-hoyo-azul","status":"publish","type":"product","link":"https:\/\/bestdominicantoursandtransfers.com\/es\/tours\/zip-line-hoyo-azul\/","title":{"rendered":"Zip Line + Hoyo Azul"},"content":{"rendered":"<h2>\u263c Zip Line + Hoyo Azul<\/h2>\n<div class=\"title title--big title--center title--underline title--decoration-bottom-center\">\n\t\t<h3 class=\"title__primary\">ZIP LINE + HOYO AZUL ECO TOUR<\/h3>\n<\/div>\n\n<div class=\"timeline\"><div class=\"timeline__item\">\n\t<div class=\"timeline__item__icon-wrap\">\n\t\t<div class=\"timeline__item__icon\">\n\t\t\t<div class=\"timeline__item__icon__text\">1<\/div>\n\t\t<\/div>\n\t<\/div>\n\t<div class=\"timeline__item__content padding-left\">\n\t\t<h3 class=\"timeline__item__title\">PRIMERA EXCURSI\u00d3N : ZIP LINE ECO-ADVENTURE<\/h3>\t\t<div class=\"timeline__item__description\">\n<p>Esta peque\u00f1a se divierte en grande en uno de los cables de Zipline\u2026 Mama tampoco se pod\u00eda perderse de esta emocionante aventura para quemar un poco de Adrenalina !!<\/p>\n<p>Siente la adrenalina y disfruta de la sensaci\u00f3n de volar sobre los \u00e1rboles a medida que viajas a trav\u00e9s de 8 l\u00edneas de zip line de doble cable en esta incre\u00edble aventura. La seguridad de nuestro zip line es anualmente inspeccionado y certificado por la Association for Challenge Course Technology de los Estados Unidos de Am\u00e9rica y por la Argent Health and Safety.<\/p>\n<p>Peque\u00f1o agujero de acceso hacia la plataforma principal del Zip line. Otro participante totalmente equipado con rapel trepando hacia la pr\u00f3xima estaci\u00f3n.<\/p>\n<p>Zip Line Eco Aventura es una actividad desarrollada en Cap Cana. Incluye 8 lineas, la mas alta por encima de los 75mts, un puente colgante y cuatros caminos ecol\u00f3gicos.<\/p>\n<p>Visitante subiendo las escaleras colgante hacia la plataforma principal en la cima del Farall\u00f3n. Mucha adrenalina al iniciar el descenso !!<\/p>\n<p>Con las plataformas situadas en un acantilado natural, el Zip line cuenta con impresionantes vistas de la costa del Caribe y paisajes naturales exuberantes. El tour tambi\u00e9n incluye una serie de senderos ecol\u00f3gicos interesantes, un puente colgante y v\u00eda ferrata entre las plataformas. \u00a1La aventura de tu vida!<\/p>\n<p>Este Zip Line es \u00fanico en el mundo, desde donde normalmente se unen nuestras lineas una para la salida y la otra para la llegada, sin embargo, nuestro principal elemento es el Farall\u00f3n, desde donde todas nuestras l\u00edneas est\u00e1n amarradas. Esta excursi\u00f3n es \u00fanica en su genero, porque opera en una exclusiva reserva forestal localizada en Cap Cana, la cual es hogar de \u00fanicas especies de flora y fauna.<\/p>\n<h2>Reglas y Regulaciones :<\/h2>\n<h2><\/h2>\n<table style=\"border: 0px;\" border=\"0\" width=\"100%\">\n<tbody>\n<tr>\n<td style=\"border: 0px;\"><\/td>\n<td style=\"border: 0px;\">Edad M\u00ednima 6 a\u00f1os.<\/td>\n<\/tr>\n<tr>\n<td style=\"border: 0px;\"><\/td>\n<td style=\"border: 0px;\">Estatura M\u00ednima 4\u2019 o 1.20mts.<\/td>\n<\/tr>\n<tr>\n<td style=\"border: 0px;\"><\/td>\n<td style=\"border: 0px;\">Estatura m\u00e1xima 6\u20197\u201d \u00f3 2mts<\/td>\n<\/tr>\n<tr>\n<td style=\"border: 0px;\"><\/td>\n<td style=\"border: 0px;\">Peso m\u00e1ximo 330lbs \u00f3 150 kilos.<\/td>\n<\/tr>\n<tr>\n<td style=\"border: 0px;\"><\/td>\n<td style=\"border: 0px;\">Mujeres embarazadas no pueden participar.<\/td>\n<\/tr>\n<tr>\n<td style=\"border: 0px;\"><\/td>\n<td style=\"border: 0px;\">Camaras, tel\u00e9fonos celulares u otros objetos perdibles no son permitidos durante la actividad.<\/td>\n<\/tr>\n<tr>\n<td style=\"border: 0px;\"><\/td>\n<td style=\"border: 0px;\">No pueden participar personas que hayan ingerido alcohol, medicamentos Fuertes o sustancias controladas.<\/td>\n<\/tr>\n<tr>\n<td style=\"border: 0px;\"><\/td>\n<td style=\"border: 0px;\">No pueden participar tampoco, personas que sufran del coraz\u00f3n, de alta presi\u00f3n sanguinea, problemas respiratorios, v\u00e9rtigo, asma, epilepsia, mal de Parkinson o discapacidad mental.<\/td>\n<\/tr>\n<tr>\n<td style=\"border: 0px;\"><\/td>\n<td style=\"border: 0px;\">La compa\u00f1\u00eda se reserva el derecho de determinar si alguien debe hacer el tour acompa\u00f1ado de un gu\u00eda o si no califica para participar.<\/td>\n<\/tr>\n<\/tbody>\n<\/table>\n<p>&nbsp;<\/p>\n<\/div>\t<\/div>\n<\/div>\n<div class=\"timeline__item\">\n\t<div class=\"timeline__item__icon-wrap\">\n\t\t<div class=\"timeline__item__icon\">\n\t\t\t<div class=\"timeline__item__icon__text\">2<\/div>\n\t\t<\/div>\n\t<\/div>\n\t<div class=\"timeline__item__content padding-left\">\n\t\t<h3 class=\"timeline__item__title\">SEGUNDA EXCURSI\u00d3N : HOYO AZUL ECO-ADVENTURE<\/h3>\t\t<div class=\"timeline__item__description\">\n<p>Descubra este oculto cenote u ojos ind\u00edgenas, localizados a m\u00e1s de 75 metros de altura, en la cima de los acantilados o el Farall\u00f3n donde los indios ta\u00ednos acostumbraban a nadar y refrescarse en sus cristalinas y sorprendentemente azules turquesa, que solo la naturaleza pudo crearla y ofrecer a sus visitantes.<\/p>\n<p>Visite un reservorio de Orqu\u00eddeas, Bromel\u00edas, Helechos, Cactus y plantas end\u00e9micas en su h\u00e1bitat natural, y aprenda sobre la flora, fauna y especies end\u00e9micas \u00fanicas que habitan solamente en esta parte de la isla.<\/p>\n<p>Camine sobre este maravilloso Puente colgante disfrutando al mismo tiempo de una espectacular vista al imponente Farall\u00f3n.<\/p>\n<p>Este tour le llevara a usted cara a cara con las maravillas naturales de Rep\u00fablica Dominicana y la similitud de otros ecosistemas de otras islas caribe\u00f1as.. Prep\u00e1rese a sentir la hermosura y el silencio de la naturaleza.<\/p>\n<p><strong>\u00a0<\/strong><\/p>\n<h2>Reglas y Regulaciones :<\/h2>\n<table style=\"border: 0px;\" border=\"0\" width=\"100%\">\n<tbody>\n<tr>\n<td style=\"border: 0px;\"><\/td>\n<td style=\"border: 0px;\">Camaras, tel\u00e9fonos celulares, u otros objetos perdibles no est\u00e1n permitidos durante el tour.<\/td>\n<\/tr>\n<tr>\n<td style=\"border: 0px;\"><\/td>\n<td style=\"border: 0px;\">Los participantes no pueden fumar o traer consigo ning\u00fan tipo de bebidas o comida durante el tour.<\/td>\n<\/tr>\n<tr>\n<td style=\"border: 0px;\"><\/td>\n<td style=\"border: 0px;\">La empresa se reserva el derecho de impedir la participaci\u00f3n de cualquier persona que considere no aptos para la gira seg\u00fan nuestros gu\u00edas tur\u00edsticos.<\/td>\n<\/tr>\n<\/tbody>\n<\/table>\n<p>&nbsp;<\/p>\n<p><del>Adultos US $ 119 \/ Ni\u00f1os US $ 69<\/del><\/p>\n<p><strong>Adultos US $ 105 \/ Ni\u00f1os US $ 58<\/strong><\/p>\n<\/div>\t<\/div>\n<\/div>\n<div class=\"timeline__item\">\n\t<div class=\"timeline__item__icon-wrap\">\n\t\t<div class=\"timeline__item__icon\">\n\t\t\t<div class=\"timeline__item__icon__text\">INF<\/div>\n\t\t<\/div>\n\t<\/div>\n\t<div class=\"timeline__item__content padding-left\">\n\t\t<h3 class=\"timeline__item__title\">INFORMACIONES<\/h3>\t\t<div class=\"timeline__item__description\">\n<table class=\"table table-bordered tours-tabs__table\" style=\"height: 233px;\" width=\"862\">\n<tbody>\n<tr>\n<td><strong>UBICACI\u00d3N<\/strong><\/td>\n<td>Punta Cana<\/td>\n<\/tr>\n<tr>\n<td><strong>INCLUIDO<\/strong><\/td>\n<td>\n<table style=\"height: 62px; line-height: 31px;\" width=\"300\">\n<tbody>\n<tr>\n<td><i class=\"fa fa-check icon-tick icon-tick--on\"><\/i>Almuerzo y 1 bebida incluida.<\/td>\n<\/tr>\n<tr>\n<td><i class=\"fa fa-check icon-tick icon-tick--on\"><\/i>Ambas excursiones deben ser hechas el mismo d\u00eda.<\/td>\n<\/tr>\n<tr>\n<td><i class=\"fa fa-check icon-tick icon-tick--on\"><\/i>Atracciones complementarias tales como el tour en Mountain Bike Rutas Ecol\u00f3gicas y encuentro con animales est\u00e1n incluida en el combo.<\/td>\n<\/tr>\n<tr>\n<td><i class=\"fa fa-check icon-tick icon-tick--on\"><\/i>Transporte desde y hacia cualquier Punta Cana \/ Bavaro Hotel en autobuses con aire acondicionado.<\/td>\n<\/tr>\n<\/tbody>\n<\/table>\n<\/td>\n<\/tr>\n<tr>\n<td><strong>RECOMENDACIONES<\/strong><\/td>\n<td>Ropa ligera y confortable, zapatos cerrados, ba\u00f1adores , toallas y dinero para suvenires<\/td>\n<\/tr>\n<tr>\n<td><strong>OBSERVACIONES<\/strong><\/td>\n<td>Este tour est\u00e1 disponible bajo petici\u00f3n, disponible en privado con un m\u00ednimo de participantes.<\/td>\n<\/tr>\n<tr>\n<td><strong>HORARIO<\/strong><\/td>\n<td>Lunes a Domingos \u2013 9:00 AM + 12:00 PM.<\/td>\n<\/tr>\n<tr>\n<td><strong>DURACI\u00d3N<\/strong><\/td>\n<td>7 horas aproximadamente.<\/td>\n<\/tr>\n<tr>\n<td><strong>TRANSPORTE<\/strong><\/td>\n<td>Lobby del hotel o punto de encuentro especificado. La hora puede variar seg\u00fan la ubicaci\u00f3n de su hotel o alojamiento. Le estaremos contactando para entregarle el voucher de confirmarci\u00f3n de su reserva y hora y lugar de recojida.<\/td>\n<\/tr>\n<\/tbody>\n<\/table>\n<\/div>\t<\/div>\n<\/div>\n<\/div>\n<p>[xyz-ihs snippet=\u00bbNOTASIMPORTANTES\u00bb]<\/p>\n<p><a href=\"https:\/\/bestdominicantoursandtransfers.com\/es\/\">Best Dominican T&amp;T<\/a><\/p>\n","protected":false},"excerpt":{"rendered":"<p>\u263c Zip Line + Hoyo Azul [xyz-ihs snippet=\u00bbNOTASIMPORTANTES\u00bb] Best Dominican T&amp;T<\/p>\n","protected":false},"featured_media":707,"comment_status":"open","ping_status":"closed","template":"","meta":[],"_links":{"self":[{"href":"https:\/\/bestdominicantoursandtransfers.com\/es\/wp-json\/wp\/v2\/product\/709"}],"collection":[{"href":"https:\/\/bestdominicantoursandtransfers.com\/es\/wp-json\/wp\/v2\/product"}],"about":[{"href":"https:\/\/bestdominicantoursandtransfers.com\/es\/wp-json\/wp\/v2\/types\/product"}],"replies":[{"embeddable":true,"href":"https:\/\/bestdominicantoursandtransfers.com\/es\/wp-json\/wp\/v2\/comments?post=709"}],"wp:featuredmedia":[{"embeddable":true,"href":"https:\/\/bestdominicantoursandtransfers.com\/es\/wp-json\/wp\/v2\/media\/707"}],"wp:attachment":[{"href":"https:\/\/bestdominicantoursandtransfers.com\/es\/wp-json\/wp\/v2\/media?parent=709"}],"curies":[{"name":"wp","href":"https:\/\/api.w.org\/{rel}","templated":true}]}}