{"id":70,"date":"2016-01-13T16:40:43","date_gmt":"2016-01-13T16:40:43","guid":{"rendered":"https:\/\/bestdominicantoursandtransfers.com\/es\/?post_type=product&#038;p=70"},"modified":"2021-05-14T00:48:26","modified_gmt":"2021-05-14T00:48:26","slug":"river-rafting","status":"publish","type":"product","link":"https:\/\/bestdominicantoursandtransfers.com\/es\/tours\/river-rafting\/","title":{"rendered":"River Rafting"},"content":{"rendered":"<h2>\u263c River Rafting<\/h2>\n<p>Disfrute de esta experiencia de tu vida!! La aventura m\u00e1s fant\u00e1stica, navegando por el r\u00edo Jaque del Norte, que comienza en el Pico Duarte, la monta\u00f1a m\u00e1s alta del Caribe, Esta es una verdadera explosi\u00f3n de adrenalina, monta\u00f1a rusa alrededor de rocas y hacia abajo a trav\u00e9s de peque\u00f1as cascadas, desayuno, almuerzo y bebidas se sirven en la monta\u00f1a.<\/p>\n<table class=\"table table-bordered tours-tabs__table\" style=\"height: 233px;\" width=\"862\">\n<tbody>\n<tr>\n<td><strong>UBICACI\u00d3N<\/strong><\/td>\n<td>Jarabacoa<\/td>\n<\/tr>\n<tr>\n<td><strong>TRANSPORTE<\/strong><\/td>\n<td>La hora de recogida 6:30 am vest\u00edbulo principal.<\/td>\n<\/tr>\n<tr>\n<td><strong>INCLUIDO<\/strong><\/td>\n<td>\n<table style=\"height: 62px; line-height: 31px;\" width=\"300\">\n<tbody>\n<tr>\n<td><i class=\"fa fa-check icon-tick icon-tick--on\"><\/i>Gu\u00eda oficial de turismo.<\/td>\n<\/tr>\n<tr>\n<td><i class=\"fa fa-check icon-tick icon-tick--on\"><\/i>Todo el equipo para el rafting.<\/td>\n<\/tr>\n<tr>\n<td><i class=\"fa fa-check icon-tick icon-tick--on\"><\/i>Desayuno, almuerzo y refrescos.<\/td>\n<\/tr>\n<tr>\n<td><i class=\"fa fa-check icon-tick icon-tick--on\"><\/i>C\u00f3modo autob\u00fas con aire acondicionado.<\/td>\n<\/tr>\n<tr>\n<td><i class=\"fa fa-check icon-tick icon-tick--on\"><\/i>Transporte desde Santo Domingo a Jarabacoa.<\/td>\n<\/tr>\n<\/tbody>\n<\/table>\n<\/td>\n<\/tr>\n<tr>\n<td><strong>RECOMENDACIONES<\/strong><\/td>\n<td>Favor de traer sus gafas de sol, bloqueador solar, c\u00e1mara a prueba de agua, zapatos c\u00f3modos y toalla de playa.<\/td>\n<\/tr>\n<tr>\n<td><strong>OBSERVACIONES<\/strong><\/td>\n<td>Este tours opera todos los domingos.<\/td>\n<\/tr>\n<tr>\n<td><strong>DURACI\u00d3N<\/strong><\/td>\n<td>D\u00eda completo.<\/td>\n<\/tr>\n<\/tbody>\n<\/table>\n<p><a href=\"https:\/\/bestdominicantoursandtransfers.com\/es\/\">Best Dominican T&amp;T<\/a><\/p>\n","protected":false},"excerpt":{"rendered":"<p>\u263c River Rafting Disfrute de esta experiencia de tu vida!! La aventura m\u00e1s fant\u00e1stica, navegando por el r\u00edo Jaque del Norte, que comienza en el Pico Duarte, la monta\u00f1a m\u00e1s alta del Caribe, Esta es una verdadera explosi\u00f3n de adrenalina, monta\u00f1a rusa alrededor de rocas y hacia abajo a trav\u00e9s de peque\u00f1as cascadas, desayuno, almuerzo<\/p>\n<div class=\"padding-top text-center\"><a href=\"https:\/\/bestdominicantoursandtransfers.com\/es\/tours\/river-rafting\/\" class=\"atbtn atbtn--medium atbtn--rounded atbtn--transparent\">Leer m\u00e1s<i class=\"atbtn__icon atbtn__icon--right fa fa-long-arrow-right\"><\/i><\/a><\/div>\n","protected":false},"featured_media":150,"comment_status":"open","ping_status":"closed","template":"","meta":[],"_links":{"self":[{"href":"https:\/\/bestdominicantoursandtransfers.com\/es\/wp-json\/wp\/v2\/product\/70"}],"collection":[{"href":"https:\/\/bestdominicantoursandtransfers.com\/es\/wp-json\/wp\/v2\/product"}],"about":[{"href":"https:\/\/bestdominicantoursandtransfers.com\/es\/wp-json\/wp\/v2\/types\/product"}],"replies":[{"embeddable":true,"href":"https:\/\/bestdominicantoursandtransfers.com\/es\/wp-json\/wp\/v2\/comments?post=70"}],"wp:featuredmedia":[{"embeddable":true,"href":"https:\/\/bestdominicantoursandtransfers.com\/es\/wp-json\/wp\/v2\/media\/150"}],"wp:attachment":[{"href":"https:\/\/bestdominicantoursandtransfers.com\/es\/wp-json\/wp\/v2\/media?parent=70"}],"curies":[{"name":"wp","href":"https:\/\/api.w.org\/{rel}","templated":true}]}}