{"id":693,"date":"2016-02-17T00:09:19","date_gmt":"2016-02-17T00:09:19","guid":{"rendered":"https:\/\/bestdominicantoursandtransfers.com\/es\/?post_type=product&#038;p=693"},"modified":"2018-04-14T19:13:45","modified_gmt":"2018-04-14T19:13:45","slug":"discover-scuba-diving","status":"publish","type":"product","link":"https:\/\/bestdominicantoursandtransfers.com\/es\/tours\/discover-scuba-diving\/","title":{"rendered":"Discover Scuba Diving"},"content":{"rendered":"<h2>\u263c Discover Scuba Diving<\/h2>\n<p><strong>Un sinf\u00edn de lugares de buceo bajo el agua:<\/strong><\/p>\n<p>Somos representantes de una de las m\u00e1s confiables y renombradas centro de Buceo y Escuela del destino tur\u00edstico de Punta Cana, Les invitamos a que se unan en sus vacaciones, para disfrutar y\/o aprender de este emocionante deporte submarino en el Caribe !! Estar\u00e1n atendidos por un grupo de instructores Scuba profesionales calificados y certificados por PADI, por lo que sera un gran placer compartir nuestro entusiasmo y experiencia de bucear en los hermosos mares de la Rep\u00fablica Dominicana..!!<\/p>\n<p>A continuaci\u00f3n encontrara suficiente informaci\u00f3n acerca de las mas demandadas excursiones de buceo en la isla, los mas interesantes puntos de buceo pr\u00f3ximo a su hotel en Punta Cana y B\u00e1varo e informaci\u00f3n b\u00e1sica de los principales cursos de buceos con certificaci\u00f3n PADI que tenemos disponible para usted, si aun no se ha iniciado en este apasionado deporte de los mares del mundo..!!<\/p>\n<p><strong>Zonas de Buceo cerca de su hotel en B\u00e1varo, Punta Cana y Uvero Alto<\/strong><\/p>\n<p>En la Rep\u00fablica Dominicana, podr\u00e1 disfrutar de los sitios de buceo de alta calidad muy cerca del hotel &amp; amp; en la excursi\u00f3n. La Rep\u00fablica Dominicana ofrece fant\u00e1stico buceo para todos los niveles, desde principiantes hasta expertos. Compruebe nuestros paquetes de buceo Rep\u00fablica Dominicana para el buceo con escafandra m\u00e1ximo al precio m\u00ednimo! La Rep\u00fablica Dominicana ofrece unas excursiones de buceo, como no hay otros destinos pueden ofrecerles. Te llevamos a las islas, casi deshabitadas y descienden en los sitios de buceo m\u00e1s limp\u00edsima en el pa\u00eds. Gran buceo se integra en un todo el viaje de un d\u00eda t\u00edpico de la Rep\u00fablica Dominicana.<\/p>\n<p>Estas excursiones ofrecen permitir\u00e1 bucear los mejores arrecifes en el pa\u00eds adem\u00e1s de la oportunidad de salir del hotel, ver el pa\u00eds secundarios, pueblos y personas que en un lugar tan hermoso y simp\u00e1tico, como la Rep\u00fablica Dominicana es una necesidad. Algunos de ellos: la Isla Saona, Isla Catalina, bucear en barcos hundidos, Bayahibe y mucho m\u00e1s.<\/p>\n<p>Algunos de los espec\u00edmenes de la fauna marina usted es capaz de ver al bucear en diferentes puntos&#8230;<\/p>\n<p>La Isla Catalina es uno de los mejores sitios de buceo en el Caribe debido a su colorido mundo submarino y la variedad de fauna.<\/p>\n<p><strong>Por que no obtener su licencia de buceo PADI mientras vacaciona en el Caribe? Por favor, chequee nuestra irresistible lista de precios y \u00fanase a nosotros para iniciar esta maravillosa nueva experiencia en su vida!.<\/strong><\/p>\n<p>&nbsp;<\/p>\n<div class=\"title title--big title--underline title--decoration-bottom-left\">\n\t\t<h3 class=\"title__primary\">Excursiones de Buceo :<\/h3>\n<\/div>\n\n<p>&nbsp;<\/p>\n<div class=\"title\">\n\t\t<h3 class=\"title__primary\">Buceo Isla Catalina <\/h3>\n<\/div>\n\n<p>La isla Catalina es uno de los sitios para buceo mas solicitados por los buceadores tanto internacionales como locales en todo el pa\u00eds , atra\u00eddos por sus cristalinas aguas e impresionante color turquesa; adem\u00e1s de su gran variedad de fauna marina, inmensas barreras coralinas y grandes colonias de peces, hacen de este para\u00edso submarino \u00fanico en su tipo en todo el \u00e1rea del Caribe. Este espectacular sitio de buceo esta a tan solo 1 hora y 30 minutos de trayecto terrestre desde su hotel y a solo 40 minutos de trayecto mar\u00edtimo.<\/p>\n<table class=\"table table-bordered tours-tabs__table\" style=\"height: 233px;\" width=\"862\">\n<tbody>\n<tr>\n<td><strong>INCLUIDO<\/strong><\/td>\n<td>\n<table style=\"height: 62px; line-height: 31px;\" width=\"300\">\n<tbody>\n<tr>\n<td><i class=\"fa fa-check icon-tick icon-tick--on\"><\/i>Transportaci\u00f3n ida y vuelta desde y hacia su hotel en autob\u00fas con aire acondicionado.<\/td>\n<\/tr>\n<tr>\n<td><i class=\"fa fa-check icon-tick icon-tick--on\"><\/i>Gu\u00eda tur\u00edstico e instructor de buceo profesional.<\/td>\n<\/tr>\n<tr>\n<td><i class=\"fa fa-check icon-tick icon-tick--on\"><\/i>Bar abierto de bebidas nacionales y almuerzo buffet.<\/td>\n<\/tr>\n<tr>\n<td><i class=\"fa fa-check icon-tick icon-tick--on\"><\/i>Todos los equipos de buceo.<\/td>\n<\/tr>\n<tr>\n<td><i class=\"fa fa-check icon-tick icon-tick--on\"><\/i>2 buceo, uno en las paredes de Corales y el Segundo en el Aquarium (gigantesca colonia de peces).<\/td>\n<\/tr>\n<\/tbody>\n<\/table>\n<\/td>\n<\/tr>\n<tr>\n<td><strong>D\u00cdAS DE SALIDA<\/strong><\/td>\n<td>Lunes, Mi\u00e9rcoles y Viernes.<\/td>\n<\/tr>\n<tr>\n<td><strong>DURACI\u00d3N<\/strong><\/td>\n<td>D\u00eda completo.<\/td>\n<\/tr>\n<\/tbody>\n<\/table>\n<p>&nbsp;<\/p>\n<div class=\"title\">\n\t\t<h3 class=\"title__primary\">Bayahibe excursi\u00f3n de buceo<\/h3>\n<\/div>\n\n<p>Tan pronto nuestro autob\u00fas desde Punta Cana se aproxima al hermoso pueblo de Pescadores de Bayahibe, usted no podr\u00e1 distinguir entre un sue\u00f1o y la realidad\u2026 Una vez estamos en el pueblo, usted queda atrapado en el encanto de este pintoresco pueblecito de multicolores y de la serenidad de sus alrededores , replete de belleza.\u2026raz\u00f3n por la que sus habitantes est\u00e1n muy orgullosos de ser due\u00f1os de unos de los enclaves m\u00e1s naturales y de incre\u00edble paisajes marinos m\u00e1s hermosos de todo el \u00e1rea del Caribe !!<\/p>\n<h3><strong>Primer lugar de buceo &#8211; Restos de Saint George, Bayahibe<\/strong><\/h3>\n<p>Aproveche este grandioso escenario y d\u00e9jese seducir por sus espectaculares paisajes submarinos \u00fanicos en su tipo en todo el \u00e1rea del Caribe, destac\u00e1ndose por su singular cristalinas aguas turquesas y fabulosa visibilidad, adem\u00e1s de su majestuoso lecho marino de arena blanca.<\/p>\n<table class=\"table table-bordered tours-tabs__table\" style=\"height: 233px;\" width=\"862\">\n<tbody>\n<tr>\n<td><strong>INCLUIDO<\/strong><\/td>\n<td>\n<table style=\"height: 62px; line-height: 31px;\" width=\"300\">\n<tbody>\n<tr>\n<td><i class=\"fa fa-check icon-tick icon-tick--on\"><\/i>Transporte ida y vuelta desde y hacia su hotel en autobuses con aire acondicionado.<\/td>\n<\/tr>\n<tr>\n<td><i class=\"fa fa-check icon-tick icon-tick--on\"><\/i>Gu\u00eda tur\u00edstico e instructor de buceo profesional.<\/td>\n<\/tr>\n<tr>\n<td><i class=\"fa fa-check icon-tick icon-tick--on\"><\/i>Almuerzo y refrescos.<\/td>\n<\/tr>\n<tr>\n<td><i class=\"fa fa-check icon-tick icon-tick--on\"><\/i>Todos los equipos de buceo.<\/td>\n<\/tr>\n<tr>\n<td><i class=\"fa fa-check icon-tick icon-tick--on\"><\/i>2 buceos , uno en el naufragio Saint George a una profundidad de 130 ft. (solo buzos nivel avanzado) y el Segundo en una imponente barrera coralina.<\/td>\n<\/tr>\n<\/tbody>\n<\/table>\n<\/td>\n<\/tr>\n<tr>\n<td><strong>D\u00cdAS DE SALIDA<\/strong><\/td>\n<td>Todos los d\u00edas.<\/td>\n<\/tr>\n<tr>\n<td><strong>DURACI\u00d3N<\/strong><\/td>\n<td>D\u00eda completo.<\/td>\n<\/tr>\n<\/tbody>\n<\/table>\n<p>&nbsp;<\/p>\n<div class=\"title\">\n\t\t<h3 class=\"title__primary\">Cap Cana Diving Excursion<\/h3>\n<\/div>\n\n<p><strong>(Wreck dive + Reef)<\/strong><\/p>\n<p>Cap Cana, este para\u00edso terrenal , poseedor de las zonas marinas mas serenas y tranquilas de toda el \u00e1rea de Punta Cana, donde el Oc\u00e9ano Atl\u00e1ntico se encuentra con el Mar Caribe y tiene la plataforma marina mas baja de toda la regi\u00f3n Este de la isla, les garantiza unos sitios de buceo de optima calidad , para aquellos que quieren disfrutar de un maravilloso mundo submarino, abundandante vida marina , y a la vez permanecer no lejos de su hotel.<\/p>\n<p>Esta excursi\u00f3n de buceo en Cap Cana, le ofrece en el primer buceo, 2 diferentes sitios de naufragios a elegir ( El buque Patricia o Enriquillo) y el segundo buceo, hacia unos bell\u00edsimos arrecifes coralinos.<\/p>\n<table class=\"table table-bordered tours-tabs__table\" style=\"height: 233px;\" width=\"862\">\n<tbody>\n<tr>\n<td><strong>INCLUIDO<\/strong><\/td>\n<td>\n<table style=\"height: 62px; line-height: 31px;\" width=\"300\">\n<tbody>\n<tr>\n<td><i class=\"fa fa-check icon-tick icon-tick--on\"><\/i>Transporte ida y vuelta desde y hacia su hotel en autobuses con aire acondicionado.<\/td>\n<\/tr>\n<tr>\n<td><i class=\"fa fa-check icon-tick icon-tick--on\"><\/i>2 Buceos ( 1 buceo en un naufragio + 1 buceo en arrecifes coralinos).<\/td>\n<\/tr>\n<tr>\n<td><i class=\"fa fa-check icon-tick icon-tick--on\"><\/i>Sandwiches + Bebidas nacionales.<\/td>\n<\/tr>\n<tr>\n<td><i class=\"fa fa-check icon-tick icon-tick--on\"><\/i>Gu\u00eda tur\u00edstico e instructor de buceo profesional.<\/td>\n<\/tr>\n<tr>\n<td><i class=\"fa fa-check icon-tick icon-tick--on\"><\/i>Todos los equipos de buceo.<\/td>\n<\/tr>\n<\/tbody>\n<\/table>\n<\/td>\n<\/tr>\n<tr>\n<td><strong>D\u00cdAS DE SALIDA<\/strong><\/td>\n<td>Todos los d\u00edas.<\/td>\n<\/tr>\n<tr>\n<td><strong>DURACI\u00d3N<\/strong><\/td>\n<td>3\/4 de d\u00eda.<\/td>\n<\/tr>\n<\/tbody>\n<\/table>\n<p>&nbsp;<\/p>\n<div class=\"title\">\n\t\t<h3 class=\"title__primary\">Bavaro: buceos locales <\/h3>\n<\/div>\n\n<p><strong>(1 naufragio + 1 arrecife coralino)<\/strong><\/p>\n<p>Esta excursi\u00f3n les ofrece las oportunidades de seleccionar entre mas de 23 distintos sitios de buceo de excelente calidad a lo largo de la costa de B\u00e1varo, Punta Cana y Cap Cana, pr\u00f3ximo a su alojamiento, para todos los niveles de buceo, tales como: naufragios, cavernas, barreras coralinas, t\u00faneles de coral, acuarios de peces y as\u00ed como plataformas poco profundas. Algunos ejemplos son:<\/p>\n<p>Astron (Naufragio) 42 ft.\/13mts.( OW) open water Level<br \/>\nEl ni\u00f1o (Arrecifes) \/6mts (OW) open w\u00e1ter level<br \/>\nDeep Blue (Arrecifes) 100ft.\/30mts (OW) level<br \/>\nPatricia y Enriquillo (Naufragio y Arrecife)<br \/>\nCuevitas (Cavernas y arrecifes) 40ft.\/12mts.(OW) Open water,<br \/>\nY muchos otros interesantes puntos de buceos.<\/p>\n<p>Astron Wreck , uno de los mas interesantes naufragio para bucear ofrece la zona de Bavaro.<\/p>\n<p>&nbsp;<\/p>\n<h2><strong>Cursos de Buceos con certificaci\u00f3n PADI en Dominican Republic:<\/strong><\/h2>\n<p>&nbsp;<\/p>\n<h3 style=\"color: #01cb68;\"><strong>DSD (Discover Scuba Diving):<\/strong><\/h3>\n<p>Es el primer paso para aprender de buceo, la edad m\u00ednima requerida es 10 a\u00f1os .<\/p>\n<table class=\"table table-bordered tours-tabs__table\" style=\"height: 233px;\" width=\"862\">\n<tbody>\n<tr>\n<td><strong>INCLUIDO<\/strong><\/td>\n<td>\n<table style=\"height: 62px; line-height: 31px;\" width=\"300\">\n<tbody>\n<tr>\n<td><i class=\"fa fa-check icon-tick icon-tick--on\"><\/i>1 lecci\u00f3n acad\u00e9mica + sesi\u00f3n de v\u00eddeo.<\/td>\n<\/tr>\n<tr>\n<td><i class=\"fa fa-check icon-tick icon-tick--on\"><\/i>1 practica en la piscina.<\/td>\n<\/tr>\n<tr>\n<td><i class=\"fa fa-check icon-tick icon-tick--on\"><\/i>1 buceo hasta un m\u00e1ximo de 10mts o 33 pies.<\/td>\n<\/tr>\n<\/tbody>\n<\/table>\n<\/td>\n<\/tr>\n<tr>\n<td><strong>DURACI\u00d3N<\/strong><\/td>\n<td>Este curso lo puede hacer en 3 cuartos de dia.<\/td>\n<\/tr>\n<\/tbody>\n<\/table>\n<p>&nbsp;<\/p>\n<h3 style=\"color: #01cb68;\"><strong>Scuba Diving:<\/strong><\/h3>\n<p>Este curso le certifica para aplicar a una entrada de nivel de buceo. Este le permite bucear en cualquier lugar del mundo , pero siempre acompa\u00f1ado de un buzo profesional para as\u00ed acumular experiencias. La edad m\u00ednima requerida es 10 a\u00f1os.<\/p>\n<table class=\"table table-bordered tours-tabs__table\" style=\"height: 233px;\" width=\"862\">\n<tbody>\n<tr>\n<td><strong>INCLUIDO<\/strong><\/td>\n<td>\n<table style=\"height: 62px; line-height: 31px;\" width=\"300\">\n<tbody>\n<tr>\n<td><i class=\"fa fa-check icon-tick icon-tick--on\"><\/i>3 lecciones acad\u00e9micas + sesiones de v\u00eddeo.<\/td>\n<\/tr>\n<tr>\n<td><i class=\"fa fa-check icon-tick icon-tick--on\"><\/i>3 practicas en la piscina.<\/td>\n<\/tr>\n<tr>\n<td><i class=\"fa fa-check icon-tick icon-tick--on\"><\/i>2 buceos en el mar hasta 12mts.\/39ft. De profundidad.<\/td>\n<\/tr>\n<tr>\n<td><i class=\"fa fa-check icon-tick icon-tick--on\"><\/i>Certificaci\u00f3n PADI.<\/td>\n<\/tr>\n<\/tbody>\n<\/table>\n<\/td>\n<\/tr>\n<\/tbody>\n<\/table>\n<p>&nbsp;<\/p>\n<h3 style=\"color: #01cb68;\"><strong>Open Water Diver:<\/strong><\/h3>\n<p>Este curso le proveer\u00e1 todos los conocimientos necesarios para planificar y conducir sus propias inmersiones en todo el mundo, sin la necesidad de ser acompa\u00f1ado de un buzo profesional. La edad m\u00ednima requerida es de 10 a\u00f1os.<\/p>\n<table class=\"table table-bordered tours-tabs__table\" style=\"height: 233px;\" width=\"862\">\n<tbody>\n<tr>\n<td><strong>INCLUIDO<\/strong><\/td>\n<td>\n<table style=\"height: 62px; line-height: 31px;\" width=\"300\">\n<tbody>\n<tr>\n<td><i class=\"fa fa-check icon-tick icon-tick--on\"><\/i>5 lecciones acad\u00e9micas.<\/td>\n<\/tr>\n<tr>\n<td><i class=\"fa fa-check icon-tick icon-tick--on\"><\/i>5 pr\u00e1cticas en la piscina.<\/td>\n<\/tr>\n<tr>\n<td><i class=\"fa fa-check icon-tick icon-tick--on\"><\/i>4 buceos en el mar hasta una profundidad de 18mts\/59ft.<\/td>\n<\/tr>\n<tr>\n<td><i class=\"fa fa-check icon-tick icon-tick--on\"><\/i>Certificaci\u00f3n PADI.<\/td>\n<\/tr>\n<\/tbody>\n<\/table>\n<\/td>\n<\/tr>\n<\/tbody>\n<\/table>\n<p>&nbsp;<\/p>\n<h3 style=\"color: #01cb68;\"><strong>Lista de Precios:<\/strong><\/h3>\n<table class=\"table table-bordered tours-tabs__table\" style=\"height: 233px;\" width=\"862\">\n<tbody>\n<tr>\n<td><strong>Catalina Island Dive Excursion:<\/strong><\/td>\n<td>Precio regular: US$200.<\/td>\n<td>Precio en l\u00ednea: US$175.<\/td>\n<\/tr>\n<tr>\n<td><strong>Catalina Island for Snorkeling:<\/strong><\/td>\n<td>Precio regular: US$100.<\/td>\n<td>Precio en l\u00ednea: US$90.<\/td>\n<\/tr>\n<tr>\n<td><strong>Bayahibe Dive Excursion:<\/strong><\/td>\n<td>Precio regular: US$195.<\/td>\n<td>Precio en l\u00ednea: US$170.<\/td>\n<\/tr>\n<tr>\n<td><strong>Bayahibe for Snorkeling:<\/strong><\/td>\n<td>Precio regular: US$100.<\/td>\n<td>Precio en l\u00ednea: US$90.<\/td>\n<\/tr>\n<tr>\n<td><strong>Cap Cana Dive Excursion:<\/strong><\/td>\n<td>Precio regular: US$210.<\/td>\n<td>Precio en l\u00ednea: US$190.<\/td>\n<\/tr>\n<tr>\n<td><strong>Cap Cana for Snorkeling:<\/strong><\/td>\n<td>Precio regular: US$100.<\/td>\n<td>Precio en l\u00ednea: US$90.<\/td>\n<\/tr>\n<tr>\n<td><strong>Bavaro area 2 dives:<\/strong><\/td>\n<td>Precio regular: US$100.<\/td>\n<td>Precio en l\u00ednea: US$90.<\/td>\n<\/tr>\n<tr>\n<td><strong>Bavaro area 4 dives:<\/strong><\/td>\n<td>Precio regular: US$200.<\/td>\n<td>Precio en l\u00ednea: US$180.<\/td>\n<\/tr>\n<tr>\n<td><strong>DSD(Discover Scuba Diving Course):<\/strong><\/td>\n<td>Precio regular: US$105.<\/td>\n<td>Precio en l\u00ednea: US$95.<\/td>\n<\/tr>\n<tr>\n<td><strong>SD(Scuba Diving Course):<\/strong><\/td>\n<td>Precio regular: US$360.<\/td>\n<td>Precio en l\u00ednea: US$320.<\/td>\n<\/tr>\n<tr>\n<td><strong>OWD(Open Water Dive Course):<\/strong><\/td>\n<td>Precio regular: US$480.<\/td>\n<td>Precio en l\u00ednea: US$420.<\/td>\n<\/tr>\n<\/tbody>\n<\/table>\n<p>&nbsp;<\/p>\n<div class=\"title title--underline title--decoration-bottom-left\">\n\t\t<h3 class=\"title__primary\">Informaciones Importantes:<\/h3>\n<\/div>\n\n<h3 style=\"color: #01cb68;\"><strong>NOTAS + RESTRICCIONES<\/strong><\/h3>\n<p>Para participar como buzo Scuba Diver en una excursi\u00f3n de buceo debe tener su licencia de bucear vigente.<br \/>\nRequerimos un m\u00ednimo de 24 horas de antelaci\u00f3n para reservar cualquiera de estas actividades online. Alternativamente usted puede contactarnos directamente a nuestras oficinas para informarse sobre plazos mas cortos para su preservaci\u00f3n.<\/p>\n<p>Todos los participantes ya sean como buzos certificados o mas bien como clientes interesados en iniciar los cursos de buceo, ser\u00e1n evaluados por el instructor de buceo de la escuela, a trav\u00e9s de un cuestionario medico provisto por nosotros para ver si aplica, y be ser completado por la persona interesada.<\/p>\n<p>\u2022 La edad m\u00ednima requerida es de 10 a\u00f1os.<\/p>\n<p>Los buceadores participantes en cualquier excursi\u00f3n pueden ser acompa\u00f1ados de sus familiares y amigos solamente en excursiones de buceo combinadas con actividad de snorkeling.<\/p>\n<p>Con la finalidad de agilizar la salida de la excursi\u00f3n de buceo y brindarles mejores servicios, solicitamos de su cortes\u00eda de proveernos con antelaci\u00f3n las medidas de sus flippers o chapaletas, mascara , BCD o wetsuit o traje de neopreno.<\/p>\n<p>Los paquetes de 4 o mas buceos o inmersiones, son ajustables para ser usados cualquier d\u00eda de su estad\u00eda sea ma\u00f1ana o tarde y pueden ser usados en cualquiera de nuestros sitios de buceos programados con un m\u00ednimo de 2 tanques por turno osea 1 tanque para cada punto de buceo visitado.<\/p>\n<p>Los cursos de buceo pueden ser hecho cualquier d\u00eda de la semana durante sus vacaciones.<\/p>\n<p>&nbsp;<\/p>\n<h3 style=\"color: #01cb68;\"><strong>Hora y lugar de recojida:<\/strong><\/h3>\n<p>Lobby de su hotel o punto de reunion especificado . La hora de recojida puede variar seg\u00fan la ubicaci\u00f3n de su hotel. Le estaremos contactando para entregarles el voucher de confirmaci\u00f3n de su reservaci\u00f3n y la hora y lugar de recogida.<\/p>\n<p>Somos un grupo cualificado de instructores PADI con mucha experiencia en la Rep\u00fablica Dominicana. Queremos compartir nuestro entusiasmo y la experiencia de buceo en Rep Dominicana.<\/p>\n<p>[xyz-ihs snippet=\u00bbNOTASIMPORTANTES\u00bb]<\/p>\n<p><a href=\"https:\/\/bestdominicantoursandtransfers.com\/es\/\">Best Dominican T&amp;T<\/a><\/p>\n","protected":false},"excerpt":{"rendered":"<p>\u263c Discover Scuba Diving Un sinf\u00edn de lugares de buceo bajo el agua: Somos representantes de una de las m\u00e1s confiables y renombradas centro de Buceo y Escuela del destino tur\u00edstico de Punta Cana, Les invitamos a que se unan en sus vacaciones, para disfrutar y\/o aprender de este emocionante deporte submarino en el Caribe<\/p>\n<div class=\"padding-top text-center\"><a href=\"https:\/\/bestdominicantoursandtransfers.com\/es\/tours\/discover-scuba-diving\/\" class=\"atbtn atbtn--medium atbtn--rounded atbtn--transparent\">Leer m\u00e1s<i class=\"atbtn__icon atbtn__icon--right fa fa-long-arrow-right\"><\/i><\/a><\/div>\n","protected":false},"featured_media":593,"comment_status":"open","ping_status":"closed","template":"","meta":[],"_links":{"self":[{"href":"https:\/\/bestdominicantoursandtransfers.com\/es\/wp-json\/wp\/v2\/product\/693"}],"collection":[{"href":"https:\/\/bestdominicantoursandtransfers.com\/es\/wp-json\/wp\/v2\/product"}],"about":[{"href":"https:\/\/bestdominicantoursandtransfers.com\/es\/wp-json\/wp\/v2\/types\/product"}],"replies":[{"embeddable":true,"href":"https:\/\/bestdominicantoursandtransfers.com\/es\/wp-json\/wp\/v2\/comments?post=693"}],"wp:featuredmedia":[{"embeddable":true,"href":"https:\/\/bestdominicantoursandtransfers.com\/es\/wp-json\/wp\/v2\/media\/593"}],"wp:attachment":[{"href":"https:\/\/bestdominicantoursandtransfers.com\/es\/wp-json\/wp\/v2\/media?parent=693"}],"curies":[{"name":"wp","href":"https:\/\/api.w.org\/{rel}","templated":true}]}}