{"id":691,"date":"2016-02-16T03:21:18","date_gmt":"2016-02-16T03:21:18","guid":{"rendered":"https:\/\/bestdominicantoursandtransfers.com\/es\/?post_type=product&#038;p=691"},"modified":"2021-08-07T08:32:08","modified_gmt":"2021-08-07T08:32:08","slug":"coco-bongo-disco-show","status":"publish","type":"product","link":"https:\/\/bestdominicantoursandtransfers.com\/es\/tours\/coco-bongo-disco-show\/","title":{"rendered":"Coco Bongo Disco &#038; Show"},"content":{"rendered":"<h2>\u263c Coco Bongo Disco &amp; Show<\/h2>\n<h4>Las interminables noches de diversi\u00f3n en Punta Cana se dirigen ahora hacia Coco Bongo Disco y Show.<\/h4>\n<p>La gran opci\u00f3n totalmente diferente en sus noches de vacaciones para divertirse y disfrutar intensamente es hacia Coco Bongo Disco &amp; Show.<\/p>\n<p>Estos programas de entretenimiento fascinantes son realizados por acr\u00f3batas, actores y bailarines profesionales, procedentes de diferentes pa\u00edses de Am\u00e9rica y Europa, entre ellos algunos de Rep\u00fablica Dominicana.<\/p>\n<p>Tecnolog\u00eda, luces, sonido, efectos especiales, de personal creativo calificado, que le garantizan un espect\u00e1culo montado sobre originales y creativos escenarios de alta calidad y belleza, donde el doblaje o fonom\u00edmica, se entrelazan con una densa red de rayos l\u00e1ser, cambios imperceptibles de montajes llenos de coloridos y magia, excelentes bailarines, adem\u00e1s de personajes de pel\u00edculas como Spiderman, Batman, La M\u00e1scara, entre otros;<\/p>\n<p>Adem\u00e1s muestras de fragmentos en escena de grandes estrellas como Madonna, Michael Jackson, Lady Gaga etc.., y hermosas y contagiosas fiestas y comparsas del Carnaval brasile\u00f1o, y shows acrob\u00e1ticos con una precisi\u00f3n exacta, basada en la ilusi\u00f3n \u00f3ptica, que los transportaran a usted a escenarios similares y misma intensidad como los de Las Vegas, Disney, Mouline Rouge de Paris y otros.<\/p>\n<h3>Para su elecci\u00f3n tenemos dos planes para elegir:<\/h3>\n<p>&nbsp;<\/p>\n<div class=\"title title--big title--underline title--decoration-bottom-left\">\n\t\t<h3 class=\"title__primary\">Plan Est\u00e1ndar:<\/h3>\n<\/div>\n\n<table class=\"table table-bordered tours-tabs__table\" style=\"height: 233px;\" width=\"862\">\n<tbody>\n<tr>\n<td><strong>Martes:<\/strong><\/td>\n<td>US $60.00 Damas &amp; Caballeros.<\/td>\n<\/tr>\n<tr>\n<td><strong>Mi\u00e9rcoles y Jueves:<\/strong><\/td>\n<td>US $70.00 Damas &amp; Caballeros.<\/td>\n<\/tr>\n<tr>\n<td><strong>Viernes:<\/strong><\/td>\n<td>US$60.00 Damas &#8211; US$75.00 Caballeros.<\/td>\n<\/tr>\n<tr>\n<td><strong>S\u00e1bados:<\/strong><\/td>\n<td>US$75.00 Damas &amp; Caballeros.<\/td>\n<\/tr>\n<tr>\n<td><strong>Domingos:<\/strong><\/td>\n<td>US$70.00 Caballeros &#8211; US$60.00 Damas.<\/td>\n<\/tr>\n<tr>\n<td><strong>INCLUIDO<\/strong><\/td>\n<td>\n<table style=\"height: 62px; line-height: 31px;\" width=\"300\">\n<tbody>\n<tr>\n<td><i class=\"fa fa-check icon-tick icon-tick--on\"><\/i>Transporte ida y vuelta desde hoteles de Punta Cana, B\u00e1varo y Uvero Alto.<\/td>\n<\/tr>\n<tr>\n<td><i class=\"fa fa-check icon-tick icon-tick--on\"><\/i>Cover de entrada.<\/td>\n<\/tr>\n<tr>\n<td><i class=\"fa fa-check icon-tick icon-tick--on\"><\/i>Espect\u00e1culos.<\/td>\n<\/tr>\n<tr>\n<td><i class=\"fa fa-check icon-tick icon-tick--on\"><\/i>Bebidas nacionales ilimitadas desde 11:00PM hasta las 3:30 AM.<\/td>\n<\/tr>\n<\/tbody>\n<\/table>\n<\/td>\n<\/tr>\n<\/tbody>\n<\/table>\n<p>&nbsp;<\/p>\n<div class=\"title title--big title--underline title--decoration-bottom-left\">\n\t\t<h3 class=\"title__primary\">Plan Gold Members:<\/h3>\n<\/div>\n\n<table class=\"table table-bordered tours-tabs__table\" style=\"height: 233px;\" width=\"862\">\n<tbody>\n<tr>\n<td><strong>Miercoles, Jueves &amp; Domingos:<\/strong><\/td>\n<td>US$120 por persona.<\/td>\n<\/tr>\n<tr>\n<td><strong>Viernes &amp; Sabados:<\/strong><\/td>\n<td>US$135 por persona.<\/td>\n<\/tr>\n<tr>\n<td><strong>INCLUIDO<\/strong><\/td>\n<td>\n<table style=\"height: 62px; line-height: 31px;\" width=\"300\">\n<tbody>\n<tr>\n<td><i class=\"fa fa-check icon-tick icon-tick--on\"><\/i>Transporte ida y vuelta desde hoteles de Punta Cana, B\u00e1varo y Uvero Alto.<\/td>\n<\/tr>\n<tr>\n<td><i class=\"fa fa-check icon-tick icon-tick--on\"><\/i>Entrada Express.<\/td>\n<\/tr>\n<tr>\n<td><i class=\"fa fa-check icon-tick icon-tick--on\"><\/i>Bebidas ilimitadas Premium de 23:00 hasta 4.00 AM.<\/td>\n<\/tr>\n<tr>\n<td><i class=\"fa fa-check icon-tick icon-tick--on\"><\/i>El acceso a la ZONA VIP, con un m\u00e1ximo de 140 personas con mesa y sillas reservadas.<\/td>\n<\/tr>\n<\/tbody>\n<\/table>\n<\/td>\n<\/tr>\n<\/tbody>\n<\/table>\n<p>&nbsp;<\/p>\n<h3>Notas Importantes:<\/h3>\n<p>\u2022 Gold member plan price son v\u00e1lidos igual para visitas locales &amp; turistas.<br \/>\n\u2022 Traslados ida y vuelta desde hoteles de Bayahibe visitantes tienen un cargo adicional de US$ 15 cada uno.<br \/>\n\u2022 La edad m\u00ednima de entrada es de 18 a\u00f1os.<br \/>\n\u2022 No est\u00e1 permitido entrar con la c\u00e1mara de v\u00eddeo profesional.<br \/>\n\u2022 No hay c\u00f3digo de vestimenta.<br \/>\n\u2022 Totalmente prohibido introducir armas de fuego, medicamentos fuertes o drogas ilegales.<\/p>\n<p>[xyz-ihs snippet=\u00bbNOTASIMPORTANTES\u00bb]<\/p>\n<p><a href=\"https:\/\/bestdominicantoursandtransfers.com\/es\/\">Best Dominican T&amp;T<\/a><\/p>\n","protected":false},"excerpt":{"rendered":"<p>\u263c Coco Bongo Disco &amp; Show Las interminables noches de diversi\u00f3n en Punta Cana se dirigen ahora hacia Coco Bongo Disco y Show. La gran opci\u00f3n totalmente diferente en sus noches de vacaciones para divertirse y disfrutar intensamente es hacia Coco Bongo Disco &amp; Show. Estos programas de entretenimiento fascinantes son realizados por acr\u00f3batas, actores<\/p>\n<div class=\"padding-top text-center\"><a href=\"https:\/\/bestdominicantoursandtransfers.com\/es\/tours\/coco-bongo-disco-show\/\" class=\"atbtn atbtn--medium atbtn--rounded atbtn--transparent\">Leer m\u00e1s<i class=\"atbtn__icon atbtn__icon--right fa fa-long-arrow-right\"><\/i><\/a><\/div>\n","protected":false},"featured_media":576,"comment_status":"open","ping_status":"closed","template":"","meta":[],"_links":{"self":[{"href":"https:\/\/bestdominicantoursandtransfers.com\/es\/wp-json\/wp\/v2\/product\/691"}],"collection":[{"href":"https:\/\/bestdominicantoursandtransfers.com\/es\/wp-json\/wp\/v2\/product"}],"about":[{"href":"https:\/\/bestdominicantoursandtransfers.com\/es\/wp-json\/wp\/v2\/types\/product"}],"replies":[{"embeddable":true,"href":"https:\/\/bestdominicantoursandtransfers.com\/es\/wp-json\/wp\/v2\/comments?post=691"}],"wp:featuredmedia":[{"embeddable":true,"href":"https:\/\/bestdominicantoursandtransfers.com\/es\/wp-json\/wp\/v2\/media\/576"}],"wp:attachment":[{"href":"https:\/\/bestdominicantoursandtransfers.com\/es\/wp-json\/wp\/v2\/media?parent=691"}],"curies":[{"name":"wp","href":"https:\/\/api.w.org\/{rel}","templated":true}]}}