{"id":689,"date":"2016-02-16T02:46:49","date_gmt":"2016-02-16T02:46:49","guid":{"rendered":"https:\/\/bestdominicantoursandtransfers.com\/es\/?post_type=product&#038;p=689"},"modified":"2018-04-14T19:30:42","modified_gmt":"2018-04-14T19:30:42","slug":"samana-explorer","status":"publish","type":"product","link":"https:\/\/bestdominicantoursandtransfers.com\/es\/tours\/samana-explorer\/","title":{"rendered":"Saman\u00e1 Explorer A\u00e9reo"},"content":{"rendered":"<h2>\u263c Saman\u00e1 Explorer\u00a0A\u00e9reo<\/h2>\n<h3>Esta formidable excursion esta compuesta de 5 atractivas actividades:<\/h3>\n<p>&nbsp;<\/p>\n<div class=\"timeline\"><div class=\"timeline__item\">\n\t<div class=\"timeline__item__icon-wrap\">\n\t\t<div class=\"timeline__item__icon\">\n\t\t\t<div class=\"timeline__item__icon__text\">1<\/div>\n\t\t<\/div>\n\t<\/div>\n\t<div class=\"timeline__item__content padding-left\">\n\t\t<h3 class=\"timeline__item__title\">Volar a Saman\u00e1:<\/h3>\t\t<div class=\"timeline__item__description\">Comienza el d\u00eda con un excitante vuelo bajo las nubes, a bordo de una aeronave turboh\u00e9lice, en direcci\u00f3n a Saman\u00e1. Observa desde el cielo las interminables playas de la costa Este as\u00ed como la majestuosa bah\u00eda de Saman\u00e1, mientras vuelas c\u00f3modamente hacia tu destino.<\/div>\t<\/div>\n<\/div>\n<div class=\"timeline__item\">\n\t<div class=\"timeline__item__icon-wrap\">\n\t\t<div class=\"timeline__item__icon\">\n\t\t\t<div class=\"timeline__item__icon__text\">2<\/div>\n\t\t<\/div>\n\t<\/div>\n\t<div class=\"timeline__item__content padding-left\">\n\t\t<h3 class=\"timeline__item__title\">Truck Safari Adventura en Saman\u00e1:<\/h3>\t\t<div class=\"timeline__item__description\">Bajando del avi\u00f3n te dirigir\u00e1s hacia una cadena monta\u00f1osa llamada Sierra de Saman\u00e1. Disfruta de las vistas de un impresionante paisaje desde un resistente cami\u00f3n safari camino hacia el rancho t\u00edpico de Silo. All\u00e1 su gu\u00eda les presentar\u00e1 los numerosos productos agr\u00edcolas que se encuentran en esta zona f\u00e9rtil: caf\u00e9, cacao, frutas, plantas y muchas m\u00e1s. Aseg\u00farese de probar todo, es fresco y sabroso!<\/div>\t<\/div>\n<\/div>\n<div class=\"timeline__item\">\n\t<div class=\"timeline__item__icon-wrap\">\n\t\t<div class=\"timeline__item__icon\">\n\t\t\t<div class=\"timeline__item__icon__text\">3<\/div>\n\t\t<\/div>\n\t<\/div>\n\t<div class=\"timeline__item__content padding-left\">\n\t\t<h3 class=\"timeline__item__title\">Cabalgata a caballos hacia la maravillosa cascada El Lim\u00f3n:<\/h3>\t\t<div class=\"timeline__item__description\">La pr\u00f3xima parte del tour te llevar\u00e1 hacia lo profundo del bosque tropical, donde realizaras un tour guiado a caballo por el Arroyo Chico. La espesa vegetaci\u00f3n captar\u00e1 sus sentidos y le transmitir\u00e1 una sensaci\u00f3n de aventura. Al final del recorrido a caballo, usted llegar\u00e1 a la pintoresca Cascada del Lim\u00f3n: una impresionante ca\u00edda de agua dulce de 55 metros en el medio de la jungla.\n<p>Sum\u00e9rjase en las aguas refrescantes de las lagunas en la base de la cascada, y no se olvide de tomar esa foto perfecta de usted y su familia en este lugar tan memorable.<\/p><\/div>\t<\/div>\n<\/div>\n<div class=\"timeline__item\">\n\t<div class=\"timeline__item__icon-wrap\">\n\t\t<div class=\"timeline__item__icon\">\n\t\t\t<div class=\"timeline__item__icon__text\">4<\/div>\n\t\t<\/div>\n\t<\/div>\n\t<div class=\"timeline__item__content padding-left\">\n\t\t<h3 class=\"timeline__item__title\">Almuerzo gourmet:<\/h3>\t\t<div class=\"timeline__item__description\">Para calmar su apetito de explorador, el tour los llevara en nuestro restaurante El Tim\u00f3n en el Malec\u00f3n de Saman\u00e1. Se deleitar\u00e1 con un sabroso almuerzo mientras podr\u00e1 disfrutar de la vista panor\u00e1mica sobre el que ofrece el lugar.<\/div>\t<\/div>\n<\/div>\n<div class=\"timeline__item\">\n\t<div class=\"timeline__item__icon-wrap\">\n\t\t<div class=\"timeline__item__icon\">\n\t\t\t<div class=\"timeline__item__icon__text\">5<\/div>\n\t\t<\/div>\n\t<\/div>\n\t<div class=\"timeline__item__content padding-left\">\n\t\t<h3 class=\"timeline__item__title\">Isla Cayo Levantado:<\/h3>\t\t<div class=\"timeline__item__description\">Despu\u00e9s de explorar a Saman\u00e1 por aire y por tierra, es tiempo de subir a nuestro c\u00f3modo catamar\u00e1n y poner las velas en direcci\u00f3n al Cayo Levantado. Disfrutar\u00e1s del hermoso paisaje de la pen\u00ednsula, mientras navegaran tranquilamente en la Bah\u00eda de Saman\u00e1. La rom\u00e1ntica isla del Cayo Levantado encantara a todos. Prep\u00e1rate para vivir la experiencia isle\u00f1a, con playas de arenas blancas y el mar azul turquesa. Tendr\u00e1s tiempo para explorar la isla, ba\u00f1arte o simplemente relajarte en la playa, con un c\u00f3ctel caribe\u00f1o en mano.\n<p>No es un sue\u00f1o\u2026 Es SAMAN\u00c1 EXPLORER!.<\/p><\/div>\t<\/div>\n<\/div>\n<div class=\"timeline__item\">\n\t<div class=\"timeline__item__icon-wrap\">\n\t\t<div class=\"timeline__item__icon\">\n\t\t\t<div class=\"timeline__item__icon__text\">E<\/div>\n\t\t<\/div>\n\t<\/div>\n\t<div class=\"timeline__item__content padding-left\">\n\t\t\t\t\t<\/div>\n<\/div>\n<\/div>\n<p>&nbsp;<\/p>\n<p><del>Adultos US $ 295 \/ Ni\u00f1os US $ 219<\/del><\/p>\n<p><strong>Adultos US $ 255 \/ Ni\u00f1os US $ 199<\/strong><\/p>\n<table class=\"table table-bordered tours-tabs__table\" style=\"height: 233px;\" width=\"862\">\n<tbody>\n<tr>\n<td><strong>UBICACI\u00d3N<\/strong><\/td>\n<td>Saman\u00e1<\/td>\n<\/tr>\n<tr>\n<td><strong>TRANSPORTE<\/strong><\/td>\n<td>En el lobby de su hotel o punto de reuni\u00f3n especificado . La hora de recojida podria variar segun localizaci\u00f3n de su hotel. Le estaremos contactando para entregarle su voucher de confirmaci\u00f3n de su reservaci\u00f3n con hora y lugar de recojida.<\/td>\n<\/tr>\n<tr>\n<td><strong>INCLUIDO<\/strong><\/td>\n<td>\n<table style=\"height: 62px; line-height: 31px;\" width=\"300\">\n<tbody>\n<tr>\n<td><i class=\"fa fa-check icon-tick icon-tick--on\"><\/i>Vuelos ida y vuelta: Punta Cana \u2013 Saman\u00e1.<\/td>\n<\/tr>\n<tr>\n<td><i class=\"fa fa-check icon-tick icon-tick--on\"><\/i>Visita a casa t\u00edpica para realizar degustaci\u00f3n de caf\u00e9, chocolate caliente, frutas, miel, casabe\u2026<\/td>\n<\/tr>\n<tr>\n<td><i class=\"fa fa-check icon-tick icon-tick--on\"><\/i>Paseo a caballo con implementos de seguridad, gu\u00eda y refrigerios.<\/td>\n<\/tr>\n<tr>\n<td><i class=\"fa fa-check icon-tick icon-tick--on\"><\/i>Acceso al Parque Nacional El Lim\u00f3n y sus cascadas.<\/td>\n<\/tr>\n<tr>\n<td><i class=\"fa fa-check icon-tick icon-tick--on\"><\/i>Almuerzo todo incluido en el Restaurante El Tim\u00f3n (Bebidas Nacionales).<\/td>\n<\/tr>\n<tr>\n<td><i class=\"fa fa-check icon-tick icon-tick--on\"><\/i>Paseo en bote hacia Cayo Levantado.<\/td>\n<\/tr>\n<tr>\n<td><i class=\"fa fa-check icon-tick icon-tick--on\"><\/i>Bebidas en Cayo Levantado.<\/td>\n<\/tr>\n<tr>\n<td><i class=\"fa fa-check icon-tick icon-tick--on\"><\/i>Tour guiado Santa Barbara de Saman\u00e1.<\/td>\n<\/tr>\n<tr>\n<td><i class=\"fa fa-check icon-tick icon-tick--on\"><\/i>Todos los traslados en Saman\u00e1 y en Punta Cana \/ B\u00e1varo.<\/td>\n<\/tr>\n<tr>\n<td><i class=\"fa fa-check icon-tick icon-tick--on\"><\/i>Gu\u00edas oficiales de la Asociaci\u00f3n Nacional de Gu\u00edas Tur\u00edsticos.<\/td>\n<\/tr>\n<\/tbody>\n<\/table>\n<\/td>\n<\/tr>\n<tr>\n<td><strong>PUNTOS DE SALIDA<\/strong><\/td>\n<td>La mayor\u00eda de los hoteles de Bavaro, Punta Cana y Uvero Alto.<\/td>\n<\/tr>\n<tr>\n<td><strong>RECOMENDACIONES<\/strong><\/td>\n<td>No olvide llevar ropa confortable, zapatos deportivos para caminar , sandalias de playa, toallas, protector solar, c\u00e1maras, gafas de sol, y dinero para souvenires.<\/td>\n<\/tr>\n<tr>\n<td><strong>OBSERVACIONES<\/strong><\/td>\n<td>Este tour opera desde Lunes, Jueves y S\u00e1bado.<\/td>\n<\/tr>\n<tr>\n<td><strong>DURACI\u00d3N<\/strong><\/td>\n<td>Aproximadamente 12 hrs. Incluyendo porci\u00f3n a\u00e9rea y terrestre.<\/td>\n<\/tr>\n<\/tbody>\n<\/table>\n<p>[xyz-ihs snippet=\u00bbNOTASIMPORTANTES\u00bb]<\/p>\n<p><a href=\"https:\/\/bestdominicantoursandtransfers.com\/es\/\">Best Dominican T&amp;T<\/a><\/p>\n","protected":false},"excerpt":{"rendered":"<p>\u263c Saman\u00e1 Explorer\u00a0A\u00e9reo Esta formidable excursion esta compuesta de 5 atractivas actividades: &nbsp; &nbsp; Adultos US $ 295 \/ Ni\u00f1os US $ 219 Adultos US $ 255 \/ Ni\u00f1os US $ 199 UBICACI\u00d3N Saman\u00e1 TRANSPORTE En el lobby de su hotel o punto de reuni\u00f3n especificado . La hora de recojida podria variar segun localizaci\u00f3n<\/p>\n<div class=\"padding-top text-center\"><a href=\"https:\/\/bestdominicantoursandtransfers.com\/es\/tours\/samana-explorer\/\" class=\"atbtn atbtn--medium atbtn--rounded atbtn--transparent\">Leer m\u00e1s<i class=\"atbtn__icon atbtn__icon--right fa fa-long-arrow-right\"><\/i><\/a><\/div>\n","protected":false},"featured_media":637,"comment_status":"open","ping_status":"closed","template":"","meta":[],"_links":{"self":[{"href":"https:\/\/bestdominicantoursandtransfers.com\/es\/wp-json\/wp\/v2\/product\/689"}],"collection":[{"href":"https:\/\/bestdominicantoursandtransfers.com\/es\/wp-json\/wp\/v2\/product"}],"about":[{"href":"https:\/\/bestdominicantoursandtransfers.com\/es\/wp-json\/wp\/v2\/types\/product"}],"replies":[{"embeddable":true,"href":"https:\/\/bestdominicantoursandtransfers.com\/es\/wp-json\/wp\/v2\/comments?post=689"}],"wp:featuredmedia":[{"embeddable":true,"href":"https:\/\/bestdominicantoursandtransfers.com\/es\/wp-json\/wp\/v2\/media\/637"}],"wp:attachment":[{"href":"https:\/\/bestdominicantoursandtransfers.com\/es\/wp-json\/wp\/v2\/media?parent=689"}],"curies":[{"name":"wp","href":"https:\/\/api.w.org\/{rel}","templated":true}]}}