{"id":662,"date":"2016-02-08T03:34:03","date_gmt":"2016-02-08T03:34:03","guid":{"rendered":"https:\/\/bestdominicantoursandtransfers.com\/es\/?post_type=product&#038;p=662"},"modified":"2018-04-14T19:30:20","modified_gmt":"2018-04-14T19:30:20","slug":"hispaniola-explores-vip","status":"publish","type":"product","link":"https:\/\/bestdominicantoursandtransfers.com\/es\/tours\/hispaniola-explores-vip\/","title":{"rendered":"Hispaniola Explores VIP"},"content":{"rendered":"<h2>\u263c Hispaniola Explores VIP<\/h2>\n<p>Visita el Estadio Francisco A. Micheli, hogar a los Toros del Este. Conoce la historia de los dominicanos que han ingresado a las Grandes Ligas. No hay nada m\u00e1s dominicano que el baseball. Los apasionados por este deporte se ilustrar\u00e1n en la historia de legendarias figuras dominicanas de las Grandes Ligas.<\/p>\n<p>Inicia un recorrido por La Flor Dominicana, un museo con mini f\u00e1brica. Aqu\u00ed conocer\u00e1s el modo correcto de liar un cigarro de las manos de expertos. La Flor Dominicana es la factor\u00eda cuna de los famosos cigarros de clase mundial Monte Cristo y Romeo y Julieta.<\/p>\n<p>Visita Altos de Chav\u00f3n, una aldea de artistas recreando lo que una vez fue la vida boh\u00e9mica mediterr\u00e1nea del Siglo 16. Asiste a una r\u00e9plica de un anfiteatro estilo romano, conoce el Anfiteatro Altos de Chav\u00f3n.<\/p>\n<p>Emprende un recorrido por una aldea de artistas, y vive una experiencia verdaderamente boh\u00e9mica. Un experto gu\u00eda se encargar\u00e1 de narrar la historia tras el florecimiento de La Romana y la prosperidad que goza Altos de Chav\u00f3n y descubre opulentos jardines tropicales. Qu\u00e9date hechizado con las aut\u00e9nticas muestras artesanales en sus gift shops; adquiere tan singulares piezas para traer contigo a tu regreso a casa, y obsequiar a tus seres m\u00e1s queridos.<\/p>\n<p>Pr\u00f3ximo soltamos amarras en un agradable recorrido por el R\u00edo Chav\u00f3n. Deslumbrantes vistas de un sin igual horizonte tropical se revelan ante tus ojos.<\/p>\n<p>Tendr\u00e1s la oportunidad de reparar tu vista sobre ellas mientras saboreas un delicioso almuerzo de langosta a la parrilla.<\/p>\n<p>Haz un peregrinaje a la Bas\u00edlica de Hig\u00fcey, donde el pueblo dominicano venera a su madre patrona, la Virgen de la Altagracia. Un retiro espiritual para los feligreses de la fe cat\u00f3lica. Conoce la historia detr\u00e1s de esta asombrosa maravilla arquitect\u00f3nica.<\/p>\n<p>Visitaremos el mercado local de Hig\u00fcey para conocer y aprender de todos los productos del campo dominicano.<\/p>\n<table class=\"table table-bordered tours-tabs__table\" style=\"height: 233px;\" width=\"862\">\n<tbody>\n<tr>\n<td><strong>UBICACI\u00d3N<\/strong><\/td>\n<td>La Romana &#8211; Hig\u00fcey<\/td>\n<\/tr>\n<tr>\n<td><strong>PUNTO DE SALIDA<\/strong><\/td>\n<td>Hoteles en Punta Cana \u2013 B\u00e1varo.<\/td>\n<\/tr>\n<tr>\n<td><strong>TRANSPORTE<\/strong><\/td>\n<td>06:30 AM \u2013 07:00 AM. Lobby del hotel o punto de encuentro especificado. La hora puede variar seg\u00fan la ubicaci\u00f3n de su hotel o alojamiento. Le estaremos contactando para entregarle el Boucher de confirmaci\u00f3n de su reserva y hora y lugar de recogida.<\/td>\n<\/tr>\n<tr>\n<td><strong>INCLUIDO<\/strong><\/td>\n<td>\n<table style=\"height: 62px; line-height: 31px;\" width=\"300\">\n<tbody>\n<tr>\n<td><i class=\"fa fa-check icon-tick icon-tick--on\"><\/i>Comida: langosta a la parrilla caribe\u00f1a, arroz, verduras, ensalada de mariscos, empanados o pechuga de pollo a la parrilla, arroz, verduras y croquetas de yuca.<\/td>\n<\/tr>\n<tr>\n<td><i class=\"fa fa-check icon-tick icon-tick--on\"><\/i>Frutas y caf\u00e9.<\/td>\n<\/tr>\n<tr>\n<td><i class=\"fa fa-check icon-tick icon-tick--on\"><\/i>Vino (tinto, blanco o rosa).<\/td>\n<\/tr>\n<tr>\n<td><i class=\"fa fa-check icon-tick icon-tick--on\"><\/i>Agua y refrescos.<\/td>\n<\/tr>\n<tr>\n<td><i class=\"fa fa-check icon-tick icon-tick--on\"><\/i>A\/C transporte.<\/td>\n<\/tr>\n<\/tbody>\n<\/table>\n<\/td>\n<\/tr>\n<tr>\n<td><strong>RECOMENDACIONES<\/strong><\/td>\n<td>Trae vestimenta confortable, una c\u00e1mara para hacer lindos recuerdos y suficiente dinero para comprar recuerdos para traer a casa como recuerdo de esta inigualable experiencia.<\/td>\n<\/tr>\n<tr>\n<td><strong>RESTRICCIONES<\/strong><\/td>\n<td>Mujeres embarazadas, personas con enfermedades del coraz\u00f3n, discapacidad y\/o problemas de movilidad, no pueden participar en este tour.<\/td>\n<\/tr>\n<tr>\n<td><strong>DURACI\u00d3N<\/strong><\/td>\n<td>D\u00eda completo.<\/td>\n<\/tr>\n<\/tbody>\n<\/table>\n<p>[xyz-ihs snippet=\u00bbNOTASIMPORTANTES\u00bb]<\/p>\n<p><a href=\"https:\/\/bestdominicantoursandtransfers.com\/es\/\">Best Dominican T&amp;T<\/a><\/p>\n","protected":false},"excerpt":{"rendered":"<p>\u263c Hispaniola Explores VIP Visita el Estadio Francisco A. Micheli, hogar a los Toros del Este. Conoce la historia de los dominicanos que han ingresado a las Grandes Ligas. No hay nada m\u00e1s dominicano que el baseball. Los apasionados por este deporte se ilustrar\u00e1n en la historia de legendarias figuras dominicanas de las Grandes Ligas.<\/p>\n<div class=\"padding-top text-center\"><a href=\"https:\/\/bestdominicantoursandtransfers.com\/es\/tours\/hispaniola-explores-vip\/\" class=\"atbtn atbtn--medium atbtn--rounded atbtn--transparent\">Leer m\u00e1s<i class=\"atbtn__icon atbtn__icon--right fa fa-long-arrow-right\"><\/i><\/a><\/div>\n","protected":false},"featured_media":599,"comment_status":"open","ping_status":"closed","template":"","meta":[],"_links":{"self":[{"href":"https:\/\/bestdominicantoursandtransfers.com\/es\/wp-json\/wp\/v2\/product\/662"}],"collection":[{"href":"https:\/\/bestdominicantoursandtransfers.com\/es\/wp-json\/wp\/v2\/product"}],"about":[{"href":"https:\/\/bestdominicantoursandtransfers.com\/es\/wp-json\/wp\/v2\/types\/product"}],"replies":[{"embeddable":true,"href":"https:\/\/bestdominicantoursandtransfers.com\/es\/wp-json\/wp\/v2\/comments?post=662"}],"wp:featuredmedia":[{"embeddable":true,"href":"https:\/\/bestdominicantoursandtransfers.com\/es\/wp-json\/wp\/v2\/media\/599"}],"wp:attachment":[{"href":"https:\/\/bestdominicantoursandtransfers.com\/es\/wp-json\/wp\/v2\/media?parent=662"}],"curies":[{"name":"wp","href":"https:\/\/api.w.org\/{rel}","templated":true}]}}