{"id":66,"date":"2016-01-13T06:40:44","date_gmt":"2016-01-13T06:40:44","guid":{"rendered":"https:\/\/bestdominicantoursandtransfers.com\/es\/?post_type=product&#038;p=66"},"modified":"2021-07-16T04:40:51","modified_gmt":"2021-07-16T04:40:51","slug":"haitises-y-cayo-levantado","status":"publish","type":"product","link":"https:\/\/bestdominicantoursandtransfers.com\/es\/tours\/haitises-y-cayo-levantado\/","title":{"rendered":"Haitises &#038; Cayo Levantado"},"content":{"rendered":"<h2>\u263c Haitises &amp; Cayo Levantado<\/h2>\n<p>Disfrute de los hermosos manglares del magn\u00edfico parque nacional. Para regresar a la era prehist\u00f3rica; explorar las cuevas donde los ta\u00ednos viv\u00edan. Pase la tarde en el Cayo Levantado \u201cBacardi Island\u201d, y luego visitar a una familia rural. El gu\u00eda le mostrar\u00e1 maracuy\u00e1, cacao, caf\u00e9, banano, c\u00edtricos y plantaciones tropicales.<\/p>\n<table class=\"table table-bordered tours-tabs__table\" style=\"height: 233px;\" width=\"862\">\n<tbody>\n<tr>\n<td><strong>UBICACI\u00d3N<\/strong><\/td>\n<td>Saman\u00e1<\/td>\n<\/tr>\n<tr>\n<td><strong>TRANSPORTE<\/strong><\/td>\n<td>La hora de recogida 6:30 am vest\u00edbulo principal de su hotel.<\/td>\n<\/tr>\n<tr>\n<td><strong>INCLUIDO<\/strong><\/td>\n<td>\n<table style=\"height: 62px; line-height: 31px;\" width=\"300\">\n<tbody>\n<tr>\n<td><i class=\"fa fa-check icon-tick icon-tick--on\"><\/i>Gu\u00eda oficial de turismo.<\/td>\n<\/tr>\n<tr>\n<td><i class=\"fa fa-check icon-tick icon-tick--on\"><\/i>Bebidas nacionales.<\/td>\n<\/tr>\n<tr>\n<td><i class=\"fa fa-check icon-tick icon-tick--on\"><\/i>Traslado de Santo Domingo a Semana.<\/td>\n<\/tr>\n<tr>\n<td><i class=\"fa fa-check icon-tick icon-tick--on\"><\/i>El almuerzo ser\u00e1 servido en la isla.<\/td>\n<\/tr>\n<tr>\n<td><i class=\"fa fa-check icon-tick icon-tick--on\"><\/i>C\u00f3modos autobuses con aire acondicionado.<\/td>\n<\/tr>\n<tr>\n<td><i class=\"fa fa-check icon-tick icon-tick--on\"><\/i>Visita a las cuevas de los indios ta\u00ednos.<\/td>\n<\/tr>\n<tr>\n<td><i class=\"fa fa-check icon-tick icon-tick--on\"><\/i>Paseo en barco en el Parque Nacional Los Haitises y Cayo Levantado.<\/td>\n<\/tr>\n<\/tbody>\n<\/table>\n<\/td>\n<\/tr>\n<tr>\n<td><strong>RECOMENDACIONES<\/strong><\/td>\n<td>Favor de traer su c\u00e1mara, zapatos para caminar. Gafas de sol, toallas de playa y bloqueador solar.<\/td>\n<\/tr>\n<tr>\n<td><strong>OBSERVACIONES<\/strong><\/td>\n<td>Este tours opera todos los jueves y domingos.<\/td>\n<\/tr>\n<tr>\n<td><strong>DURACI\u00d3N<\/strong><\/td>\n<td>D\u00eda completo.<\/td>\n<\/tr>\n<\/tbody>\n<\/table>\n<p><a href=\"https:\/\/bestdominicantoursandtransfers.com\/es\/\">Best Dominican T&amp;T<\/a><\/p>\n","protected":false},"excerpt":{"rendered":"<p>\u263c Haitises &amp; Cayo Levantado Disfrute de los hermosos manglares del magn\u00edfico parque nacional. Para regresar a la era prehist\u00f3rica; explorar las cuevas donde los ta\u00ednos viv\u00edan. Pase la tarde en el Cayo Levantado \u201cBacardi Island\u201d, y luego visitar a una familia rural. El gu\u00eda le mostrar\u00e1 maracuy\u00e1, cacao, caf\u00e9, banano, c\u00edtricos y plantaciones tropicales.<\/p>\n<div class=\"padding-top text-center\"><a href=\"https:\/\/bestdominicantoursandtransfers.com\/es\/tours\/haitises-y-cayo-levantado\/\" class=\"atbtn atbtn--medium atbtn--rounded atbtn--transparent\">Leer m\u00e1s<i class=\"atbtn__icon atbtn__icon--right fa fa-long-arrow-right\"><\/i><\/a><\/div>\n","protected":false},"featured_media":120,"comment_status":"open","ping_status":"closed","template":"","meta":[],"_links":{"self":[{"href":"https:\/\/bestdominicantoursandtransfers.com\/es\/wp-json\/wp\/v2\/product\/66"}],"collection":[{"href":"https:\/\/bestdominicantoursandtransfers.com\/es\/wp-json\/wp\/v2\/product"}],"about":[{"href":"https:\/\/bestdominicantoursandtransfers.com\/es\/wp-json\/wp\/v2\/types\/product"}],"replies":[{"embeddable":true,"href":"https:\/\/bestdominicantoursandtransfers.com\/es\/wp-json\/wp\/v2\/comments?post=66"}],"wp:featuredmedia":[{"embeddable":true,"href":"https:\/\/bestdominicantoursandtransfers.com\/es\/wp-json\/wp\/v2\/media\/120"}],"wp:attachment":[{"href":"https:\/\/bestdominicantoursandtransfers.com\/es\/wp-json\/wp\/v2\/media?parent=66"}],"curies":[{"name":"wp","href":"https:\/\/api.w.org\/{rel}","templated":true}]}}