{"id":659,"date":"2016-02-08T00:16:49","date_gmt":"2016-02-08T00:16:49","guid":{"rendered":"https:\/\/bestdominicantoursandtransfers.com\/es\/\/tours\/dolphin-explorer-copiar\/"},"modified":"2018-04-14T19:29:43","modified_gmt":"2018-04-14T19:29:43","slug":"dolphin-explorer-pc","status":"publish","type":"product","link":"https:\/\/bestdominicantoursandtransfers.com\/es\/tours\/dolphin-explorer-pc\/","title":{"rendered":"Dolphin Explorer"},"content":{"rendered":"<h2>\u263c Dolphin Explorer<\/h2>\n<p>Saliendo de su hotel en c\u00f3modos autobuses con aire acondicionado, nos dirigiremos al complejo delf\u00edn Explorer, despu\u00e9s de recibir instrucciones especiales usted est\u00e1 preparado para estar en contacto con estos hermosos animales.<\/p>\n<p>Si te gusta nadar con delfines, esta es la oportunidad de su vida, descubre c\u00f3mo un delf\u00edn puede ser su profesor de baile, experimentar la sensaci\u00f3n de un delf\u00edn saltando por encima del hombro y la cabeza, deje que uno de estos hermosos animales le d\u00e9 un saludo de bienvenida con sus aletas, para que pueda disfrutar de un momento especial, tambi\u00e9n podr\u00e1 pedirle un beso, tocar, acariciar, jugar y nadar con ellos!! Tambi\u00e9n se puede nadar con leones marinos, rayas y bucear en el agua cristalina del oc\u00e9ano.<\/p>\n<p>Despu\u00e9s de tener un d\u00eda inolvidable con esta encantadoras criaturas volvemos al hotel!!<\/p>\n<p><strong style=\"color: #01cb68; font-size: 16px;\">Precio normal: <del>USD 149.00<\/del> (ni\u00f1os), Precio Online: US $ 139.<\/strong><br \/>\nAltura m\u00ednima: 1 Mt ni\u00f1os y los adultos deben saber nadar.<\/p>\n<table class=\"table table-bordered tours-tabs__table\" style=\"height: 233px;\" width=\"862\">\n<tbody>\n<tr>\n<td><strong>INCLUIDO<\/strong><\/td>\n<td>\n<table style=\"height: 62px; line-height: 31px;\" width=\"300\">\n<tbody>\n<tr>\n<td><i class=\"fa fa-check icon-tick icon-tick--on\"><\/i>Este programa incluye el tiempo de agua 30 minutos con los delfines.<\/td>\n<\/tr>\n<tr>\n<td><i class=\"fa fa-check icon-tick icon-tick--on\"><\/i>Este programa est\u00e1 dise\u00f1ado para un m\u00e1ximo de 12 personas por grupo.<\/td>\n<\/tr>\n<tr>\n<td><i class=\"fa fa-check icon-tick icon-tick--on\"><\/i>Habr\u00e1 un delf\u00edn por grupo.<\/td>\n<\/tr>\n<tr>\n<td><i class=\"fa fa-check icon-tick icon-tick--on\"><\/i>Este programa est\u00e1 dise\u00f1ado para nadadores de un nivel intermedio o superior.<\/td>\n<\/tr>\n<tr>\n<td><i class=\"fa fa-check icon-tick icon-tick--on\"><\/i>No se permiten las condiciones del embarazo.<\/td>\n<\/tr>\n<tr>\n<td><i class=\"fa fa-check icon-tick icon-tick--on\"><\/i>Armarios con la tecla para guardar su ropa.<\/td>\n<\/tr>\n<tr>\n<td><i class=\"fa fa-check icon-tick icon-tick--on\"><\/i>Ver espect\u00e1culo de Leones Marinos.<\/td>\n<\/tr>\n<tr>\n<td><i class=\"fa fa-check icon-tick icon-tick--on\"><\/i>Ver Aves Ex\u00f3ticas.<\/td>\n<\/tr>\n<tr>\n<td><i class=\"fa fa-check icon-tick icon-tick--on\"><\/i>Ver Tigre de Bengala.<\/td>\n<\/tr>\n<tr>\n<td><i class=\"fa fa-check icon-tick icon-tick--on\"><\/i>Transporte terrestre de ida y vuelta a sus hoteles.<\/td>\n<\/tr>\n<\/tbody>\n<\/table>\n<\/td>\n<\/tr>\n<\/tbody>\n<\/table>\n<p>&nbsp;<\/p>\n<p><strong style=\"color: #01cb68;\">\u00a0<\/strong><\/p>\n<h3>PROGRAMA FUNTASTIC:<\/h3>\n<h4><strong>Descripci\u00f3n::<\/strong><\/h4>\n<p>Ven a disfrutar de una experiencia con los delfines Funtastic. Usted ser\u00e1 recibido con un movimiento de delfines de la CPE y no pasar\u00e1 mucho tiempo antes de que usted ser\u00e1 capaz de experimentar la magia de un beso de los delfines.<\/p>\n<p>La diversi\u00f3n es el nombre del juego; Sin embargo, usted ser\u00e1 capaz de aprender hechos acerca de los delfines, as\u00ed como consejos \u00fatiles en la conservaci\u00f3n.<\/p>\n<p>Este programa incluye 40 minutos de tiempo interactiva de agua con los delfines (nataci\u00f3n no incluido). Este programa est\u00e1 dise\u00f1ado para un m\u00e1ximo de 20 personas por grupo. Habr\u00e1 un delf\u00edn por grupo.<\/p>\n<p>Edad requerida: M\u00ednimo 1 a\u00f1o de edad (todos los ni\u00f1os de menos de 1 Mt. altura debe ir acompa\u00f1ado de un adulto).<\/p>\n<p>Condiciones de embarazo permitido hasta 6 meses.<\/p>\n<p>Este programa est\u00e1 dise\u00f1ado para cualquier nivel de habilidad de los nadadores, desde principiantes hasta expertos.<\/p>\n<p><strong style=\"color: #01cb68; font-size: 16px;\">Precio Regular: <del>US$ 109<\/del> Adultos &#8211; <del>US$ 79<\/del> \u00a0CHD \/ Precio Online: US$102 Adult &#8211; US$ 73 CHD<\/strong><\/p>\n<p>&nbsp;<\/p>\n<hr \/>\n<p>&nbsp;<\/p>\n<p><strong style=\"color: #01cb68;\">\u00a0<\/strong><\/p>\n<h3>PROGRAMA EXCELLENCE:<\/h3>\n<h4><strong>Descripci\u00f3n:<\/strong><\/h4>\n<p>Sumergirse en la incre\u00edble experiencia de nadar con delfines, mientras que est\u00e1 teniendo unas vacaciones en Punta Cana sumergirse en el mundo acu\u00e1tico de delfines, y hacerlo con estilo.<\/p>\n<p>Vive la experiencia llena de adrenalina que hasta ahora estaba reservado s\u00f3lo para los entrenadores, vivir la excelencia.<\/p>\n<p>Obtendr\u00e1 una introducci\u00f3n personalizada a los delfines que nadar con usted.<\/p>\n<p>Los instructores que entrenar y prepararse para el famoso foot push, donde los delfines te empujar\u00e1n a toda velocidad a trav\u00e9s de la superficie del oc\u00e9ano.<\/p>\n<p>\u00bfListo para m\u00e1s? Usted tiene la incre\u00edble experiencia de tener un paseo dorsal con dos delfines;<\/p>\n<p>Admire los delfines mientras ellos est\u00e1n saltando sobre ti, igual que lo hacen en los espect\u00e1culos con los entrenadores.<\/p>\n<p>Precio:<\/p>\n<p><strong style=\"color: #01cb68; font-size: 16px;\">Precio Regular: <del>USD 195.00<\/del> (ni\u00f1os) \/ Precio Online: US$185.00<\/strong><br \/>\nAltura m\u00ednima: 1 Mt ni\u00f1os y los adultos deben saber nadar.<\/p>\n<table class=\"table table-bordered tours-tabs__table\" style=\"height: 233px;\" width=\"862\">\n<tbody>\n<tr>\n<td><strong>INCLUIDO<\/strong><\/td>\n<td>\n<table style=\"height: 62px; line-height: 31px;\" width=\"300\">\n<tbody>\n<tr>\n<td><i class=\"fa fa-check icon-tick icon-tick--on\"><\/i>Este programa incluye el tiempo de 45 minutos el agua con los delfines.<\/td>\n<\/tr>\n<tr>\n<td><i class=\"fa fa-check icon-tick icon-tick--on\"><\/i>Este programa est\u00e1 dise\u00f1ado para un m\u00e1ximo de 10 personas por grupo.<\/td>\n<\/tr>\n<tr>\n<td><i class=\"fa fa-check icon-tick icon-tick--on\"><\/i>Habr\u00e1 un delf\u00edn por grupo.<\/td>\n<\/tr>\n<tr>\n<td><i class=\"fa fa-check icon-tick icon-tick--on\"><\/i>Este programa est\u00e1 dise\u00f1ado para nadadores de un nivel intermedio o superior.<\/td>\n<\/tr>\n<tr>\n<td><i class=\"fa fa-check icon-tick icon-tick--on\"><\/i>Armarios con la tecla para guardar su ropa.<\/td>\n<\/tr>\n<tr>\n<td><i class=\"fa fa-check icon-tick icon-tick--on\"><\/i>Ver espect\u00e1culo de Leones Marinos.<\/td>\n<\/tr>\n<tr>\n<td><i class=\"fa fa-check icon-tick icon-tick--on\"><\/i>Ver Aves Ex\u00f3ticas.<\/td>\n<\/tr>\n<tr>\n<td><i class=\"fa fa-check icon-tick icon-tick--on\"><\/i>Ver Tigre de Bengala.<\/td>\n<\/tr>\n<tr>\n<td><i class=\"fa fa-check icon-tick icon-tick--on\"><\/i>Transporte terrestre de ida y vuelta a sus hoteles.<\/td>\n<\/tr>\n<tr>\n<td>\n<h4 style=\"color: #ff0000;\">Nota: Las condiciones del embarazo no est\u00e1n permitidos.<\/h4>\n<\/td>\n<\/tr>\n<\/tbody>\n<\/table>\n<\/td>\n<\/tr>\n<\/tbody>\n<\/table>\n<p>[xyz-ihs snippet=\u00bbNOTASIMPORTANTES\u00bb]<\/p>\n<p><a href=\"https:\/\/bestdominicantoursandtransfers.com\/es\/\">Best Dominican T&amp;T<\/a><\/p>\n","protected":false},"excerpt":{"rendered":"<p>\u263c Dolphin Explorer Saliendo de su hotel en c\u00f3modos autobuses con aire acondicionado, nos dirigiremos al complejo delf\u00edn Explorer, despu\u00e9s de recibir instrucciones especiales usted est\u00e1 preparado para estar en contacto con estos hermosos animales. Si te gusta nadar con delfines, esta es la oportunidad de su vida, descubre c\u00f3mo un delf\u00edn puede ser su<\/p>\n<div class=\"padding-top text-center\"><a href=\"https:\/\/bestdominicantoursandtransfers.com\/es\/tours\/dolphin-explorer-pc\/\" class=\"atbtn atbtn--medium atbtn--rounded atbtn--transparent\">Leer m\u00e1s<i class=\"atbtn__icon atbtn__icon--right fa fa-long-arrow-right\"><\/i><\/a><\/div>\n","protected":false},"featured_media":545,"comment_status":"open","ping_status":"closed","template":"","meta":[],"_links":{"self":[{"href":"https:\/\/bestdominicantoursandtransfers.com\/es\/wp-json\/wp\/v2\/product\/659"}],"collection":[{"href":"https:\/\/bestdominicantoursandtransfers.com\/es\/wp-json\/wp\/v2\/product"}],"about":[{"href":"https:\/\/bestdominicantoursandtransfers.com\/es\/wp-json\/wp\/v2\/types\/product"}],"replies":[{"embeddable":true,"href":"https:\/\/bestdominicantoursandtransfers.com\/es\/wp-json\/wp\/v2\/comments?post=659"}],"wp:featuredmedia":[{"embeddable":true,"href":"https:\/\/bestdominicantoursandtransfers.com\/es\/wp-json\/wp\/v2\/media\/545"}],"wp:attachment":[{"href":"https:\/\/bestdominicantoursandtransfers.com\/es\/wp-json\/wp\/v2\/media?parent=659"}],"curies":[{"name":"wp","href":"https:\/\/api.w.org\/{rel}","templated":true}]}}