{"id":658,"date":"2016-02-08T02:26:47","date_gmt":"2016-02-08T02:26:47","guid":{"rendered":"https:\/\/bestdominicantoursandtransfers.com\/es\/?post_type=product&#038;p=658"},"modified":"2018-04-14T19:32:28","modified_gmt":"2018-04-14T19:32:28","slug":"bavaro-runners","status":"publish","type":"product","link":"https:\/\/bestdominicantoursandtransfers.com\/es\/tours\/bavaro-runners\/","title":{"rendered":"Bavaro Runners"},"content":{"rendered":"<h2>\u263c Bavaro Runners<\/h2>\n<p>Transp\u00f3rtate hacia el ayer y evidencia el m\u00e9todo artesanal de transformaci\u00f3n de la ca\u00f1a de az\u00facar al mejor ron Dominicano.<\/p>\n<p>Expertos cigarreros te ense\u00f1ar\u00e1n la manera correcta de liar un cigarro.<\/p>\n<p>Una t\u00edpica familia Dominicana nos abrir\u00e1 las puertas de su hogar compartiendo sus costumbres y seduciendo tu paladar con ex\u00f3ticas frutas tropicales, chocolate y caf\u00e9 fresco y org\u00e1nico.<\/p>\n<p>Disfruta en nuestro rancho del m\u00e1s delicioso almuerzo t\u00edpico dominicano.<\/p>\n<p>Descubre la Cueva Cayacoa, antiguo refugio Ta\u00edno, y aprende las secretas leyendas de esta fascinante tribu.<\/p>\n<p>Te invitamos a galopear en las afueras de nuestro rancho si eres un jinete experimentado en la hermosa campi\u00f1a y verdes pastizales o simplemente una relajante cabalgata para los novatos o principiantes .<\/p>\n<p>C\u00e1mara en mano prep\u00e1rate para capturar panoramas incre\u00edbles y pueblitos de monta\u00f1a, a lo largo del camino ver\u00e1 escuelas y los famosos \u201cColmados\u201d.<\/p>\n<p>Pi\u00e9rdete en las plantaciones de ca\u00f1a de az\u00facar, entra al ingenio artesanal y ve una recreaci\u00f3n exacta de un trapiche de la era colonial empujado por bueyes. El d\u00eda no estar\u00e1 completo sin ver como los expertos cigarreros l\u00edan los mejores cigarros Dominicanos.<\/p>\n<p>Para mejorar visite el hogar de una familia local, donde con mucha amabilidad te invitar\u00e1n a sus plantaciones de caf\u00e9 y cacao, y degustar estos productos como tambi\u00e9n ex\u00f3ticas frutas tropicales..<\/p>\n<p>Esta experiencia cultural ser\u00e1 definitivamente inolvidable, Tendr\u00e1n la oportunidad de deleitarse con la mejor comida Dominicana, los comentarios son un\u00e1nimes: servimos el mejor almuerzo en nuestro tour!<\/p>\n<table class=\"table table-bordered tours-tabs__table\" style=\"height: 233px;\" width=\"862\">\n<tbody>\n<tr>\n<td><strong>UBICACI\u00d3N<\/strong><\/td>\n<td>B\u00e1varo<\/td>\n<\/tr>\n<tr>\n<td><strong>TRANSPORTE<\/strong><\/td>\n<td>Lobby del hotel o lugar especificado . El horario de recogida puede variar seg\u00fan ubicaci\u00f3n del hotel. Le estaremos contactando para informarle de hora estimada y lugar exacto de recojida.<\/td>\n<\/tr>\n<tr>\n<td><strong>ALMUERZO &#8211; INCLUIDO<\/strong><\/td>\n<td>\n<table style=\"height: 62px; line-height: 31px;\" width=\"300\">\n<tbody>\n<tr>\n<td><i class=\"fa fa-check icon-tick icon-tick--on\"><\/i>Arroz blanco.<\/td>\n<\/tr>\n<tr>\n<td><i class=\"fa fa-check icon-tick icon-tick--on\"><\/i>Moro de habichuelas.<\/td>\n<\/tr>\n<tr>\n<td><i class=\"fa fa-check icon-tick icon-tick--on\"><\/i>Pollo guisado criollo.<\/td>\n<\/tr>\n<tr>\n<td><i class=\"fa fa-check icon-tick icon-tick--on\"><\/i>Res guisado.<\/td>\n<\/tr>\n<tr>\n<td><i class=\"fa fa-check icon-tick icon-tick--on\"><\/i>Espagueti pomodoro.<\/td>\n<\/tr>\n<tr>\n<td><i class=\"fa fa-check icon-tick icon-tick--on\"><\/i>Ensalada verde.<\/td>\n<\/tr>\n<tr>\n<td><i class=\"fa fa-check icon-tick icon-tick--on\"><\/i>Frutas frescas.<\/td>\n<\/tr>\n<tr>\n<td><i class=\"fa fa-check icon-tick icon-tick--on\"><\/i>Agua, bebidas gaseosas, cervezas, ron.<\/td>\n<\/tr>\n<tr>\n<td><i class=\"fa fa-check icon-tick icon-tick--on\"><\/i>Transportaci\u00f3n ida y vuelta a su hotel.<\/td>\n<\/tr>\n<\/tbody>\n<\/table>\n<\/td>\n<\/tr>\n<tr>\n<td><strong>RECOMENDACIONES<\/strong><\/td>\n<td>Vestir ropa ligera y confortable, zapatos c\u00f3modos para caminar, preferiblemente tennis, c\u00e1mara fotogr\u00e1ficas, bloqueador solar, y dinero para compra de souvenires.<\/td>\n<\/tr>\n<tr>\n<td><strong>RESTRICCIONES<\/strong><\/td>\n<td>Mujeres embarazadas, personas en condiciones de salud delicada, personas con problemas en el Coraz\u00f3n, personas con discapacidad de movilidad, personas bajo influencia de medicamentos Fuertes o en estado de embriaguez o drogada, no pueden participar en este tour.<\/td>\n<\/tr>\n<tr>\n<td><strong>DURACI\u00d3N<\/strong><\/td>\n<td>Tour dura approx. 9 horas.<\/td>\n<\/tr>\n<\/tbody>\n<\/table>\n<p>[xyz-ihs snippet=\u00bbNOTASIMPORTANTES\u00bb]<\/p>\n<p><a href=\"https:\/\/bestdominicantoursandtransfers.com\/es\/\">Best Dominican T&amp;T<\/a><\/p>\n","protected":false},"excerpt":{"rendered":"<p>\u263c Bavaro Runners Transp\u00f3rtate hacia el ayer y evidencia el m\u00e9todo artesanal de transformaci\u00f3n de la ca\u00f1a de az\u00facar al mejor ron Dominicano. Expertos cigarreros te ense\u00f1ar\u00e1n la manera correcta de liar un cigarro. Una t\u00edpica familia Dominicana nos abrir\u00e1 las puertas de su hogar compartiendo sus costumbres y seduciendo tu paladar con ex\u00f3ticas frutas<\/p>\n<div class=\"padding-top text-center\"><a href=\"https:\/\/bestdominicantoursandtransfers.com\/es\/tours\/bavaro-runners\/\" class=\"atbtn atbtn--medium atbtn--rounded atbtn--transparent\">Leer m\u00e1s<i class=\"atbtn__icon atbtn__icon--right fa fa-long-arrow-right\"><\/i><\/a><\/div>\n","protected":false},"featured_media":563,"comment_status":"open","ping_status":"closed","template":"","meta":[],"_links":{"self":[{"href":"https:\/\/bestdominicantoursandtransfers.com\/es\/wp-json\/wp\/v2\/product\/658"}],"collection":[{"href":"https:\/\/bestdominicantoursandtransfers.com\/es\/wp-json\/wp\/v2\/product"}],"about":[{"href":"https:\/\/bestdominicantoursandtransfers.com\/es\/wp-json\/wp\/v2\/types\/product"}],"replies":[{"embeddable":true,"href":"https:\/\/bestdominicantoursandtransfers.com\/es\/wp-json\/wp\/v2\/comments?post=658"}],"wp:featuredmedia":[{"embeddable":true,"href":"https:\/\/bestdominicantoursandtransfers.com\/es\/wp-json\/wp\/v2\/media\/563"}],"wp:attachment":[{"href":"https:\/\/bestdominicantoursandtransfers.com\/es\/wp-json\/wp\/v2\/media?parent=658"}],"curies":[{"name":"wp","href":"https:\/\/api.w.org\/{rel}","templated":true}]}}