{"id":655,"date":"2016-02-07T22:34:24","date_gmt":"2016-02-07T22:34:24","guid":{"rendered":"https:\/\/bestdominicantoursandtransfers.com\/es\/?post_type=product&#038;p=655"},"modified":"2018-04-14T19:20:38","modified_gmt":"2018-04-14T19:20:38","slug":"pesca-en-alta-mar-pc","status":"publish","type":"product","link":"https:\/\/bestdominicantoursandtransfers.com\/es\/tours\/pesca-en-alta-mar-pc\/","title":{"rendered":"Pesca en alta mar"},"content":{"rendered":"<h2>\u263c Pesca en alta mar<\/h2>\n<p>Saliendo de Punta Cana en confortables autobuses con aire acondicionado llegaremos a Cap. Cana, uno de los puertos m\u00e1s lujosos y modernos de la costa este, donde un barco te espera con todo el equipo que necesita para capturar el pez de sus sue\u00f1os!!<\/p>\n<p>Un miembro profesional de la tripulaci\u00f3n le ayudar\u00e1 con algunos consejos y trucos para atrapar marl\u00edn azul, barracudas, at\u00fan y pez rey entre otros, la duraci\u00f3n de esta aventura de pesca es cuatro horas, si tiene \u00e9xito les invitamos a hacer una gran fiesta en la playa !!<\/p>\n<p>Observador <del>US$ 80<\/del> y ahora US$ 65.<\/p>\n<table class=\"table table-bordered tours-tabs__table\" style=\"height: 233px;\" width=\"862\">\n<tbody>\n<tr>\n<td><strong>UBICACI\u00d3N<\/strong><\/td>\n<td>Punta Cana<\/td>\n<\/tr>\n<tr>\n<td><strong>TRANSPORTE<\/strong><\/td>\n<td>Hora de salida a las 8:00 AM. desde tu hotel.<\/td>\n<\/tr>\n<tr>\n<td><strong>INCLUIDO<\/strong><\/td>\n<td>\n<table style=\"height: 62px; line-height: 31px;\" width=\"300\">\n<tbody>\n<tr>\n<td><i class=\"fa fa-check icon-tick icon-tick--on\"><\/i>C\u00f3modo autob\u00fas con aire acondicionado..<\/td>\n<\/tr>\n<tr>\n<td><i class=\"fa fa-check icon-tick icon-tick--on\"><\/i>Todos los equipos para la pesca.<\/td>\n<\/tr>\n<tr>\n<td><i class=\"fa fa-check icon-tick icon-tick--on\"><\/i>Bar de bebidas nacionales y picaderas.<\/td>\n<\/tr>\n<\/tbody>\n<\/table>\n<\/td>\n<\/tr>\n<tr>\n<td><strong>RECOMENDACIONES<\/strong><\/td>\n<td>Por favor traiga su bloqueador solar, ropa ligera, c\u00e1mara y sombrero.<\/td>\n<\/tr>\n<tr>\n<td><strong>OBSERVACIONES<\/strong><\/td>\n<td>Este tour est\u00e1 disponible para grupos peque\u00f1os y en privado con un m\u00ednimo de dos participantes.<\/td>\n<\/tr>\n<tr>\n<td><strong>DURACI\u00d3N<\/strong><\/td>\n<td>Medio D\u00eda.<\/td>\n<\/tr>\n<\/tbody>\n<\/table>\n<p>[xyz-ihs snippet=\u00bbNOTASIMPORTANTES\u00bb]<\/p>\n<p><a href=\"https:\/\/bestdominicantoursandtransfers.com\/es\/\">Best Dominican T&amp;T<\/a><\/p>\n","protected":false},"excerpt":{"rendered":"<p>\u263c Pesca en alta mar Saliendo de Punta Cana en confortables autobuses con aire acondicionado llegaremos a Cap. Cana, uno de los puertos m\u00e1s lujosos y modernos de la costa este, donde un barco te espera con todo el equipo que necesita para capturar el pez de sus sue\u00f1os!! Un miembro profesional de la tripulaci\u00f3n<\/p>\n<div class=\"padding-top text-center\"><a href=\"https:\/\/bestdominicantoursandtransfers.com\/es\/tours\/pesca-en-alta-mar-pc\/\" class=\"atbtn atbtn--medium atbtn--rounded atbtn--transparent\">Leer m\u00e1s<i class=\"atbtn__icon atbtn__icon--right fa fa-long-arrow-right\"><\/i><\/a><\/div>\n","protected":false},"featured_media":533,"comment_status":"open","ping_status":"closed","template":"","meta":[],"_links":{"self":[{"href":"https:\/\/bestdominicantoursandtransfers.com\/es\/wp-json\/wp\/v2\/product\/655"}],"collection":[{"href":"https:\/\/bestdominicantoursandtransfers.com\/es\/wp-json\/wp\/v2\/product"}],"about":[{"href":"https:\/\/bestdominicantoursandtransfers.com\/es\/wp-json\/wp\/v2\/types\/product"}],"replies":[{"embeddable":true,"href":"https:\/\/bestdominicantoursandtransfers.com\/es\/wp-json\/wp\/v2\/comments?post=655"}],"wp:featuredmedia":[{"embeddable":true,"href":"https:\/\/bestdominicantoursandtransfers.com\/es\/wp-json\/wp\/v2\/media\/533"}],"wp:attachment":[{"href":"https:\/\/bestdominicantoursandtransfers.com\/es\/wp-json\/wp\/v2\/media?parent=655"}],"curies":[{"name":"wp","href":"https:\/\/api.w.org\/{rel}","templated":true}]}}