{"id":653,"date":"2016-02-07T21:35:32","date_gmt":"2016-02-07T21:35:32","guid":{"rendered":"https:\/\/bestdominicantoursandtransfers.com\/es\/?post_type=product&#038;p=653"},"modified":"2021-08-01T09:41:15","modified_gmt":"2021-08-01T09:41:15","slug":"macao-boogies-atv-four-wheels","status":"publish","type":"product","link":"https:\/\/bestdominicantoursandtransfers.com\/es\/tours\/macao-boogies-atv-four-wheels\/","title":{"rendered":"Macao Boogies \/ ATV four wheels"},"content":{"rendered":"<h2>\u263c Macao Boogies \/ ATV four wheels<\/h2>\n<p><strong style=\"color: #01cb68;\">REGULAR PRICE:<\/strong><\/p>\n<p><strong>US$120 STANDAR BOOGIE DBL (2 PAXS) US$ 80 SGL (1 PAX).<\/strong><br \/>\n<strong>US$170 TERRACROSS DBL (2 PAXS) \/ US$ 120 TERRACROSS SGL (1 PAX).<\/strong><\/p>\n<p><strong style=\"color: #01cb68;\">ONLINE PRICE:<\/strong><\/p>\n<p><strong> STANDAR BOOGIE : US$105 (2 PAXS) US$ 70 (1 PAX).<\/strong><br \/>\n<strong> TERRACROSS : US$150 (2 PAXS) US$ 108 (1 PAX).<\/strong><\/p>\n<p>\u00a1Prep\u00e1rate para comenzar una aventura off-road medio d\u00eda inolvidable y emocionante .. !! donde se pondr\u00e1 a prueba tu habilidad al volante de su TerraCross BOOGIE TODO TERRENO, BOOGIE ORDINARIO, BOOGIE FAMILIA O ATV \/ 4wheel atravesando a lo largo del campo , descubriendo de un espectacular paisaje Dominicano de las monta\u00f1as orientales y rodeado de una naturaleza de exuberante vegetaci\u00f3n, pasando por plantaciones de tabaco y pl\u00e1tano.<\/p>\n<p>El momento emocionante acaba de empezar !! En el poco tiempo, nos encontraremos en los aislados y estrecha caminos, charcos de barro inesperados, que usted tratar\u00e1 de evitar una vez y otra vez, pero luego el tiempo de diversi\u00f3n y su esp\u00edritu aventurero superara r\u00e1pidamente el salpicon de barro , en este d\u00eda inolvidable !!<\/p>\n<p>Nos detendremos en una casa t\u00edpica dominicana, para aprender sobre el estilo de vida dominicana, tradiciones y costumbres, tomando adelantado para ver un cacao y caf\u00e9 plantaciones y el proceso para preparar el chocolate y brindar por el caf\u00e9.<\/p>\n<p>Despu\u00e9s, nuestro gu\u00eda nos conduce a un sendero rocoso hasta llegar a una cueva maravilloso que mantiene en su interior una laguna natural de profundidad, y tendremos tiempo para saltar y refrescarnos en sus aguas frescas y cristalinas&#8230;<\/p>\n<p>&nbsp;<\/p>\n<h3>Macao Boogies \/ Atv 4wheel Adventuras<\/h3>\n<p>&nbsp;<\/p>\n<p>Pero esta aventura sin fin a\u00fan no ha terminado, el mayor tramo de emociones, es cuando por fin llegamos al majestuoso Macao Beach, donde se puede disfrutar de una de las vistas m\u00e1s espectaculares de la regi\u00f3n oriental de la isla, y tomamos antelaci\u00f3n a nadar en su turquesa y aguas cristalinas onduladas &#8230;<\/p>\n<table class=\"table table-bordered tours-tabs__table\" style=\"height: 233px;\" width=\"862\">\n<tbody>\n<tr>\n<td><strong>UBICACI\u00d3N<\/strong><\/td>\n<td>Macao<\/td>\n<\/tr>\n<tr>\n<td><strong>TRANSPORTE<\/strong><\/td>\n<td>El vest\u00edbulo del hotel o punto de encuentro especificado. El tiempo puede variar seg\u00fan la ubicaci\u00f3n del hotel. nos pondremos en contacto con usted para darle vale y horario de recogida de la confirmaci\u00f3n de la reserva en su hotel.<\/td>\n<\/tr>\n<tr>\n<td><strong>INCLUIDO<\/strong><\/td>\n<td>\n<table style=\"height: 62px; line-height: 31px;\" width=\"300\">\n<tbody>\n<tr>\n<td><i class=\"fa fa-check icon-tick icon-tick--on\"><\/i>C\u00f3modo autob\u00fas con aire acondicionado.<\/td>\n<\/tr>\n<tr>\n<td><i class=\"fa fa-check icon-tick icon-tick--on\"><\/i>Transporte ida y vuelta desde \/ hasta el hotel.<\/td>\n<\/tr>\n<tr>\n<td><i class=\"fa fa-check icon-tick icon-tick--on\"><\/i>Refrescos.<\/td>\n<\/tr>\n<tr>\n<td><i class=\"fa fa-check icon-tick icon-tick--on\"><\/i>Gu\u00eda oficial de turismo.<\/td>\n<\/tr>\n<tr>\n<td><i class=\"fa fa-check icon-tick icon-tick--on\"><\/i>Reuni\u00f3n informativa en el rancho de la forma de operar las m\u00e1quinas y normas de seguridad para conducir durante los Boogies tur\u00edsticos y ATV autom\u00e1ticos.<\/td>\n<\/tr>\n<\/tbody>\n<\/table>\n<\/td>\n<\/tr>\n<tr>\n<td><strong>RECOMENDACIONES<\/strong><\/td>\n<td><strong style=\"color: #01cb68;\">Dont Forget To Bring:<\/strong>\n<ul>\n<li>Ropa vieja (Usted puede conseguir barro).<\/li>\n<li>Chancletas o zapatos de agua del tir\u00f3n.<\/li>\n<li>Toalla.<\/li>\n<li>C\u00e1mara fotogr\u00e1fica.<\/li>\n<li>Bandana o peque\u00f1a toalla para cubrirse la cara.<\/li>\n<li>Bloqueador solar.<\/li>\n<li>Efectivo.<\/li>\n<li>Repelente.<\/li>\n<\/ul>\n<\/td>\n<\/tr>\n<tr>\n<td><strong>OBSERVACIONES<\/strong><\/td>\n<td>Este tour esta operando todos los dias.<\/td>\n<\/tr>\n<tr>\n<td><strong>DURACI\u00d3N<\/strong><\/td>\n<td>Cuatro horas de adrenalina. (Ma\u00f1ana y tarde).<\/td>\n<\/tr>\n<\/tbody>\n<\/table>\n<p>[xyz-ihs snippet=\u00bbNOTASIMPORTANTES\u00bb]<\/p>\n<p><a href=\"https:\/\/bestdominicantoursandtransfers.com\/es\/\">Best Dominican T&amp;T<\/a><\/p>\n","protected":false},"excerpt":{"rendered":"<p>\u263c Macao Boogies \/ ATV four wheels REGULAR PRICE: US$120 STANDAR BOOGIE DBL (2 PAXS) US$ 80 SGL (1 PAX). US$170 TERRACROSS DBL (2 PAXS) \/ US$ 120 TERRACROSS SGL (1 PAX). ONLINE PRICE: STANDAR BOOGIE : US$105 (2 PAXS) US$ 70 (1 PAX). TERRACROSS : US$150 (2 PAXS) US$ 108 (1 PAX). \u00a1Prep\u00e1rate para<\/p>\n<div class=\"padding-top text-center\"><a href=\"https:\/\/bestdominicantoursandtransfers.com\/es\/tours\/macao-boogies-atv-four-wheels\/\" class=\"atbtn atbtn--medium atbtn--rounded atbtn--transparent\">Leer m\u00e1s<i class=\"atbtn__icon atbtn__icon--right fa fa-long-arrow-right\"><\/i><\/a><\/div>\n","protected":false},"featured_media":629,"comment_status":"open","ping_status":"closed","template":"","meta":[],"_links":{"self":[{"href":"https:\/\/bestdominicantoursandtransfers.com\/es\/wp-json\/wp\/v2\/product\/653"}],"collection":[{"href":"https:\/\/bestdominicantoursandtransfers.com\/es\/wp-json\/wp\/v2\/product"}],"about":[{"href":"https:\/\/bestdominicantoursandtransfers.com\/es\/wp-json\/wp\/v2\/types\/product"}],"replies":[{"embeddable":true,"href":"https:\/\/bestdominicantoursandtransfers.com\/es\/wp-json\/wp\/v2\/comments?post=653"}],"wp:featuredmedia":[{"embeddable":true,"href":"https:\/\/bestdominicantoursandtransfers.com\/es\/wp-json\/wp\/v2\/media\/629"}],"wp:attachment":[{"href":"https:\/\/bestdominicantoursandtransfers.com\/es\/wp-json\/wp\/v2\/media?parent=653"}],"curies":[{"name":"wp","href":"https:\/\/api.w.org\/{rel}","templated":true}]}}