{"id":652,"date":"2016-02-07T19:16:27","date_gmt":"2016-02-07T19:16:27","guid":{"rendered":"https:\/\/bestdominicantoursandtransfers.com\/es\/\/tours\/los-haitises-pc\/"},"modified":"2021-08-21T17:44:25","modified_gmt":"2021-08-21T17:44:25","slug":"los-haitises-pc","status":"publish","type":"product","link":"https:\/\/bestdominicantoursandtransfers.com\/es\/tours\/los-haitises-pc\/","title":{"rendered":"Los Haitises + Cayo Levantado"},"content":{"rendered":"<h2>\u263c Los Haitises + Cayo Levantado<\/h2>\n<p>Salida en confortable autob\u00fas, con aire acondicionado y acompa\u00f1ado de un gu\u00eda tur\u00edstico certificado, viajamos por la costa este de la aldea de pescadores de Sabana de la Mar.<\/p>\n<p>despu\u00e9s de dos horas y media de viaje a trav\u00e9s de valles y monta\u00f1as de la Rep\u00fablica Dominicana, donde pasaremos por plantaciones de caf\u00e9, ca\u00f1a de az\u00facar y ex\u00f3ticas plantaciones de frutas, entonces se llega al Parque Nacional Los Haitises, que est\u00e1 situado justo en frente de la pen\u00ednsula de Semana. Despu\u00e9s de un paseo en barco a trav\u00e9s del manglar y la selva, visitaremos las cuevas de los indios ta\u00ednos, naturales de la Rep\u00fablica Dominicana, que fueron masacrados por Col\u00f3n y sus hombres hace siglos. En las cuevas, se encuentran, restos de la cultura Taina, pinturas y murales que muestran la vida diaria en ese momento.<\/p>\n<p>A petici\u00f3n, podr\u00e1 reservar esta excursi\u00f3n con una visita a Cayo Levantado, la famosa \u201cIsla Baccardi\u201d. Rodeada de playas de arena blanca y aguas cristalinas que invitan a nadar y bucear durante la estancia de una hora y treinta minutos.<\/p>\n<p>Dependiendo de si usted reservo Cayo Levantado estaremos de vuelta en el hotel entre 06:00 y 07:30 P.M.<\/p>\n<table class=\"table table-bordered tours-tabs__table\" style=\"height: 233px;\" width=\"862\">\n<tbody>\n<tr>\n<td><strong>UBICACI\u00d3N<\/strong><\/td>\n<td>Saman\u00e1<\/td>\n<\/tr>\n<tr>\n<td><strong>TRANSPORTE<\/strong><\/td>\n<td>La hora de recogida 7:30 A.M. desde el lobby de su hotel.<\/td>\n<\/tr>\n<tr>\n<td><strong>INCLUIDO<\/strong><\/td>\n<td>\n<table style=\"height: 62px; line-height: 31px;\" width=\"300\">\n<tbody>\n<tr>\n<td><i class=\"fa fa-check icon-tick icon-tick--on\"><\/i>Gu\u00eda oficial de turismo.<\/td>\n<\/tr>\n<tr>\n<td><i class=\"fa fa-check icon-tick icon-tick--on\"><\/i>C\u00f3modo autob\u00fas con aire acondicionado.<\/td>\n<\/tr>\n<tr>\n<td><i class=\"fa fa-check icon-tick icon-tick--on\"><\/i>El almuerzo y refrescos.<\/td>\n<\/tr>\n<tr>\n<td><i class=\"fa fa-check icon-tick icon-tick--on\"><\/i>Recorrido por las cuevas de los indios.<\/td>\n<\/tr>\n<tr>\n<td><i class=\"fa fa-check icon-tick icon-tick--on\"><\/i>Recorrido en bote en el Parque Nacional Los Haitises.<\/td>\n<\/tr>\n<\/tbody>\n<\/table>\n<\/td>\n<\/tr>\n<tr>\n<td><strong>RECOMENDACIONES<\/strong><\/td>\n<td>Favor de traer bloqueador solar, toalla de playa, ropa ligera y la c\u00e1mara.<\/td>\n<\/tr>\n<tr>\n<td><strong>OBSERVACIONES<\/strong><\/td>\n<td>Este tour opera todos los jueves, si vas a reservar este tour con Cayo Levantado despu\u00e9s de almorzar pasamos la tarde en la playa, habr\u00e1 el tiempo para nadar y bucear, el equipo de snorkeling no est\u00e1 incluido.<\/td>\n<\/tr>\n<tr>\n<td><strong>DURACI\u00d3N<\/strong><\/td>\n<td>D\u00eda completo.<\/td>\n<\/tr>\n<\/tbody>\n<\/table>\n<p><strong>LOS HAITISES<\/strong><\/p>\n<p>Parque Nacional Los Haitises contiene paisajes espectaculares como la Bah\u00eda de San Lorenzo, a los islotes (claves), y los manglares. El Cayo de los P\u00e1jaros (\u201cllave de p\u00e1jaro\u201d), el cual es visible la presencia casi continua de fragatas y pel\u00edcanos que circundan a baja altura, se encuentra entre la Boca del Infierno (\u201cBoca del Infierno\u201d) y El Naranjo Arriba. Cupey es la especie arb\u00f3rea dominante y aves llenan sus ramas horizontales. El \u00e1rbol silvestre de higuera (Ficus citrifolia, tambi\u00e9n conocido como shortleaf fig) y almendra tropical (Terminalia catappa) son los otros \u00e1rboles del parque.<\/p>\n<p>La mayor\u00eda de los visitantes llegan por mar de embarcarse de Sabana de la Mar (extremo este), S\u00e1nchez (extremo norte), o Saman\u00e1 (al otro lado de la Bah\u00eda de Saman\u00e1 Sabana de la Mar); Sin embargo, es posible llegar por tierra desde el sur por medio de cuatro veh\u00edculos de doble tracci\u00f3n. Una carretera privada se est\u00e1 construyendo a trav\u00e9s de las monta\u00f1as y un nuevo aeropuerto est\u00e1 siendo construido en la ciudad de Saman\u00e1 para proporcionar un mejor acceso. Las principales actividades econ\u00f3micas de Monte Plata son la ganader\u00eda y el cultivo de ca\u00f1a de az\u00facar. Los turistas encontrar\u00e1n un gran n\u00famero de carreteras para el transporte de ca\u00f1a de az\u00facar.<\/p>\n<p>[xyz-ihs snippet=\u00bbNOTASIMPORTANTES\u00bb]<\/p>\n<p><a href=\"https:\/\/bestdominicantoursandtransfers.com\/es\/\">Best Dominican T&amp;T<\/a><\/p>\n","protected":false},"excerpt":{"rendered":"<p>\u263c Los Haitises + Cayo Levantado Salida en confortable autob\u00fas, con aire acondicionado y acompa\u00f1ado de un gu\u00eda tur\u00edstico certificado, viajamos por la costa este de la aldea de pescadores de Sabana de la Mar. despu\u00e9s de dos horas y media de viaje a trav\u00e9s de valles y monta\u00f1as de la Rep\u00fablica Dominicana, donde pasaremos<\/p>\n<div class=\"padding-top text-center\"><a href=\"https:\/\/bestdominicantoursandtransfers.com\/es\/tours\/los-haitises-pc\/\" class=\"atbtn atbtn--medium atbtn--rounded atbtn--transparent\">Leer m\u00e1s<i class=\"atbtn__icon atbtn__icon--right fa fa-long-arrow-right\"><\/i><\/a><\/div>\n","protected":false},"featured_media":492,"comment_status":"open","ping_status":"closed","template":"","meta":[],"_links":{"self":[{"href":"https:\/\/bestdominicantoursandtransfers.com\/es\/wp-json\/wp\/v2\/product\/652"}],"collection":[{"href":"https:\/\/bestdominicantoursandtransfers.com\/es\/wp-json\/wp\/v2\/product"}],"about":[{"href":"https:\/\/bestdominicantoursandtransfers.com\/es\/wp-json\/wp\/v2\/types\/product"}],"replies":[{"embeddable":true,"href":"https:\/\/bestdominicantoursandtransfers.com\/es\/wp-json\/wp\/v2\/comments?post=652"}],"wp:featuredmedia":[{"embeddable":true,"href":"https:\/\/bestdominicantoursandtransfers.com\/es\/wp-json\/wp\/v2\/media\/492"}],"wp:attachment":[{"href":"https:\/\/bestdominicantoursandtransfers.com\/es\/wp-json\/wp\/v2\/media?parent=652"}],"curies":[{"name":"wp","href":"https:\/\/api.w.org\/{rel}","templated":true}]}}