{"id":650,"date":"2016-02-07T17:46:28","date_gmt":"2016-02-07T17:46:28","guid":{"rendered":"https:\/\/bestdominicantoursandtransfers.com\/es\/?post_type=product&#038;p=650"},"modified":"2018-04-14T19:35:51","modified_gmt":"2018-04-14T19:35:51","slug":"laguna-limon-vip","status":"publish","type":"product","link":"https:\/\/bestdominicantoursandtransfers.com\/es\/tours\/laguna-limon-vip\/","title":{"rendered":"Laguna Limon VIP"},"content":{"rendered":"<h2>\u263c Laguna Limon VIP<\/h2>\n<p>Ven con nosotros a la excursi\u00f3n m\u00e1s completa de la Rep\u00fablica Dominicana y entra en contacto con La Laguna Lim\u00f3n, una de las m\u00e1s grandes reservas ecol\u00f3gicas del pa\u00eds, en este viaje tendr\u00e1s la oportunidad de observar una de las vistas m\u00e1s espectaculares de la Bah\u00eda de Saman\u00e1 y de las dos (2) extraordinarias lagunas desde lo m\u00e1s alto de la Monta\u00f1a Redonda.<\/p>\n<p>Cambiaremos de transporte a nuestros camiones todo terreno para alcanzar la cima de la Monta\u00f1a Redonda donde la emoci\u00f3n y la adrenalina hacen presencia, en esta parada disfrutaremos de una hermosa vista panor\u00e1mica de dos Lagunas, La Bah\u00eda de Saman\u00e1 y La Cordillera Oriental tomando un refresco y admirando la naturaleza en todo su esplendor.<\/p>\n<p>Bajaremos la monta\u00f1a hacia una enramada t\u00edpica, donde habr\u00e1 una demostraci\u00f3n de c\u00f3mo trabajan el Caf\u00e9 y el Cacao y tendremos la oportunidad de observar la manufactura del tabaco<\/p>\n<p>Nuestro recorrido contin\u00faa hacia el Rancho La Cueva para el exquisito almuerzo tipo buffet con Langostino y Vino.<\/p>\n<p>Los amantes de los caballos tendr\u00e1n la posibilidad de cabalgar en la hermosa playa virgen \u201cPlaya Lim\u00f3n.<\/p>\n<p>Opcional, un divertido paseo a carreta tirada por bueyes.<\/p>\n<p>Una estupenda cabalgata hacia las m\u00e1s espectacular playa de toda la regi\u00f3n Este, Playa Lim\u00f3n, donde tendr\u00e1 tiempo para disfrutar de sus encantos\u2026!<\/p>\n<p>Disfrute de un momento de relax o de un rico ba\u00f1o en las maravillosas aguas de la Playa Lim\u00f3n, un para\u00edso perdido enclavado en la zona de Miches, esta estancia la podr\u00e1 combinar con un fresco Coco.<\/p>\n<p>En la playa una Lancha nos espera para ponernos una vez m\u00e1s en contacto con la naturaleza, al cruzar la hermosa y fascinante LAGUNA LIM\u00d3N. Esta traves\u00eda nos llevar\u00e1 de vuelta a la realidad.<\/p>\n<p>&nbsp;<\/p>\n<table class=\"table table-bordered tours-tabs__table\" style=\"height: 233px;\" width=\"862\">\n<tbody>\n<tr>\n<td><strong>UBICACI\u00d3N<\/strong><\/td>\n<td>Laguna Lim\u00f3n<\/td>\n<\/tr>\n<tr>\n<td><strong>TRANSPORTE<\/strong><\/td>\n<td>Lobby del hotel o punto de encuentro especificado. La hora puede variar seg\u00fan la ubicaci\u00f3n de su hotel o alojamiento. Le estaremos contactando para entregarle el Boucher de confirmaci\u00f3n de su reserva y hora y lugar de recogida.<\/td>\n<\/tr>\n<tr>\n<td><strong>INCLUIDO<\/strong><\/td>\n<td>\n<table style=\"height: 62px; line-height: 31px;\" width=\"300\">\n<tbody>\n<tr>\n<td><i class=\"fa fa-check icon-tick icon-tick--on\"><\/i>Gu\u00eda autorizado en el idioma requerido.<\/td>\n<\/tr>\n<tr>\n<td><i class=\"fa fa-check icon-tick icon-tick--on\"><\/i>Transporte Terrestre, autobuses y camiones.<\/td>\n<\/tr>\n<tr>\n<td><i class=\"fa fa-check icon-tick icon-tick--on\"><\/i>Transporte Mar\u00edtimo (Lanchas).<\/td>\n<\/tr>\n<tr>\n<td><i class=\"fa fa-check icon-tick icon-tick--on\"><\/i>Paseo a Caballos.<\/td>\n<\/tr>\n<tr>\n<td><i class=\"fa fa-check icon-tick icon-tick--on\"><\/i>Bebidas Nacionales ilimitadas.<\/td>\n<\/tr>\n<tr>\n<td><i class=\"fa fa-check icon-tick icon-tick--on\"><\/i>Almuerzo Buffet con frutos del mar.<\/td>\n<\/tr>\n<\/tbody>\n<\/table>\n<\/td>\n<\/tr>\n<tr>\n<td><strong>RECOMENDACIONES<\/strong><\/td>\n<td><strong>No olvide llevar:<\/strong> Ba\u00f1ador o bikini y toalla, Dinero para comprar souvenirs, Protector solar, C\u00e1mara de fotos.<\/td>\n<\/tr>\n<tr>\n<td><strong>OBSERVACIONES<\/strong><\/td>\n<td>Este tour est\u00e1 funcionando Lunes, Mi\u00e9rcoles y Viernes.<\/td>\n<\/tr>\n<tr>\n<td><strong>DURACI\u00d3N<\/strong><\/td>\n<td>D\u00eda Completo.<\/td>\n<\/tr>\n<\/tbody>\n<\/table>\n<p>&nbsp;<\/p>\n<div class=\"title title--center title--underline title--decoration-bottom-center\">\n\t\t<h3 class=\"title__primary\">ITINERARIO<\/h3>\n<\/div>\n\n<div class=\"timeline\"><div class=\"timeline__item\">\n\t<div class=\"timeline__item__icon-wrap\">\n\t\t<div class=\"timeline__item__icon\">\n\t\t\t<div class=\"timeline__item__icon__text\">0<\/div>\n\t\t<\/div>\n\t<\/div>\n\t<div class=\"timeline__item__content padding-left\">\n\t\t<h3 class=\"timeline__item__title\">Recogida de clientes en los Hoteles de B\u00e1varo.<\/h3>\t\t<div class=\"timeline__item__description\">(Buses).<\/div>\t<\/div>\n<\/div>\n<div class=\"timeline__item\">\n\t<div class=\"timeline__item__icon-wrap\">\n\t\t<div class=\"timeline__item__icon\">\n\t\t\t<div class=\"timeline__item__icon__text\">1<\/div>\n\t\t<\/div>\n\t<\/div>\n\t<div class=\"timeline__item__content padding-left\">\n\t\t<h3 class=\"timeline__item__title\">Miches, Comunidad de Las Lisas.<\/h3>\t\t\t<\/div>\n<\/div>\n<div class=\"timeline__item\">\n\t<div class=\"timeline__item__icon-wrap\">\n\t\t<div class=\"timeline__item__icon\">\n\t\t\t<div class=\"timeline__item__icon__text\">2<\/div>\n\t\t<\/div>\n\t<\/div>\n\t<div class=\"timeline__item__content padding-left\">\n\t\t<h3 class=\"timeline__item__title\">The Redonda Mountain.<\/h3>\t\t\t<\/div>\n<\/div>\n<div class=\"timeline__item\">\n\t<div class=\"timeline__item__icon-wrap\">\n\t\t<div class=\"timeline__item__icon\">\n\t\t\t<div class=\"timeline__item__icon__text\">3<\/div>\n\t\t<\/div>\n\t<\/div>\n\t<div class=\"timeline__item__content padding-left\">\n\t\t<h3 class=\"timeline__item__title\">La Monta\u00f1a Redonda \u2013 Una Casa T\u00edpica.<\/h3>\t\t\t<\/div>\n<\/div>\n<div class=\"timeline__item\">\n\t<div class=\"timeline__item__icon-wrap\">\n\t\t<div class=\"timeline__item__icon\">\n\t\t\t<div class=\"timeline__item__icon__text\">4<\/div>\n\t\t<\/div>\n\t<\/div>\n\t<div class=\"timeline__item__content padding-left\">\n\t\t<h3 class=\"timeline__item__title\">Demostraci\u00f3n elaboraci\u00f3n de Caf\u00e9 y Cacao.<\/h3>\t\t\t<\/div>\n<\/div>\n<div class=\"timeline__item\">\n\t<div class=\"timeline__item__icon-wrap\">\n\t\t<div class=\"timeline__item__icon\">\n\t\t\t<div class=\"timeline__item__icon__text\">5<\/div>\n\t\t<\/div>\n\t<\/div>\n\t<div class=\"timeline__item__content padding-left\">\n\t\t<h3 class=\"timeline__item__title\">Gallera (Pelea de Gallos).<\/h3>\t\t\t<\/div>\n<\/div>\n<div class=\"timeline__item\">\n\t<div class=\"timeline__item__icon-wrap\">\n\t\t<div class=\"timeline__item__icon\">\n\t\t\t<div class=\"timeline__item__icon__text\">6<\/div>\n\t\t<\/div>\n\t<\/div>\n\t<div class=\"timeline__item__content padding-left\">\n\t\t<h3 class=\"timeline__item__title\">Rancho La Cueva.<\/h3>\t\t\t<\/div>\n<\/div>\n<div class=\"timeline__item\">\n\t<div class=\"timeline__item__icon-wrap\">\n\t\t<div class=\"timeline__item__icon\">\n\t\t\t<div class=\"timeline__item__icon__text\">7<\/div>\n\t\t<\/div>\n\t<\/div>\n\t<div class=\"timeline__item__content padding-left\">\n\t\t<h3 class=\"timeline__item__title\">Playa El Lim\u00f3n.<\/h3>\t\t\t<\/div>\n<\/div>\n<div class=\"timeline__item\">\n\t<div class=\"timeline__item__icon-wrap\">\n\t\t<div class=\"timeline__item__icon\">\n\t\t\t<div class=\"timeline__item__icon__text\">8<\/div>\n\t\t<\/div>\n\t<\/div>\n\t<div class=\"timeline__item__content padding-left\">\n\t\t<h3 class=\"timeline__item__title\">Laguna Lim\u00f3n.<\/h3>\t\t\t<\/div>\n<\/div>\n<\/div>\n<p>[xyz-ihs snippet=\u00bbNOTASIMPORTANTES\u00bb]<\/p>\n<p><a href=\"https:\/\/bestdominicantoursandtransfers.com\/es\/\">Best Dominican T&amp;T<\/a><\/p>\n","protected":false},"excerpt":{"rendered":"<p>\u263c Laguna Limon VIP Ven con nosotros a la excursi\u00f3n m\u00e1s completa de la Rep\u00fablica Dominicana y entra en contacto con La Laguna Lim\u00f3n, una de las m\u00e1s grandes reservas ecol\u00f3gicas del pa\u00eds, en este viaje tendr\u00e1s la oportunidad de observar una de las vistas m\u00e1s espectaculares de la Bah\u00eda de Saman\u00e1 y de las<\/p>\n<div class=\"padding-top text-center\"><a href=\"https:\/\/bestdominicantoursandtransfers.com\/es\/tours\/laguna-limon-vip\/\" class=\"atbtn atbtn--medium atbtn--rounded atbtn--transparent\">Leer m\u00e1s<i class=\"atbtn__icon atbtn__icon--right fa fa-long-arrow-right\"><\/i><\/a><\/div>\n","protected":false},"featured_media":623,"comment_status":"open","ping_status":"closed","template":"","meta":[],"_links":{"self":[{"href":"https:\/\/bestdominicantoursandtransfers.com\/es\/wp-json\/wp\/v2\/product\/650"}],"collection":[{"href":"https:\/\/bestdominicantoursandtransfers.com\/es\/wp-json\/wp\/v2\/product"}],"about":[{"href":"https:\/\/bestdominicantoursandtransfers.com\/es\/wp-json\/wp\/v2\/types\/product"}],"replies":[{"embeddable":true,"href":"https:\/\/bestdominicantoursandtransfers.com\/es\/wp-json\/wp\/v2\/comments?post=650"}],"wp:featuredmedia":[{"embeddable":true,"href":"https:\/\/bestdominicantoursandtransfers.com\/es\/wp-json\/wp\/v2\/media\/623"}],"wp:attachment":[{"href":"https:\/\/bestdominicantoursandtransfers.com\/es\/wp-json\/wp\/v2\/media?parent=650"}],"curies":[{"name":"wp","href":"https:\/\/api.w.org\/{rel}","templated":true}]}}