{"id":648,"date":"2016-02-07T16:48:17","date_gmt":"2016-02-07T16:48:17","guid":{"rendered":"https:\/\/bestdominicantoursandtransfers.com\/es\/?post_type=product&#038;p=648"},"modified":"2021-08-23T02:40:33","modified_gmt":"2021-08-23T02:40:33","slug":"paseo-a-caballo","status":"publish","type":"product","link":"https:\/\/bestdominicantoursandtransfers.com\/es\/tours\/paseo-a-caballo\/","title":{"rendered":"Paseo a Caballo"},"content":{"rendered":"<h2>\u263c Paseo a Caballo<\/h2>\n<p>Les brindaremos una experiencia de montar a caballos inolvidable en Punta Cana. En Uvero Alto tenemos muchas rutas a caballo y oportunidades disponibles para explorar playas v\u00edrgenes senderos ecol\u00f3gicos, y lagunas, No hay nada como la sensaci\u00f3n de libertad que montar un caballo en los senderos en Punta Cana.<\/p>\n<p>Lo llevaremos a un pa\u00eds pac\u00edfico y hermoso rancho de caballos en el norte de Punta Cana a escapar de su hotel para una inolvidable fresca ma\u00f1ana o atardecer de paseos a caballos.<\/p>\n<p>Caballos bien entrenados, vigorosos y bien cuidados para facilitar la interacci\u00f3n de las personas con la vida silvestre, por debajo de un cielo azul, el viento en el pelo, la belleza de la naturaleza y el olor del aire fresco y limpio. Puede pasar todo el tiempo escuchando los sonidos de la naturaleza y relajarse.<\/p>\n<p>La experiencia de los placeres simples de la vida con su familia, amigos o por su cuenta. Tenemos los caballos adecuados para cada nivel de experiencia o estilo de montar a caballo, no importa si es un experto jinete o simplemente un novato , ni\u00f1o o adulto. As\u00ed que venga y disfrute de la paz, un d\u00eda apacible y tranquilo, paseando por las playas y senderos naturales o mas bien galopeando a solicitud de usted..!!<\/p>\n<p>Nuestros gu\u00edas profesionales evaluaran el nivel de experiencia de cada visitante a nuestro Rancho y explicara como controlar a los caballos y las reglas de seguridad y luego nuestro gu\u00eda les acompa\u00f1ara a descubrir los mas hermosos paisajes ocultos en toda nuestras hermosos senderos ecol\u00f3gicos y playa paradis\u00edacas de blancas arenas y azul turquesa, mientras las brisas tropicales le acarician el pelo y respiran aire puro y limpio en un entorno totalmente relajante y tranquilo.<\/p>\n<table class=\"table table-bordered tours-tabs__table\" style=\"height: 233px;\" width=\"862\">\n<tbody>\n<tr>\n<td><strong>UBICACI\u00d3N<\/strong><\/td>\n<td>Uvero Alto<\/td>\n<\/tr>\n<tr>\n<td><strong>TRANSPORTE<\/strong><\/td>\n<td>Hotel Lobby or specified meeting point. Pick up time vary by hotel location. Well contact you in order to give your reservation confirmations voucher and schedule pickup time at your hotel.<\/td>\n<\/tr>\n<tr>\n<td><strong>INCLUIDO<\/strong><\/td>\n<td>\n<table style=\"height: 62px; line-height: 31px;\" width=\"300\">\n<tbody>\n<tr>\n<td><i class=\"fa fa-check icon-tick icon-tick--on\"><\/i>Transportacion ida y vuelta desde y hacia su hotel.<\/td>\n<\/tr>\n<tr>\n<td><i class=\"fa fa-check icon-tick icon-tick--on\"><\/i>Guia jinete experto para asistirlo en todo el trayecto.<\/td>\n<\/tr>\n<tr>\n<td><i class=\"fa fa-check icon-tick icon-tick--on\"><\/i>Dos horas de paseo.<\/td>\n<\/tr>\n<tr>\n<td><i class=\"fa fa-check icon-tick icon-tick--on\"><\/i>Agua embotellada.<\/td>\n<\/tr>\n<tr>\n<td><i class=\"fa fa-check icon-tick icon-tick--on\"><\/i>Casco protector.<\/td>\n<\/tr>\n<\/tbody>\n<\/table>\n<\/td>\n<\/tr>\n<tr>\n<td><strong>RECOMENDACIONES<\/strong><\/td>\n<td>Pantalones largos preferiblemente blue jeans , zapatos cerrados o tennis, bloqueador solar, gafas de sol y dinero para souvenirs.<\/td>\n<\/tr>\n<tr>\n<td><strong>OBSERVACIONES<\/strong><\/td>\n<td>Disponibilidad: todos los d\u00edas de la semana , ma\u00f1ana y tarde. Para grupos incentivos o privados, horario especial a solicitud.<\/td>\n<\/tr>\n<tr>\n<td><strong>PUNTO DE SALIDA<\/strong><\/td>\n<td>La mayor\u00eda de los hoteles de Punta Cana , B\u00e1varo y Uvero Alto<\/td>\n<\/tr>\n<tr>\n<td><strong>EDAD M\u00cdNIMA<\/strong><\/td>\n<td>6 a\u00f1os. (M\u00ednima edad.)<\/td>\n<\/tr>\n<tr>\n<td><strong>DURACI\u00d3N<\/strong><\/td>\n<td>Dos horas.<\/td>\n<\/tr>\n<\/tbody>\n<\/table>\n<p>[xyz-ihs snippet=\u00bbNOTASIMPORTANTES\u00bb]<\/p>\n<p><a href=\"https:\/\/bestdominicantoursandtransfers.com\/es\/\">Best Dominican T&amp;T<\/a><\/p>\n","protected":false},"excerpt":{"rendered":"<p>\u263c Paseo a Caballo Les brindaremos una experiencia de montar a caballos inolvidable en Punta Cana. En Uvero Alto tenemos muchas rutas a caballo y oportunidades disponibles para explorar playas v\u00edrgenes senderos ecol\u00f3gicos, y lagunas, No hay nada como la sensaci\u00f3n de libertad que montar un caballo en los senderos en Punta Cana. Lo llevaremos<\/p>\n<div class=\"padding-top text-center\"><a href=\"https:\/\/bestdominicantoursandtransfers.com\/es\/tours\/paseo-a-caballo\/\" class=\"atbtn atbtn--medium atbtn--rounded atbtn--transparent\">Leer m\u00e1s<i class=\"atbtn__icon atbtn__icon--right fa fa-long-arrow-right\"><\/i><\/a><\/div>\n","protected":false},"featured_media":615,"comment_status":"open","ping_status":"closed","template":"","meta":[],"_links":{"self":[{"href":"https:\/\/bestdominicantoursandtransfers.com\/es\/wp-json\/wp\/v2\/product\/648"}],"collection":[{"href":"https:\/\/bestdominicantoursandtransfers.com\/es\/wp-json\/wp\/v2\/product"}],"about":[{"href":"https:\/\/bestdominicantoursandtransfers.com\/es\/wp-json\/wp\/v2\/types\/product"}],"replies":[{"embeddable":true,"href":"https:\/\/bestdominicantoursandtransfers.com\/es\/wp-json\/wp\/v2\/comments?post=648"}],"wp:featuredmedia":[{"embeddable":true,"href":"https:\/\/bestdominicantoursandtransfers.com\/es\/wp-json\/wp\/v2\/media\/615"}],"wp:attachment":[{"href":"https:\/\/bestdominicantoursandtransfers.com\/es\/wp-json\/wp\/v2\/media?parent=648"}],"curies":[{"name":"wp","href":"https:\/\/api.w.org\/{rel}","templated":true}]}}