{"id":646,"date":"2016-02-07T16:08:16","date_gmt":"2016-02-07T16:08:16","guid":{"rendered":"https:\/\/bestdominicantoursandtransfers.com\/es\/?post_type=product&#038;p=646"},"modified":"2022-07-12T16:51:39","modified_gmt":"2022-07-12T16:51:39","slug":"cueva-fun-fun","status":"publish","type":"product","link":"https:\/\/bestdominicantoursandtransfers.com\/es\/tours\/cueva-fun-fun\/","title":{"rendered":"Cueva Fun Fun"},"content":{"rendered":"<h2>\u263c Cueva Fun Fun<\/h2>\n<p><strong>CUEVA FUN FUN: ACEPTA EL RETO DEl VIAJE AL CORAZ\u00d3N DE LA TIERRA!<\/strong><\/p>\n<p><strong>Precio Regular: Adultos <del>US$155<\/del> CHD <del>US$110<\/del> \/ Online price: US$139 Adultos CHD US$99.<\/strong><\/p>\n<p>El interesante paisaje tropical de la finca en el Rancho Capote y el fascinante mundo subterr\u00e1neo del complejo cavernario de Fun Fun, usted lo podr\u00e1 experimentar a trav\u00e9s de nuestra excursi\u00f3n de ecoturismo y turismo de aventura, con gu\u00edas expertos, disfrutando adem\u00e1s de un rico desayuno con abundantes frutas tropicales, una cabalgata, una caminata en el bosque tropical y un inolvidable recorrido de m\u00e1s de una hora en la Cueva Fun Fun con la inclusi\u00f3n de nado en un t\u00fanel atravesado por un ri\u00f3 subterr\u00e1neo, contemplando en la salida de la cueva los petroglifos, unido a un regenerador ba\u00f1o en el r\u00edo y luego con una segunda cabalgata hasta llegar de regreso al rancho y disfrutar de una deliciosa comida t\u00edpica dominicana.<\/p>\n<p>Su inolvidable aventura comienza con un delicioso desayuno de frescas y abundantes frutas tropicales. Le sigue un cambio de vestimenta especial y breve entrenamiento con gu\u00edas y equipos profesionales de alta seguridad, con la finalidad de adentrarse en el mundo subterr\u00e1neo.<\/p>\n<p>Empieza la aventura con una cabalgata hasta el pi\u00e9 de la zona c\u00e1rsica (rocas calizas de origen coralino en Los Haitises). Luego una caminata a trav\u00e9s del bosque h\u00famedo en plena reserva Dominicana de los Haitises, donde el bosque h\u00famedo y las peque\u00f1as monta\u00f1as c\u00f3nicas se entremezclan en un ecosistema con una de las m\u00e1s rica diversidad biol\u00f3gica del Caribe Antillano.<\/p>\n<p>Finaliza la caminata en una peque\u00f1a fisura que no es m\u00e1s que una de las chimeneas del complejo cavernario. Prep\u00e1rese para un descenso en soga haciendo rapel desde una altura de 20 metros aproximadamente al interior de la cueva, siempre en manos de expertos gu\u00edas profesionales.<\/p>\n<p><strong>\u00a0<\/strong><\/p>\n<h3>Justo en este momento, es cuando la real aventura a empezado!<\/h3>\n<p>A partir de este momento los gu\u00edas lo conducir\u00e1n por t\u00faneles y gigantescos corredores subterr\u00e1neos. As\u00f3mbrese de espectaculares estalactitas y estalagmitas, coladas, columnas, admire la impresionante perfecci\u00f3n del efecto del agua en la disoluci\u00f3n de la roca caliza, creando cristales perfectos, observe como cada estalactita y estalagmita emite un sonido diferente, creando una verdadera sinf\u00f3nica en lo profundo de las entra\u00f1as de la Tierra.<\/p>\n<p>Ahora empezar\u00e1 a sentir agua entre sus pies, empieza a recorrer un r\u00edo subterr\u00e1neo que pronto ver\u00e1 un peque\u00f1o t\u00fanel donde se aventurar\u00e1, si lo desea, a nado o puede tomar la ruta alternativa e ir a pie sin tener que nadar.<\/p>\n<p>Aumenta el volumen del agua, apreciar\u00e1 el revoloteo de cientos y miles de murci\u00e9lagos inquietos por su pres\u00e9ncia, adm\u00edrelos que son habitantes cavern\u00edcolas indefensos que juegan un extraordinario papel en el equilibrio de la ecolog\u00eda.<\/p>\n<p>Unos metros m\u00e1s y ves la luz al final del t\u00fanel, has llegado a la salida principal de Fun Fun, donde los r\u00edos salen a ver la luz, lamiendo suavemente las rocas. Es un lugar espectacular: grandes bloques de rocas, exuberante vegetaci\u00f3n, la anidaci\u00f3n de las golondrinas, y lo m\u00e1s importante, la herencia de la cultura prehisp\u00e1nica con la presencia de petroglifos, arte rupestre milenario y m\u00e1gico religioso, herencia de la m\u00e1s importante cultura antillana, la Ta\u00edna.<\/p>\n<p>Finalmente, los caballos te llevar\u00e1n de regreso, en una segunda cabalgata al comedor del rancho, para finalizar esta incre\u00edble aventura con un rico buffet de sana y deliciosa comida y bebida criolla, mientras se deleita con la hermosa vista de reba\u00f1os de ovejas y cabras y hermosos jardines y aves ex\u00f3ticas.<\/p>\n<table class=\"table table-bordered tours-tabs__table\" style=\"height: 233px;\" width=\"862\">\n<tbody>\n<tr>\n<td><strong>UBICACI\u00d3N<\/strong><\/td>\n<td>Hato Mayor<\/td>\n<\/tr>\n<tr>\n<td><strong>TRANSPORTE<\/strong><\/td>\n<td>En el lobby de su hotel o punto de reuni\u00f3n especificado. La hora de recojida podr\u00eda variar seg\u00fan la ubicaci\u00f3n de su hotel. Le estaremos contactando para entregarle el voucher de confirmaci\u00f3n de su reservacion, donde le marcamos la hora programada y lugar de recojida.<\/td>\n<\/tr>\n<tr>\n<td><strong>INCLUIDO<\/strong><\/td>\n<td>\n<table style=\"height: 62px; line-height: 31px;\" width=\"300\">\n<tbody>\n<tr>\n<td><i class=\"fa fa-check icon-tick icon-tick--on\"><\/i>Transporte ida y vuelta desde y hacia su hotel en autobuses climatizados.<\/td>\n<\/tr>\n<tr>\n<td><i class=\"fa fa-check icon-tick icon-tick--on\"><\/i>Gu\u00eda oficial de turismo en su idioma seleccionado.<\/td>\n<\/tr>\n<tr>\n<td><i class=\"fa fa-check icon-tick icon-tick--on\"><\/i>Desayuno en el rancho , debido a la recojida de salida temprano en el del hotel.<\/td>\n<\/tr>\n<tr>\n<td><i class=\"fa fa-check icon-tick icon-tick--on\"><\/i>Almuerzo buffet y bebidas.<\/td>\n<\/tr>\n<tr>\n<td><i class=\"fa fa-check icon-tick icon-tick--on\"><\/i>Gu\u00eda oficial de turismo.<\/td>\n<\/tr>\n<tr>\n<td><i class=\"fa fa-check icon-tick icon-tick--on\"><\/i>Todos los equipos de exploraci\u00f3n de cuevas.<\/td>\n<\/tr>\n<\/tbody>\n<\/table>\n<\/td>\n<\/tr>\n<tr>\n<td><strong>RECOMENDACIONES<\/strong><\/td>\n<td>Zapatos confortables para caminar y trepar, preferiblemente zapatos deportivos, llevar una segunda ropa para cambiarse la ropa mojada, repelente, y dinero para souvenires.<\/td>\n<\/tr>\n<tr>\n<td><strong>NOTAS IMPORTANTES<\/strong><\/td>\n<td>\u2022 Mujeres embarazadas no pueden participar en esta excursi\u00f3n.<br \/>\n\u2022 No pueden participar personas en estado ebrio, bajo fuerte medicaci\u00f3n, o sustancias controladas.<br \/>\n\u2022 No pueden participar personas con problemas card\u00edacos, alta presi\u00f3n, problemas respiratorios, v\u00e9rtigo, asma, epilepsia, Parkinson o inhabilidad mental.<br \/>\n\u2022 Camaras fotogr\u00e1ficas, tel\u00e9fonos celulares u otros objetos perdibles no est\u00e1n permitidos en el tour, lo podr\u00eda llevar bajo su propia responsabilidad.<br \/>\n\u2022 La compa\u00f1\u00eda se reserva el derecho de negar la participaci\u00f3n de ciertas personas seg\u00fan los criterios antes mencionados.<br \/>\n\u2022 La edad m\u00ednima para participar en esta actividad es de 11 a\u00f1os.<\/td>\n<\/tr>\n<tr>\n<td><strong>OBSERVACIONES<\/strong><\/td>\n<td>Este tour esta operando de Lunes a Viernes.<\/td>\n<\/tr>\n<tr>\n<td><strong>DURACI\u00d3N<\/strong><\/td>\n<td>Cuatro horas de adrenalina.<\/td>\n<\/tr>\n<\/tbody>\n<\/table>\n<p>[xyz-ihs snippet=\u00bbNOTASIMPORTANTES\u00bb]<\/p>\n<p><a href=\"https:\/\/bestdominicantoursandtransfers.com\/es\/\">Best Dominican T&amp;T<\/a><\/p>\n","protected":false},"excerpt":{"rendered":"<p>\u263c Cueva Fun Fun CUEVA FUN FUN: ACEPTA EL RETO DEl VIAJE AL CORAZ\u00d3N DE LA TIERRA! Precio Regular: Adultos US$155 CHD US$110 \/ Online price: US$139 Adultos CHD US$99. El interesante paisaje tropical de la finca en el Rancho Capote y el fascinante mundo subterr\u00e1neo del complejo cavernario de Fun Fun, usted lo podr\u00e1<\/p>\n<div class=\"padding-top text-center\"><a href=\"https:\/\/bestdominicantoursandtransfers.com\/es\/tours\/cueva-fun-fun\/\" class=\"atbtn atbtn--medium atbtn--rounded atbtn--transparent\">Leer m\u00e1s<i class=\"atbtn__icon atbtn__icon--right fa fa-long-arrow-right\"><\/i><\/a><\/div>\n","protected":false},"featured_media":586,"comment_status":"open","ping_status":"closed","template":"","meta":[],"_links":{"self":[{"href":"https:\/\/bestdominicantoursandtransfers.com\/es\/wp-json\/wp\/v2\/product\/646"}],"collection":[{"href":"https:\/\/bestdominicantoursandtransfers.com\/es\/wp-json\/wp\/v2\/product"}],"about":[{"href":"https:\/\/bestdominicantoursandtransfers.com\/es\/wp-json\/wp\/v2\/types\/product"}],"replies":[{"embeddable":true,"href":"https:\/\/bestdominicantoursandtransfers.com\/es\/wp-json\/wp\/v2\/comments?post=646"}],"wp:featuredmedia":[{"embeddable":true,"href":"https:\/\/bestdominicantoursandtransfers.com\/es\/wp-json\/wp\/v2\/media\/586"}],"wp:attachment":[{"href":"https:\/\/bestdominicantoursandtransfers.com\/es\/wp-json\/wp\/v2\/media?parent=646"}],"curies":[{"name":"wp","href":"https:\/\/api.w.org\/{rel}","templated":true}]}}