{"id":643,"date":"2016-02-06T17:52:41","date_gmt":"2016-02-06T17:52:41","guid":{"rendered":"https:\/\/bestdominicantoursandtransfers.com\/es\/?post_type=product&#038;p=643"},"modified":"2018-04-14T19:34:15","modified_gmt":"2018-04-14T19:34:15","slug":"boogies-adventures","status":"publish","type":"product","link":"https:\/\/bestdominicantoursandtransfers.com\/es\/tours\/boogies-adventures\/","title":{"rendered":"Boogies Adventures"},"content":{"rendered":"<h2>\u263c ATV four wheels<\/h2>\n<p>\u00danase a nosotros para un d\u00eda memorable conducir su 250cc, cruzamos por el pueblo dominicano recorriendo el bosque tropical y compartiendo con los habitantes del campo dominicano. Disfrute de esta divertida aventura llena de adrenalina y descubra las bellezas naturales de esta regi\u00f3n. Despu\u00e9s de las instrucciones de seguridad de nuestro gu\u00eda, tomaremos los senderos ecol\u00f3gicos que nos conducir\u00e1n a todo tipos de terrenos, desde los fangosos hasta los rocosos, adem\u00e1s de descubrir una gigantesca gruta caverna, que contiene en su interior una impresionante cenote o ri\u00f3 subterr\u00e1neo de aguas cristalina, donde nos daremos un refrescante ba\u00f1o para quitarnos la calor, y luego proseguir por el principal sendero que nos conducir\u00e1 a la espectacular playa de Macao, considerada como una de las mas hermosas del Caribe y el mundo.<\/p>\n<table class=\"table table-bordered tours-tabs__table\" style=\"height: 233px;\" width=\"862\">\n<tbody>\n<tr>\n<td><strong>UBICACI\u00d3N<\/strong><\/td>\n<td>Macao<\/td>\n<\/tr>\n<tr>\n<td><strong>TRANSPORTE<\/strong><\/td>\n<td>Hotel lobby principal.<\/td>\n<\/tr>\n<tr>\n<td><strong>INCLUIDO<\/strong><\/td>\n<td>\n<table style=\"height: 62px; line-height: 31px;\" width=\"300\">\n<tbody>\n<tr>\n<td><i class=\"fa fa-check icon-tick icon-tick--on\"><\/i>Gu\u00eda tur\u00edstico especialista en quads y buggies todo terreno.<\/td>\n<\/tr>\n<tr>\n<td><i class=\"fa fa-check icon-tick icon-tick--on\"><\/i>C\u00f3modo autob\u00fas con aire acondicionado.<\/td>\n<\/tr>\n<tr>\n<td><i class=\"fa fa-check icon-tick icon-tick--on\"><\/i>Traslados.<\/td>\n<\/tr>\n<tr>\n<td><i class=\"fa fa-check icon-tick icon-tick--on\"><\/i>Four wheel ATV y aperitivos.<\/td>\n<\/tr>\n<\/tbody>\n<\/table>\n<\/td>\n<\/tr>\n<tr>\n<td><strong>RECOMENDACIONES<\/strong><\/td>\n<td>Favor de traer ropa ligera, sunscreeem, zapatillas de deporte y c\u00e1mara.<\/td>\n<\/tr>\n<tr>\n<td><strong>OBSERVACIONES<\/strong><\/td>\n<td>Este tour opera todos los d\u00edas.<\/td>\n<\/tr>\n<tr>\n<td><strong>DURACI\u00d3N<\/strong><\/td>\n<td>cuatro horas de adrenalina.<\/td>\n<\/tr>\n<\/tbody>\n<\/table>\n<p>[xyz-ihs snippet=\u00bbNOTASIMPORTANTES\u00bb]<\/p>\n<p><a href=\"https:\/\/bestdominicantoursandtransfers.com\/es\/\">Best Dominican T&amp;T<\/a><\/p>\n","protected":false},"excerpt":{"rendered":"<p>\u263c ATV four wheels \u00danase a nosotros para un d\u00eda memorable conducir su 250cc, cruzamos por el pueblo dominicano recorriendo el bosque tropical y compartiendo con los habitantes del campo dominicano. Disfrute de esta divertida aventura llena de adrenalina y descubra las bellezas naturales de esta regi\u00f3n. Despu\u00e9s de las instrucciones de seguridad de nuestro<\/p>\n<div class=\"padding-top text-center\"><a href=\"https:\/\/bestdominicantoursandtransfers.com\/es\/tours\/boogies-adventures\/\" class=\"atbtn atbtn--medium atbtn--rounded atbtn--transparent\">Leer m\u00e1s<i class=\"atbtn__icon atbtn__icon--right fa fa-long-arrow-right\"><\/i><\/a><\/div>\n","protected":false},"featured_media":560,"comment_status":"open","ping_status":"closed","template":"","meta":[],"_links":{"self":[{"href":"https:\/\/bestdominicantoursandtransfers.com\/es\/wp-json\/wp\/v2\/product\/643"}],"collection":[{"href":"https:\/\/bestdominicantoursandtransfers.com\/es\/wp-json\/wp\/v2\/product"}],"about":[{"href":"https:\/\/bestdominicantoursandtransfers.com\/es\/wp-json\/wp\/v2\/types\/product"}],"replies":[{"embeddable":true,"href":"https:\/\/bestdominicantoursandtransfers.com\/es\/wp-json\/wp\/v2\/comments?post=643"}],"wp:featuredmedia":[{"embeddable":true,"href":"https:\/\/bestdominicantoursandtransfers.com\/es\/wp-json\/wp\/v2\/media\/560"}],"wp:attachment":[{"href":"https:\/\/bestdominicantoursandtransfers.com\/es\/wp-json\/wp\/v2\/media?parent=643"}],"curies":[{"name":"wp","href":"https:\/\/api.w.org\/{rel}","templated":true}]}}