{"id":553,"date":"2016-02-04T05:05:42","date_gmt":"2016-02-04T05:05:42","guid":{"rendered":"https:\/\/bestdominicantoursandtransfers.com\/es\/\/tours\/boca-de-yuma-bh\/"},"modified":"2021-05-10T16:37:06","modified_gmt":"2021-05-10T16:37:06","slug":"boca-de-yuma-bh","status":"publish","type":"product","link":"https:\/\/bestdominicantoursandtransfers.com\/es\/tours\/boca-de-yuma-bh\/","title":{"rendered":"Boca de Yuma"},"content":{"rendered":"<h2>\u263c Boca de Yuma<\/h2>\n<p>Este maravilloso recorrido comienza con una c\u00e1lida bienvenida saliendo desde Bayahibe c\u00f3modo autob\u00fas equipado de aire acondicionado con bar libre disponible acompa\u00f1ado por un gu\u00eda especializado en Ecoturismo.<\/p>\n<p>Nos dirigimos a trav\u00e9s de la costa oriental en direcci\u00f3n a Higuey, una ciudad situada a unos 45 minutos para visitar la catedral de nuestra se\u00f1ora de la Altagracia donde dominicanos y extranjeros se re\u00fanen cada a\u00f1o para celebrar la fiesta religiosa m\u00e1s grande en la regi\u00f3n oriental, el mercado t\u00edpico para conocer los productos agr\u00edcolas y frutas ex\u00f3ticas de la regi\u00f3n, luego tomamos la carretera vieja que conduce a nuestra tercera parada la f\u00e1brica de tabacos donde se puede observar la fabricaci\u00f3n de puros y sus plantaciones, aqu\u00ed puede comprar cigarros m\u00e1s barato que en la ciudad, luego nos dirigimos al Batey Magdalena, (pueblo encantador donde Haitianos y Dominicanos conviven juntos), visitaran una escuela dominicana y las plantaciones de ca\u00f1a de az\u00facar.<\/p>\n<p>M\u00e1s tarde nos dirigimos a Boca de Yuma un hermoso pueblo de pescadores situado frente al mar Caribe y rodeado de acantilados naturales y restaurantes, en esta comunidad visitamos una cueva india, aqu\u00ed se puede ver las piedras estalagmitas y estalactitas y dibujos ind\u00edgenas, entonces llegamos a nuestro restaurante, donde un delicioso bufet Caribe\u00f1o con langosta y vino blanco, bebidas, postre y caf\u00e9, acompa\u00f1ado de una espectacular vista del mar Caribe.<\/p>\n<p>Despu\u00e9s del almuerzo vamos a explorar el pueblo y dar un paseo por el r\u00edo Duey para observar, las aves, los manglares y algunos reptiles que viven en sus cuevas, despu\u00e9s de terminar esta aventura nos dirigimos de regreso a sus hoteles alrededor de las cinco de la tarde.<\/p>\n<table class=\"table table-bordered tours-tabs__table\" style=\"height: 233px;\" width=\"862\">\n<tbody>\n<tr>\n<td><strong>UBICACI\u00d3N<\/strong><\/td>\n<td>Boca de Yuma<\/td>\n<\/tr>\n<tr>\n<td><strong>TRANSPORTE<\/strong><\/td>\n<td>Tiempo Salida 8:00 A.M. desde el lobby principal del hotel.<\/td>\n<\/tr>\n<tr>\n<td><strong>INCLUIDO<\/strong><\/td>\n<td>\n<table style=\"height: 62px; line-height: 31px;\" width=\"300\">\n<tbody>\n<tr>\n<td><i class=\"fa fa-check icon-tick icon-tick--on\"><\/i>Gu\u00eda oficial de turismo.<\/td>\n<\/tr>\n<tr>\n<td><i class=\"fa fa-check icon-tick icon-tick--on\"><\/i>C\u00f3modo autob\u00fas con aire acondicionado.<\/td>\n<\/tr>\n<tr>\n<td><i class=\"fa fa-check icon-tick icon-tick--on\"><\/i>El almuerzo buffet y refrescos.<\/td>\n<\/tr>\n<tr>\n<td><i class=\"fa fa-check icon-tick icon-tick--on\"><\/i>Bar abierto.<\/td>\n<\/tr>\n<\/tbody>\n<\/table>\n<\/td>\n<\/tr>\n<tr>\n<td><strong>RECOMENDACIONES<\/strong><\/td>\n<td>Favor de traer calzado c\u00f3modo, ropa ligera y la c\u00e1mara.<\/td>\n<\/tr>\n<tr>\n<td><strong>OBSERVACIONES<\/strong><\/td>\n<td>Este tour opera todos los viernes, tenemos tarifa especial para grupos peque\u00f1o.<\/td>\n<\/tr>\n<tr>\n<td><strong>DURACI\u00d3N<\/strong><\/td>\n<td>D\u00eda completo.<\/td>\n<\/tr>\n<\/tbody>\n<\/table>\n<p><a href=\"https:\/\/bestdominicantoursandtransfers.com\/es\/\">Best Dominican T&amp;T<\/a><\/p>\n","protected":false},"excerpt":{"rendered":"<p>\u263c Boca de Yuma Este maravilloso recorrido comienza con una c\u00e1lida bienvenida saliendo desde Bayahibe c\u00f3modo autob\u00fas equipado de aire acondicionado con bar libre disponible acompa\u00f1ado por un gu\u00eda especializado en Ecoturismo. Nos dirigimos a trav\u00e9s de la costa oriental en direcci\u00f3n a Higuey, una ciudad situada a unos 45 minutos para visitar la catedral<\/p>\n<div class=\"padding-top text-center\"><a href=\"https:\/\/bestdominicantoursandtransfers.com\/es\/tours\/boca-de-yuma-bh\/\" class=\"atbtn atbtn--medium atbtn--rounded atbtn--transparent\">Leer m\u00e1s<i class=\"atbtn__icon atbtn__icon--right fa fa-long-arrow-right\"><\/i><\/a><\/div>\n","protected":false},"featured_media":1147,"comment_status":"open","ping_status":"closed","template":"","meta":[],"_links":{"self":[{"href":"https:\/\/bestdominicantoursandtransfers.com\/es\/wp-json\/wp\/v2\/product\/553"}],"collection":[{"href":"https:\/\/bestdominicantoursandtransfers.com\/es\/wp-json\/wp\/v2\/product"}],"about":[{"href":"https:\/\/bestdominicantoursandtransfers.com\/es\/wp-json\/wp\/v2\/types\/product"}],"replies":[{"embeddable":true,"href":"https:\/\/bestdominicantoursandtransfers.com\/es\/wp-json\/wp\/v2\/comments?post=553"}],"wp:featuredmedia":[{"embeddable":true,"href":"https:\/\/bestdominicantoursandtransfers.com\/es\/wp-json\/wp\/v2\/media\/1147"}],"wp:attachment":[{"href":"https:\/\/bestdominicantoursandtransfers.com\/es\/wp-json\/wp\/v2\/media?parent=553"}],"curies":[{"name":"wp","href":"https:\/\/api.w.org\/{rel}","templated":true}]}}