{"id":552,"date":"2016-02-04T04:58:22","date_gmt":"2016-02-04T04:58:22","guid":{"rendered":"https:\/\/bestdominicantoursandtransfers.com\/es\/\/tours\/los-haitises-bh\/"},"modified":"2018-04-30T23:41:37","modified_gmt":"2018-04-30T23:41:37","slug":"los-haitises-bh","status":"publish","type":"product","link":"https:\/\/bestdominicantoursandtransfers.com\/es\/tours\/los-haitises-bh\/","title":{"rendered":"Los Haitises"},"content":{"rendered":"<h2>\u263c Los Haitises<\/h2>\n<p>Salida en autobuses confortable con aire acondicionado y acompa\u00f1ados por un gu\u00eda tur\u00edstico certificado, viajamos por la costa este de la aldea de pescadores de Sabana de la Mar.<\/p>\n<p>Despu\u00e9s de dos horas y media de viaje a trav\u00e9s de valles y monta\u00f1as de la Rep\u00fablica Dominicana, donde pasaremos por plantaciones de caf\u00e9, ca\u00f1a de az\u00facar y frutas ex\u00f3ticas, entonces llegamos al Parque Nacional Los Haitises, que est\u00e1 situado justo en frente de la pen\u00ednsula de Samana. Despu\u00e9s de un paseo en barco por la selva y los manglares, visitaremos las cuevas que eran habitadas por los indios ta\u00ednos de la Rep\u00fablica Dominicana, que fueron masacrados por Col\u00f3n y sus hombres que les acompa\u00f1aban hace siglos. En las cuevas se encuentran pinturas y murales que muestran la vida diaria en ese momento y su cultura.<\/p>\n<p>A petici\u00f3n, podr\u00e1 reservar esta excursi\u00f3n con una visita a Cayo Levantado, la famosa \u201cIsla Baccardi\u201d. Rodeada de Playas de arena blanca y aguas cristalinas que invitan a nadar y bucear durante su estancia de una hora y media en este para\u00edso natural.<\/p>\n<p>Dependiendo de si reservo Cayo Levantado, estaremos de vuelta en el hotel entre 18:00 y 19:30. Horas.<\/p>\n<table class=\"table table-bordered tours-tabs__table\" style=\"height: 233px;\" width=\"862\">\n<tbody>\n<tr>\n<td><strong>UBICACI\u00d3N<\/strong><\/td>\n<td>Saman\u00e1<\/td>\n<\/tr>\n<tr>\n<td><strong>TRANSPORTE<\/strong><\/td>\n<td>La hora de recogida 7:30 am desde el lobby de su hotel.<\/td>\n<\/tr>\n<tr>\n<td><strong>INCLUIDO<\/strong><\/td>\n<td>\n<table style=\"height: 62px; line-height: 31px;\" width=\"300\">\n<tbody>\n<tr>\n<td><i class=\"fa fa-check icon-tick icon-tick--on\"><\/i>Gu\u00eda oficial de turismo.<\/td>\n<\/tr>\n<tr>\n<td><i class=\"fa fa-check icon-tick icon-tick--on\"><\/i>C\u00f3modo autob\u00fas con aire acondicionado.<\/td>\n<\/tr>\n<tr>\n<td><i class=\"fa fa-check icon-tick icon-tick--on\"><\/i>El almuerzo y refrescos.<\/td>\n<\/tr>\n<tr>\n<td><i class=\"fa fa-check icon-tick icon-tick--on\"><\/i>Recorrido por las cuevas de los indios.<\/td>\n<\/tr>\n<tr>\n<td><i class=\"fa fa-check icon-tick icon-tick--on\"><\/i>Recorrido en bote en el Parque Nacional Los Haitises.<\/td>\n<\/tr>\n<\/tbody>\n<\/table>\n<\/td>\n<\/tr>\n<tr>\n<td><strong>RECOMENDACIONES<\/strong><\/td>\n<td>Favor de traer bloqueador solar, toalla de playa, ropa ligera y la c\u00e1mara.<\/td>\n<\/tr>\n<tr>\n<td><strong>OBSERVACIONES<\/strong><\/td>\n<td>Este tour opera todos los jueves, si vas a reservar este tour con Cayo Levantado, luego del almuerzo pasara la tarde en la playa, tendr\u00e1 el tiempo para nadar y bucear, el equipo de snorkeling no est\u00e1 incluido.<\/td>\n<\/tr>\n<tr>\n<td><strong>DURACI\u00d3N<\/strong><\/td>\n<td>D\u00eda completo.<\/td>\n<\/tr>\n<\/tbody>\n<\/table>\n<p><strong>LOS HAITISES<\/strong><\/p>\n<p>Parque Nacional Los Haitises contiene paisajes espectaculares como la Bah\u00eda de San Lorenzo, a los islotes (claves), y los manglares. El Cayo de los P\u00e1jaros (\u201cllave de p\u00e1jaro\u201d), el cual es visible la presencia casi continua de fragatas y pel\u00edcanos que circundan a baja altura, se encuentra entre la Boca del Infierno (\u201cBoca del Infierno\u201d) y El Naranjo Arriba. Cupey es la especie arb\u00f3rea dominante y aves llenan sus ramas horizontales. El \u00e1rbol silvestre de higuera (Ficus citrifolia, tambi\u00e9n conocido como shortleaf fig) y almendra tropical (Terminalia catappa) son los otros \u00e1rboles del parque.<\/p>\n<p>La mayor\u00eda de los visitantes llegan por mar de embarcarse de Sabana de la Mar (extremo este), S\u00e1nchez (extremo norte), o Saman\u00e1 (al otro lado de la Bah\u00eda de Saman\u00e1 Sabana de la Mar); Sin embargo, es posible llegar por tierra desde el sur por medio de cuatro veh\u00edculos de doble tracci\u00f3n. Una carretera privada se est\u00e1 construyendo a trav\u00e9s de las monta\u00f1as y un nuevo aeropuerto est\u00e1 siendo construido en la ciudad de Saman\u00e1 para proporcionar un mejor acceso. Las principales actividades econ\u00f3micas de Monte Plata son la ganader\u00eda y el cultivo de ca\u00f1a de az\u00facar. Los turistas encontrar\u00e1n un gran n\u00famero de carreteras para el transporte de ca\u00f1a de az\u00facar.<\/p>\n<p><a href=\"https:\/\/bestdominicantoursandtransfers.com\/es\/\">Best Dominican T&amp;T<\/a><\/p>\n","protected":false},"excerpt":{"rendered":"<p>\u263c Los Haitises Salida en autobuses confortable con aire acondicionado y acompa\u00f1ados por un gu\u00eda tur\u00edstico certificado, viajamos por la costa este de la aldea de pescadores de Sabana de la Mar. Despu\u00e9s de dos horas y media de viaje a trav\u00e9s de valles y monta\u00f1as de la Rep\u00fablica Dominicana, donde pasaremos por plantaciones de<\/p>\n<div class=\"padding-top text-center\"><a href=\"https:\/\/bestdominicantoursandtransfers.com\/es\/tours\/los-haitises-bh\/\" class=\"atbtn atbtn--medium atbtn--rounded atbtn--transparent\">Leer m\u00e1s<i class=\"atbtn__icon atbtn__icon--right fa fa-long-arrow-right\"><\/i><\/a><\/div>\n","protected":false},"featured_media":489,"comment_status":"open","ping_status":"closed","template":"","meta":[],"_links":{"self":[{"href":"https:\/\/bestdominicantoursandtransfers.com\/es\/wp-json\/wp\/v2\/product\/552"}],"collection":[{"href":"https:\/\/bestdominicantoursandtransfers.com\/es\/wp-json\/wp\/v2\/product"}],"about":[{"href":"https:\/\/bestdominicantoursandtransfers.com\/es\/wp-json\/wp\/v2\/types\/product"}],"replies":[{"embeddable":true,"href":"https:\/\/bestdominicantoursandtransfers.com\/es\/wp-json\/wp\/v2\/comments?post=552"}],"wp:featuredmedia":[{"embeddable":true,"href":"https:\/\/bestdominicantoursandtransfers.com\/es\/wp-json\/wp\/v2\/media\/489"}],"wp:attachment":[{"href":"https:\/\/bestdominicantoursandtransfers.com\/es\/wp-json\/wp\/v2\/media?parent=552"}],"curies":[{"name":"wp","href":"https:\/\/api.w.org\/{rel}","templated":true}]}}