{"id":551,"date":"2016-02-04T04:46:01","date_gmt":"2016-02-04T04:46:01","guid":{"rendered":"https:\/\/bestdominicantoursandtransfers.com\/es\/?post_type=product&#038;p=551"},"modified":"2021-05-11T10:38:37","modified_gmt":"2021-05-11T10:38:37","slug":"altos-de-chavon","status":"publish","type":"product","link":"https:\/\/bestdominicantoursandtransfers.com\/es\/tours\/altos-de-chavon\/","title":{"rendered":"Altos de Chavon"},"content":{"rendered":"<h2>\u263c Altos de Chavon<\/h2>\n<p>Ven y \u00fanete a nosotros para una de las excursiones m\u00e1s interesantes en la parte este de la Rep\u00fablica Dominicana. Este recorrido se inicia en su hotel a las 12:30 P.M. En c\u00f3modos autobuses con aire acondicionado y acompa\u00f1ado por un gu\u00eda tur\u00edstico altamente capacitado que habla en su propio idioma, nos dirigiremos a trav\u00e9s de hermosos paisajes llenos de vegetaci\u00f3n tropical para llegar a nuestro objetivo principal la ciudad de Altos de Chav\u00f3n, que est\u00e1 en la parte oriental del r\u00edo Chav\u00f3n, que se define como la ciudad de los artistas en la Rep. Dom. Con la franquicia de la Escuela Parsons school de Nueva York. Cuenta con un anfiteatro donde los espect\u00e1culos de estrellas internacionales se presentan todo el a\u00f1o, este pintoresco pueblo tiene un museo de la cultura prehisp\u00e1nica, galer\u00eda de arte, la Iglesia de San Estanislao, donde personalidades nacionales e internacionales celebran sus bodas.<\/p>\n<p>Luego continuamos a la ciudad de La Romana, donde hacemos una visita panor\u00e1mica de la f\u00e1brica de ca\u00f1a de az\u00facar, la m\u00e1s grande del Rep. Dom. Despu\u00e9s visitaremos la iglesia santa rosa de lima, el Parque Central, y tambi\u00e9n tenemos la oportunidad de conocer a la m\u00e1s grande f\u00e1brica de cigarros de esta ciudad, Tabacalera Garc\u00eda. Luego de terminar esta maravillosa excursi\u00f3n haremos una parada donde podr\u00e1 comprar, la pintura, la escultura y la joyer\u00eda ex\u00f3tica hecha por artesanos dominicanos, aqu\u00ed le ser\u00e1 servido un c\u00f3ctel especial, podr\u00e1n bailar nuestra m\u00fasica, la bachata, el merengue y la salsa y luego para finalizar iremos a una tienda por departamentos \u201ccentro comercial Jumbo\u201d, donde encontrar\u00e1 todo lo necesario para unas vacaciones inolvidables en el Caribe, estaremos de regreso aproximadamente a las 6:30 pm.<\/p>\n<table class=\"table table-bordered tours-tabs__table\" style=\"height: 233px;\" width=\"862\">\n<tbody>\n<tr>\n<td><strong>UBICACI\u00d3N<\/strong><\/td>\n<td>La Romana<\/td>\n<\/tr>\n<tr>\n<td><strong>TRANSPORTE<\/strong><\/td>\n<td>La hora de recogida 12:00 P.M. vest\u00edbulo principal su hotel.<\/td>\n<\/tr>\n<tr>\n<td><strong>INCLUIDO<\/strong><\/td>\n<td>\n<table style=\"height: 62px; line-height: 31px;\" width=\"300\">\n<tbody>\n<tr>\n<td><i class=\"fa fa-check icon-tick icon-tick--on\"><\/i>Gu\u00eda oficial de turismo.<\/td>\n<\/tr>\n<tr>\n<td><i class=\"fa fa-check icon-tick icon-tick--on\"><\/i>C\u00f3modo autob\u00fas con aire acondicionado.<\/td>\n<\/tr>\n<tr>\n<td><i class=\"fa fa-check icon-tick icon-tick--on\"><\/i>Los refrescos.<\/td>\n<\/tr>\n<tr>\n<td><i class=\"fa fa-check icon-tick icon-tick--on\"><\/i>Admisi\u00f3n a los monumentos.<\/td>\n<\/tr>\n<\/tbody>\n<\/table>\n<\/td>\n<\/tr>\n<tr>\n<td><strong>RECOMENDACIONES<\/strong><\/td>\n<td>Favor de traer lentes de sol, ropa ligera, zapatos c\u00f3modos y dinero en efectivo para las compras.<\/td>\n<\/tr>\n<tr>\n<td><strong>OBSERVACIONES<\/strong><\/td>\n<td>Este tour opera con un m\u00ednimo de participantes. Tambi\u00e9n est\u00e1 disponible en privado.<\/td>\n<\/tr>\n<tr>\n<td><strong>DURACI\u00d3N<\/strong><\/td>\n<td>Medio d\u00eda.<\/td>\n<\/tr>\n<\/tbody>\n<\/table>\n<p><a href=\"https:\/\/bestdominicantoursandtransfers.com\/es\/\">Best Dominican T&amp;T<\/a><\/p>\n","protected":false},"excerpt":{"rendered":"<p>\u263c Altos de Chavon Ven y \u00fanete a nosotros para una de las excursiones m\u00e1s interesantes en la parte este de la Rep\u00fablica Dominicana. Este recorrido se inicia en su hotel a las 12:30 P.M. En c\u00f3modos autobuses con aire acondicionado y acompa\u00f1ado por un gu\u00eda tur\u00edstico altamente capacitado que habla en su propio idioma,<\/p>\n<div class=\"padding-top text-center\"><a href=\"https:\/\/bestdominicantoursandtransfers.com\/es\/tours\/altos-de-chavon\/\" class=\"atbtn atbtn--medium atbtn--rounded atbtn--transparent\">Leer m\u00e1s<i class=\"atbtn__icon atbtn__icon--right fa fa-long-arrow-right\"><\/i><\/a><\/div>\n","protected":false},"featured_media":510,"comment_status":"open","ping_status":"closed","template":"","meta":[],"_links":{"self":[{"href":"https:\/\/bestdominicantoursandtransfers.com\/es\/wp-json\/wp\/v2\/product\/551"}],"collection":[{"href":"https:\/\/bestdominicantoursandtransfers.com\/es\/wp-json\/wp\/v2\/product"}],"about":[{"href":"https:\/\/bestdominicantoursandtransfers.com\/es\/wp-json\/wp\/v2\/types\/product"}],"replies":[{"embeddable":true,"href":"https:\/\/bestdominicantoursandtransfers.com\/es\/wp-json\/wp\/v2\/comments?post=551"}],"wp:featuredmedia":[{"embeddable":true,"href":"https:\/\/bestdominicantoursandtransfers.com\/es\/wp-json\/wp\/v2\/media\/510"}],"wp:attachment":[{"href":"https:\/\/bestdominicantoursandtransfers.com\/es\/wp-json\/wp\/v2\/media?parent=551"}],"curies":[{"name":"wp","href":"https:\/\/api.w.org\/{rel}","templated":true}]}}