{"id":550,"date":"2016-02-04T04:55:19","date_gmt":"2016-02-04T04:55:19","guid":{"rendered":"https:\/\/bestdominicantoursandtransfers.com\/es\/?post_type=product&#038;p=550"},"modified":"2021-08-07T03:48:28","modified_gmt":"2021-08-07T03:48:28","slug":"crazy-wheels-and-buggies","status":"publish","type":"product","link":"https:\/\/bestdominicantoursandtransfers.com\/es\/tours\/crazy-wheels-and-buggies\/","title":{"rendered":"Crazy Wheels And Buggies"},"content":{"rendered":"<h2>\u263c Crazy Wheels And Buggies<\/h2>\n<p>Ven y \u00fanete a nosotros para una aventura inolvidable en crazy Wheel y buggies, saliendo desde su hotel en un bus t\u00edpico hacia el pintoresco pueblo de Benedicto donde los crazy Wheel y buggies esperan por nosotros!!<\/p>\n<p>Despu\u00e9s de escuchar las instrucciones especiales para conducir su four Wheel a trav\u00e9s de las plantaciones de ca\u00f1a de az\u00facar, los bateyes (pueblo donde haitianos y dominicanos conviven juntos) tambi\u00e9n visitaremos una escuela donde podr\u00e1 descubrir la vida cotidiana de los pueblos de las peque\u00f1as aldeas escondidos en las plantaciones tropicales. Luego continuamos nuestra aventura por el rio Chav\u00f3n donde podr\u00e1 degustar frutas ex\u00f3ticas y bebidas nacionales, luego tendr\u00e1n tiempo para saltar en el r\u00edo y darse un refrescante ba\u00f1o, Luego regresaremos a Benedicto pueblo donde nuestro viaje finaliza!!<\/p>\n<p>Acci\u00f3n y diversi\u00f3n garantizada!!!<\/p>\n<table class=\"table table-bordered tours-tabs__table\" style=\"height: 233px;\" width=\"862\">\n<tbody>\n<tr>\n<td><strong>UBICACI\u00d3N<\/strong><\/td>\n<td>La Romana<\/td>\n<\/tr>\n<tr>\n<td><strong>TRANSPORTE<\/strong><\/td>\n<td>Punto de encuentro: vest\u00edbulo principal del hotel.<\/td>\n<\/tr>\n<tr>\n<td><strong>INCLUIDO<\/strong><\/td>\n<td>\n<table style=\"height: 62px; line-height: 31px;\" width=\"300\">\n<tbody>\n<tr>\n<td><i class=\"fa fa-check icon-tick icon-tick--on\"><\/i>Gu\u00eda oficial de turismo.<\/td>\n<\/tr>\n<tr>\n<td><i class=\"fa fa-check icon-tick icon-tick--on\"><\/i>Frutas tropicales.<\/td>\n<\/tr>\n<tr>\n<td><i class=\"fa fa-check icon-tick icon-tick--on\"><\/i>Bebidas nacionales.<\/td>\n<\/tr>\n<\/tbody>\n<\/table>\n<\/td>\n<\/tr>\n<tr>\n<td><strong>RECOMENDACIONES<\/strong><\/td>\n<td>Por favor traer ropa ligera, toalla de playa, sun block y c\u00e1mara.<\/td>\n<\/tr>\n<tr>\n<td><strong>OBSERVACIONES<\/strong><\/td>\n<td>Este tour est\u00e1 funcionando diario, ma\u00f1ana y tarde.<\/td>\n<\/tr>\n<tr>\n<td><strong>DURACI\u00d3N<\/strong><\/td>\n<td>Medio d\u00eda.<\/td>\n<\/tr>\n<\/tbody>\n<\/table>\n<p><a href=\"https:\/\/bestdominicantoursandtransfers.com\/es\/\">Best Dominican T&amp;T<\/a><\/p>\n","protected":false},"excerpt":{"rendered":"<p>\u263c Crazy Wheels And Buggies Ven y \u00fanete a nosotros para una aventura inolvidable en crazy Wheel y buggies, saliendo desde su hotel en un bus t\u00edpico hacia el pintoresco pueblo de Benedicto donde los crazy Wheel y buggies esperan por nosotros!! Despu\u00e9s de escuchar las instrucciones especiales para conducir su four Wheel a trav\u00e9s<\/p>\n<div class=\"padding-top text-center\"><a href=\"https:\/\/bestdominicantoursandtransfers.com\/es\/tours\/crazy-wheels-and-buggies\/\" class=\"atbtn atbtn--medium atbtn--rounded atbtn--transparent\">Leer m\u00e1s<i class=\"atbtn__icon atbtn__icon--right fa fa-long-arrow-right\"><\/i><\/a><\/div>\n","protected":false},"featured_media":524,"comment_status":"open","ping_status":"closed","template":"","meta":[],"_links":{"self":[{"href":"https:\/\/bestdominicantoursandtransfers.com\/es\/wp-json\/wp\/v2\/product\/550"}],"collection":[{"href":"https:\/\/bestdominicantoursandtransfers.com\/es\/wp-json\/wp\/v2\/product"}],"about":[{"href":"https:\/\/bestdominicantoursandtransfers.com\/es\/wp-json\/wp\/v2\/types\/product"}],"replies":[{"embeddable":true,"href":"https:\/\/bestdominicantoursandtransfers.com\/es\/wp-json\/wp\/v2\/comments?post=550"}],"wp:featuredmedia":[{"embeddable":true,"href":"https:\/\/bestdominicantoursandtransfers.com\/es\/wp-json\/wp\/v2\/media\/524"}],"wp:attachment":[{"href":"https:\/\/bestdominicantoursandtransfers.com\/es\/wp-json\/wp\/v2\/media?parent=550"}],"curies":[{"name":"wp","href":"https:\/\/api.w.org\/{rel}","templated":true}]}}