{"id":548,"date":"2016-02-04T04:24:59","date_gmt":"2016-02-04T04:24:59","guid":{"rendered":"https:\/\/bestdominicantoursandtransfers.com\/es\/?post_type=product&#038;p=548"},"modified":"2021-05-13T10:49:13","modified_gmt":"2021-05-13T10:49:13","slug":"dolphin-explorer","status":"publish","type":"product","link":"https:\/\/bestdominicantoursandtransfers.com\/es\/tours\/dolphin-explorer\/","title":{"rendered":"Dolphin Explorer"},"content":{"rendered":"<h2>\u263c Dolphin Explorer<\/h2>\n<p>Saliendo de su hotel en c\u00f3modos autobuses con aire acondicionado nos dirigiremos al complejo Dolphin Explorer, despu\u00e9s de recibir instrucciones especiales usted est\u00e1 preparado para estar en contacto con estos animales hermosos.<\/p>\n<p>Si te gusta nadar con delfines, esta es la oportunidad de tu vida, descubre c\u00f3mo un delf\u00edn puede ser su profesor de baile, experimentar la sensaci\u00f3n de un delf\u00edn saltando por encima de tu hombro y cabeza, deje que uno de estos hermosos animales le de un saludo de bienvenida con sus aletas, para que pueda disfrutar un momento especial, tambi\u00e9n podr\u00e1 pedirle un beso, tocar, acariciar, jugar y nadar con ellos!! Tambi\u00e9n se puede nadar con tiburones y mantas rayas, adem\u00e1s podr\u00e1 hacer snorkeling en las aguas cristalinas del mar.<\/p>\n<p>Despu\u00e9s de tener un d\u00eda inolvidable con el encanto de esta bell\u00edsimas criaturas, los llevaremos de regreso a su hotel !<\/p>\n<table class=\"table table-bordered tours-tabs__table\" style=\"height: 233px;\" width=\"862\">\n<tbody>\n<tr>\n<td><strong>UBICACI\u00d3N<\/strong><\/td>\n<td>Punta Cana<\/td>\n<\/tr>\n<tr>\n<td><strong>TRANSPORTE<\/strong><\/td>\n<td>Recogida vest\u00edbulo principal de su hotel.<\/td>\n<\/tr>\n<tr>\n<td><strong>INCLUIDO<\/strong><\/td>\n<td>\n<table style=\"height: 62px; line-height: 31px;\" width=\"300\">\n<tbody>\n<tr>\n<td><i class=\"fa fa-check icon-tick icon-tick--on\"><\/i>C\u00f3modo autob\u00fas con aire acondicionado.<\/td>\n<\/tr>\n<tr>\n<td><i class=\"fa fa-check icon-tick icon-tick--on\"><\/i>Gu\u00eda oficial de turismo.<\/td>\n<\/tr>\n<tr>\n<td><i class=\"fa fa-check icon-tick icon-tick--on\"><\/i>Show de aves y lobos marinos.<\/td>\n<\/tr>\n<tr>\n<td><i class=\"fa fa-check icon-tick icon-tick--on\"><\/i>Treinta minutos en el agua con los delfines.<\/td>\n<\/tr>\n<\/tbody>\n<\/table>\n<\/td>\n<\/tr>\n<tr>\n<td><strong>OBSERVACIONES<\/strong><\/td>\n<td>Participantes M\u00e1ximo 12 personas requeridas. Edades de 8 a\u00f1os en adelante.<\/td>\n<\/tr>\n<tr>\n<td><strong>DURACI\u00d3N<\/strong><\/td>\n<td>D\u00eda completo.<\/td>\n<\/tr>\n<\/tbody>\n<\/table>\n<p><a href=\"https:\/\/bestdominicantoursandtransfers.com\/es\/\">Best Dominican T&amp;T<\/a><\/p>\n","protected":false},"excerpt":{"rendered":"<p>\u263c Dolphin Explorer Saliendo de su hotel en c\u00f3modos autobuses con aire acondicionado nos dirigiremos al complejo Dolphin Explorer, despu\u00e9s de recibir instrucciones especiales usted est\u00e1 preparado para estar en contacto con estos animales hermosos. Si te gusta nadar con delfines, esta es la oportunidad de tu vida, descubre c\u00f3mo un delf\u00edn puede ser su<\/p>\n<div class=\"padding-top text-center\"><a href=\"https:\/\/bestdominicantoursandtransfers.com\/es\/tours\/dolphin-explorer\/\" class=\"atbtn atbtn--medium atbtn--rounded atbtn--transparent\">Leer m\u00e1s<i class=\"atbtn__icon atbtn__icon--right fa fa-long-arrow-right\"><\/i><\/a><\/div>\n","protected":false},"featured_media":538,"comment_status":"open","ping_status":"closed","template":"","meta":[],"_links":{"self":[{"href":"https:\/\/bestdominicantoursandtransfers.com\/es\/wp-json\/wp\/v2\/product\/548"}],"collection":[{"href":"https:\/\/bestdominicantoursandtransfers.com\/es\/wp-json\/wp\/v2\/product"}],"about":[{"href":"https:\/\/bestdominicantoursandtransfers.com\/es\/wp-json\/wp\/v2\/types\/product"}],"replies":[{"embeddable":true,"href":"https:\/\/bestdominicantoursandtransfers.com\/es\/wp-json\/wp\/v2\/comments?post=548"}],"wp:featuredmedia":[{"embeddable":true,"href":"https:\/\/bestdominicantoursandtransfers.com\/es\/wp-json\/wp\/v2\/media\/538"}],"wp:attachment":[{"href":"https:\/\/bestdominicantoursandtransfers.com\/es\/wp-json\/wp\/v2\/media?parent=548"}],"curies":[{"name":"wp","href":"https:\/\/api.w.org\/{rel}","templated":true}]}}