{"id":547,"date":"2016-02-04T04:15:50","date_gmt":"2016-02-04T04:15:50","guid":{"rendered":"https:\/\/bestdominicantoursandtransfers.com\/es\/?post_type=product&#038;p=547"},"modified":"2018-04-30T23:57:18","modified_gmt":"2018-04-30T23:57:18","slug":"deep-sea-fishing","status":"publish","type":"product","link":"https:\/\/bestdominicantoursandtransfers.com\/es\/tours\/deep-sea-fishing\/","title":{"rendered":"Deep Sea Fishing"},"content":{"rendered":"<h2>\u263c Deep Sea Fishing<\/h2>\n<p>Saliendo de Bayahibe en c\u00f3modos autobuses con aire acondicionado pasaremos a trav\u00e9s de las plantaciones tropicales de ca\u00f1a de az\u00facar y llegaremos a Cap Cana, uno de los puertos m\u00e1s moderno y lujosos en la costa este, donde un barco le espera con todo el equipo que usted necesita para capturar el pez de sus sue\u00f1os!!<\/p>\n<p>Un miembro profesional de nuestra tripulaci\u00f3n le ayudar\u00e1 con algunos consejos y trucos para atrapar marl\u00edn azul, barracudas, at\u00fan, pez rey entre otros, la duraci\u00f3n de esta aventura de pesca es cuatro horas, si tiene \u00e9xito los invitamos a hacer una gran fiesta en la playa!!<\/p>\n<table class=\"table table-bordered tours-tabs__table\" style=\"height: 233px;\" width=\"862\">\n<tbody>\n<tr>\n<td><strong>UBICACI\u00d3N<\/strong><\/td>\n<td>Punta Cana<\/td>\n<\/tr>\n<tr>\n<td><strong>TRANSPORTE<\/strong><\/td>\n<td>Hora de salida a las 8:00 AM. Desde el vest\u00edbulo principal del hotel.<\/td>\n<\/tr>\n<tr>\n<td><strong>INCLUIDO<\/strong><\/td>\n<td>\n<table style=\"height: 62px; line-height: 31px;\" width=\"300\">\n<tbody>\n<tr>\n<td><i class=\"fa fa-check icon-tick icon-tick--on\"><\/i>Todos los equipos para la pesca.<\/td>\n<\/tr>\n<tr>\n<td><i class=\"fa fa-check icon-tick icon-tick--on\"><\/i>Los refrescos y aperitivos.<\/td>\n<\/tr>\n<tr>\n<td><i class=\"fa fa-check icon-tick icon-tick--on\"><\/i>C\u00f3modo autob\u00fas con aire acondicionado.<\/td>\n<\/tr>\n<\/tbody>\n<\/table>\n<\/td>\n<\/tr>\n<tr>\n<td><strong>RECOMENDACIONES<\/strong><\/td>\n<td>Por favor traiga bloqueador solar, ropa ligera, c\u00e1mara y sombrero.<\/td>\n<\/tr>\n<tr>\n<td><strong>OBSERVACIONES<\/strong><\/td>\n<td>Este tour est\u00e1 disponible en privado con un m\u00ednimo de participantes.<\/td>\n<\/tr>\n<tr>\n<td><strong>DURACI\u00d3N<\/strong><\/td>\n<td>D\u00eda completo.<\/td>\n<\/tr>\n<\/tbody>\n<\/table>\n<p><a href=\"https:\/\/bestdominicantoursandtransfers.com\/es\/\">Best Dominican T&amp;T<\/a><\/p>\n","protected":false},"excerpt":{"rendered":"<p>\u263c Deep Sea Fishing Saliendo de Bayahibe en c\u00f3modos autobuses con aire acondicionado pasaremos a trav\u00e9s de las plantaciones tropicales de ca\u00f1a de az\u00facar y llegaremos a Cap Cana, uno de los puertos m\u00e1s moderno y lujosos en la costa este, donde un barco le espera con todo el equipo que usted necesita para capturar<\/p>\n<div class=\"padding-top text-center\"><a href=\"https:\/\/bestdominicantoursandtransfers.com\/es\/tours\/deep-sea-fishing\/\" class=\"atbtn atbtn--medium atbtn--rounded atbtn--transparent\">Leer m\u00e1s<i class=\"atbtn__icon atbtn__icon--right fa fa-long-arrow-right\"><\/i><\/a><\/div>\n","protected":false},"featured_media":530,"comment_status":"open","ping_status":"closed","template":"","meta":[],"_links":{"self":[{"href":"https:\/\/bestdominicantoursandtransfers.com\/es\/wp-json\/wp\/v2\/product\/547"}],"collection":[{"href":"https:\/\/bestdominicantoursandtransfers.com\/es\/wp-json\/wp\/v2\/product"}],"about":[{"href":"https:\/\/bestdominicantoursandtransfers.com\/es\/wp-json\/wp\/v2\/types\/product"}],"replies":[{"embeddable":true,"href":"https:\/\/bestdominicantoursandtransfers.com\/es\/wp-json\/wp\/v2\/comments?post=547"}],"wp:featuredmedia":[{"embeddable":true,"href":"https:\/\/bestdominicantoursandtransfers.com\/es\/wp-json\/wp\/v2\/media\/530"}],"wp:attachment":[{"href":"https:\/\/bestdominicantoursandtransfers.com\/es\/wp-json\/wp\/v2\/media?parent=547"}],"curies":[{"name":"wp","href":"https:\/\/api.w.org\/{rel}","templated":true}]}}