{"id":508,"date":"2016-02-03T15:32:26","date_gmt":"2016-02-03T15:32:26","guid":{"rendered":"https:\/\/bestdominicantoursandtransfers.com\/es\/?post_type=product&#038;p=508"},"modified":"2021-05-12T22:40:49","modified_gmt":"2021-05-12T22:40:49","slug":"caribbean-water-safari","status":"publish","type":"product","link":"https:\/\/bestdominicantoursandtransfers.com\/es\/tours\/caribbean-water-safari\/","title":{"rendered":"Caribbean Water Safari"},"content":{"rendered":"<h2>\u263c Caribbean Water Safari<\/h2>\n<p>Salta en nuestras lanchas r\u00e1pidas en el pintoresco pueblo de pescadores de Bayahibe, y rozar las aguas cristalinas del Caribe en su viaje al para\u00edso.<\/p>\n<p>El viaje de 40 minutos te lleva a trav\u00e9s del parque nacional del este, a las aguas turquesa, donde tales criaturas ex\u00f3ticas, como pel\u00edcanos, peces y delfines ocasionales pueden ser avistadas.<\/p>\n<p>Salir de su barco y sentir la arena de tipo polvo de talco suavemente a trav\u00e9s de sus dedos de los pies, antes de acostarse en su hamaca para un bronceado. Las palmeras se alinean en la isla para un tiempo m\u00e1s fresco o en el bar todo incluido podr\u00e1 tomar cervezas, refrescos, agua y, por supuesto, el ron.<\/p>\n<p>Disfrute de un partido de voleibol con los lugare\u00f1os, o nadar en las aguas color turquesa del mar para ayudar a crear el apetito para su almuerzo buffet. Tiempo de Merengue en la piscina natural m\u00e1s grande del Caribe, donde puede salir de fiesta en las aguas poco profundas de alrededor de 30 \u00b0 C y disfrutar una \u00faltima Cuba Libre antes de abandonar el para\u00edso para volver a su hotel.<\/p>\n<table class=\"table table-bordered tours-tabs__table\" style=\"height: 233px;\" width=\"862\">\n<tbody>\n<tr>\n<td><strong>UBICACI\u00d3N<\/strong><\/td>\n<td>Bayahibe<\/td>\n<\/tr>\n<tr>\n<td><strong>TRANSPORTE<\/strong><\/td>\n<td>La hora de recogida a las 7:30 a.m. de Boca Chica. Juan Dolio 08:00 a.m. vest\u00edbulo principal del hotel.<\/td>\n<\/tr>\n<tr>\n<td><strong>INCLUIDO<\/strong><\/td>\n<td>\n<table style=\"height: 62px; line-height: 31px;\" width=\"300\">\n<tbody>\n<tr>\n<td><i class=\"fa fa-check icon-tick icon-tick--on\"><\/i>Gu\u00eda oficial de turismo.<\/td>\n<\/tr>\n<tr>\n<td><i class=\"fa fa-check icon-tick icon-tick--on\"><\/i>C\u00f3modo autob\u00fas con aire acondicionado.<\/td>\n<\/tr>\n<tr>\n<td><i class=\"fa fa-check icon-tick icon-tick--on\"><\/i>El almuerzo y refrescos.<\/td>\n<\/tr>\n<tr>\n<td><i class=\"fa fa-check icon-tick icon-tick--on\"><\/i>Actividades en la playa.<\/td>\n<\/tr>\n<tr>\n<td><i class=\"fa fa-check icon-tick icon-tick--on\"><\/i>Paseo en lanchas r\u00e1pidas.<\/td>\n<\/tr>\n<tr>\n<td><i class=\"fa fa-check icon-tick icon-tick--on\"><\/i>Visita a la piscina m\u00e1s grande en el mundo.<\/td>\n<\/tr>\n<\/tbody>\n<\/table>\n<\/td>\n<\/tr>\n<tr>\n<td><strong>RECOMENDACIONES<\/strong><\/td>\n<td>Por favor traer contigo bloqueador solar, toalla de playa, ropa c\u00f3moda y c\u00e1mara.<\/td>\n<\/tr>\n<tr>\n<td><strong>OBSERVACIONES<\/strong><\/td>\n<td>Este tour opera todos los martes, jueves y s\u00e1bado.<\/td>\n<\/tr>\n<tr>\n<td><strong>DURACI\u00d3N<\/strong><\/td>\n<td>D\u00eda completo.<\/td>\n<\/tr>\n<\/tbody>\n<\/table>\n<p><a href=\"https:\/\/bestdominicantoursandtransfers.com\/es\/\">Best Dominican T&amp;T<\/a><\/p>\n","protected":false},"excerpt":{"rendered":"<p>\u263c Caribbean Water Safari Salta en nuestras lanchas r\u00e1pidas en el pintoresco pueblo de pescadores de Bayahibe, y rozar las aguas cristalinas del Caribe en su viaje al para\u00edso. El viaje de 40 minutos te lleva a trav\u00e9s del parque nacional del este, a las aguas turquesa, donde tales criaturas ex\u00f3ticas, como pel\u00edcanos, peces y<\/p>\n<div class=\"padding-top text-center\"><a href=\"https:\/\/bestdominicantoursandtransfers.com\/es\/tours\/caribbean-water-safari\/\" class=\"atbtn atbtn--medium atbtn--rounded atbtn--transparent\">Leer m\u00e1s<i class=\"atbtn__icon atbtn__icon--right fa fa-long-arrow-right\"><\/i><\/a><\/div>\n","protected":false},"featured_media":988,"comment_status":"open","ping_status":"closed","template":"","meta":[],"_links":{"self":[{"href":"https:\/\/bestdominicantoursandtransfers.com\/es\/wp-json\/wp\/v2\/product\/508"}],"collection":[{"href":"https:\/\/bestdominicantoursandtransfers.com\/es\/wp-json\/wp\/v2\/product"}],"about":[{"href":"https:\/\/bestdominicantoursandtransfers.com\/es\/wp-json\/wp\/v2\/types\/product"}],"replies":[{"embeddable":true,"href":"https:\/\/bestdominicantoursandtransfers.com\/es\/wp-json\/wp\/v2\/comments?post=508"}],"wp:featuredmedia":[{"embeddable":true,"href":"https:\/\/bestdominicantoursandtransfers.com\/es\/wp-json\/wp\/v2\/media\/988"}],"wp:attachment":[{"href":"https:\/\/bestdominicantoursandtransfers.com\/es\/wp-json\/wp\/v2\/media?parent=508"}],"curies":[{"name":"wp","href":"https:\/\/api.w.org\/{rel}","templated":true}]}}