{"id":497,"date":"2016-02-03T14:56:28","date_gmt":"2016-02-03T14:56:28","guid":{"rendered":"https:\/\/bestdominicantoursandtransfers.com\/es\/?post_type=product&#038;p=497"},"modified":"2018-04-30T23:05:48","modified_gmt":"2018-04-30T23:05:48","slug":"los-haitises","status":"publish","type":"product","link":"https:\/\/bestdominicantoursandtransfers.com\/es\/tours\/los-haitises\/","title":{"rendered":"Los Haitises"},"content":{"rendered":"<h2>\u263c Los Haitises<\/h2>\n<p>Salida en c\u00f3modo autob\u00fas con aire acondicionado y acompa\u00f1ado de un gu\u00eda tur\u00edstico certificado, viajamos por la costa este de la aldea de pescadores de Sabana de la Mar.<\/p>\n<p>Despu\u00e9s de dos horas y media de viaje a trav\u00e9s de valles y monta\u00f1as de la Rep\u00fablica Dominicana, donde pasaremos por plantaciones de caf\u00e9, ca\u00f1a de az\u00facar y frutas ex\u00f3ticas , entonces se llega al Parque Nacional Los Haitises, que est\u00e1 situado justo en frente de la pen\u00ednsula de Semana. Despu\u00e9s de un paseo en barco a trav\u00e9s de los manglares y la foresta, visitaremos las cuevas de los ind\u00edgenas que habitaron en la Rep\u00fablica Dominicana, los cuales fueron masacrados por Col\u00f3n y sus hombres, hace siglos. En las cuevas, se encuentran restos de la cultura Taina, pinturas, murales que muestran la vida diaria en ese momento.<\/p>\n<p>A petici\u00f3n, podr\u00e1 reservar esta excursi\u00f3n con una visita a Cayo Levantado, la famosa \u201cIsla Baccardi\u201d. Famosa por sus playas de arenas blancas y aguas cristalinas que invitan a nadar y bucear durante la estancia de una hora y media.<\/p>\n<p>Dependiendo de si reservo Cayo Levantado estaremos de vuelta en el hotel 18:00-19:30. Horas.<\/p>\n<table class=\"table table-bordered tours-tabs__table\" style=\"height: 233px;\" width=\"862\">\n<tbody>\n<tr>\n<td><strong>UBICACI\u00d3N<\/strong><\/td>\n<td>Saman\u00e1<\/td>\n<\/tr>\n<tr>\n<td><strong>TRANSPORTE<\/strong><\/td>\n<td>La hora de recogida a las 7:30 AM Boca Chica. Juan Dolio 08:00 AM. Vest\u00edbulo principal del hotel.<\/td>\n<\/tr>\n<tr>\n<td><strong>INCLUIDO<\/strong><\/td>\n<td>\n<table style=\"height: 62px; line-height: 31px;\" width=\"300\">\n<tbody>\n<tr>\n<td><i class=\"fa fa-check icon-tick icon-tick--on\"><\/i>Gu\u00eda oficial de turismo.<\/td>\n<\/tr>\n<tr>\n<td><i class=\"fa fa-check icon-tick icon-tick--on\"><\/i>C\u00f3modo autob\u00fas con aire acondicionado.<\/td>\n<\/tr>\n<tr>\n<td><i class=\"fa fa-check icon-tick icon-tick--on\"><\/i>El almuerzo y refrescos.<\/td>\n<\/tr>\n<tr>\n<td><i class=\"fa fa-check icon-tick icon-tick--on\"><\/i>Recorrido por las cuevas de los indios.<\/td>\n<\/tr>\n<tr>\n<td><i class=\"fa fa-check icon-tick icon-tick--on\"><\/i>Recorrido en bote en el Parque Nacional Los Haitises.<\/td>\n<\/tr>\n<\/tbody>\n<\/table>\n<\/td>\n<\/tr>\n<tr>\n<td><strong>RECOMENDACIONES<\/strong><\/td>\n<td>Favor de traer bloqueador solar, toalla de playa, ropa ligera y la c\u00e1mara.<\/td>\n<\/tr>\n<tr>\n<td><strong>OBSERVACIONES<\/strong><\/td>\n<td>Este tour opera todos los jueves, si vas a reservar este tour con Cayo Levantado usted pasa la tarde en la playa, tiene el tiempo suficiente para nadar y bucear, el equipo no est\u00e1 incluido.<\/td>\n<\/tr>\n<tr>\n<td><strong>DURACI\u00d3N<\/strong><\/td>\n<td>D\u00eda completo.<\/td>\n<\/tr>\n<\/tbody>\n<\/table>\n<p><strong>LOS HAITISES<\/strong><\/p>\n<p>Parque Nacional Los Haitises contiene paisajes espectaculares como la Bah\u00eda de San Lorenzo, a los islotes (claves), y los manglares. El Cayo de los P\u00e1jaros (\u00abllave de p\u00e1jaro\u00bb), el cual es visible la presencia casi continua de fragatas y pel\u00edcanos que circundan a baja altura, se encuentra entre la Boca del Infierno (\u00abBoca del Infierno\u00bb) y El Naranjo Arriba. Cupey es la especie arb\u00f3rea dominante y aves llenan sus ramas horizontales. El \u00e1rbol silvestre de higuera (Ficus citrifolia, tambi\u00e9n conocido como shortleaf fig) y almendra tropical (Terminalia catappa) son los otros \u00e1rboles del parque.<\/p>\n<p>La mayor\u00eda de los visitantes llegan por mar de embarcarse de Sabana de la Mar (extremo este), S\u00e1nchez (extremo norte), o Saman\u00e1 (al otro lado de la Bah\u00eda de Saman\u00e1 Sabana de la Mar); Sin embargo, es posible llegar por tierra desde el sur por medio de cuatro veh\u00edculos de doble tracci\u00f3n. Una carretera privada se est\u00e1 construyendo a trav\u00e9s de las monta\u00f1as y un nuevo aeropuerto est\u00e1 siendo construido en la ciudad de Saman\u00e1 para proporcionar un mejor acceso. Las principales actividades econ\u00f3micas de Monte Plata son la ganader\u00eda y el cultivo de ca\u00f1a de az\u00facar. Los turistas encontrar\u00e1n un gran n\u00famero de carreteras para el transporte de ca\u00f1a de az\u00facar.<\/p>\n<p><a href=\"https:\/\/bestdominicantoursandtransfers.com\/es\/\">Best Dominican T&amp;T<\/a><\/p>\n","protected":false},"excerpt":{"rendered":"<p>\u263c Los Haitises Salida en c\u00f3modo autob\u00fas con aire acondicionado y acompa\u00f1ado de un gu\u00eda tur\u00edstico certificado, viajamos por la costa este de la aldea de pescadores de Sabana de la Mar. Despu\u00e9s de dos horas y media de viaje a trav\u00e9s de valles y monta\u00f1as de la Rep\u00fablica Dominicana, donde pasaremos por plantaciones de<\/p>\n<div class=\"padding-top text-center\"><a href=\"https:\/\/bestdominicantoursandtransfers.com\/es\/tours\/los-haitises\/\" class=\"atbtn atbtn--medium atbtn--rounded atbtn--transparent\">Leer m\u00e1s<i class=\"atbtn__icon atbtn__icon--right fa fa-long-arrow-right\"><\/i><\/a><\/div>\n","protected":false},"featured_media":486,"comment_status":"open","ping_status":"closed","template":"","meta":[],"_links":{"self":[{"href":"https:\/\/bestdominicantoursandtransfers.com\/es\/wp-json\/wp\/v2\/product\/497"}],"collection":[{"href":"https:\/\/bestdominicantoursandtransfers.com\/es\/wp-json\/wp\/v2\/product"}],"about":[{"href":"https:\/\/bestdominicantoursandtransfers.com\/es\/wp-json\/wp\/v2\/types\/product"}],"replies":[{"embeddable":true,"href":"https:\/\/bestdominicantoursandtransfers.com\/es\/wp-json\/wp\/v2\/comments?post=497"}],"wp:featuredmedia":[{"embeddable":true,"href":"https:\/\/bestdominicantoursandtransfers.com\/es\/wp-json\/wp\/v2\/media\/486"}],"wp:attachment":[{"href":"https:\/\/bestdominicantoursandtransfers.com\/es\/wp-json\/wp\/v2\/media?parent=497"}],"curies":[{"name":"wp","href":"https:\/\/api.w.org\/{rel}","templated":true}]}}