{"id":476,"date":"2016-02-03T13:49:41","date_gmt":"2016-02-03T13:49:41","guid":{"rendered":"https:\/\/bestdominicantoursandtransfers.com\/es\/?post_type=product&#038;p=476"},"modified":"2018-04-30T23:13:38","modified_gmt":"2018-04-30T23:13:38","slug":"boca-de-yuma","status":"publish","type":"product","link":"https:\/\/bestdominicantoursandtransfers.com\/es\/tours\/boca-de-yuma\/","title":{"rendered":"Boca de Yuma"},"content":{"rendered":"<h2>\u263c Boca de Yuma<\/h2>\n<p>Este maravilloso recorrido comienza con una c\u00e1lida bienvenida saliendo desde Juan Dolio y Boca chica en c\u00f3modos autobuses equipados con aire acondicionado, bar libre disponible y acompa\u00f1ados por un gu\u00eda experto en ecoturismo.<\/p>\n<p>Nos dirigimos a trav\u00e9s de la costa oriental en direcci\u00f3n hacia La Romana, una ciudad situada a unos 45 minutos, luego tomaremos la carretera vieja que conduce a nuestra primera parada en el Batey Magdalena, (pueblo encantador habitado por haitianos y dominicanos) donde visitar\u00e1 una escuela dominicana, y las plantaciones de ca\u00f1a la az\u00facar, continuamos nuestra aventura a la Bas\u00edlica de Higuey, la casa de Nuestra Se\u00f1ora de la Altagracia, donde los dominicanos se re\u00fanen cada a\u00f1o para celebrar el mayor festival religioso en la regi\u00f3n oriental. Luego continuamos a la f\u00e1brica de tabacos, donde se puede observar la fabricaci\u00f3n de cigarros y sus plantaciones, aqu\u00ed usted puede comprar su cigarro m\u00e1s barato que en la ciudad, M\u00e1s tarde nos dirigimos a Boca de Yuma un hermoso pueblo de pescadores situado en el mar Caribe y rodeado de acantilados naturales y restaurantes, en esta comunidad visitamos una cueva india, aqu\u00ed se pueden ver las piedras estalagmitas y estalactitas y dibujos ind\u00edgenas. Despu\u00e9s llegaremos a nuestro restaurante, donde un delicioso almuerzo estilo buf\u00e9 con langosta y vino blanco, bebidas, postre y caf\u00e9, acompa\u00f1ado de una espectacular vista del mar Caribe, espera por usted.<\/p>\n<p>Despu\u00e9s del almuerzo, vamos a explorar el pueblo y dar un paseo por el r\u00edo Duey, observaremos las aves, los manglares y algunos reptiles que viven en sus cuevas, despu\u00e9s de terminar esta aventura nos dirigimos de regreso a sus hoteles alrededor de las cinco de la tarde.<\/p>\n<table class=\"table table-bordered tours-tabs__table\" style=\"height: 233px;\" width=\"862\">\n<tbody>\n<tr>\n<td><strong>UBICACI\u00d3N<\/strong><\/td>\n<td>Boca de Yuma<\/td>\n<\/tr>\n<tr>\n<td><strong>TRANSPORTE<\/strong><\/td>\n<td>Tiempo de Salida 8:00 a.m. desde el lobby principal de su hotel.<\/td>\n<\/tr>\n<tr>\n<td><strong>INCLUIDO<\/strong><\/td>\n<td>\n<table style=\"height: 62px; line-height: 31px;\" width=\"300\">\n<tbody>\n<tr>\n<td><i class=\"fa fa-check icon-tick icon-tick--on\"><\/i>Gu\u00eda oficial de turismo.<\/td>\n<\/tr>\n<tr>\n<td><i class=\"fa fa-check icon-tick icon-tick--on\"><\/i>C\u00f3modo autob\u00fas con aire acondicionado.<\/td>\n<\/tr>\n<tr>\n<td><i class=\"fa fa-check icon-tick icon-tick--on\"><\/i>El almuerzo buffet y refrescos.<\/td>\n<\/tr>\n<tr>\n<td><i class=\"fa fa-check icon-tick icon-tick--on\"><\/i>Bar abierto.<\/td>\n<\/tr>\n<\/tbody>\n<\/table>\n<\/td>\n<\/tr>\n<tr>\n<td><strong>RECOMENDACIONES<\/strong><\/td>\n<td>Favor de traer calzado c\u00f3modo, ropa ligera y la c\u00e1mara.<\/td>\n<\/tr>\n<tr>\n<td><strong>OBSERVACIONES<\/strong><\/td>\n<td>Este tour opera todos los viernes, tarifa especial para grupos.<\/td>\n<\/tr>\n<tr>\n<td><strong>DURACI\u00d3N<\/strong><\/td>\n<td>D\u00eda completo.<\/td>\n<\/tr>\n<\/tbody>\n<\/table>\n<p><a href=\"https:\/\/bestdominicantoursandtransfers.com\/es\/\">Best Dominican T&amp;T<\/a><\/p>\n","protected":false},"excerpt":{"rendered":"<p>\u263c Boca de Yuma Este maravilloso recorrido comienza con una c\u00e1lida bienvenida saliendo desde Juan Dolio y Boca chica en c\u00f3modos autobuses equipados con aire acondicionado, bar libre disponible y acompa\u00f1ados por un gu\u00eda experto en ecoturismo. Nos dirigimos a trav\u00e9s de la costa oriental en direcci\u00f3n hacia La Romana, una ciudad situada a unos<\/p>\n<div class=\"padding-top text-center\"><a href=\"https:\/\/bestdominicantoursandtransfers.com\/es\/tours\/boca-de-yuma\/\" class=\"atbtn atbtn--medium atbtn--rounded atbtn--transparent\">Leer m\u00e1s<i class=\"atbtn__icon atbtn__icon--right fa fa-long-arrow-right\"><\/i><\/a><\/div>\n","protected":false},"featured_media":1149,"comment_status":"open","ping_status":"closed","template":"","meta":[],"_links":{"self":[{"href":"https:\/\/bestdominicantoursandtransfers.com\/es\/wp-json\/wp\/v2\/product\/476"}],"collection":[{"href":"https:\/\/bestdominicantoursandtransfers.com\/es\/wp-json\/wp\/v2\/product"}],"about":[{"href":"https:\/\/bestdominicantoursandtransfers.com\/es\/wp-json\/wp\/v2\/types\/product"}],"replies":[{"embeddable":true,"href":"https:\/\/bestdominicantoursandtransfers.com\/es\/wp-json\/wp\/v2\/comments?post=476"}],"wp:featuredmedia":[{"embeddable":true,"href":"https:\/\/bestdominicantoursandtransfers.com\/es\/wp-json\/wp\/v2\/media\/1149"}],"wp:attachment":[{"href":"https:\/\/bestdominicantoursandtransfers.com\/es\/wp-json\/wp\/v2\/media?parent=476"}],"curies":[{"name":"wp","href":"https:\/\/api.w.org\/{rel}","templated":true}]}}