{"id":470,"date":"2016-01-31T01:25:36","date_gmt":"2016-01-31T01:25:36","guid":{"rendered":"https:\/\/bestdominicantoursandtransfers.com\/es\/\/tours\/cueva-de-las-maravillas-copiar\/"},"modified":"2021-07-15T13:21:15","modified_gmt":"2021-07-15T13:21:15","slug":"cueva-de-las-maravillas-bh","status":"publish","type":"product","link":"https:\/\/bestdominicantoursandtransfers.com\/es\/tours\/cueva-de-las-maravillas-bh\/","title":{"rendered":"San Pedro + La Romana + Altos de Chav\u00f3n"},"content":{"rendered":"<h2>\u263c San Pedro + La Romana + Altos de Chav\u00f3n<\/h2>\n<p><strong>\u00a1Tres tours por un precio!<\/strong><\/p>\n<p>Esta es la oportunidad de descubrir dos ciudades fascinantes con diferentes caracter\u00edsticas multiculturales, propietaria de los puertos mar\u00edtimos m\u00e1s importantes y la actividad agroindustrial del pa\u00eds, nos dirigimos al este de la costa este para visitar San Pedro de Macor\u00eds, ciudad en la que se construyo el primer y m\u00e1s importante establecimiento comercial a lo largo de la isla. Despu\u00e9s nos dirigimos hacia el parque central, y luego nos detenemos en una f\u00e1brica de puros para ver la demostraci\u00f3n de la fabricaci\u00f3n de los cigarros, aqu\u00ed se puede comprar cigarros de alta calidad m\u00e1s barato que cualquier otro lugar!! Vamos a visitar el mercado municipal para ver todo tipo de frutas, verduras y productos dominicanos, luego continuamos a las cuevas de maravillas donde un gu\u00eda experto en cuevas le llevara al pasado o era prehistorica,luego nos dirigimos hacia la ciudad de La Romana donde tendr\u00e1 una vista panor\u00e1mica de la f\u00e1brica de az\u00facar m\u00e1s grande y moderna de la regi\u00f3n del Caribe , el parque central, el ayuntamiento, la hermosa iglesia cat\u00f3lica de Santa Rosa de Lima, aqu\u00ed en esta ciudad vamos a tener un delicioso almuerzo y bebidas nacionales.<\/p>\n<p>M\u00e1s tarde nos dirigimos a la aldea de los artistas Altos de Chav\u00f3n aqu\u00ed podremos caminar por las estrechas calles hechas de piedras de coral, observando la arquitectura de estilo italiano tambi\u00e9n construido en piedras coralinas y hierro. Tambi\u00e9n visitamos la iglesia de San Estanislao preferida por muchos personajes famosos para celebrar sus bodas. Luego visita al museo donde encontrara utensilios de arte de los indios ta\u00ednos y entonces tenemos un descanso para tomar algunas fotos de la impresionante vista del rio Chav\u00f3n, donde diferentes pel\u00edculas se han filmado tales como Apocalipsis Now, parque jur\u00e1sico y Rambo.<\/p>\n<table class=\"table table-bordered tours-tabs__table\" style=\"height: 233px;\" width=\"862\">\n<tbody>\n<tr>\n<td><strong>UBICACI\u00d3N<\/strong><\/td>\n<td>San Pedro de Macoris \/ La Romana<\/td>\n<\/tr>\n<tr>\n<td><strong>TRANSPORTE<\/strong><\/td>\n<td>La hora de recogida 08 a.m. desde el vest\u00edbulo principal su hotel.<\/td>\n<\/tr>\n<tr>\n<td><strong>INCLUIDO<\/strong><\/td>\n<td>\n<table style=\"height: 62px; line-height: 31px;\" width=\"300\">\n<tbody>\n<tr>\n<td><i class=\"fa fa-check icon-tick icon-tick--on\"><\/i>Gu\u00eda oficial de turismo.<\/td>\n<td><i class=\"fa fa-check icon-tick icon-tick--on\"><\/i>Admisi\u00f3n a monumentos y museos.<\/td>\n<\/tr>\n<tr>\n<td><i class=\"fa fa-check icon-tick icon-tick--on\"><\/i>Los refrescos y el almuerzo.<\/td>\n<td><i class=\"fa fa-check icon-tick icon-tick--on\"><\/i>C\u00f3modo autob\u00fas con aire acondicionado.<\/td>\n<\/tr>\n<\/tbody>\n<\/table>\n<\/td>\n<\/tr>\n<tr>\n<td><strong>RECOMENDACIONES<\/strong><\/td>\n<td>Favor de traer c\u00e1mara, ropa ligera, zapatos c\u00f3modos, y gafas de sol.<\/td>\n<\/tr>\n<tr>\n<td><strong>OBSERVACIONES<\/strong><\/td>\n<td>Este tour funciona todos los viernes, Necesitamos un m\u00ednimo de participantes. Disponible en privado<\/td>\n<\/tr>\n<tr>\n<td><strong>DURACI\u00d3N<\/strong><\/td>\n<td>D\u00eda completo.<\/td>\n<\/tr>\n<\/tbody>\n<\/table>\n<p><a href=\"https:\/\/bestdominicantoursandtransfers.com\/es\/\">Best Dominican T&amp;T<\/a><\/p>\n","protected":false},"excerpt":{"rendered":"<p>\u263c San Pedro + La Romana + Altos de Chav\u00f3n \u00a1Tres tours por un precio! Esta es la oportunidad de descubrir dos ciudades fascinantes con diferentes caracter\u00edsticas multiculturales, propietaria de los puertos mar\u00edtimos m\u00e1s importantes y la actividad agroindustrial del pa\u00eds, nos dirigimos al este de la costa este para visitar San Pedro de Macor\u00eds,<\/p>\n<div class=\"padding-top text-center\"><a href=\"https:\/\/bestdominicantoursandtransfers.com\/es\/tours\/cueva-de-las-maravillas-bh\/\" class=\"atbtn atbtn--medium atbtn--rounded atbtn--transparent\">Leer m\u00e1s<i class=\"atbtn__icon atbtn__icon--right fa fa-long-arrow-right\"><\/i><\/a><\/div>\n","protected":false},"featured_media":55,"comment_status":"open","ping_status":"closed","template":"","meta":[],"_links":{"self":[{"href":"https:\/\/bestdominicantoursandtransfers.com\/es\/wp-json\/wp\/v2\/product\/470"}],"collection":[{"href":"https:\/\/bestdominicantoursandtransfers.com\/es\/wp-json\/wp\/v2\/product"}],"about":[{"href":"https:\/\/bestdominicantoursandtransfers.com\/es\/wp-json\/wp\/v2\/types\/product"}],"replies":[{"embeddable":true,"href":"https:\/\/bestdominicantoursandtransfers.com\/es\/wp-json\/wp\/v2\/comments?post=470"}],"wp:featuredmedia":[{"embeddable":true,"href":"https:\/\/bestdominicantoursandtransfers.com\/es\/wp-json\/wp\/v2\/media\/55"}],"wp:attachment":[{"href":"https:\/\/bestdominicantoursandtransfers.com\/es\/wp-json\/wp\/v2\/media?parent=470"}],"curies":[{"name":"wp","href":"https:\/\/api.w.org\/{rel}","templated":true}]}}