{"id":469,"date":"2016-01-31T01:25:29","date_gmt":"2016-01-31T01:25:29","guid":{"rendered":"https:\/\/bestdominicantoursandtransfers.com\/es\/\/tours\/jeep-safari-truck-adventure-copiar\/"},"modified":"2021-05-15T02:22:26","modified_gmt":"2021-05-15T02:22:26","slug":"jeep-safari-truck-adventure-bh","status":"publish","type":"product","link":"https:\/\/bestdominicantoursandtransfers.com\/es\/tours\/jeep-safari-truck-adventure-bh\/","title":{"rendered":"Jeep Safari Truck Adventure"},"content":{"rendered":"<h2>\u263c Jeep Safari Truck Adventure<\/h2>\n<p>Este maravilloso tour comienza con una c\u00e1lida bienvenida a las 8:00 am en c\u00f3modos camiones tipo Jeep equipados con un bar abierto a su disposici\u00f3n, y la compa\u00f1\u00eda de un gu\u00eda tur\u00edstico certificado, viajamos a trav\u00e9s del bosque que nos lleva a nuestra primera parada en el Batey Magdalena, pueblo de dominicanos y haitianos, aqu\u00ed hacemos una degustaci\u00f3n de la ca\u00f1a de az\u00facar y una breve historia de su proceso y producci\u00f3n, para luego continuamos nuestro viaje a la f\u00e1brica de puros, donde tendr\u00e1 la oportunidad de observar el proceso de diferentes tipos de cigarros y sus plantaciones, y luego continuamos a la ciudad de Higuey, donde visitaremos la Bas\u00edlica de la Altagracia, uno de los m\u00e1s famosos monumento de la regi\u00f3n! Despu\u00e9s daremos un paseo por el mercado t\u00edpico donde tiene la oportunidad de ver todo tipo de productos agr\u00edcolas de la isla, tales como verduras y frutas ex\u00f3ticas, entonces vamos en camino a trav\u00e9s del bosque profundo donde se pueden observar las plantaciones de caf\u00e9 y cacao. Haremos una visita a una familia dominicana con el fin de probar el caf\u00e9 y el cacao. Tambi\u00e9n disponemos de una demostraci\u00f3n de uno de los deportes dominicanos en el pa\u00eds, la pelea de gallos, despu\u00e9s continuamos nuestro viaje a una t\u00edpica estancia en la monta\u00f1a donde un delicioso almuerzo buffet te espera!! Aqu\u00ed tiene tiempo para disfrutar de un ba\u00f1o en las aguas cristalinas del r\u00edo Anamulla si desea o disfrutar de este encantador paisaje de monta\u00f1as a caballo a trav\u00e9s de las plantaciones tropicales.<\/p>\n<p>Estaremos de vuelta con tiempo suficiente para organizar cualquier actividad que pueda tener durante la noche!<\/p>\n<table class=\"table table-bordered tours-tabs__table\" style=\"height: 233px;\" width=\"862\">\n<tbody>\n<tr>\n<td><strong>UBICACI\u00d3N<\/strong><\/td>\n<td>Monte Plata<\/td>\n<\/tr>\n<tr>\n<td><strong>TRANSPORTE<\/strong><\/td>\n<td>Hora de salida a las 8:00 am en el lobby principal del hotel.<\/td>\n<\/tr>\n<tr>\n<td><strong>INCLUIDO<\/strong><\/td>\n<td>\n<table style=\"height: 62px; line-height: 31px;\" width=\"300\">\n<tbody>\n<tr>\n<td><i class=\"fa fa-check icon-tick icon-tick--on\"><\/i>Gu\u00eda oficial de turismo.<\/td>\n<\/tr>\n<tr>\n<td><i class=\"fa fa-check icon-tick icon-tick--on\"><\/i>Visitar y nadar en una impresionante cascada.<\/td>\n<\/tr>\n<tr>\n<td><i class=\"fa fa-check icon-tick icon-tick--on\"><\/i>Almuerzo buffet, bebidas locales, frutas ex\u00f3ticas y caf\u00e9.<\/td>\n<\/tr>\n<tr>\n<td><i class=\"fa fa-check icon-tick icon-tick--on\"><\/i>Bebidas nacionales, bar abierto, m\u00fasica Disco.<\/td>\n<\/tr>\n<tr>\n<td><i class=\"fa fa-check icon-tick icon-tick--on\"><\/i>Transporte en un divertido cami\u00f3n safari.<\/td>\n<\/tr>\n<tr>\n<td><i class=\"fa fa-check icon-tick icon-tick--on\"><\/i>Traslado de su hotel a nuestro punto de encuentro en Boca Chica.<\/td>\n<\/tr>\n<\/tbody>\n<\/table>\n<\/td>\n<\/tr>\n<tr>\n<td><strong>RECOMENDACIONES<\/strong><\/td>\n<td>Por favor traiga con usted toalla de playa, sunscreem, ropa ligera, zapatos para caminar y c\u00e1mara. Paseos a caballo no est\u00e1n incluidos, precio adicional de US 15.00 por persona.<\/td>\n<\/tr>\n<tr>\n<td><strong>OBSERVACIONES<\/strong><\/td>\n<td>Este tour est\u00e1 funcionando martes, jueves y s\u00e1bado. Necesitamos un m\u00ednimo de participantes. Disponible en privado.<\/td>\n<\/tr>\n<tr>\n<td><strong>DURACI\u00d3N<\/strong><\/td>\n<td>D\u00eda completo.<\/td>\n<\/tr>\n<\/tbody>\n<\/table>\n<p><a href=\"https:\/\/bestdominicantoursandtransfers.com\/es\/\">Best Dominican T&amp;T<\/a><\/p>\n","protected":false},"excerpt":{"rendered":"<p>\u263c Jeep Safari Truck Adventure Este maravilloso tour comienza con una c\u00e1lida bienvenida a las 8:00 am en c\u00f3modos camiones tipo Jeep equipados con un bar abierto a su disposici\u00f3n, y la compa\u00f1\u00eda de un gu\u00eda tur\u00edstico certificado, viajamos a trav\u00e9s del bosque que nos lleva a nuestra primera parada en el Batey Magdalena, pueblo<\/p>\n<div class=\"padding-top text-center\"><a href=\"https:\/\/bestdominicantoursandtransfers.com\/es\/tours\/jeep-safari-truck-adventure-bh\/\" class=\"atbtn atbtn--medium atbtn--rounded atbtn--transparent\">Leer m\u00e1s<i class=\"atbtn__icon atbtn__icon--right fa fa-long-arrow-right\"><\/i><\/a><\/div>\n","protected":false},"featured_media":1124,"comment_status":"open","ping_status":"closed","template":"","meta":[],"_links":{"self":[{"href":"https:\/\/bestdominicantoursandtransfers.com\/es\/wp-json\/wp\/v2\/product\/469"}],"collection":[{"href":"https:\/\/bestdominicantoursandtransfers.com\/es\/wp-json\/wp\/v2\/product"}],"about":[{"href":"https:\/\/bestdominicantoursandtransfers.com\/es\/wp-json\/wp\/v2\/types\/product"}],"replies":[{"embeddable":true,"href":"https:\/\/bestdominicantoursandtransfers.com\/es\/wp-json\/wp\/v2\/comments?post=469"}],"wp:featuredmedia":[{"embeddable":true,"href":"https:\/\/bestdominicantoursandtransfers.com\/es\/wp-json\/wp\/v2\/media\/1124"}],"wp:attachment":[{"href":"https:\/\/bestdominicantoursandtransfers.com\/es\/wp-json\/wp\/v2\/media?parent=469"}],"curies":[{"name":"wp","href":"https:\/\/api.w.org\/{rel}","templated":true}]}}