{"id":468,"date":"2016-01-31T01:15:05","date_gmt":"2016-01-31T01:15:05","guid":{"rendered":"https:\/\/bestdominicantoursandtransfers.com\/es\/\/tours\/santo-domingo-full-day-pc\/"},"modified":"2018-04-14T19:51:26","modified_gmt":"2018-04-14T19:51:26","slug":"santo-domingo-full-day-pc","status":"publish","type":"product","link":"https:\/\/bestdominicantoursandtransfers.com\/es\/tours\/santo-domingo-full-day-pc\/","title":{"rendered":"Santo Domingo Full Day"},"content":{"rendered":"<h2>\u263c Santo Domingo Full Day<\/h2>\n<p>Descubra Santo Domingo, la primera ciudad de las Am\u00e9ricas. Viaje a trav\u00e9s de sus v\u00edas m\u00e1s importantes que nos conducen todas ellas hacia edificios y monumentos de un patrimonio cultural de inestimable antig\u00fcedad en una ciudad moderna.<\/p>\n<p>A trav\u00e9s de estrechas callejuelas de la \u00e9poca Colonial, nos ubicaran en los inicios de la fundaci\u00f3n del Nuevo Mundo. Recorreremos la zona m\u00e1s antigua de la ciudad colonial, construida en el siglo XV, y recorrer las primeras residencias de la \u00e9poca colonial.<\/p>\n<p>Prep\u00e1rate para subir a un autob\u00fas con aire acondicionado c\u00f3modo en el amanecer, al lado de un gu\u00eda tur\u00edstico experto que pronto se har\u00e1 cargo de hacerles revivir hechos trascendentales de la Ciudad Primada de las Am\u00e9ricas, a trav\u00e9s del aprendizaje de hechos hist\u00f3ricos relevantes de esta ciudad metropolitana de hoy en d\u00eda.<\/p>\n<p>Inmuebles coloniales, con una marcada influencia de delicados dise\u00f1os neocl\u00e1sicos espa\u00f1oles y otros subrayados con acentos franceses , con cercanos detalles que fueron dados a sus fachadas, y acentuados estocados y elementos decorativos en sus puertas y ventanas.<\/p>\n<p>Iremos a almorzar en un restaurante t\u00edpico que nos recuerda a una peque\u00f1a granja, donde sus sentidos percibir\u00e1n olores agradables de la canela y el jengibre.<\/p>\n<p>A su llegada, ser\u00e1 recibido a ritmo de merengue, en un ambiente donde el sabor y la camarader\u00eda cobran vida.<\/p>\n<p>Usted ser\u00e1 servido con el plato tradicional dominicana, conocido como \u201cla bandera dominicana\u201d.<\/p>\n<p>Haremos un paseo a trav\u00e9s de un barrio colonial y observar sus monumentos y museos. Rendiremos un homenaje a la Catedral Primada de Am\u00e9rica, lugar de nacimiento de la ferviente fe cat\u00f3lica de los dominicanos.<\/p>\n<p>Formalmente conocida como la Catedral Metropolitana de Santa Mar\u00eda de la Encarnaci\u00f3n<\/p>\n<p>Dar vueltas por El Conde, una calle peatonal de m\u00e1s de 12 manzanas llena de tiendas, restaurantes y una mezcla de ecl\u00e9ctica de personas.<\/p>\n<p>Podr\u00e1 pasear por la calle Las Damas, la calle m\u00e1s antigua de vuelta no s\u00f3lo en la Rep\u00fablica Dominicana, en todas las Am\u00e9ricas. Conserva la mayor cantidad de monumentos en sus alrededores<\/p>\n<p>El Museo de las Casas Reales, anteriormente el Palacio de Gobierno, tiene una estanter\u00eda fascinante de artefactos de la \u00e9poca colonial.<\/p>\n<p>Monumento de importancia hist\u00f3rica que una vez fue la iglesia de los jesuitas, el Pante\u00f3n Nacional se convirti\u00f3 en el lugar de descanso final de muchos ilustres dominicanos tras su restauraci\u00f3n en 1538.<\/p>\n<p>Una l\u00e1mpara de cobre enorme cierne sobre su c\u00fapula, que emana una llama perpetua por siempre mantener la memoria de los h\u00e9roes nacionales con vida.<\/p>\n<p>Un paseo por el Alc\u00e1zar de Col\u00f3n embriaga al visitante a la \u00e9poca de los primeros conquistadores espa\u00f1oles.<\/p>\n<p>La peatonal calle Atarazanas fue la primera calle comercial en las Am\u00e9ricas.<\/p>\n<p>Tome un paseo por el borde exterior de la pared en la Bater\u00eda del Almirante.<\/p>\n<p>Es inevitable ir de regreso sin una parada en el majestuoso del Palacio Nacional, ejemplificado por su equilibrio formal, bien elaborado y conmemoraciones hist\u00f3ricas. Vamos a bajar del autob\u00fas por un breve momento con el fin de tomar fotograf\u00edas en frente del palacio presidencial<\/p>\n<p>Llegaremos hasta el boulevard Santo Domingo, paseo mar\u00edtimo llamado Malec\u00f3n de Santo Domingo, donde usted podr\u00e1 apreciar la belleza del Mar Caribe y algunos modernos edificios como el Palacio de Bellas Artes, el Teatro Nacional, el Palacio Presidencial, y muchos hoteles de 5 estrellas tales como Sheraton, Renainssance Jaragua, Crown Plaza, Hiltons y otros mas..<\/p>\n<p>Haremos una visita panor\u00e1mica del Faro a Colon, obra que costo decenas de millones de dolares, fue construido en 1992 para celebrar el aniversario de 500 a\u00f1os del desembarco de Col\u00f3n en las Am\u00e9ricas y es el sitio donde descansan los huesos del explorador.<\/p>\n<p>Ven y \u00fanete a nosotros para redescubrir la primera ciudad del Nuevo Mundo.<\/p>\n<p>&nbsp;<\/p>\n<p><del>Adultos US $ 90 \/ Ni\u00f1os US $ 45<\/del><\/p>\n<p><strong>Adultos US $ 79 \/ Ni\u00f1os US $ 40<\/strong><\/p>\n<table class=\"table table-bordered tours-tabs__table\" style=\"height: 233px;\" width=\"862\">\n<tbody>\n<tr>\n<td><strong>UBICACI\u00d3N<\/strong><\/td>\n<td>Santo Domingo<\/td>\n<\/tr>\n<tr>\n<td><strong>TRANSPORTE<\/strong><\/td>\n<td>La mayor\u00eda de los hoteles en Punta Cana \u2013 B\u00e1varo. <strong>Hora:<\/strong> 06:00 A.M.- 07:00 A.M.<\/td>\n<\/tr>\n<tr>\n<td><strong>INCLUIDO<\/strong><\/td>\n<td>\n<table style=\"height: 62px; line-height: 31px;\" width=\"300\">\n<tbody>\n<tr>\n<td><i class=\"fa fa-check icon-tick icon-tick--on\"><\/i>Gu\u00eda oficial de turismo.<\/td>\n<\/tr>\n<tr>\n<td><i class=\"fa fa-check icon-tick icon-tick--on\"><\/i>Tiempo para ir de compras.<\/td>\n<\/tr>\n<tr>\n<td><i class=\"fa fa-check icon-tick icon-tick--on\"><\/i>El almuerzo y refrescos.<\/td>\n<\/tr>\n<tr>\n<td><i class=\"fa fa-check icon-tick icon-tick--on\"><\/i>Admisi\u00f3n a la edificaci\u00f3n<br \/>\nm\u00e1s interesante y museos.<\/td>\n<\/tr>\n<\/tbody>\n<\/table>\n<\/td>\n<\/tr>\n<tr>\n<td><strong>RECOMENDACIONES<\/strong><\/td>\n<td>Use ropa c\u00f3moda y zapatos, se\u00f1oras deben llevar falda o bermudas que cubran las rodillas y la camisa que cubra los hombros. Llevar una c\u00e1mara y dinero suficiente para comprar souveneirs.<\/td>\n<\/tr>\n<tr>\n<td><strong>RESTRICCIONES<\/strong><\/td>\n<td>Las mujeres embarazadas, las personas con enfermedades del coraz\u00f3n, la discapacidad y \/ o problemas de movilidad, no pueden participar en este tours.<\/td>\n<\/tr>\n<tr>\n<td><strong>DURACI\u00d3N<\/strong><\/td>\n<td>D\u00eda completo.<\/td>\n<\/tr>\n<\/tbody>\n<\/table>\n<p>[xyz-ihs snippet=\u00bbNOTASIMPORTANTES\u00bb]<\/p>\n<p><a href=\"https:\/\/bestdominicantoursandtransfers.com\/es\/\">Best Dominican T&amp;T<\/a><\/p>\n","protected":false},"excerpt":{"rendered":"<p>\u263c Santo Domingo Full Day Descubra Santo Domingo, la primera ciudad de las Am\u00e9ricas. Viaje a trav\u00e9s de sus v\u00edas m\u00e1s importantes que nos conducen todas ellas hacia edificios y monumentos de un patrimonio cultural de inestimable antig\u00fcedad en una ciudad moderna. A trav\u00e9s de estrechas callejuelas de la \u00e9poca Colonial, nos ubicaran en los<\/p>\n<div class=\"padding-top text-center\"><a href=\"https:\/\/bestdominicantoursandtransfers.com\/es\/tours\/santo-domingo-full-day-pc\/\" class=\"atbtn atbtn--medium atbtn--rounded atbtn--transparent\">Leer m\u00e1s<i class=\"atbtn__icon atbtn__icon--right fa fa-long-arrow-right\"><\/i><\/a><\/div>\n","protected":false},"featured_media":137,"comment_status":"closed","ping_status":"closed","template":"","meta":[],"_links":{"self":[{"href":"https:\/\/bestdominicantoursandtransfers.com\/es\/wp-json\/wp\/v2\/product\/468"}],"collection":[{"href":"https:\/\/bestdominicantoursandtransfers.com\/es\/wp-json\/wp\/v2\/product"}],"about":[{"href":"https:\/\/bestdominicantoursandtransfers.com\/es\/wp-json\/wp\/v2\/types\/product"}],"replies":[{"embeddable":true,"href":"https:\/\/bestdominicantoursandtransfers.com\/es\/wp-json\/wp\/v2\/comments?post=468"}],"wp:featuredmedia":[{"embeddable":true,"href":"https:\/\/bestdominicantoursandtransfers.com\/es\/wp-json\/wp\/v2\/media\/137"}],"wp:attachment":[{"href":"https:\/\/bestdominicantoursandtransfers.com\/es\/wp-json\/wp\/v2\/media?parent=468"}],"curies":[{"name":"wp","href":"https:\/\/api.w.org\/{rel}","templated":true}]}}