{"id":460,"date":"2016-01-31T00:37:04","date_gmt":"2016-01-31T00:37:04","guid":{"rendered":"https:\/\/bestdominicantoursandtransfers.com\/es\/\/tours\/saona-island-bc\/"},"modified":"2018-04-30T23:34:03","modified_gmt":"2018-04-30T23:34:03","slug":"isla-saona-bh","status":"publish","type":"product","link":"https:\/\/bestdominicantoursandtransfers.com\/es\/tours\/isla-saona-bh\/","title":{"rendered":"Isla Saona (Lanchas + Catamaran)"},"content":{"rendered":"<h2>\u263c Isla Saona (Lanchas + Catamaran)<\/h2>\n<p>Saliendo de su hotel, se llega a Bayahibe, t\u00edpico pueblo de pescadores. Donde lo espera un catamar\u00e1n para llevarlos a la Isla Saona.<\/p>\n<p>Vamos a hacer un recorrido a lo largo de la hermosa costa del Parque Nacional del Este. Con bar abierto, m\u00fasica y baile. La estad\u00eda en la isla Saona durar\u00e1 alrededor de 2 a 3 horas. Dependiendo del viento, podr\u00e1s disfrutar de playa de arena blanca, cocoteros, rodeados de aguas cristalinas de diferentes tonos de azul turquesa\u2026<\/p>\n<p>En el camino de regreso nos embarcaremos en un barco r\u00e1pido de motor para visitar la piscina natural uno de los lugares m\u00e1s hermosos de este parque nacional y del Caribe, aqu\u00ed tiene tiempo suficiente para nadar y ver las estrellas de mar. Bar libre de bebidas nacionales ser\u00e1n servidos durante una hora y luego volvemos al hotel con el tiempo suficiente para organizar cualquier actividad que pueda tener durante la noche.<\/p>\n<table class=\"table table-bordered tours-tabs__table\" style=\"height: 233px;\" width=\"862\">\n<tbody>\n<tr>\n<td><strong>UBICACI\u00d3N<\/strong><\/td>\n<td>Isla Saona<\/td>\n<\/tr>\n<tr>\n<td><strong>TRANSPORTE<\/strong><\/td>\n<td>Hora de salida 09 a.m. desde el vest\u00edbulo principal de su hotel.<\/td>\n<\/tr>\n<tr>\n<td><strong>INCLUIDO<\/strong><\/td>\n<td>\n<table style=\"height: 62px; line-height: 31px;\" width=\"300\">\n<tbody>\n<tr>\n<td><i class=\"fa fa-check icon-tick icon-tick--on\"><\/i>Almuerzo buffet.<\/td>\n<\/tr>\n<tr>\n<td><i class=\"fa fa-check icon-tick icon-tick--on\"><\/i>Bebidas nacionales.<\/td>\n<\/tr>\n<tr>\n<td><i class=\"fa fa-check icon-tick icon-tick--on\"><\/i>Gu\u00eda oficial de turismo.<\/td>\n<\/tr>\n<tr>\n<td><i class=\"fa fa-check icon-tick icon-tick--on\"><\/i>C\u00f3modo autob\u00fas con aire acondicionado.<\/td>\n<\/tr>\n<tr>\n<td><i class=\"fa fa-check icon-tick icon-tick--on\"><\/i>Actividades, lancha r\u00e1pida, navegaci\u00f3n en catamar\u00e1n.<\/td>\n<\/tr>\n<tr>\n<td><i class=\"fa fa-check icon-tick icon-tick--on\"><\/i>Bar abierto durante su viaje en los barcos de alta velocidad.<\/td>\n<\/tr>\n<tr>\n<td><i class=\"fa fa-check icon-tick icon-tick--on\"><\/i>Visita a la piscina natural de Las Palmillas.<\/td>\n<\/tr>\n<\/tbody>\n<\/table>\n<\/td>\n<\/tr>\n<tr>\n<td><strong>RECOMENDACIONES<\/strong><\/td>\n<td>Favor de traer su toalla de playa, bloqueador solar, ropa ligera y su c\u00e1mara.<\/td>\n<\/tr>\n<tr>\n<td><strong>OBSERVACIONES<\/strong><\/td>\n<td>Este tour opera todos los d\u00edas, no se recomienda para mujeres embarazadas o minusv\u00e1lidos.<\/td>\n<\/tr>\n<tr>\n<td><strong>DURACI\u00d3N<\/strong><\/td>\n<td>D\u00eda Completo.<\/td>\n<\/tr>\n<\/tbody>\n<\/table>\n<h2>Isla Saona<\/h2>\n<p>Los mares que rodean la isla son ricos en vida salvaje, con muchas especies de aves y peces marinos tropicales, y hay grandes \u00e1reas en las que los bancos de arena naturales en alta mar traen la profundidad a unos pocos pies. Estos son, una vez m\u00e1s popular entre la actividad del turismo, con peque\u00f1as embarcaciones parar cientos de metros de la playa y del deg\u00fcelle turistas en las aguas poco profundas hasta la cintura en el que el tubo respirador, bebida e inspeccionan los campos de estrellas de mar ind\u00edgenas de la regi\u00f3n.<\/p>\n<p><a href=\"https:\/\/bestdominicantoursandtransfers.com\/es\/\">Best Dominican T&amp;T<\/a><\/p>\n","protected":false},"excerpt":{"rendered":"<p>\u263c Isla Saona (Lanchas + Catamaran) Saliendo de su hotel, se llega a Bayahibe, t\u00edpico pueblo de pescadores. Donde lo espera un catamar\u00e1n para llevarlos a la Isla Saona. Vamos a hacer un recorrido a lo largo de la hermosa costa del Parque Nacional del Este. Con bar abierto, m\u00fasica y baile. La estad\u00eda en<\/p>\n<div class=\"padding-top text-center\"><a href=\"https:\/\/bestdominicantoursandtransfers.com\/es\/tours\/isla-saona-bh\/\" class=\"atbtn atbtn--medium atbtn--rounded atbtn--transparent\">Leer m\u00e1s<i class=\"atbtn__icon atbtn__icon--right fa fa-long-arrow-right\"><\/i><\/a><\/div>\n","protected":false},"featured_media":978,"comment_status":"open","ping_status":"closed","template":"","meta":[],"_links":{"self":[{"href":"https:\/\/bestdominicantoursandtransfers.com\/es\/wp-json\/wp\/v2\/product\/460"}],"collection":[{"href":"https:\/\/bestdominicantoursandtransfers.com\/es\/wp-json\/wp\/v2\/product"}],"about":[{"href":"https:\/\/bestdominicantoursandtransfers.com\/es\/wp-json\/wp\/v2\/types\/product"}],"replies":[{"embeddable":true,"href":"https:\/\/bestdominicantoursandtransfers.com\/es\/wp-json\/wp\/v2\/comments?post=460"}],"wp:featuredmedia":[{"embeddable":true,"href":"https:\/\/bestdominicantoursandtransfers.com\/es\/wp-json\/wp\/v2\/media\/978"}],"wp:attachment":[{"href":"https:\/\/bestdominicantoursandtransfers.com\/es\/wp-json\/wp\/v2\/media?parent=460"}],"curies":[{"name":"wp","href":"https:\/\/api.w.org\/{rel}","templated":true}]}}