{"id":459,"date":"2016-01-31T00:36:47","date_gmt":"2016-01-31T00:36:47","guid":{"rendered":"https:\/\/bestdominicantoursandtransfers.com\/es\/\/tours\/jeep-safari-truck-adventure-bc\/"},"modified":"2021-05-15T03:56:18","modified_gmt":"2021-05-15T03:56:18","slug":"jeep-safari-truck-adventure-bc","status":"publish","type":"product","link":"https:\/\/bestdominicantoursandtransfers.com\/es\/tours\/jeep-safari-truck-adventure-bc\/","title":{"rendered":"Jeep Safari Truck Adventure"},"content":{"rendered":"<h2>\u263c Jeep Safari Truck Adventure<\/h2>\n<p>Venga a descubrir la Rep\u00fablica Dominicana con todo su sabor, colores y emociones! ten el privilegio de ver una de las m\u00e1s hermosas cascadas en el pa\u00eds\u2026 \u201cSierra de Agua\u201d usted tendr\u00e1 la oportunidad de conocer lo que es un \u201cbatey\u201d (pueblo donde haitianos y dominicanos conviven), la demostraci\u00f3n del proceso y trasporte de la ca\u00f1a de az\u00facar, una breve historia y degustaci\u00f3n de la plantaci\u00f3n de ca\u00f1a de az\u00facar, luego nos dirigimos a \u00abBayaguana,\u201d donde conoceremos un aut\u00e9ntico mercado t\u00edpico, aqu\u00ed le mostramos cu\u00e1les son los productos dominicanos m\u00e1s nutritivos, luego nuestro gu\u00eda le dar\u00e1 informaci\u00f3n del santuario cat\u00f3lico tradicional en el pa\u00eds, \u201cla iglesia de Santo Cristo de Bayaguana.\u201d continuar\u00e1 su viaje a nuestro rancho donde usted va a comer un buffet de comida criolla dominicana exquisita. En este encantador lugar se puede apreciar el cigarro dominicano de la hoja de tabaco para su fabricaci\u00f3n. Tambi\u00e9n, se puede elaborar su propio cigarro!<\/p>\n<p>Despu\u00e9s del almuerzo, iremos a trav\u00e9s del bosque en jeep o a caballo para encontrar un lugar de relax, donde podr\u00e1 refrescarse en las aguas cristalinas de las cascadas. Los amantes de las fotograf\u00edas les encantar\u00e1n este pintoresco lugar!!<\/p>\n<p>En la misma zona se visitar\u00e1 una casa t\u00edpica dominicana, rodeada de bastante vegetaci\u00f3n, \u00e1rboles de caf\u00e9, de cacao y flores, donde le mostraremos c\u00f3mo cocinan en el pa\u00eds.<\/p>\n<p>Ser\u00e1 un d\u00eda inolvidable! el af\u00e1n de los agricultores, amistad y la felicidad de los ni\u00f1os en plena naturaleza le har\u00e1n disfrutar de un d\u00eda agradable y lleno de diversi\u00f3n.<\/p>\n<table class=\"table table-bordered tours-tabs__table\" style=\"height: 233px;\" width=\"862\">\n<tbody>\n<tr>\n<td><strong>UBICACI\u00d3N<\/strong><\/td>\n<td>Monte Plata<\/td>\n<\/tr>\n<tr>\n<td><strong>TRANSPORTE<\/strong><\/td>\n<td>Hora de salida de Juan Dolio 08 a.m. De Boca Chica 8:30 a.m. desde el lobby principal del hotel.<\/td>\n<\/tr>\n<tr>\n<td><strong>INCLUIDO<\/strong><\/td>\n<td>\n<table style=\"height: 62px; line-height: 31px;\" width=\"300\">\n<tbody>\n<tr>\n<td><i class=\"fa fa-check icon-tick icon-tick--on\"><\/i>Gu\u00eda oficial de turismo.<\/td>\n<\/tr>\n<tr>\n<td><i class=\"fa fa-check icon-tick icon-tick--on\"><\/i>Visitar y nadar en una impresionante cascada.<\/td>\n<\/tr>\n<tr>\n<td><i class=\"fa fa-check icon-tick icon-tick--on\"><\/i>Almuerzo buffet, bebidas locales, frutas ex\u00f3ticas y caf\u00e9.<\/td>\n<\/tr>\n<tr>\n<td><i class=\"fa fa-check icon-tick icon-tick--on\"><\/i>Bebidas nacionales, bar abierto, m\u00fasica Disco.<\/td>\n<\/tr>\n<tr>\n<td><i class=\"fa fa-check icon-tick icon-tick--on\"><\/i>Transporte en un divertido cami\u00f3n safari.<\/td>\n<\/tr>\n<tr>\n<td><i class=\"fa fa-check icon-tick icon-tick--on\"><\/i>Traslado de su hotel a nuestro punto de encuentro en Boca Chica.<\/td>\n<\/tr>\n<\/tbody>\n<\/table>\n<\/td>\n<\/tr>\n<tr>\n<td><strong>RECOMENDACIONES<\/strong><\/td>\n<td>Favor de traer su toalla de playa, bloqueador solar, zapatos, ropa c\u00f3moda y c\u00e1mara.<\/td>\n<\/tr>\n<tr>\n<td><strong>OBSERVACIONES<\/strong><\/td>\n<td>Esta excursi\u00f3n opera los martes, jueves y s\u00e1bados, no recomendado para ancianos o mujeres embarazadas.<\/td>\n<\/tr>\n<tr>\n<td><strong>DURACI\u00d3N<\/strong><\/td>\n<td>D\u00eda completo.<\/td>\n<\/tr>\n<\/tbody>\n<\/table>\n<p><a href=\"https:\/\/bestdominicantoursandtransfers.com\/es\/\">Best Dominican T&amp;T<\/a><\/p>\n","protected":false},"excerpt":{"rendered":"<p>\u263c Jeep Safari Truck Adventure Venga a descubrir la Rep\u00fablica Dominicana con todo su sabor, colores y emociones! ten el privilegio de ver una de las m\u00e1s hermosas cascadas en el pa\u00eds\u2026 \u201cSierra de Agua\u201d usted tendr\u00e1 la oportunidad de conocer lo que es un \u201cbatey\u201d (pueblo donde haitianos y dominicanos conviven), la demostraci\u00f3n del<\/p>\n<div class=\"padding-top text-center\"><a href=\"https:\/\/bestdominicantoursandtransfers.com\/es\/tours\/jeep-safari-truck-adventure-bc\/\" class=\"atbtn atbtn--medium atbtn--rounded atbtn--transparent\">Leer m\u00e1s<i class=\"atbtn__icon atbtn__icon--right fa fa-long-arrow-right\"><\/i><\/a><\/div>\n","protected":false},"featured_media":124,"comment_status":"open","ping_status":"closed","template":"","meta":[],"_links":{"self":[{"href":"https:\/\/bestdominicantoursandtransfers.com\/es\/wp-json\/wp\/v2\/product\/459"}],"collection":[{"href":"https:\/\/bestdominicantoursandtransfers.com\/es\/wp-json\/wp\/v2\/product"}],"about":[{"href":"https:\/\/bestdominicantoursandtransfers.com\/es\/wp-json\/wp\/v2\/types\/product"}],"replies":[{"embeddable":true,"href":"https:\/\/bestdominicantoursandtransfers.com\/es\/wp-json\/wp\/v2\/comments?post=459"}],"wp:featuredmedia":[{"embeddable":true,"href":"https:\/\/bestdominicantoursandtransfers.com\/es\/wp-json\/wp\/v2\/media\/124"}],"wp:attachment":[{"href":"https:\/\/bestdominicantoursandtransfers.com\/es\/wp-json\/wp\/v2\/media?parent=459"}],"curies":[{"name":"wp","href":"https:\/\/api.w.org\/{rel}","templated":true}]}}