{"id":458,"date":"2016-01-31T00:36:32","date_gmt":"2016-01-31T00:36:32","guid":{"rendered":"https:\/\/bestdominicantoursandtransfers.com\/es\/\/tours\/cueva-de-las-maravillas-bc\/"},"modified":"2021-08-01T12:43:10","modified_gmt":"2021-08-01T12:43:10","slug":"cueva-de-las-maravillas-bc","status":"publish","type":"product","link":"https:\/\/bestdominicantoursandtransfers.com\/es\/tours\/cueva-de-las-maravillas-bc\/","title":{"rendered":"San Pedro + La Romana + Altos de Chav\u00f3n"},"content":{"rendered":"<h2>\u263c San Pedro + La Romana + Altos de Chav\u00f3n<\/h2>\n<p><strong>\u00a1Tres tours por un precio!<\/strong><\/p>\n<p>Esta es la oportunidad de descubrir dos ciudades fascinantes con diferentes caracter\u00edsticas multiculturales, propietaria de los puertos mar\u00edtimos m\u00e1s importantes y la actividad agroindustrial del pa\u00eds, nos dirigimos hacia al este para visitar San Pedro de Macor\u00eds, ciudad en la que se estableci\u00f3 el primer establecimiento comercial importante a lo largo de la isla. Despu\u00e9s nos dirigimos hacia el parque central y luego nos detenemos en una f\u00e1brica de puros para ver la elaboraci\u00f3n de los cigarros y el proceso de su fabricaci\u00f3n, aqu\u00ed se puede comprar cigarros de alta calidad m\u00e1s barato que cualquier otro lugar!! Vamos a visitar el mercado municipal para ver todo tipo de frutas, verduras y productos dominicanos, y luego seguimos hacia las Cuevas de las Maravillas; donde un gu\u00eda experto en cavernas le dar\u00e1 las explicaciones, luego nos dirigimos hacia la ciudad de La Romana donde haremos una vista panor\u00e1mica de la f\u00e1brica de az\u00facar m\u00e1s grande y moderna de la zona del Caribe, el parque central y la iglesia Santa Rosa de Lima , aqu\u00ed en esta ciudad vamos a disfrutar de un buen y delicioso almuerzo en un restaurante de esta ciudad.<\/p>\n<p>M\u00e1s tarde nos dirigimos a la ciudad de los artistas, Altos de Chav\u00f3n aqu\u00ed podremos caminar por las estrechas calles hechas de piedras de coral, observando la arquitectura de estilo italiano tambi\u00e9n construido en piedras coralinas y hierro. Tambi\u00e9n visitamos la iglesia de San Estanislao preferida por muchos personajes famosos para celebrar sus bodas. Luego visitamos el museo de Los Indios tainos para tomar una pausa y hacer algunas fotos de la impresionante vista del rio Chav\u00f3n, donde se han filmado diferentes pel\u00edculas como Apocalipsis now, parque jur\u00e1sico y Rambo.<\/p>\n<table class=\"table table-bordered tours-tabs__table\" style=\"height: 233px;\" width=\"862\">\n<tbody>\n<tr>\n<td><strong>UBICACI\u00d3N<\/strong><\/td>\n<td>San Pedro de Macoris \/ La Romana<\/td>\n<\/tr>\n<tr>\n<td><strong>TRANSPORTE<\/strong><\/td>\n<td>La hora de recogida 7:30 a.m. desde el lobby principal del hotel, Boca chica 7:30 a.m. \/ De Juan Dolio a las 8:00 a.m.<\/td>\n<\/tr>\n<tr>\n<td><strong>INCLUIDO<\/strong><\/td>\n<td>\n<table style=\"height: 62px; line-height: 31px;\" width=\"300\">\n<tbody>\n<tr>\n<td><i class=\"fa fa-check icon-tick icon-tick--on\"><\/i>Gu\u00eda oficial de turismo.<\/td>\n<td><i class=\"fa fa-check icon-tick icon-tick--on\"><\/i>Admisi\u00f3n a monumentos y museos.<\/td>\n<\/tr>\n<tr>\n<td><i class=\"fa fa-check icon-tick icon-tick--on\"><\/i>Los refrescos y el almuerzo.<\/td>\n<td><i class=\"fa fa-check icon-tick icon-tick--on\"><\/i>C\u00f3modo autob\u00fas con aire acondicionado.<\/td>\n<\/tr>\n<\/tbody>\n<\/table>\n<\/td>\n<\/tr>\n<tr>\n<td><strong>RECOMENDACIONES<\/strong><\/td>\n<td>Favor de traer c\u00e1mara, ropa ligera, zapatos c\u00f3modos, y gafas de sol.<\/td>\n<\/tr>\n<tr>\n<td><strong>OBSERVACIONES<\/strong><\/td>\n<td>Este tour opera todos los viernes, Necesitamos un m\u00ednimo de participantes. Disponible en privado.<\/td>\n<\/tr>\n<tr>\n<td><strong>DURACI\u00d3N<\/strong><\/td>\n<td>D\u00eda completo.<\/td>\n<\/tr>\n<\/tbody>\n<\/table>\n<p><a href=\"https:\/\/bestdominicantoursandtransfers.com\/es\/\">Best Dominican T&amp;T<\/a><\/p>\n","protected":false},"excerpt":{"rendered":"<p>\u263c San Pedro + La Romana + Altos de Chav\u00f3n \u00a1Tres tours por un precio! Esta es la oportunidad de descubrir dos ciudades fascinantes con diferentes caracter\u00edsticas multiculturales, propietaria de los puertos mar\u00edtimos m\u00e1s importantes y la actividad agroindustrial del pa\u00eds, nos dirigimos hacia al este para visitar San Pedro de Macor\u00eds, ciudad en la<\/p>\n<div class=\"padding-top text-center\"><a href=\"https:\/\/bestdominicantoursandtransfers.com\/es\/tours\/cueva-de-las-maravillas-bc\/\" class=\"atbtn atbtn--medium atbtn--rounded atbtn--transparent\">Leer m\u00e1s<i class=\"atbtn__icon atbtn__icon--right fa fa-long-arrow-right\"><\/i><\/a><\/div>\n","protected":false},"featured_media":56,"comment_status":"open","ping_status":"closed","template":"","meta":[],"_links":{"self":[{"href":"https:\/\/bestdominicantoursandtransfers.com\/es\/wp-json\/wp\/v2\/product\/458"}],"collection":[{"href":"https:\/\/bestdominicantoursandtransfers.com\/es\/wp-json\/wp\/v2\/product"}],"about":[{"href":"https:\/\/bestdominicantoursandtransfers.com\/es\/wp-json\/wp\/v2\/types\/product"}],"replies":[{"embeddable":true,"href":"https:\/\/bestdominicantoursandtransfers.com\/es\/wp-json\/wp\/v2\/comments?post=458"}],"wp:featuredmedia":[{"embeddable":true,"href":"https:\/\/bestdominicantoursandtransfers.com\/es\/wp-json\/wp\/v2\/media\/56"}],"wp:attachment":[{"href":"https:\/\/bestdominicantoursandtransfers.com\/es\/wp-json\/wp\/v2\/media?parent=458"}],"curies":[{"name":"wp","href":"https:\/\/api.w.org\/{rel}","templated":true}]}}