{"id":457,"date":"2016-01-30T22:26:18","date_gmt":"2016-01-30T22:26:18","guid":{"rendered":"https:\/\/bestdominicantoursandtransfers.com\/es\/\/tours\/santo-domingo-full-day-bc\/"},"modified":"2018-04-30T22:46:45","modified_gmt":"2018-04-30T22:46:45","slug":"santo-domingo-full-day-bc","status":"publish","type":"product","link":"https:\/\/bestdominicantoursandtransfers.com\/es\/tours\/santo-domingo-full-day-bc\/","title":{"rendered":"Santo Domingo D\u00eda Completo"},"content":{"rendered":"<h2>\u263c Santo Domingo D\u00eda Completo<\/h2>\n<p>Descubre la ciudad m\u00e1s antigua del nuevo mundo, fundada por los conquistadores espa\u00f1oles tu primera parada es en \u201cLos Tres Ojos\u201d, un manantial de agua fresca y natural.<\/p>\n<p>Veras los edificios m\u00e1s interesantes, incluyendo la primera catedral en el nuevo mundo, y el primer palacio \u201cEl Alc\u00e1zar\u201d hogar del hijo de Crist\u00f3bal Col\u00f3n, (Diego Col\u00f3n) que gobern\u00f3 la isla en el siglo XVI y la sede de los conquistadores espa\u00f1oles por mas m\u00e1s de 60 a\u00f1os.<\/p>\n<p>Visitamos la catedral de Santa Mar\u00eda La Menor, primada del nuevo mundo, cerca se encuentra la \u201catarazana\u201d, una encantadora, pintoresca calle, siendo una de las primeras en la ciudad, que ahora alberga tiendas de regalos, boutiques y galer\u00edas de arte, nuestro tour contin\u00faa a trav\u00e9s de las iglesias m\u00e1s importantes, edificios y parques de la ciudad colonial, una vez saqueada por los piratas y recientemente restaurada.<\/p>\n<p>Al salir de la ciudad colonial, podr\u00e1s ver el palacio presidencial, la plaza cultural, un complejo de edificios modernos rodeados de bonitos jardines. All\u00ed encontrar\u00e1 nuestro teatro nacional, el Museo de Arte Moderno, el Museo del Hombre Dominicano, entre otros, a continuaci\u00f3n, nos detenemos para almorzar e ir de compras y para finalizar esta excursi\u00f3n inolvidable visitaremos el acuario nacional.<\/p>\n<table class=\"table table-bordered tours-tabs__table\" style=\"height: 233px;\" width=\"862\">\n<tbody>\n<tr>\n<td><strong>UBICACI\u00d3N<\/strong><\/td>\n<td>Santo Domingo<\/td>\n<\/tr>\n<tr>\n<td><strong>TRANSPORTE<\/strong><\/td>\n<td>La hora de recogida 7:30 a.m. desde el lobby principal del hotel, Boca chica 7:30 a.m. \/ De Juan Dolio a las 8:00 a.m.<\/td>\n<\/tr>\n<tr>\n<td><strong>INCLUIDO<\/strong><\/td>\n<td>\n<table style=\"height: 62px; line-height: 31px;\" width=\"300\">\n<tbody>\n<tr>\n<td><i class=\"fa fa-check icon-tick icon-tick--on\"><\/i>Gu\u00eda oficial de turismo.<\/td>\n<\/tr>\n<tr>\n<td><i class=\"fa fa-check icon-tick icon-tick--on\"><\/i>Tiempo para ir de compras.<\/td>\n<\/tr>\n<tr>\n<td><i class=\"fa fa-check icon-tick icon-tick--on\"><\/i>El almuerzo y refrescos.<\/td>\n<\/tr>\n<tr>\n<td><i class=\"fa fa-check icon-tick icon-tick--on\"><\/i>Admisi\u00f3n a la edificaci\u00f3n<br \/>\nm\u00e1s interesante y museos.<\/td>\n<\/tr>\n<\/tbody>\n<\/table>\n<\/td>\n<\/tr>\n<tr>\n<td><strong>RECOMENDACIONES<\/strong><\/td>\n<td>Favor de traer su c\u00e1mara, ropa c\u00f3moda, dinero en efectivo para las compras.<\/td>\n<\/tr>\n<tr>\n<td><strong>OBSERVACIONES<\/strong><\/td>\n<td>Este tour opera Mi\u00e9rcoles y Viernes, pantalones largos o vestido que le cubran las rodilla Son obligatorios para entrar en la catedral.<\/td>\n<\/tr>\n<tr>\n<td><strong>DURACI\u00d3N<\/strong><\/td>\n<td>D\u00eda completo.<\/td>\n<\/tr>\n<\/tbody>\n<\/table>\n<p><a href=\"https:\/\/bestdominicantoursandtransfers.com\/es\/\">Best Dominican T&amp;T<\/a><\/p>\n","protected":false},"excerpt":{"rendered":"<p>\u263c Santo Domingo D\u00eda Completo Descubre la ciudad m\u00e1s antigua del nuevo mundo, fundada por los conquistadores espa\u00f1oles tu primera parada es en \u201cLos Tres Ojos\u201d, un manantial de agua fresca y natural. Veras los edificios m\u00e1s interesantes, incluyendo la primera catedral en el nuevo mundo, y el primer palacio \u201cEl Alc\u00e1zar\u201d hogar del hijo<\/p>\n<div class=\"padding-top text-center\"><a href=\"https:\/\/bestdominicantoursandtransfers.com\/es\/tours\/santo-domingo-full-day-bc\/\" class=\"atbtn atbtn--medium atbtn--rounded atbtn--transparent\">Leer m\u00e1s<i class=\"atbtn__icon atbtn__icon--right fa fa-long-arrow-right\"><\/i><\/a><\/div>\n","protected":false},"featured_media":140,"comment_status":"closed","ping_status":"closed","template":"","meta":[],"_links":{"self":[{"href":"https:\/\/bestdominicantoursandtransfers.com\/es\/wp-json\/wp\/v2\/product\/457"}],"collection":[{"href":"https:\/\/bestdominicantoursandtransfers.com\/es\/wp-json\/wp\/v2\/product"}],"about":[{"href":"https:\/\/bestdominicantoursandtransfers.com\/es\/wp-json\/wp\/v2\/types\/product"}],"replies":[{"embeddable":true,"href":"https:\/\/bestdominicantoursandtransfers.com\/es\/wp-json\/wp\/v2\/comments?post=457"}],"wp:featuredmedia":[{"embeddable":true,"href":"https:\/\/bestdominicantoursandtransfers.com\/es\/wp-json\/wp\/v2\/media\/140"}],"wp:attachment":[{"href":"https:\/\/bestdominicantoursandtransfers.com\/es\/wp-json\/wp\/v2\/media?parent=457"}],"curies":[{"name":"wp","href":"https:\/\/api.w.org\/{rel}","templated":true}]}}