{"id":456,"date":"2016-01-30T22:00:34","date_gmt":"2016-01-30T22:00:34","guid":{"rendered":"https:\/\/bestdominicantoursandtransfers.com\/es\/\/tours\/santo-domingo-half-day-bc\/"},"modified":"2018-04-30T22:45:57","modified_gmt":"2018-04-30T22:45:57","slug":"santo-domingo-half-day-bc","status":"publish","type":"product","link":"https:\/\/bestdominicantoursandtransfers.com\/es\/tours\/santo-domingo-half-day-bc\/","title":{"rendered":"Santo Domingo Medio D\u00eda"},"content":{"rendered":"<h2>\u263c Santo Domingo Medio D\u00eda<\/h2>\n<p>Una excursi\u00f3n de medio d\u00eda a trav\u00e9s de nuestra capital, Santo Domingo, podr\u00e1n visitar Los Tres Ojos, el Faro a Colon, el museo del \u00e1mbar, la primera catedral y el pante\u00f3n nacional (entrada incluida). Tambi\u00e9n una vista panor\u00e1mica del palacio presidencial, nuestra plaza de la cultura y el tiempo de compras en el Mercado Modelo.<\/p>\n<table class=\"table table-bordered tours-tabs__table\" style=\"height: 233px;\" width=\"862\">\n<tbody>\n<tr>\n<td><strong>UBICACI\u00d3N<\/strong><\/td>\n<td>Santo Domingo<\/td>\n<\/tr>\n<tr>\n<td><strong>TRANSPORTE<\/strong><\/td>\n<td>Hora de salida: 13:00 de Juan Dolio Boca Chica 13:30 vest\u00edbulo principal del hotel.<\/td>\n<\/tr>\n<tr>\n<td><strong>INCLUIDO<\/strong><\/td>\n<td>\n<table style=\"height: 62px; line-height: 31px;\" width=\"300\">\n<tbody>\n<tr>\n<td><i class=\"fa fa-check icon-tick icon-tick--on\"><\/i>Gu\u00eda oficial de turismo.<\/td>\n<\/tr>\n<tr>\n<td><i class=\"fa fa-check icon-tick icon-tick--on\"><\/i>El museo de los h\u00e9roes.<\/td>\n<\/tr>\n<tr>\n<td><i class=\"fa fa-check icon-tick icon-tick--on\"><\/i>Ingreso en la cueva tres ojos.<\/td>\n<\/tr>\n<tr>\n<td><i class=\"fa fa-check icon-tick icon-tick--on\"><\/i>La primera catedral del nuevo mundo.<\/td>\n<\/tr>\n<\/tbody>\n<\/table>\n<\/td>\n<\/tr>\n<tr>\n<td><strong>RECOMENDACIONES<\/strong><\/td>\n<td>Favor de traer su c\u00e1mara, zapatos c\u00f3modos para caminar, dinero en efectivo para las compras.<\/td>\n<\/tr>\n<tr>\n<td><strong>OBSERVACIONES<\/strong><\/td>\n<td>Estamos operando este viaje todos los d\u00edas.\n<p>Pantalones largos o vestidos son obligatorios para entrar en la catedral. Esta excursi\u00f3n est\u00e1 disponible en privado con un m\u00ednimo de participantes.<\/p><\/td>\n<\/tr>\n<tr>\n<td><strong>DURACI\u00d3N<\/strong><\/td>\n<td>Medio D\u00eda.<\/td>\n<\/tr>\n<\/tbody>\n<\/table>\n<p><a href=\"https:\/\/bestdominicantoursandtransfers.com\/es\/\">Best Dominican T&amp;T<\/a><\/p>\n","protected":false},"excerpt":{"rendered":"<p>\u263c Santo Domingo Medio D\u00eda Una excursi\u00f3n de medio d\u00eda a trav\u00e9s de nuestra capital, Santo Domingo, podr\u00e1n visitar Los Tres Ojos, el Faro a Colon, el museo del \u00e1mbar, la primera catedral y el pante\u00f3n nacional (entrada incluida). Tambi\u00e9n una vista panor\u00e1mica del palacio presidencial, nuestra plaza de la cultura y el tiempo de<\/p>\n<div class=\"padding-top text-center\"><a href=\"https:\/\/bestdominicantoursandtransfers.com\/es\/tours\/santo-domingo-half-day-bc\/\" class=\"atbtn atbtn--medium atbtn--rounded atbtn--transparent\">Leer m\u00e1s<i class=\"atbtn__icon atbtn__icon--right fa fa-long-arrow-right\"><\/i><\/a><\/div>\n","protected":false},"featured_media":138,"comment_status":"open","ping_status":"closed","template":"","meta":[],"_links":{"self":[{"href":"https:\/\/bestdominicantoursandtransfers.com\/es\/wp-json\/wp\/v2\/product\/456"}],"collection":[{"href":"https:\/\/bestdominicantoursandtransfers.com\/es\/wp-json\/wp\/v2\/product"}],"about":[{"href":"https:\/\/bestdominicantoursandtransfers.com\/es\/wp-json\/wp\/v2\/types\/product"}],"replies":[{"embeddable":true,"href":"https:\/\/bestdominicantoursandtransfers.com\/es\/wp-json\/wp\/v2\/comments?post=456"}],"wp:featuredmedia":[{"embeddable":true,"href":"https:\/\/bestdominicantoursandtransfers.com\/es\/wp-json\/wp\/v2\/media\/138"}],"wp:attachment":[{"href":"https:\/\/bestdominicantoursandtransfers.com\/es\/wp-json\/wp\/v2\/media?parent=456"}],"curies":[{"name":"wp","href":"https:\/\/api.w.org\/{rel}","templated":true}]}}