{"id":443,"date":"2016-01-30T18:16:02","date_gmt":"2016-01-30T18:16:02","guid":{"rendered":"https:\/\/bestdominicantoursandtransfers.com\/es\/\/tours\/catalina-adventure-bc\/"},"modified":"2021-08-08T07:34:26","modified_gmt":"2021-08-08T07:34:26","slug":"catalina-aventura-bc","status":"publish","type":"product","link":"https:\/\/bestdominicantoursandtransfers.com\/es\/tours\/catalina-aventura-bc\/","title":{"rendered":"Catalina Aventura VIP"},"content":{"rendered":"<h2>\u263c Catalina Aventura VIP<\/h2>\n<p>Saliendo de su hotel en c\u00f3modos autobuses con aire acondicionado, acompa\u00f1ado por un gu\u00eda oficial de turismo, nos dirigiremos a trav\u00e9s de la l\u00ednea de la costa este hasta llegar a la Casa de Campo, el Resort m\u00e1s lujoso y completo del Caribe, para abordar el barco Mississippi y navegar hacia el r\u00edo Chav\u00f3n, escenario de la pel\u00edcula \u201cApocalipsis Now\u201d. Luego vamos a bordo de nuestro catamar\u00e1n hacia la isla de Catalina, la joya del Caribe. El ancla se pondr\u00e1 en marcha en uno de los principales sitios de buceo en la Rep\u00fablica Dominicana, equipado con m\u00e1scaras y tubos, la naturaleza ofrecer\u00e1 sus m\u00e1s bellos colores. Los corales y los peces est\u00e1n garantizados. La siguiente parada es la isla Catalina, de arena blanca y playa de aguas cristalinas, una imagen real del para\u00edso en la tierra. Usted puede caminar por la playa Catalina, nadar en las cristalinas aguas o tomar un ba\u00f1o de sol. En ese escenario tambi\u00e9n podr\u00e1 disfrutar de un delicioso buffet que incluye vino blanco y tinto, Despu\u00e9s navegaremos de vuelta a bordo del Catamar\u00e1n. Este ser\u00e1 un d\u00eda inolvidable!<\/p>\n<table class=\"table table-bordered tours-tabs__table\" style=\"height: 233px;\" width=\"862\">\n<tbody>\n<tr>\n<td><strong>UBICACI\u00d3N<\/strong><\/td>\n<td>Isla Catalina<\/td>\n<\/tr>\n<tr>\n<td><strong>TRANSPORTE<\/strong><\/td>\n<td>La hora de recogida a las 7:30 AM desde Boca Chica &#8211; 8:00 A.M. desde Juan Dolio, desde el lobby principal del hotel.<\/td>\n<\/tr>\n<tr>\n<td><strong>INCLUIDO<\/strong><\/td>\n<td>\n<table style=\"height: 62px; line-height: 31px;\" width=\"300\">\n<tbody>\n<tr>\n<td><i class=\"fa fa-check icon-tick icon-tick--on\"><\/i>Gu\u00eda oficial de turismo.<\/td>\n<td><i class=\"fa fa-check icon-tick icon-tick--on\"><\/i>Refrescos.<\/td>\n<\/tr>\n<tr>\n<td><i class=\"fa fa-check icon-tick icon-tick--on\"><\/i>C\u00f3modo autob\u00fas con aire acondicionado.<\/td>\n<td><i class=\"fa fa-check icon-tick icon-tick--on\"><\/i>Delicioso buffet.<\/td>\n<\/tr>\n<tr>\n<td><i class=\"fa fa-check icon-tick icon-tick--on\"><\/i>Traslado desde B.C. &#8211; Juan Dolio a La Romana.<\/td>\n<td><i class=\"fa fa-check icon-tick icon-tick--on\"><\/i>Vino y langosta.<\/td>\n<\/tr>\n<\/tbody>\n<\/table>\n<\/td>\n<\/tr>\n<tr>\n<td><strong>RECOMENDACIONES<\/strong><\/td>\n<td>Favor de traer ropa ligera, toalla de playa, bloqueador solar y c\u00e1mara.<\/td>\n<\/tr>\n<tr>\n<td><strong>OBSERVACIONES<\/strong><\/td>\n<td>Este tours opera los mi\u00e9rcoles y s\u00e1bados.<\/td>\n<\/tr>\n<tr>\n<td><strong>DURACI\u00d3N<\/strong><\/td>\n<td>D\u00eda completo.<\/td>\n<\/tr>\n<\/tbody>\n<\/table>\n<p><a href=\"https:\/\/bestdominicantoursandtransfers.com\/es\/\">Best Dominican T&amp;T<\/a><\/p>\n","protected":false},"excerpt":{"rendered":"<p>\u263c Catalina Aventura VIP Saliendo de su hotel en c\u00f3modos autobuses con aire acondicionado, acompa\u00f1ado por un gu\u00eda oficial de turismo, nos dirigiremos a trav\u00e9s de la l\u00ednea de la costa este hasta llegar a la Casa de Campo, el Resort m\u00e1s lujoso y completo del Caribe, para abordar el barco Mississippi y navegar hacia<\/p>\n<div class=\"padding-top text-center\"><a href=\"https:\/\/bestdominicantoursandtransfers.com\/es\/tours\/catalina-aventura-bc\/\" class=\"atbtn atbtn--medium atbtn--rounded atbtn--transparent\">Leer m\u00e1s<i class=\"atbtn__icon atbtn__icon--right fa fa-long-arrow-right\"><\/i><\/a><\/div>\n","protected":false},"featured_media":165,"comment_status":"open","ping_status":"closed","template":"","meta":[],"_links":{"self":[{"href":"https:\/\/bestdominicantoursandtransfers.com\/es\/wp-json\/wp\/v2\/product\/443"}],"collection":[{"href":"https:\/\/bestdominicantoursandtransfers.com\/es\/wp-json\/wp\/v2\/product"}],"about":[{"href":"https:\/\/bestdominicantoursandtransfers.com\/es\/wp-json\/wp\/v2\/types\/product"}],"replies":[{"embeddable":true,"href":"https:\/\/bestdominicantoursandtransfers.com\/es\/wp-json\/wp\/v2\/comments?post=443"}],"wp:featuredmedia":[{"embeddable":true,"href":"https:\/\/bestdominicantoursandtransfers.com\/es\/wp-json\/wp\/v2\/media\/165"}],"wp:attachment":[{"href":"https:\/\/bestdominicantoursandtransfers.com\/es\/wp-json\/wp\/v2\/media?parent=443"}],"curies":[{"name":"wp","href":"https:\/\/api.w.org\/{rel}","templated":true}]}}