{"id":1021,"date":"2016-09-26T20:40:12","date_gmt":"2016-09-26T20:40:12","guid":{"rendered":"https:\/\/bestdominicantoursandtransfers.com\/es\/?post_type=product&#038;p=1021"},"modified":"2018-04-14T19:01:54","modified_gmt":"2018-04-14T19:01:54","slug":"saona-eco-aventura-party-boat","status":"publish","type":"product","link":"https:\/\/bestdominicantoursandtransfers.com\/es\/tours\/saona-eco-aventura-party-boat\/","title":{"rendered":"Saona Eco Aventura Party Boat"},"content":{"rendered":"<h2>\u263c Saona Eco Aventura Party Boat<\/h2>\n<p><strong>Desde B\u00e1varo y Punta Cana:<\/strong> US$ 115 Adultos US$ 60 Ni\u00f1os de 3 a 12 a\u00f1os. Hasta 2 a\u00f1os gratis.<br \/>\n<strong>Desde Uvero Alto:<\/strong> US$ 125 Adultos US$ $ 70 ni\u00f1o. Hasta 2 a\u00f1os gratis<\/p>\n<p>Una vez que lo hayamos recogido en el lobby de su hotel, nuestro bus nos llevar\u00e1 de direcci\u00f3n este a oeste por la carretera moderna Coral, a lo largo de un impresionante paisaje verde\u00a0 dentro de los interminables campos de ca\u00f1as que terminan en el horizonte bordeando nuestra hermosa cordillera Oriental, durante 1 hora hasta que finalmente llegaremos a la aldea de pescadores de Bayahibe.<\/p>\n<p>Partiremos desde Bayahibe en lanchas r\u00e1pidas. Los barcos tienen una capacidad para 25 personas equipado con chalecos salvavidas y el techo para cubrir el sol<\/p>\n<p>Vamos a recorrer a bordo de nuestras intr\u00e9pidas lanchas, a lo largo de la costa <strong><em>del Parque Nacional del Este<\/em><\/strong> para disfrutar de sus bellos paisajes compuestos de playas de arena blanca y bosques de cocoteros hasta llegar a la <strong><em>piscina natural<\/em><\/strong>, el m\u00e1s grande banco de arena del \u00e1rea del Caribe , de alucinantes aguas cristalinas de color verde turquesa , y\u00a0un tama\u00f1o de varios kil\u00f3metros cuadrados y no m\u00e1s de un metro de profundidad.. !!. Una vez all\u00ed, mientras tomamos un refrescante ba\u00f1o, el capit\u00e1n va a celebrar un <strong><em>chill out con ron y coca cola<\/em><\/strong> animada con nuestra m\u00fasica tropical, y tiempo para tomar algunas fotos con nuestras <strong><em>amistosas estrellas de mar<\/em><\/strong> en esta maravillosa zona del mar Caribe !!<\/p>\n<p>Despu\u00e9s de disfrutar de la <strong><em>piscina natural<\/em><\/strong>, vamos a seguir adelante <strong><em>en los bosques manglares<\/em><\/strong>, una especie de arbustos marinos que crecen y viven cerca de la costa , donde habitan cientos <strong><em>de aves marinas<\/em><\/strong> anidan y crecen sus polluelos ..<\/p>\n<p>Aqu\u00ed vamos a ver una variedad de vida silvestre y la vida marina <strong><em>tales como tiburones gatos, manta rayas etc..<\/em><\/strong> y nuestro gu\u00eda explicar\u00e1 acerca de cada uno de ellos.<\/p>\n<p>Despu\u00e9s de aqu\u00ed, nos dirigimos a la Isla Saona, visitando <strong><em>la mas lejana y despoblada playa en la isla llamada \u00abCanto de la Playa\u00bb<\/em><\/strong>. Es la m\u00e1s bella de las playas v\u00edrgenes de la isla Saona, donde la mayor\u00eda de los turistas \u00a0de otras playas de la isla abarrotadas de visitantes ,\u00a0 no pueden acceder \u00a0!!<\/p>\n<p>Tendremos <strong><em>bebidas y aperitivos<\/em><\/strong> durante el tiempo en la playa.<\/p>\n<p>Aqu\u00ed vamos a estar aproximadamente 3 horas disfrutando de la playa de tomar fotos y tomar el sol y \u00a0hacer <strong><em>snorkeling.<\/em><\/strong><\/p>\n<p>Despu\u00e9s de estar en esta hermosa playa saldremos \u00a0<strong><em>a visitar el poblado de Mano Juan<\/em><\/strong>, un peque\u00f1o pueblo donde viven los nativos de Isla Saona.<\/p>\n<p>Aqu\u00ed vamos a dar un paseo por el t\u00edpico pueblo de pescadores conociendo sus costumbres y cultura.<\/p>\n<p>Visitaremos <strong><em>El Santuario de las Tortugas<\/em><\/strong> , donde recibiremos explicaci\u00f3n de su crianza y conservaci\u00f3n \u00a0<strong><em>y la escuela rural \u00a0del pueblo.<\/em><\/strong><\/p>\n<p>Inmediatamente despu\u00e9s de la visita del pueblo y el Santuario, caminamos hasta la zona de restaurante, donde nos espera un delicioso almuerzo buf\u00e9tt..<\/p>\n<p>Despu\u00e9s del almuerzo embarcaremos nuestro moderno Catamaran Capit\u00e1n Gringo que nos llevara de regreso a Bayahibe, pero con una gran fiesta abordo y mucha m\u00fasica , ron y bebidas..!!<br \/>\nEl catamar\u00e1n tiene cubierta doble, la cubierta inferior, donde se celebra nuestra gran fiesta y la superior , para aquellos que quieren estar relajado, tranquilo disfrutando de la vista panor\u00e1mica y tomar fotos memorables o simplemente tomar el Sol !! Esta excursi\u00f3n le permitir\u00e1 disfrutar el puro Mar Caribe en todo su esplendor !!<br \/>\nY finalmente llegaremos a Bayahibe, donde los conductores estar\u00e1n esperando por usted para llevarlo de vuelta a cada uno de sus hoteles.<\/p>\n<p>&nbsp;<\/p>\n<p><strong>Nota adicionales:<\/strong> En los barcos tenemos algunas gafas y snorkel para bucear, pero es recomendable llevar su propio set personal, porque son usados. No se recomiendan participar en esta excursi\u00f3n a mujeres en gestaci\u00f3n de 1 a 5 meses, por lo que nuestra empresa declina o restringe la participaci\u00f3n de ellas en nuestro recorrido. Por igual personas en estado de embriaguez o bajo la influencia de estupefacientes o fuertes medicamentos.<\/p>\n<p>&nbsp;<\/p>\n<table class=\"table table-bordered tours-tabs__table\" style=\"height: 233px;\" width=\"862\">\n<tbody>\n<tr>\n<td><strong>UBICACI\u00d3N<\/strong><\/td>\n<td>Bavaro<\/td>\n<\/tr>\n<tr>\n<td><strong>TRANSPORTE<\/strong><\/td>\n<td>En el lobby de su hotel o punto de reuni\u00f3n especificado. El horario de recogida puede variar seg\u00fan la ubicaci\u00f3n de su hotel. Nosotros le estaremos contactando para entregarle el ticket o cup\u00f3n de su excursi\u00f3n con la confirmaci\u00f3n de la reservaci\u00f3n y a la vez le confirmaremos la hora de recogida en el lobby de su hotel.<\/td>\n<\/tr>\n<tr>\n<td><strong>MENU &#8211; INCLUYE<\/strong><\/td>\n<td>\n<table style=\"height: 62px; line-height: 31px;\" width=\"300\">\n<tbody>\n<tr>\n<td><i class=\"fa fa-check icon-tick icon-tick--on\"><\/i>Chuletas de cerdo y pollo a la parrilla.<\/td>\n<\/tr>\n<tr>\n<td><i class=\"fa fa-check icon-tick icon-tick--on\"><\/i>Arroz con verduras.<\/td>\n<\/tr>\n<tr>\n<td><i class=\"fa fa-check icon-tick icon-tick--on\"><\/i>Pasta con salsa.<\/td>\n<\/tr>\n<tr>\n<td><i class=\"fa fa-check icon-tick icon-tick--on\"><\/i>Patatas salteadas con cebolla.<\/td>\n<\/tr>\n<tr>\n<td><i class=\"fa fa-check icon-tick icon-tick--on\"><\/i>Ensalada verde.<\/td>\n<\/tr>\n<tr>\n<td><i class=\"fa fa-check icon-tick icon-tick--on\"><\/i>Pasta fr\u00eda, pan, etc&#8230;<\/td>\n<\/tr>\n<\/tbody>\n<\/table>\n<\/td>\n<\/tr>\n<tr>\n<td><strong>OPCIONAL<\/strong><\/td>\n<td>Langosta entera (peso de 1 libra) Costo adicional: US $ 15.00<\/td>\n<\/tr>\n<tr>\n<td><strong>BEBIDAS<\/strong><\/td>\n<td>Ron (Brugal), Coca Cola, Sprite, Agua Embotellada.<\/td>\n<\/tr>\n<tr>\n<td><strong>EN EL ALMUERZO<\/strong><\/td>\n<td>Cerveza Presidente, Caf\u00e9 y Mama Juana.<\/td>\n<\/tr>\n<tr>\n<td><strong>RECOMENDACIONES<\/strong><\/td>\n<td>Llevar protector solar, Repelente de insectos , ropa de playa, toallas , c\u00e1mara submarina.<\/td>\n<\/tr>\n<tr>\n<td><strong>NO OLVIDE LLEVAR<\/strong><\/td>\n<td>Ba\u00f1ador o bikini y toalla, protector solar, c\u00e1mara de fotos, dinero para comprar souvenirs.<\/td>\n<\/tr>\n<tr>\n<td><strong>OBSERVACIONES<\/strong><\/td>\n<td>Esta excursi\u00f3n sale mi\u00e9rcoles y s\u00e1bados. Recogida en los hoteles en Punta Cana , Bavaro y Uvero Alto : desde las 06:00am -07:00 am. Regreso a los hoteles aprox.: de 6:30pm a 7:00pm.<\/td>\n<\/tr>\n<tr>\n<td><strong>DURACI\u00d3N<\/strong><\/td>\n<td>D\u00eda completo.<\/td>\n<\/tr>\n<\/tbody>\n<\/table>\n<p>[xyz-ihs snippet=\u00bbNOTASIMPORTANTES\u00bb]<\/p>\n<p><a href=\"https:\/\/bestdominicantoursandtransfers.com\/es\/\">Best Dominican T&amp;T<\/a><\/p>\n","protected":false},"excerpt":{"rendered":"<p>\u263c Saona Eco Aventura Party Boat Desde B\u00e1varo y Punta Cana: US$ 115 Adultos US$ 60 Ni\u00f1os de 3 a 12 a\u00f1os. Hasta 2 a\u00f1os gratis. Desde Uvero Alto: US$ 125 Adultos US$ $ 70 ni\u00f1o. Hasta 2 a\u00f1os gratis Una vez que lo hayamos recogido en el lobby de su hotel, nuestro bus nos<\/p>\n<div class=\"padding-top text-center\"><a href=\"https:\/\/bestdominicantoursandtransfers.com\/es\/tours\/saona-eco-aventura-party-boat\/\" class=\"atbtn atbtn--medium atbtn--rounded atbtn--transparent\">Leer m\u00e1s<i class=\"atbtn__icon atbtn__icon--right fa fa-long-arrow-right\"><\/i><\/a><\/div>\n","protected":false},"featured_media":1016,"comment_status":"open","ping_status":"closed","template":"","meta":[],"_links":{"self":[{"href":"https:\/\/bestdominicantoursandtransfers.com\/es\/wp-json\/wp\/v2\/product\/1021"}],"collection":[{"href":"https:\/\/bestdominicantoursandtransfers.com\/es\/wp-json\/wp\/v2\/product"}],"about":[{"href":"https:\/\/bestdominicantoursandtransfers.com\/es\/wp-json\/wp\/v2\/types\/product"}],"replies":[{"embeddable":true,"href":"https:\/\/bestdominicantoursandtransfers.com\/es\/wp-json\/wp\/v2\/comments?post=1021"}],"wp:featuredmedia":[{"embeddable":true,"href":"https:\/\/bestdominicantoursandtransfers.com\/es\/wp-json\/wp\/v2\/media\/1016"}],"wp:attachment":[{"href":"https:\/\/bestdominicantoursandtransfers.com\/es\/wp-json\/wp\/v2\/media?parent=1021"}],"curies":[{"name":"wp","href":"https:\/\/api.w.org\/{rel}","templated":true}]}}