{"id":35,"date":"2016-01-10T15:58:41","date_gmt":"2016-01-10T15:58:41","guid":{"rendered":"https:\/\/bestdominicantoursandtransfers.com\/es\/?page_id=35"},"modified":"2018-06-07T13:48:28","modified_gmt":"2018-06-07T13:48:28","slug":"contactenos","status":"publish","type":"page","link":"https:\/\/bestdominicantoursandtransfers.com\/es\/contactenos\/","title":{"rendered":"Cont\u00e1ctenos"},"content":{"rendered":"<div class=\"row margin-bottom\"><div class=\"col-md-6\">\n<div class=\"title\">\n\t\t\t<div class=\"title__subtitle\">Le gustar\u00eda hablar?<\/div>\n\t\t<h3 class=\"title__primary\">DETALLES DE CONTACTO<\/h3>\n<\/div>\n Si usted tiene una historia para compartir o una pregunta que no ha sido contestada en nuestra p\u00e1gina web, por favor, p\u00f3ngase en contacto con nosotros a trav\u00e9s de los detalles de contacto que figuran a continuaci\u00f3n o rellenar el formulario de la derecha.\n<div style=\"height: 20px;\"><\/div>\n<h1>Boca Chica<\/h1>\n<div class=\"contact-info\">\n\t\t\t<div class=\"contact-info__item\">\n\t\t\t<div class=\"contact-info__item__icon\"><i class=\"fa fa-map-marker\"><\/i><\/div>\n\t\t\t<div class=\"contact-info__item__text\">Av. San Rafael, Tourist Plaza Boca Chica Local #113<\/div>\n\t\t<\/div>\n\t\n\t<div class=\"contact-info__item\"><a href=\"tel:+18095239607\"><span class=\"contact-info__item__icon\"><i class=\"fa fa-phone\"><\/i><\/span><span class=\"contact-info__item__text\">+1 809-523-9607<\/span><\/a><\/div>\n\t\n\t\n\t<\/div>\n<h1>Punta Cana<\/h1>\n<div class=\"contact-info\">\n\t\t\t<div class=\"contact-info__item\">\n\t\t\t<div class=\"contact-info__item__icon\"><i class=\"fa fa-map-marker\"><\/i><\/div>\n\t\t\t<div class=\"contact-info__item__text\">Calle Bahamas esq. Cuba Condominio Arena del Caribe Suite A4, El Cortecito, B\u00e1varo, Punta Cana<\/div>\n\t\t<\/div>\n\t\n\t<div class=\"contact-info__item\"><a href=\"tel:+18098674772\"><span class=\"contact-info__item__icon\"><i class=\"fa fa-phone\"><\/i><\/span><span class=\"contact-info__item__text\">+1 809-867-4772<\/span><\/a><\/div>\n\t\n\t<div class=\"contact-info__item\"><a href=\"mailto:info@bestdominicantoursandtransfers.com\"><span class=\"contact-info__item__icon\"><i class=\"fa fa-envelope contact-info__item__icon__email\"><\/i><\/span><span class=\"contact-info__item__text\">info@bestdominicantoursandtransfers.com<\/span><\/a><\/div>\n\t<div class=\"contact-info__item\"><a href=\"skype:bestdominicant&amp;t\"><span class=\"contact-info__item__icon\"><i class=\"fa fa-skype\"><\/i><\/span><span class=\"contact-info__item__text\">bestdominicant&amp;t<\/span><\/a><\/div><\/div>\n<div style=\"height: 20px;\"><\/div>\n<div class=\"social-icons social-icons--square\">\n\t<div class=\"social-icons__icons\">\n\t\t\t<a href=\"https:\/\/www.facebook.com\/Best-Dominican-TT-613955445425137\/\" class=\"social-icons__icon social-icons__icon--facebook\"><i class=\"fa fa-facebook\"><\/i><\/a>\n\t\t\t\t<a href=\"https:\/\/www.facebook.com\/Best-Dominican-TT-613955445425137\/\" class=\"social-icons__icon social-icons__icon--twitter\"><i class=\"fa fa-twitter\"><\/i><\/a>\n\t\t\t\t<a href=\"https:\/\/www.facebook.com\/Best-Dominican-TT-613955445425137\/\" class=\"social-icons__icon social-icons__icon--google\"><i class=\"fa fa-google-plus\"><\/i><\/a>\n\t\t\t\t\t<a href=\"https:\/\/www.facebook.com\/Best-Dominican-TT-613955445425137\/\" class=\"social-icons__icon social-icons__icon--pinterest\"><i class=\"fa fa-pinterest\"><\/i><\/a>\n\t\t\t\t<a href=\"https:\/\/www.facebook.com\/Best-Dominican-TT-613955445425137\/\" class=\"social-icons__icon social-icons__icon--linkedin\"><i class=\"fa fa-linkedin\"><\/i><\/a>\n\t\t\t\t\t\t\t<\/div>\n<\/div>\n<\/div><div class=\"col-md-6\">\n<div class=\"title\">\n\t\t\t<div class=\"title__subtitle\">\u00bfTiene una pregunta?<\/div>\n\t\t<h3 class=\"title__primary\">PONERSE EN CONTACTO<\/h3>\n<\/div>\n<div role=\"form\" class=\"wpcf7\" id=\"wpcf7-f418-o1\" lang=\"en-US\" dir=\"ltr\">\n<div class=\"screen-reader-response\"><\/div>\n<form action=\"\/es\/wp-json\/wp\/v2\/pages\/35#wpcf7-f418-o1\" method=\"post\" class=\"wpcf7-form\" novalidate=\"novalidate\">\n<div style=\"display: none;\">\n<input type=\"hidden\" name=\"_wpcf7\" value=\"418\" \/>\n<input type=\"hidden\" name=\"_wpcf7_version\" value=\"5.1.4\" \/>\n<input type=\"hidden\" name=\"_wpcf7_locale\" value=\"en_US\" \/>\n<input type=\"hidden\" name=\"_wpcf7_unit_tag\" value=\"wpcf7-f418-o1\" \/>\n<input type=\"hidden\" name=\"_wpcf7_container_post\" value=\"0\" \/>\n<\/div>\n<div class=\"form-contact\">\n<div class=\"form-contact__fields-short\">\n<div class=\"form-contact__item-short\"><span class=\"wpcf7-form-control-wrap your-name\"><input type=\"text\" name=\"your-name\" value=\"\" size=\"40\" class=\"wpcf7-form-control wpcf7-text wpcf7-validates-as-required\" aria-required=\"true\" aria-invalid=\"false\" placeholder=\"Your name\" \/><\/span><\/div>\n<div class=\"form-contact__item-short\"><span class=\"wpcf7-form-control-wrap your-email\"><input type=\"email\" name=\"your-email\" value=\"\" size=\"40\" class=\"wpcf7-form-control wpcf7-text wpcf7-email wpcf7-validates-as-required wpcf7-validates-as-email\" aria-required=\"true\" aria-invalid=\"false\" placeholder=\"Email\" \/><\/span><\/div><\/div>\n<div class=\"form-contact__fields-short\">\n        <span class=\"wpcf7-form-control-wrap your-subject\"><input type=\"text\" name=\"your-subject\" value=\"\" size=\"40\" class=\"wpcf7-form-control wpcf7-text wpcf7-validates-as-required\" aria-required=\"true\" aria-invalid=\"false\" placeholder=\"Subject\" \/><\/span>\n    <\/div>\n<p>    <span class=\"wpcf7-form-control-wrap your-message\"><textarea name=\"your-message\" cols=\"0\" rows=\"0\" class=\"wpcf7-form-control wpcf7-textarea\" aria-invalid=\"false\" placeholder=\"Message\"><\/textarea><\/span><br \/>\n    <button type=\"submit\" class=\"button button--style1 button--with-icon\"><i class=\"fa fa-paper-plane\"><\/i>Send<\/button>\n<\/p><\/div>\n<div class=\"wpcf7-response-output wpcf7-display-none\"><\/div><\/form><\/div>\n<\/div><\/div>\n<div id=\"googleMapCanvas1\" class=\"google-map stick-to-bottom\"><\/div>\n","protected":false},"excerpt":{"rendered":"Le gustar\u00eda hablar? DETALLES DE CONTACTO Si usted tiene una historia para compartir o una pregunta que no ha sido contestada en nuestra p\u00e1gina web, por favor, p\u00f3ngase en contacto con nosotros a trav\u00e9s de los detalles de contacto que figuran a continuaci\u00f3n o rellenar el formulario de la derecha. Boca Chica Av. San Rafael,<div class=\"padding-top text-center\"><a href=\"https:\/\/bestdominicantoursandtransfers.com\/es\/contactenos\/\" class=\"atbtn atbtn--medium atbtn--rounded atbtn--transparent\">Leer m\u00e1s<i class=\"atbtn__icon atbtn__icon--right fa fa-long-arrow-right\"><\/i><\/a><\/div>","protected":false},"author":1,"featured_media":0,"parent":0,"menu_order":0,"comment_status":"closed","ping_status":"closed","template":"","meta":[],"_links":{"self":[{"href":"https:\/\/bestdominicantoursandtransfers.com\/es\/wp-json\/wp\/v2\/pages\/35"}],"collection":[{"href":"https:\/\/bestdominicantoursandtransfers.com\/es\/wp-json\/wp\/v2\/pages"}],"about":[{"href":"https:\/\/bestdominicantoursandtransfers.com\/es\/wp-json\/wp\/v2\/types\/page"}],"author":[{"embeddable":true,"href":"https:\/\/bestdominicantoursandtransfers.com\/es\/wp-json\/wp\/v2\/users\/1"}],"replies":[{"embeddable":true,"href":"https:\/\/bestdominicantoursandtransfers.com\/es\/wp-json\/wp\/v2\/comments?post=35"}],"version-history":[{"count":1,"href":"https:\/\/bestdominicantoursandtransfers.com\/es\/wp-json\/wp\/v2\/pages\/35\/revisions"}],"predecessor-version":[{"id":1172,"href":"https:\/\/bestdominicantoursandtransfers.com\/es\/wp-json\/wp\/v2\/pages\/35\/revisions\/1172"}],"wp:attachment":[{"href":"https:\/\/bestdominicantoursandtransfers.com\/es\/wp-json\/wp\/v2\/media?parent=35"}],"curies":[{"name":"wp","href":"https:\/\/api.w.org\/{rel}","templated":true}]}}