{"id":26,"date":"2016-01-10T15:57:58","date_gmt":"2016-01-10T15:57:58","guid":{"rendered":"https:\/\/bestdominicantoursandtransfers.com\/es\/?page_id=26"},"modified":"2016-03-01T16:45:08","modified_gmt":"2016-03-01T16:45:08","slug":"vehiculos","status":"publish","type":"page","link":"https:\/\/bestdominicantoursandtransfers.com\/es\/vehiculos\/","title":{"rendered":"Veh\u00edculos"},"content":{"rendered":"<p>&nbsp;<\/p>\n<div class=\"title title--underline title--decoration-bottom-left\">\n\t\t<h3 class=\"title__primary\">traslados y Transportes en la Rep\u00fablica Dominicana<\/h3>\n<\/div>\n<br \/>\n\n<div id=\"rev_slider_2_1_wrapper\" class=\"rev_slider_wrapper fullwidthbanner-container\" data-source=\"gallery\" style=\"margin:0px auto;background:transparent;padding:0px;margin-top:0px;margin-bottom:0px;\">\n<!-- START REVOLUTION SLIDER 5.4.7.2 auto mode -->\n\t<div id=\"rev_slider_2_1\" class=\"rev_slider fullwidthabanner\" style=\"display:none;\" data-version=\"5.4.7.2\">\n<ul>\t<!-- SLIDE  -->\n\t<li data-index=\"rs-3\" data-transition=\"incube-horizontal\" data-slotamount=\"default\" data-hideafterloop=\"0\" data-hideslideonmobile=\"off\"  data-easein=\"default\" data-easeout=\"default\" data-masterspeed=\"default\"  data-rotate=\"0\"  data-saveperformance=\"off\"  data-title=\"Slide\" data-param1=\"\" data-param2=\"\" data-param3=\"\" data-param4=\"\" data-param5=\"\" data-param6=\"\" data-param7=\"\" data-param8=\"\" data-param9=\"\" data-param10=\"\" data-description=\"\">\n\t\t<!-- MAIN IMAGE -->\n\t\t<img src=\"https:\/\/bestdominicantoursandtransfers.com\/es\/wp-content\/uploads\/2016\/02\/slides-car-12.png\"  alt=\"\" title=\"Our Vehicles\"  width=\"1260\" height=\"500\" data-bgposition=\"center center\" data-bgfit=\"contain\" data-bgrepeat=\"no-repeat\" class=\"rev-slidebg\" data-no-retina>\n\t\t<!-- LAYERS -->\n\t<\/li>\n\t<!-- SLIDE  -->\n\t<li data-index=\"rs-4\" data-transition=\"incube-horizontal\" data-slotamount=\"default\" data-hideafterloop=\"0\" data-hideslideonmobile=\"off\"  data-easein=\"default\" data-easeout=\"default\" data-masterspeed=\"default\"  data-rotate=\"0\"  data-saveperformance=\"off\"  data-title=\"Slide\" data-param1=\"\" data-param2=\"\" data-param3=\"\" data-param4=\"\" data-param5=\"\" data-param6=\"\" data-param7=\"\" data-param8=\"\" data-param9=\"\" data-param10=\"\" data-description=\"\">\n\t\t<!-- MAIN IMAGE -->\n\t\t<img src=\"https:\/\/bestdominicantoursandtransfers.com\/es\/wp-content\/uploads\/2016\/02\/slides-car-17.png\"  alt=\"\" title=\"Our Vehicles\"  width=\"1260\" height=\"500\" data-bgposition=\"center center\" data-bgfit=\"contain\" data-bgrepeat=\"no-repeat\" class=\"rev-slidebg\" data-no-retina>\n\t\t<!-- LAYERS -->\n\t<\/li>\n\t<!-- SLIDE  -->\n\t<li data-index=\"rs-5\" data-transition=\"incube-horizontal\" data-slotamount=\"default\" data-hideafterloop=\"0\" data-hideslideonmobile=\"off\"  data-easein=\"default\" data-easeout=\"default\" data-masterspeed=\"default\"  data-rotate=\"0\"  data-saveperformance=\"off\"  data-title=\"Slide\" data-param1=\"\" data-param2=\"\" data-param3=\"\" data-param4=\"\" data-param5=\"\" data-param6=\"\" data-param7=\"\" data-param8=\"\" data-param9=\"\" data-param10=\"\" data-description=\"\">\n\t\t<!-- MAIN IMAGE -->\n\t\t<img src=\"https:\/\/bestdominicantoursandtransfers.com\/es\/wp-content\/uploads\/2016\/02\/slides-car-16.png\"  alt=\"\" title=\"Our Vehicles\"  width=\"1260\" height=\"500\" data-bgposition=\"center center\" data-bgfit=\"contain\" data-bgrepeat=\"no-repeat\" class=\"rev-slidebg\" data-no-retina>\n\t\t<!-- LAYERS -->\n\t<\/li>\n\t<!-- SLIDE  -->\n\t<li data-index=\"rs-6\" data-transition=\"incube-horizontal\" data-slotamount=\"default\" data-hideafterloop=\"0\" data-hideslideonmobile=\"off\"  data-easein=\"default\" data-easeout=\"default\" data-masterspeed=\"default\"  data-rotate=\"0\"  data-saveperformance=\"off\"  data-title=\"Slide\" data-param1=\"\" data-param2=\"\" data-param3=\"\" data-param4=\"\" data-param5=\"\" data-param6=\"\" data-param7=\"\" data-param8=\"\" data-param9=\"\" data-param10=\"\" data-description=\"\">\n\t\t<!-- MAIN IMAGE -->\n\t\t<img src=\"https:\/\/bestdominicantoursandtransfers.com\/es\/wp-content\/uploads\/2016\/02\/slides-car-15.png\"  alt=\"\" title=\"Our Vehicles\"  width=\"1260\" height=\"500\" data-bgposition=\"center center\" data-bgfit=\"contain\" data-bgrepeat=\"no-repeat\" class=\"rev-slidebg\" data-no-retina>\n\t\t<!-- LAYERS -->\n\t<\/li>\n\t<!-- SLIDE  -->\n\t<li data-index=\"rs-7\" data-transition=\"incube-horizontal\" data-slotamount=\"default\" data-hideafterloop=\"0\" data-hideslideonmobile=\"off\"  data-easein=\"default\" data-easeout=\"default\" data-masterspeed=\"default\"  data-rotate=\"0\"  data-saveperformance=\"off\"  data-title=\"Slide\" data-param1=\"\" data-param2=\"\" data-param3=\"\" data-param4=\"\" data-param5=\"\" data-param6=\"\" data-param7=\"\" data-param8=\"\" data-param9=\"\" data-param10=\"\" data-description=\"\">\n\t\t<!-- MAIN IMAGE -->\n\t\t<img src=\"https:\/\/bestdominicantoursandtransfers.com\/es\/wp-content\/uploads\/2016\/02\/slides-car-14.png\"  alt=\"\" title=\"Our Vehicles\"  width=\"1260\" height=\"500\" data-bgposition=\"center center\" data-bgfit=\"contain\" data-bgrepeat=\"no-repeat\" class=\"rev-slidebg\" data-no-retina>\n\t\t<!-- LAYERS -->\n\t<\/li>\n\t<!-- SLIDE  -->\n\t<li data-index=\"rs-8\" data-transition=\"incube-horizontal\" data-slotamount=\"default\" data-hideafterloop=\"0\" data-hideslideonmobile=\"off\"  data-easein=\"default\" data-easeout=\"default\" data-masterspeed=\"default\"  data-rotate=\"0\"  data-saveperformance=\"off\"  data-title=\"Slide\" data-param1=\"\" data-param2=\"\" data-param3=\"\" data-param4=\"\" data-param5=\"\" data-param6=\"\" data-param7=\"\" data-param8=\"\" data-param9=\"\" data-param10=\"\" data-description=\"\">\n\t\t<!-- MAIN IMAGE -->\n\t\t<img src=\"https:\/\/bestdominicantoursandtransfers.com\/es\/wp-content\/uploads\/2016\/02\/slides-car-13.png\"  alt=\"\" title=\"Our Vehicles\"  width=\"1260\" height=\"500\" data-bgposition=\"center center\" data-bgfit=\"contain\" data-bgrepeat=\"no-repeat\" class=\"rev-slidebg\" data-no-retina>\n\t\t<!-- LAYERS -->\n\t<\/li>\n\t<!-- SLIDE  -->\n\t<li data-index=\"rs-9\" data-transition=\"incube-horizontal\" data-slotamount=\"default\" data-hideafterloop=\"0\" data-hideslideonmobile=\"off\"  data-easein=\"default\" data-easeout=\"default\" data-masterspeed=\"default\"  data-rotate=\"0\"  data-saveperformance=\"off\"  data-title=\"Slide\" data-param1=\"\" data-param2=\"\" data-param3=\"\" data-param4=\"\" data-param5=\"\" data-param6=\"\" data-param7=\"\" data-param8=\"\" data-param9=\"\" data-param10=\"\" data-description=\"\">\n\t\t<!-- MAIN IMAGE -->\n\t\t<img src=\"https:\/\/bestdominicantoursandtransfers.com\/es\/wp-content\/uploads\/2016\/02\/slides-car-11.png\"  alt=\"\" title=\"Our Vehicles\"  width=\"1260\" height=\"500\" data-bgposition=\"center center\" data-bgfit=\"contain\" data-bgrepeat=\"no-repeat\" class=\"rev-slidebg\" data-no-retina>\n\t\t<!-- LAYERS -->\n\t<\/li>\n\t<!-- SLIDE  -->\n\t<li data-index=\"rs-10\" data-transition=\"incube-horizontal\" data-slotamount=\"default\" data-hideafterloop=\"0\" data-hideslideonmobile=\"off\"  data-easein=\"default\" data-easeout=\"default\" data-masterspeed=\"default\"  data-rotate=\"0\"  data-saveperformance=\"off\"  data-title=\"Slide\" data-param1=\"\" data-param2=\"\" data-param3=\"\" data-param4=\"\" data-param5=\"\" data-param6=\"\" data-param7=\"\" data-param8=\"\" data-param9=\"\" data-param10=\"\" data-description=\"\">\n\t\t<!-- MAIN IMAGE -->\n\t\t<img src=\"https:\/\/bestdominicantoursandtransfers.com\/es\/wp-content\/uploads\/2016\/02\/slides-car-10.png\"  alt=\"\" title=\"Our Vehicles\"  width=\"1260\" height=\"500\" data-bgposition=\"center center\" data-bgfit=\"contain\" data-bgrepeat=\"no-repeat\" class=\"rev-slidebg\" data-no-retina>\n\t\t<!-- LAYERS -->\n\t<\/li>\n\t<!-- SLIDE  -->\n\t<li data-index=\"rs-11\" data-transition=\"incube-horizontal\" data-slotamount=\"default\" data-hideafterloop=\"0\" data-hideslideonmobile=\"off\"  data-easein=\"default\" data-easeout=\"default\" data-masterspeed=\"default\"  data-rotate=\"0\"  data-saveperformance=\"off\"  data-title=\"Slide\" data-param1=\"\" data-param2=\"\" data-param3=\"\" data-param4=\"\" data-param5=\"\" data-param6=\"\" data-param7=\"\" data-param8=\"\" data-param9=\"\" data-param10=\"\" data-description=\"\">\n\t\t<!-- MAIN IMAGE -->\n\t\t<img src=\"https:\/\/bestdominicantoursandtransfers.com\/es\/wp-content\/uploads\/2016\/02\/slides-car-9.png\"  alt=\"\" title=\"Our Vehicles\"  width=\"1260\" height=\"500\" data-bgposition=\"center center\" data-bgfit=\"contain\" data-bgrepeat=\"no-repeat\" class=\"rev-slidebg\" data-no-retina>\n\t\t<!-- LAYERS -->\n\t<\/li>\n\t<!-- SLIDE  -->\n\t<li data-index=\"rs-12\" data-transition=\"incube-horizontal\" data-slotamount=\"default\" data-hideafterloop=\"0\" data-hideslideonmobile=\"off\"  data-easein=\"default\" data-easeout=\"default\" data-masterspeed=\"default\"  data-rotate=\"0\"  data-saveperformance=\"off\"  data-title=\"Slide\" data-param1=\"\" data-param2=\"\" data-param3=\"\" data-param4=\"\" data-param5=\"\" data-param6=\"\" data-param7=\"\" data-param8=\"\" data-param9=\"\" data-param10=\"\" data-description=\"\">\n\t\t<!-- MAIN IMAGE -->\n\t\t<img src=\"https:\/\/bestdominicantoursandtransfers.com\/es\/wp-content\/uploads\/2016\/02\/slides-car-8.png\"  alt=\"\" title=\"Our Vehicles\"  width=\"1260\" height=\"500\" data-bgposition=\"center center\" data-bgfit=\"contain\" data-bgrepeat=\"no-repeat\" class=\"rev-slidebg\" data-no-retina>\n\t\t<!-- LAYERS -->\n\t<\/li>\n\t<!-- SLIDE  -->\n\t<li data-index=\"rs-13\" data-transition=\"incube-horizontal\" data-slotamount=\"default\" data-hideafterloop=\"0\" data-hideslideonmobile=\"off\"  data-easein=\"default\" data-easeout=\"default\" data-masterspeed=\"default\"  data-rotate=\"0\"  data-saveperformance=\"off\"  data-title=\"Slide\" data-param1=\"\" data-param2=\"\" data-param3=\"\" data-param4=\"\" data-param5=\"\" data-param6=\"\" data-param7=\"\" data-param8=\"\" data-param9=\"\" data-param10=\"\" data-description=\"\">\n\t\t<!-- MAIN IMAGE -->\n\t\t<img src=\"https:\/\/bestdominicantoursandtransfers.com\/es\/wp-content\/uploads\/2016\/02\/slides-car-7.png\"  alt=\"\" title=\"Our Vehicles\"  width=\"1260\" height=\"500\" data-bgposition=\"center center\" data-bgfit=\"contain\" data-bgrepeat=\"no-repeat\" class=\"rev-slidebg\" data-no-retina>\n\t\t<!-- LAYERS -->\n\t<\/li>\n\t<!-- SLIDE  -->\n\t<li data-index=\"rs-14\" data-transition=\"incube-horizontal\" data-slotamount=\"default\" data-hideafterloop=\"0\" data-hideslideonmobile=\"off\"  data-easein=\"default\" data-easeout=\"default\" data-masterspeed=\"default\"  data-rotate=\"0\"  data-saveperformance=\"off\"  data-title=\"Slide\" data-param1=\"\" data-param2=\"\" data-param3=\"\" data-param4=\"\" data-param5=\"\" data-param6=\"\" data-param7=\"\" data-param8=\"\" data-param9=\"\" data-param10=\"\" data-description=\"\">\n\t\t<!-- MAIN IMAGE -->\n\t\t<img src=\"https:\/\/bestdominicantoursandtransfers.com\/es\/wp-content\/uploads\/2016\/02\/slides-car-6.png\"  alt=\"\" title=\"Our Vehicles\"  width=\"1260\" height=\"500\" data-bgposition=\"center center\" data-bgfit=\"contain\" data-bgrepeat=\"no-repeat\" class=\"rev-slidebg\" data-no-retina>\n\t\t<!-- LAYERS -->\n\t<\/li>\n\t<!-- SLIDE  -->\n\t<li data-index=\"rs-15\" data-transition=\"incube-horizontal\" data-slotamount=\"default\" data-hideafterloop=\"0\" data-hideslideonmobile=\"off\"  data-easein=\"default\" data-easeout=\"default\" data-masterspeed=\"default\"  data-rotate=\"0\"  data-saveperformance=\"off\"  data-title=\"Slide\" data-param1=\"\" data-param2=\"\" data-param3=\"\" data-param4=\"\" data-param5=\"\" data-param6=\"\" data-param7=\"\" data-param8=\"\" data-param9=\"\" data-param10=\"\" data-description=\"\">\n\t\t<!-- MAIN IMAGE -->\n\t\t<img src=\"https:\/\/bestdominicantoursandtransfers.com\/es\/wp-content\/uploads\/2016\/02\/slides-car-5.png\"  alt=\"\" title=\"Our Vehicles\"  width=\"1260\" height=\"500\" data-bgposition=\"center center\" data-bgfit=\"contain\" data-bgrepeat=\"no-repeat\" class=\"rev-slidebg\" data-no-retina>\n\t\t<!-- LAYERS -->\n\t<\/li>\n\t<!-- SLIDE  -->\n\t<li data-index=\"rs-16\" data-transition=\"incube-horizontal\" data-slotamount=\"default\" data-hideafterloop=\"0\" data-hideslideonmobile=\"off\"  data-easein=\"default\" data-easeout=\"default\" data-masterspeed=\"default\"  data-rotate=\"0\"  data-saveperformance=\"off\"  data-title=\"Slide\" data-param1=\"\" data-param2=\"\" data-param3=\"\" data-param4=\"\" data-param5=\"\" data-param6=\"\" data-param7=\"\" data-param8=\"\" data-param9=\"\" data-param10=\"\" data-description=\"\">\n\t\t<!-- MAIN IMAGE -->\n\t\t<img src=\"https:\/\/bestdominicantoursandtransfers.com\/es\/wp-content\/uploads\/2016\/02\/slides-car-4.png\"  alt=\"\" title=\"Our Vehicles\"  width=\"1260\" height=\"500\" data-bgposition=\"center center\" data-bgfit=\"contain\" data-bgrepeat=\"no-repeat\" class=\"rev-slidebg\" data-no-retina>\n\t\t<!-- LAYERS -->\n\t<\/li>\n\t<!-- SLIDE  -->\n\t<li data-index=\"rs-17\" data-transition=\"incube-horizontal\" data-slotamount=\"default\" data-hideafterloop=\"0\" data-hideslideonmobile=\"off\"  data-easein=\"default\" data-easeout=\"default\" data-masterspeed=\"default\"  data-rotate=\"0\"  data-saveperformance=\"off\"  data-title=\"Slide\" data-param1=\"\" data-param2=\"\" data-param3=\"\" data-param4=\"\" data-param5=\"\" data-param6=\"\" data-param7=\"\" data-param8=\"\" data-param9=\"\" data-param10=\"\" data-description=\"\">\n\t\t<!-- MAIN IMAGE -->\n\t\t<img src=\"https:\/\/bestdominicantoursandtransfers.com\/es\/wp-content\/uploads\/2016\/02\/slides-car-3.png\"  alt=\"\" title=\"Our Vehicles\"  width=\"1260\" height=\"500\" data-bgposition=\"center center\" data-bgfit=\"contain\" data-bgrepeat=\"no-repeat\" class=\"rev-slidebg\" data-no-retina>\n\t\t<!-- LAYERS -->\n\t<\/li>\n\t<!-- SLIDE  -->\n\t<li data-index=\"rs-18\" data-transition=\"incube-horizontal\" data-slotamount=\"default\" data-hideafterloop=\"0\" data-hideslideonmobile=\"off\"  data-easein=\"default\" data-easeout=\"default\" data-masterspeed=\"default\"  data-rotate=\"0\"  data-saveperformance=\"off\"  data-title=\"Slide\" data-param1=\"\" data-param2=\"\" data-param3=\"\" data-param4=\"\" data-param5=\"\" data-param6=\"\" data-param7=\"\" data-param8=\"\" data-param9=\"\" data-param10=\"\" data-description=\"\">\n\t\t<!-- MAIN IMAGE -->\n\t\t<img src=\"https:\/\/bestdominicantoursandtransfers.com\/es\/wp-content\/uploads\/2016\/02\/slides-car-2.png\"  alt=\"\" title=\"Our Vehicles\"  width=\"1260\" height=\"500\" data-bgposition=\"center center\" data-bgfit=\"contain\" data-bgrepeat=\"no-repeat\" class=\"rev-slidebg\" data-no-retina>\n\t\t<!-- LAYERS -->\n\t<\/li>\n\t<!-- SLIDE  -->\n\t<li data-index=\"rs-19\" data-transition=\"incube-horizontal\" data-slotamount=\"default\" data-hideafterloop=\"0\" data-hideslideonmobile=\"off\"  data-easein=\"default\" data-easeout=\"default\" data-masterspeed=\"default\"  data-rotate=\"0\"  data-saveperformance=\"off\"  data-title=\"Slide\" data-param1=\"\" data-param2=\"\" data-param3=\"\" data-param4=\"\" data-param5=\"\" data-param6=\"\" data-param7=\"\" data-param8=\"\" data-param9=\"\" data-param10=\"\" data-description=\"\">\n\t\t<!-- MAIN IMAGE -->\n\t\t<img src=\"https:\/\/bestdominicantoursandtransfers.com\/es\/wp-content\/uploads\/2016\/02\/slides-car-1.png\"  alt=\"\" title=\"Our Vehicles\"  width=\"1260\" height=\"500\" data-bgposition=\"center center\" data-bgfit=\"contain\" data-bgrepeat=\"no-repeat\" class=\"rev-slidebg\" data-no-retina>\n\t\t<!-- LAYERS -->\n\t<\/li>\n<\/ul>\n<div class=\"tp-bannertimer tp-bottom\" style=\"visibility: hidden !important;\"><\/div>\t<\/div>\n<\/div><!-- END REVOLUTION SLIDER --><br \/>\n&nbsp;<\/p>\n<h2><div class=\"title title--big title--center\">\n\t\t\t<div class=\"title__subtitle\">Tenemos tres tipos de transporte tur\u00edsticos:<\/div>\n\t\t<h3 class=\"title__primary\"><\/h3>\n<\/div>\n<\/h2>\n<div class=\"row\"><div class=\"col-md-2\"><img decoding=\"async\" loading=\"lazy\" class=\"aligncenter size-thumbnail wp-image-429\" src=\"https:\/\/bestdominicantoursandtransfers.com\/es\/wp-content\/uploads\/2016\/01\/share-150x150.png\" alt=\"share\" width=\"150\" height=\"150\" srcset=\"https:\/\/bestdominicantoursandtransfers.com\/es\/wp-content\/uploads\/2016\/01\/share-150x150.png 150w, https:\/\/bestdominicantoursandtransfers.com\/es\/wp-content\/uploads\/2016\/01\/share-350x350.png 350w, https:\/\/bestdominicantoursandtransfers.com\/es\/wp-content\/uploads\/2016\/01\/share-300x300.png 300w, https:\/\/bestdominicantoursandtransfers.com\/es\/wp-content\/uploads\/2016\/01\/share.png 500w\" sizes=\"(max-width: 150px) 100vw, 150px\" \/><\/div><div class=\"col-md-10\"><\/p>\n<h2>Traslado Compartido:<\/h2>\n<p>Donde usted y otras personas que llegan al mismo tiempo al aeropuerto comparten su trasporte hacia su hotel por una tarifa m\u00e1s econ\u00f3mica.<br \/>\n<\/div><\/div>\n<div class=\"row\"><div class=\"col-md-2\"><img decoding=\"async\" loading=\"lazy\" class=\"aligncenter size-thumbnail wp-image-432\" src=\"https:\/\/bestdominicantoursandtransfers.com\/es\/wp-content\/uploads\/2016\/01\/private-150x150.png\" alt=\"private\" width=\"150\" height=\"150\" srcset=\"https:\/\/bestdominicantoursandtransfers.com\/es\/wp-content\/uploads\/2016\/01\/private-150x150.png 150w, https:\/\/bestdominicantoursandtransfers.com\/es\/wp-content\/uploads\/2016\/01\/private-350x350.png 350w, https:\/\/bestdominicantoursandtransfers.com\/es\/wp-content\/uploads\/2016\/01\/private-300x300.png 300w, https:\/\/bestdominicantoursandtransfers.com\/es\/wp-content\/uploads\/2016\/01\/private.png 500w\" sizes=\"(max-width: 150px) 100vw, 150px\" \/><\/div><div class=\"col-md-10\"><\/p>\n<h2>Traslado privado o VIP:<\/h2>\n<p>Esta es la mejor opci\u00f3n si quieres ir directamente a su hotel, en miniban ejecutiva, si viaja con su familia o un peque\u00f1o grupo de amigos. Tenemos bar de bebidas nacionales a bordo y un conductor biling\u00fce.<br \/>\n<\/div><\/div>\n<div class=\"row\"><div class=\"col-md-2\"><img decoding=\"async\" loading=\"lazy\" class=\"aligncenter size-thumbnail wp-image-431\" src=\"https:\/\/bestdominicantoursandtransfers.com\/es\/wp-content\/uploads\/2016\/01\/luxury-150x150.png\" alt=\"luxury\" width=\"150\" height=\"150\" srcset=\"https:\/\/bestdominicantoursandtransfers.com\/es\/wp-content\/uploads\/2016\/01\/luxury-150x150.png 150w, https:\/\/bestdominicantoursandtransfers.com\/es\/wp-content\/uploads\/2016\/01\/luxury-350x350.png 350w, https:\/\/bestdominicantoursandtransfers.com\/es\/wp-content\/uploads\/2016\/01\/luxury-300x300.png 300w, https:\/\/bestdominicantoursandtransfers.com\/es\/wp-content\/uploads\/2016\/01\/luxury.png 500w\" sizes=\"(max-width: 150px) 100vw, 150px\" \/><\/div><div class=\"col-md-10\"><\/p>\n<h2>Traslado Ejecutivo:<\/h2>\n<p>Este es el m\u00e1s adecuado para tres o cuatro personas con equipaje ligero, Comodidad y estilo en conjunto para ofrecerle la forma m\u00e1s lujosa para llegar a su destino.<br \/>\n<\/div><\/div>\n<p>&nbsp;<\/p>\n<div class=\"row\"><\/p>\n<div class=\"col-md-1\" style=\"text-align: center;\"><\/div>\n<div class=\"col-md-11\" style=\"font-size: 1.4em; line-height: 1.3em;\">Todos los tipos de traslados son excelentes y no se preocupe si su vuelo se retrasa o llega antes de lo previsto, su conductor le estar\u00e1 esperando,  hasta que su vuelo llegue.<\/div>\n<p><\/div>\n<p>&nbsp;<\/p>\n<div class=\"title title--center title--underline title--decoration-bottom-center\">\n\t\t<h3 class=\"title__primary\">\u00bfPor qu\u00e9 elegir Best Dominican T&amp;T  para sus traslados?<\/h3>\n<\/div>\n\n<p>&nbsp;<\/p>\n<div class=\"row\"><div class=\"col-md-6\"><\/p>\n<p><i class=\"fa fa-check\" style=\"font-size: 1.8em; color: #5cb85c;\"><\/i>\u00a0<span style=\"font-size: 1.3em; font-weight: bold;\">Diversos destinos.<\/span><\/p>\n<p><i class=\"fa fa-check\" style=\"font-size: 1.8em; color: #5cb85c;\"><\/i>\u00a0<span style=\"font-size: 1.3em; font-weight: bold;\">No cobran por vuelo con retraso.<\/span><\/p>\n<p><i class=\"fa fa-check\" style=\"font-size: 1.8em; color: #5cb85c;\"><\/i>\u00a0<span style=\"font-size: 1.3em; font-weight: bold;\">24 horas de servicio de transporte.<\/span><\/p>\n<p><\/div><div class=\"col-md-6\"><\/p>\n<p><i class=\"fa fa-check\" style=\"font-size: 1.8em; color: #5cb85c;\"><\/i>\u00a0<span style=\"font-size: 1.3em; font-weight: bold;\">Ahorre tiempo y dinero.<\/span><\/p>\n<p><i class=\"fa fa-check\" style=\"font-size: 1.8em; color: #5cb85c;\"><\/i>\u00a0<span style=\"font-size: 1.3em; font-weight: bold;\">Veh\u00edculos con aire acondicionado y moderno.<\/span><\/p>\n<p><i class=\"fa fa-check\" style=\"font-size: 1.8em; color: #5cb85c;\"><\/i>\u00a0<span style=\"font-size: 1.3em; font-weight: bold;\">Asistencia en el aeropuerto en su propio idioma.<\/span><\/p>\n<p><\/div><\/div>\n<p>&nbsp;<\/p>\n","protected":false},"excerpt":{"rendered":"<p>&nbsp; &nbsp; &nbsp; &nbsp; &nbsp; &nbsp;<\/p>\n","protected":false},"author":1,"featured_media":0,"parent":0,"menu_order":0,"comment_status":"closed","ping_status":"closed","template":"","meta":[],"_links":{"self":[{"href":"https:\/\/bestdominicantoursandtransfers.com\/es\/wp-json\/wp\/v2\/pages\/26"}],"collection":[{"href":"https:\/\/bestdominicantoursandtransfers.com\/es\/wp-json\/wp\/v2\/pages"}],"about":[{"href":"https:\/\/bestdominicantoursandtransfers.com\/es\/wp-json\/wp\/v2\/types\/page"}],"author":[{"embeddable":true,"href":"https:\/\/bestdominicantoursandtransfers.com\/es\/wp-json\/wp\/v2\/users\/1"}],"replies":[{"embeddable":true,"href":"https:\/\/bestdominicantoursandtransfers.com\/es\/wp-json\/wp\/v2\/comments?post=26"}],"version-history":[{"count":0,"href":"https:\/\/bestdominicantoursandtransfers.com\/es\/wp-json\/wp\/v2\/pages\/26\/revisions"}],"wp:attachment":[{"href":"https:\/\/bestdominicantoursandtransfers.com\/es\/wp-json\/wp\/v2\/media?parent=26"}],"curies":[{"name":"wp","href":"https:\/\/api.w.org\/{rel}","templated":true}]}}