{"id":23,"date":"2016-01-10T15:57:35","date_gmt":"2016-01-10T15:57:35","guid":{"rendered":"https:\/\/bestdominicantoursandtransfers.com\/es\/?page_id=23"},"modified":"2016-03-01T16:17:29","modified_gmt":"2016-03-01T16:17:29","slug":"traslados","status":"publish","type":"page","link":"https:\/\/bestdominicantoursandtransfers.com\/es\/traslados\/","title":{"rendered":"Traslados"},"content":{"rendered":"<p>Viaje en c\u00f3modos autobuses con aire acondicionado desde todos los aeropuertos y hoteles en la Rep\u00fablica Dominicana, servicio de traslado desde Santo Domingo, Punta Cana, La Romana, Saman\u00e1, Puerto Plata, Santiago, Boca Chica y Juan Dolio.<\/p>\n<hr>\n<p>&nbsp;<\/p>\n<link href=\"\/star\/index.php?controller=pjFront&#038;action=pjActionLoadCss\" type=\"text\/css\" rel=\"stylesheet\" \/>\n<script type=\"text\/javascript\" src=\"\/star\/index.php?controller=pjFront&#038;action=pjActionLoad\"><\/script><\/p>\n<p>&nbsp;&nbsp;<\/p>\n<h2>LOS PRECIOS DE UNA MANERA, POR PERSONA. MINIMO 2 PERSONAS.<br \/>\n<div class=\"title title--underline title--decoration-bottom-left\">\n\t\t<h3 class=\"title__primary\"><\/h3>\n<\/div>\n<\/h2>\n","protected":false},"excerpt":{"rendered":"<p>Viaje en c\u00f3modos autobuses con aire acondicionado desde todos los aeropuertos y hoteles en la Rep\u00fablica Dominicana, servicio de traslado desde Santo Domingo, Punta Cana, La Romana, Saman\u00e1, Puerto Plata, Santiago, Boca Chica y Juan Dolio. &nbsp; &nbsp;&nbsp; LOS PRECIOS DE UNA MANERA, POR PERSONA. MINIMO 2 PERSONAS.<\/p>\n","protected":false},"author":1,"featured_media":0,"parent":0,"menu_order":0,"comment_status":"closed","ping_status":"closed","template":"","meta":[],"_links":{"self":[{"href":"https:\/\/bestdominicantoursandtransfers.com\/es\/wp-json\/wp\/v2\/pages\/23"}],"collection":[{"href":"https:\/\/bestdominicantoursandtransfers.com\/es\/wp-json\/wp\/v2\/pages"}],"about":[{"href":"https:\/\/bestdominicantoursandtransfers.com\/es\/wp-json\/wp\/v2\/types\/page"}],"author":[{"embeddable":true,"href":"https:\/\/bestdominicantoursandtransfers.com\/es\/wp-json\/wp\/v2\/users\/1"}],"replies":[{"embeddable":true,"href":"https:\/\/bestdominicantoursandtransfers.com\/es\/wp-json\/wp\/v2\/comments?post=23"}],"version-history":[{"count":0,"href":"https:\/\/bestdominicantoursandtransfers.com\/es\/wp-json\/wp\/v2\/pages\/23\/revisions"}],"wp:attachment":[{"href":"https:\/\/bestdominicantoursandtransfers.com\/es\/wp-json\/wp\/v2\/media?parent=23"}],"curies":[{"name":"wp","href":"https:\/\/api.w.org\/{rel}","templated":true}]}}